{"id":82894,"date":"2022-10-21T11:01:15","date_gmt":"2022-10-21T09:01:15","guid":{"rendered":"https:\/\/www.pescafish.it\/new\/?post_type=product&#038;p=82894"},"modified":"2025-02-21T11:30:58","modified_gmt":"2025-02-21T10:30:58","slug":"d-shad-5-gary-yamamoto","status":"publish","type":"product","link":"https:\/\/www.pescafish.it\/new\/prodotto\/d-shad-5-gary-yamamoto\/","title":{"rendered":"D-Shad 5&#8243; &#8211; Gary Yamamoto"},"content":{"rendered":"<h2>D-Shad 5&#8243;<\/h2>\n<p>Gary Yamamoto &#8220;D&#8221; Shad. Il soft jerk\u00a0Gary Yamamoto D-Shad \u00e8 un&#8217;esca che combina gli elementi di un classico Senko a quelli di una Shad. Ideale per il drop shot e altre tecniche di pesca a spinning e casting. Questo soft jerkbait Yamamoto \u00e8 eccezionale per la pesca dei pesci apatici, nessun Black Bass potr\u00e0 resistere al suo sapore ultra impregnato di sale. Il D-Shad \u00e8 un soft jerkbait ottimale per la pesca a spinning e casting di Black Bass, Luccio, Siluro, Lucioperca, Persico Reale ma \u00e8 da testare anche in mare su predatori come la spigola, il pesce serra, il barracuda.<\/p>\n<p><strong>Disponibile nelle seguenti colorazioni:<\/strong><br \/>\n<strong>121-07-208<\/strong>\u00a0 Watermelon W\/ Blk &amp; Red Flk<br \/>\n<strong>121-07-948<\/strong>\u00a0 Oliva Shad<br \/>\n<strong>121-07-958<\/strong>\u00a0 Smoke Shad<br \/>\n<strong>121-07-968<\/strong>\u00a0 Perch<br \/>\n<strong>121-07-9008<\/strong> Green Gizzard<br \/>\n<strong>121-07-364\u00a0 <\/strong>Pearl White<\/p>\n","protected":false},"excerpt":{"rendered":"<p>D-Shad 5&#8243; Gary Yamamoto &#8220;D&#8221; Shad. Il soft jerk\u00a0Gary Yamamoto D-Shad \u00e8 un&#8217;esca che combina gli elementi di un classico Senko a quelli di una Shad. Ideale per il drop shot e altre tecniche di pesca a spinning e casting. Questo soft jerkbait Yamamoto \u00e8 eccezionale per la pesca dei pesci apatici, nessun Black Bass [&hellip;]<\/p>\n","protected":false},"featured_media":82900,"comment_status":"closed","ping_status":"closed","template":"","meta":[],"product_cat":[668],"product_tag":[1104],"yoast_head":"<!-- This site is optimized with the Yoast SEO plugin v15.3 - https:\/\/yoast.com\/wordpress\/plugins\/seo\/ -->\n<title>D-Shad 5&quot; - Gary Yamamoto - Pesca Fish<\/title>\n<meta name=\"robots\" content=\"index, follow, max-snippet:-1, max-image-preview:large, max-video-preview:-1\" \/>\n<link rel=\"canonical\" href=\"https:\/\/www.pescafish.it\/new\/prodotto\/d-shad-5-gary-yamamoto\/\" \/>\n<meta property=\"og:locale\" content=\"it_IT\" \/>\n<meta property=\"og:type\" content=\"article\" \/>\n<meta property=\"og:title\" content=\"D-Shad 5&quot; - Gary Yamamoto - Pesca Fish\" \/>\n<meta property=\"og:description\" content=\"D-Shad 5&#8243; Gary Yamamoto &#8220;D&#8221; Shad. Il soft jerk\u00a0Gary Yamamoto D-Shad \u00e8 un&#8217;esca che combina gli elementi di un classico Senko a quelli di una Shad. Ideale per il drop shot e altre tecniche di pesca a spinning e casting. Questo soft jerkbait Yamamoto \u00e8 eccezionale per la pesca dei pesci apatici, nessun Black Bass [&hellip;]\" \/>\n<meta property=\"og:url\" content=\"https:\/\/www.pescafish.it\/new\/prodotto\/d-shad-5-gary-yamamoto\/\" \/>\n<meta property=\"og:site_name\" content=\"Pesca Fish\" \/>\n<meta property=\"article:publisher\" content=\"https:\/\/www.facebook.com\/pescafishvr\/\" \/>\n<meta property=\"article:modified_time\" content=\"2025-02-21T10:30:58+00:00\" \/>\n<meta property=\"og:image\" content=\"https:\/\/www.pescafish.it\/new\/wp-content\/uploads\/2022\/10\/Smoke-Shad.jpg\" \/>\n\t<meta property=\"og:image:width\" content=\"789\" \/>\n\t<meta property=\"og:image:height\" content=\"794\" \/>\n<meta name=\"twitter:card\" content=\"summary_large_image\" \/>\n<meta name=\"twitter:label1\" content=\"Scritto da\">\n\t<meta name=\"twitter:data1\" content=\"francesca\">\n\t<meta name=\"twitter:label2\" content=\"Tempo di lettura stimato\">\n\t<meta name=\"twitter:data2\" content=\"1 minuto\">\n<script type=\"application\/ld+json\" class=\"yoast-schema-graph\">{\"@context\":\"https:\/\/schema.org\",\"@graph\":[{\"@type\":\"WebSite\",\"@id\":\"https:\/\/www.pescafish.it\/new\/#website\",\"url\":\"https:\/\/www.pescafish.it\/new\/\",\"name\":\"Pesca Fish\",\"description\":\"Benvenuti sul nostro sito!\",\"potentialAction\":[{\"@type\":\"SearchAction\",\"target\":\"https:\/\/www.pescafish.it\/new\/?s={search_term_string}\",\"query-input\":\"required name=search_term_string\"}],\"inLanguage\":\"it-IT\"},{\"@type\":\"ImageObject\",\"@id\":\"https:\/\/www.pescafish.it\/new\/prodotto\/d-shad-5-gary-yamamoto\/#primaryimage\",\"inLanguage\":\"it-IT\",\"url\":\"https:\/\/www.pescafish.it\/new\/wp-content\/uploads\/2022\/10\/Smoke-Shad.jpg\",\"width\":789,\"height\":794,\"caption\":\"Gary Yamamoto\"},{\"@type\":\"WebPage\",\"@id\":\"https:\/\/www.pescafish.it\/new\/prodotto\/d-shad-5-gary-yamamoto\/#webpage\",\"url\":\"https:\/\/www.pescafish.it\/new\/prodotto\/d-shad-5-gary-yamamoto\/\",\"name\":\"D-Shad 5\\\" - Gary Yamamoto - Pesca Fish\",\"isPartOf\":{\"@id\":\"https:\/\/www.pescafish.it\/new\/#website\"},\"primaryImageOfPage\":{\"@id\":\"https:\/\/www.pescafish.it\/new\/prodotto\/d-shad-5-gary-yamamoto\/#primaryimage\"},\"datePublished\":\"2022-10-21T09:01:15+00:00\",\"dateModified\":\"2025-02-21T10:30:58+00:00\",\"inLanguage\":\"it-IT\",\"potentialAction\":[{\"@type\":\"ReadAction\",\"target\":[\"https:\/\/www.pescafish.it\/new\/prodotto\/d-shad-5-gary-yamamoto\/\"]}]}]}<\/script>\n<!-- \/ Yoast SEO plugin. -->","_links":{"self":[{"href":"https:\/\/www.pescafish.it\/new\/wp-json\/wp\/v2\/product\/82894"}],"collection":[{"href":"https:\/\/www.pescafish.it\/new\/wp-json\/wp\/v2\/product"}],"about":[{"href":"https:\/\/www.pescafish.it\/new\/wp-json\/wp\/v2\/types\/product"}],"replies":[{"embeddable":true,"href":"https:\/\/www.pescafish.it\/new\/wp-json\/wp\/v2\/comments?post=82894"}],"wp:featuredmedia":[{"embeddable":true,"href":"https:\/\/www.pescafish.it\/new\/wp-json\/wp\/v2\/media\/82900"}],"wp:attachment":[{"href":"https:\/\/www.pescafish.it\/new\/wp-json\/wp\/v2\/media?parent=82894"}],"wp:term":[{"taxonomy":"product_cat","embeddable":true,"href":"https:\/\/www.pescafish.it\/new\/wp-json\/wp\/v2\/product_cat?post=82894"},{"taxonomy":"product_tag","embeddable":true,"href":"https:\/\/www.pescafish.it\/new\/wp-json\/wp\/v2\/product_tag?post=82894"}],"curies":[{"name":"wp","href":"https:\/\/api.w.org\/{rel}","templated":true}]}}