{"id":82758,"date":"2022-10-14T09:54:53","date_gmt":"2022-10-14T07:54:53","guid":{"rendered":"https:\/\/www.pescafish.it\/new\/?post_type=product&#038;p=82758"},"modified":"2025-09-03T17:27:45","modified_gmt":"2025-09-03T15:27:45","slug":"waterslash-1-2oz-dc-molix","status":"publish","type":"product","link":"https:\/\/www.pescafish.it\/new\/prodotto\/waterslash-1-2oz-dc-molix\/","title":{"rendered":"WaterSlash 1\/2oz DC &#8211; Molix"},"content":{"rendered":"<h2>WaterSlash 1\/2oz DC<\/h2>\n<p>Spinnerbait dalla forma compatta, indicato in zone con elevata pressione di pesca, dove l\u2019utilizzo di \u201cspinnerbait finesse\u201d \u00e8 spesso l\u2019unica soluzione per aver ragione su pesci scaltri o intimoriti. La testa \u00e8 leggermente schiacciata per ottenere un bilanciamento perfetto a ogni velocit\u00e0 di recupero e una corretta posizione di nuoto. Il peso delle palette \u00e8 calibrato per evitare il sovraccarico dello spinnerbait che al contatto con l\u2019acqua etra subito in azione. E\u2019 costruito con filo in lega di acciaio, che presenta conicit\u00e0 e diametro variabili e favorisce l\u2019emissione di forti vibrazioni. La resistenza di questa lega lo rende indicato anche per impieghi gravosi, in zone ricche di ostacoli. L\u2019occhiello di congiunzione del braccio con la paletta principale presenta una speciale saldatura, che minimizza il rischio di perdere la pala. Lo skirt in silicone \u201cfine cut\u201d (taglio fine) \u00e8 cucito a mano e aggiunge naturalezza al nuoto dell\u2019artificiale.<\/p>\n<p><strong>Versione:<\/strong> Double Colorado<br \/>\n<strong>Peso:<\/strong> 1\/2oz<\/p>\n<p><strong>Disponibile nelle seguenti colorazioni:<\/strong><br \/>\n<strong>WS1DC-01H\u00a0<\/strong> 01H &#8211; Killer Ayu Heritage<\/p>\n","protected":false},"excerpt":{"rendered":"<p>WaterSlash 1\/2oz DC Spinnerbait dalla forma compatta, indicato in zone con elevata pressione di pesca, dove l\u2019utilizzo di \u201cspinnerbait finesse\u201d \u00e8 spesso l\u2019unica soluzione per aver ragione su pesci scaltri o intimoriti. La testa \u00e8 leggermente schiacciata per ottenere un bilanciamento perfetto a ogni velocit\u00e0 di recupero e una corretta posizione di nuoto. Il peso [&hellip;]<\/p>\n","protected":false},"featured_media":82759,"comment_status":"closed","ping_status":"closed","template":"","meta":[],"product_cat":[130],"product_tag":[1025],"yoast_head":"<!-- This site is optimized with the Yoast SEO plugin v15.3 - https:\/\/yoast.com\/wordpress\/plugins\/seo\/ -->\n<title>WaterSlash 1\/2oz DC - Molix - Pesca Fish<\/title>\n<meta name=\"robots\" content=\"index, follow, max-snippet:-1, max-image-preview:large, max-video-preview:-1\" \/>\n<link rel=\"canonical\" href=\"https:\/\/www.pescafish.it\/new\/prodotto\/waterslash-1-2oz-dc-molix\/\" \/>\n<meta property=\"og:locale\" content=\"it_IT\" \/>\n<meta property=\"og:type\" content=\"article\" \/>\n<meta property=\"og:title\" content=\"WaterSlash 1\/2oz DC - Molix - Pesca Fish\" \/>\n<meta property=\"og:description\" content=\"WaterSlash 1\/2oz DC Spinnerbait dalla forma compatta, indicato in zone con elevata pressione di pesca, dove l\u2019utilizzo di \u201cspinnerbait finesse\u201d \u00e8 spesso l\u2019unica soluzione per aver ragione su pesci scaltri o intimoriti. La testa \u00e8 leggermente schiacciata per ottenere un bilanciamento perfetto a ogni velocit\u00e0 di recupero e una corretta posizione di nuoto. Il peso [&hellip;]\" \/>\n<meta property=\"og:url\" content=\"https:\/\/www.pescafish.it\/new\/prodotto\/waterslash-1-2oz-dc-molix\/\" \/>\n<meta property=\"og:site_name\" content=\"Pesca Fish\" \/>\n<meta property=\"article:publisher\" content=\"https:\/\/www.facebook.com\/pescafishvr\/\" \/>\n<meta property=\"article:modified_time\" content=\"2025-09-03T15:27:45+00:00\" \/>\n<meta property=\"og:image\" content=\"https:\/\/www.pescafish.it\/new\/wp-content\/uploads\/2022\/10\/waterslash-12DC_01H-Killer-Ayu-Heritage.jpg\" \/>\n\t<meta property=\"og:image:width\" content=\"1000\" \/>\n\t<meta property=\"og:image:height\" content=\"1000\" \/>\n<meta name=\"twitter:card\" content=\"summary_large_image\" \/>\n<meta name=\"twitter:label1\" content=\"Scritto da\">\n\t<meta name=\"twitter:data1\" content=\"francesca\">\n\t<meta name=\"twitter:label2\" content=\"Tempo di lettura stimato\">\n\t<meta name=\"twitter:data2\" content=\"1 minuto\">\n<script type=\"application\/ld+json\" class=\"yoast-schema-graph\">{\"@context\":\"https:\/\/schema.org\",\"@graph\":[{\"@type\":\"WebSite\",\"@id\":\"https:\/\/www.pescafish.it\/new\/#website\",\"url\":\"https:\/\/www.pescafish.it\/new\/\",\"name\":\"Pesca Fish\",\"description\":\"Benvenuti sul nostro sito!\",\"potentialAction\":[{\"@type\":\"SearchAction\",\"target\":\"https:\/\/www.pescafish.it\/new\/?s={search_term_string}\",\"query-input\":\"required name=search_term_string\"}],\"inLanguage\":\"it-IT\"},{\"@type\":\"ImageObject\",\"@id\":\"https:\/\/www.pescafish.it\/new\/prodotto\/waterslash-1-2oz-dc-molix\/#primaryimage\",\"inLanguage\":\"it-IT\",\"url\":\"https:\/\/www.pescafish.it\/new\/wp-content\/uploads\/2022\/10\/waterslash-12DC_01H-Killer-Ayu-Heritage.jpg\",\"width\":1000,\"height\":1000,\"caption\":\"waterslash DC molix\"},{\"@type\":\"WebPage\",\"@id\":\"https:\/\/www.pescafish.it\/new\/prodotto\/waterslash-1-2oz-dc-molix\/#webpage\",\"url\":\"https:\/\/www.pescafish.it\/new\/prodotto\/waterslash-1-2oz-dc-molix\/\",\"name\":\"WaterSlash 1\/2oz DC - Molix - Pesca Fish\",\"isPartOf\":{\"@id\":\"https:\/\/www.pescafish.it\/new\/#website\"},\"primaryImageOfPage\":{\"@id\":\"https:\/\/www.pescafish.it\/new\/prodotto\/waterslash-1-2oz-dc-molix\/#primaryimage\"},\"datePublished\":\"2022-10-14T07:54:53+00:00\",\"dateModified\":\"2025-09-03T15:27:45+00:00\",\"inLanguage\":\"it-IT\",\"potentialAction\":[{\"@type\":\"ReadAction\",\"target\":[\"https:\/\/www.pescafish.it\/new\/prodotto\/waterslash-1-2oz-dc-molix\/\"]}]}]}<\/script>\n<!-- \/ Yoast SEO plugin. -->","_links":{"self":[{"href":"https:\/\/www.pescafish.it\/new\/wp-json\/wp\/v2\/product\/82758"}],"collection":[{"href":"https:\/\/www.pescafish.it\/new\/wp-json\/wp\/v2\/product"}],"about":[{"href":"https:\/\/www.pescafish.it\/new\/wp-json\/wp\/v2\/types\/product"}],"replies":[{"embeddable":true,"href":"https:\/\/www.pescafish.it\/new\/wp-json\/wp\/v2\/comments?post=82758"}],"wp:featuredmedia":[{"embeddable":true,"href":"https:\/\/www.pescafish.it\/new\/wp-json\/wp\/v2\/media\/82759"}],"wp:attachment":[{"href":"https:\/\/www.pescafish.it\/new\/wp-json\/wp\/v2\/media?parent=82758"}],"wp:term":[{"taxonomy":"product_cat","embeddable":true,"href":"https:\/\/www.pescafish.it\/new\/wp-json\/wp\/v2\/product_cat?post=82758"},{"taxonomy":"product_tag","embeddable":true,"href":"https:\/\/www.pescafish.it\/new\/wp-json\/wp\/v2\/product_tag?post=82758"}],"curies":[{"name":"wp","href":"https:\/\/api.w.org\/{rel}","templated":true}]}}