{"id":82531,"date":"2022-10-07T18:25:19","date_gmt":"2022-10-07T16:25:19","guid":{"rendered":"https:\/\/www.pescafish.it\/new\/?post_type=product&#038;p=82531"},"modified":"2022-10-07T18:25:20","modified_gmt":"2022-10-07T16:25:20","slug":"gluttony-2-3gr-nories","status":"publish","type":"product","link":"https:\/\/www.pescafish.it\/new\/prodotto\/gluttony-2-3gr-nories\/","title":{"rendered":"Gluttony 2.3gr &#8211; Nories"},"content":{"rendered":"<h2><strong>Gluttony 2.3gr<\/strong><\/h2>\n<p>Gluttony\u00a0\u00e8 un\u00a0uno spoon giapponese ideato e prodotto da Nories Japan per le gare di trout area.<\/p>\n<p>La sua particolare forma romboidale dalla piegatura molto accentuata gli dona un movimento diverso dalla maggior parte degli\u00a0ondulanti in commercio.<\/p>\n<p>E&#8217; perfetto per le fasi di partenza ma anche per\u00a0i turni pi\u00f9 difficili, si adatta perfettamente a varie profondit\u00e0 e a diverse velocit\u00e0 di recupero.<\/p>\n<p>Made in Japan by Nories.<\/p>\n<p>Spoon della Nories per competizioni di trout area dalla curvatura accentuata e con\u00a0sagomatura romboidale.<\/p>\n<p><strong>Disponibile nelle seguenti colorazioni:<\/strong><br \/>\n<strong>19072<\/strong>\u00a0 001<br \/>\n<strong>19073<\/strong>\u00a0 002<br \/>\n<strong>19074<\/strong>\u00a0 011<br \/>\n<strong>19075<\/strong>\u00a0 012<br \/>\n<strong>19076<\/strong>\u00a0 015<br \/>\n<strong>19077<\/strong>\u00a0 027<br \/>\n<strong>19078<\/strong>\u00a0 054<br \/>\n<strong>19079<\/strong>\u00a0 083<br \/>\n<strong>19080<\/strong>\u00a0 086<\/p>\n","protected":false},"excerpt":{"rendered":"<p>Gluttony 2.3gr Gluttony\u00a0\u00e8 un\u00a0uno spoon giapponese ideato e prodotto da Nories Japan per le gare di trout area. La sua particolare forma romboidale dalla piegatura molto accentuata gli dona un movimento diverso dalla maggior parte degli\u00a0ondulanti in commercio. E&#8217; perfetto per le fasi di partenza ma anche per\u00a0i turni pi\u00f9 difficili, si adatta perfettamente a [&hellip;]<\/p>\n","protected":false},"featured_media":82537,"comment_status":"closed","ping_status":"closed","template":"","meta":[],"product_cat":[923],"product_tag":[1071],"yoast_head":"<!-- This site is optimized with the Yoast SEO plugin v15.3 - https:\/\/yoast.com\/wordpress\/plugins\/seo\/ -->\n<title>Gluttony 2.3gr - Nories - Pesca Fish<\/title>\n<meta name=\"robots\" content=\"index, follow, max-snippet:-1, max-image-preview:large, max-video-preview:-1\" \/>\n<link rel=\"canonical\" href=\"https:\/\/www.pescafish.it\/new\/prodotto\/gluttony-2-3gr-nories\/\" \/>\n<meta property=\"og:locale\" content=\"it_IT\" \/>\n<meta property=\"og:type\" content=\"article\" \/>\n<meta property=\"og:title\" content=\"Gluttony 2.3gr - Nories - Pesca Fish\" \/>\n<meta property=\"og:description\" content=\"Gluttony 2.3gr Gluttony\u00a0\u00e8 un\u00a0uno spoon giapponese ideato e prodotto da Nories Japan per le gare di trout area. La sua particolare forma romboidale dalla piegatura molto accentuata gli dona un movimento diverso dalla maggior parte degli\u00a0ondulanti in commercio. E&#8217; perfetto per le fasi di partenza ma anche per\u00a0i turni pi\u00f9 difficili, si adatta perfettamente a [&hellip;]\" \/>\n<meta property=\"og:url\" content=\"https:\/\/www.pescafish.it\/new\/prodotto\/gluttony-2-3gr-nories\/\" \/>\n<meta property=\"og:site_name\" content=\"Pesca Fish\" \/>\n<meta property=\"article:publisher\" content=\"https:\/\/www.facebook.com\/pescafishvr\/\" \/>\n<meta property=\"article:modified_time\" content=\"2022-10-07T16:25:20+00:00\" \/>\n<meta property=\"og:image\" content=\"https:\/\/www.pescafish.it\/new\/wp-content\/uploads\/2022\/10\/001.jpg\" \/>\n\t<meta property=\"og:image:width\" content=\"789\" \/>\n\t<meta property=\"og:image:height\" content=\"794\" \/>\n<meta name=\"twitter:card\" content=\"summary_large_image\" \/>\n<meta name=\"twitter:label1\" content=\"Scritto da\">\n\t<meta name=\"twitter:data1\" content=\"francesca\">\n\t<meta name=\"twitter:label2\" content=\"Tempo di lettura stimato\">\n\t<meta name=\"twitter:data2\" content=\"0 minuti\">\n<script type=\"application\/ld+json\" class=\"yoast-schema-graph\">{\"@context\":\"https:\/\/schema.org\",\"@graph\":[{\"@type\":\"WebSite\",\"@id\":\"https:\/\/www.pescafish.it\/new\/#website\",\"url\":\"https:\/\/www.pescafish.it\/new\/\",\"name\":\"Pesca Fish\",\"description\":\"Benvenuti sul nostro sito!\",\"potentialAction\":[{\"@type\":\"SearchAction\",\"target\":\"https:\/\/www.pescafish.it\/new\/?s={search_term_string}\",\"query-input\":\"required name=search_term_string\"}],\"inLanguage\":\"it-IT\"},{\"@type\":\"ImageObject\",\"@id\":\"https:\/\/www.pescafish.it\/new\/prodotto\/gluttony-2-3gr-nories\/#primaryimage\",\"inLanguage\":\"it-IT\",\"url\":\"https:\/\/www.pescafish.it\/new\/wp-content\/uploads\/2022\/10\/001.jpg\",\"width\":789,\"height\":794},{\"@type\":\"WebPage\",\"@id\":\"https:\/\/www.pescafish.it\/new\/prodotto\/gluttony-2-3gr-nories\/#webpage\",\"url\":\"https:\/\/www.pescafish.it\/new\/prodotto\/gluttony-2-3gr-nories\/\",\"name\":\"Gluttony 2.3gr - Nories - Pesca Fish\",\"isPartOf\":{\"@id\":\"https:\/\/www.pescafish.it\/new\/#website\"},\"primaryImageOfPage\":{\"@id\":\"https:\/\/www.pescafish.it\/new\/prodotto\/gluttony-2-3gr-nories\/#primaryimage\"},\"datePublished\":\"2022-10-07T16:25:19+00:00\",\"dateModified\":\"2022-10-07T16:25:20+00:00\",\"inLanguage\":\"it-IT\",\"potentialAction\":[{\"@type\":\"ReadAction\",\"target\":[\"https:\/\/www.pescafish.it\/new\/prodotto\/gluttony-2-3gr-nories\/\"]}]}]}<\/script>\n<!-- \/ Yoast SEO plugin. -->","_links":{"self":[{"href":"https:\/\/www.pescafish.it\/new\/wp-json\/wp\/v2\/product\/82531"}],"collection":[{"href":"https:\/\/www.pescafish.it\/new\/wp-json\/wp\/v2\/product"}],"about":[{"href":"https:\/\/www.pescafish.it\/new\/wp-json\/wp\/v2\/types\/product"}],"replies":[{"embeddable":true,"href":"https:\/\/www.pescafish.it\/new\/wp-json\/wp\/v2\/comments?post=82531"}],"wp:featuredmedia":[{"embeddable":true,"href":"https:\/\/www.pescafish.it\/new\/wp-json\/wp\/v2\/media\/82537"}],"wp:attachment":[{"href":"https:\/\/www.pescafish.it\/new\/wp-json\/wp\/v2\/media?parent=82531"}],"wp:term":[{"taxonomy":"product_cat","embeddable":true,"href":"https:\/\/www.pescafish.it\/new\/wp-json\/wp\/v2\/product_cat?post=82531"},{"taxonomy":"product_tag","embeddable":true,"href":"https:\/\/www.pescafish.it\/new\/wp-json\/wp\/v2\/product_tag?post=82531"}],"curies":[{"name":"wp","href":"https:\/\/api.w.org\/{rel}","templated":true}]}}