{"id":82516,"date":"2022-10-07T12:27:10","date_gmt":"2022-10-07T10:27:10","guid":{"rendered":"https:\/\/www.pescafish.it\/new\/?post_type=product&#038;p=82516"},"modified":"2024-03-22T04:19:38","modified_gmt":"2024-03-22T03:19:38","slug":"omono-ni-koreda-380g-marukyu","status":"publish","type":"product","link":"https:\/\/www.pescafish.it\/new\/prodotto\/omono-ni-koreda-380g-marukyu\/","title":{"rendered":"Omono Ni Koreda 380g &#8211; Marukyu"},"content":{"rendered":"<p>Un concentrato di pellet a base pesce, krill, aminoacidi, unico nel suo genere. Partendo dalla fermentazione di esclusivi pellet a base fishmeal e krill utilizzati per l&#8217;alimentazione dei pesci, ha ricavato un estratto liquido, pva friendly, a scioglimento medio\/lento, che migliora notevolmente le performance di qualsiasi esca o mix a cui venga aggiunto.\u00a0L&#8217;utilizzo dei pellet in quasi tutte le pesche, comprese quelle in acqua salata in cui si \u00e8 ormai ben compreso come queste forme granulari di alimento siano particolarmente gradite a moltissime specie marine, \u00e8 sempre pi\u00f9 diffusa, tanto da diventare spesso l&#8217;arma vincente in alcune competizioni.<br \/>\nOMONO NI KOREDA va aggiunto nelle dosi di 50\/100 ml per kg, disciolto e mescolato accuratamente in 100\/150 ml di acqua e utilizzato per bagnare qualsiasi mix nella pesca al colpo e nel feeder fishing.<br \/>\nPer l&#8217;utilizzo nel carpfishing e pesche specialistiche, andr\u00e0 utilizzato puro sia versato direttamente nei sacchetti in pva piuttosto che come base liquida per gli stick mix.<\/p>\n<p><strong>Barattolo richiudibile da 380g.<\/strong><\/p>\n","protected":false},"excerpt":{"rendered":"<p>Un concentrato di pellet a base pesce, krill, aminoacidi, unico nel suo genere. Partendo dalla fermentazione di esclusivi pellet a base fishmeal e krill utilizzati per l&#8217;alimentazione dei pesci, ha ricavato un estratto liquido, pva friendly, a scioglimento medio\/lento, che migliora notevolmente le performance di qualsiasi esca o mix a cui venga aggiunto.\u00a0L&#8217;utilizzo dei pellet [&hellip;]<\/p>\n","protected":false},"featured_media":82517,"comment_status":"closed","ping_status":"closed","template":"","meta":[],"product_cat":[707],"product_tag":[1218],"yoast_head":"<!-- This site is optimized with the Yoast SEO plugin v15.3 - https:\/\/yoast.com\/wordpress\/plugins\/seo\/ -->\n<title>Omono Ni Koreda 380g - Marukyu - Pesca Fish<\/title>\n<meta name=\"robots\" content=\"index, follow, max-snippet:-1, max-image-preview:large, max-video-preview:-1\" \/>\n<link rel=\"canonical\" href=\"https:\/\/www.pescafish.it\/new\/prodotto\/omono-ni-koreda-380g-marukyu\/\" \/>\n<meta property=\"og:locale\" content=\"it_IT\" \/>\n<meta property=\"og:type\" content=\"article\" \/>\n<meta property=\"og:title\" content=\"Omono Ni Koreda 380g - Marukyu - Pesca Fish\" \/>\n<meta property=\"og:description\" content=\"Un concentrato di pellet a base pesce, krill, aminoacidi, unico nel suo genere. Partendo dalla fermentazione di esclusivi pellet a base fishmeal e krill utilizzati per l&#8217;alimentazione dei pesci, ha ricavato un estratto liquido, pva friendly, a scioglimento medio\/lento, che migliora notevolmente le performance di qualsiasi esca o mix a cui venga aggiunto.\u00a0L&#8217;utilizzo dei pellet [&hellip;]\" \/>\n<meta property=\"og:url\" content=\"https:\/\/www.pescafish.it\/new\/prodotto\/omono-ni-koreda-380g-marukyu\/\" \/>\n<meta property=\"og:site_name\" content=\"Pesca Fish\" \/>\n<meta property=\"article:publisher\" content=\"https:\/\/www.facebook.com\/pescafishvr\/\" \/>\n<meta property=\"article:modified_time\" content=\"2024-03-22T03:19:38+00:00\" \/>\n<meta property=\"og:image\" content=\"https:\/\/www.pescafish.it\/new\/wp-content\/uploads\/2022\/10\/omono-ni-koreda.jpg\" \/>\n\t<meta property=\"og:image:width\" content=\"567\" \/>\n\t<meta property=\"og:image:height\" content=\"567\" \/>\n<meta name=\"twitter:card\" content=\"summary_large_image\" \/>\n<meta name=\"twitter:label1\" content=\"Scritto da\">\n\t<meta name=\"twitter:data1\" content=\"francesca\">\n\t<meta name=\"twitter:label2\" content=\"Tempo di lettura stimato\">\n\t<meta name=\"twitter:data2\" content=\"1 minuto\">\n<script type=\"application\/ld+json\" class=\"yoast-schema-graph\">{\"@context\":\"https:\/\/schema.org\",\"@graph\":[{\"@type\":\"WebSite\",\"@id\":\"https:\/\/www.pescafish.it\/new\/#website\",\"url\":\"https:\/\/www.pescafish.it\/new\/\",\"name\":\"Pesca Fish\",\"description\":\"Benvenuti sul nostro sito!\",\"potentialAction\":[{\"@type\":\"SearchAction\",\"target\":\"https:\/\/www.pescafish.it\/new\/?s={search_term_string}\",\"query-input\":\"required name=search_term_string\"}],\"inLanguage\":\"it-IT\"},{\"@type\":\"ImageObject\",\"@id\":\"https:\/\/www.pescafish.it\/new\/prodotto\/omono-ni-koreda-380g-marukyu\/#primaryimage\",\"inLanguage\":\"it-IT\",\"url\":\"https:\/\/www.pescafish.it\/new\/wp-content\/uploads\/2022\/10\/omono-ni-koreda.jpg\",\"width\":567,\"height\":567,\"caption\":\"omono ni koreda marukyu\"},{\"@type\":\"WebPage\",\"@id\":\"https:\/\/www.pescafish.it\/new\/prodotto\/omono-ni-koreda-380g-marukyu\/#webpage\",\"url\":\"https:\/\/www.pescafish.it\/new\/prodotto\/omono-ni-koreda-380g-marukyu\/\",\"name\":\"Omono Ni Koreda 380g - Marukyu - Pesca Fish\",\"isPartOf\":{\"@id\":\"https:\/\/www.pescafish.it\/new\/#website\"},\"primaryImageOfPage\":{\"@id\":\"https:\/\/www.pescafish.it\/new\/prodotto\/omono-ni-koreda-380g-marukyu\/#primaryimage\"},\"datePublished\":\"2022-10-07T10:27:10+00:00\",\"dateModified\":\"2024-03-22T03:19:38+00:00\",\"inLanguage\":\"it-IT\",\"potentialAction\":[{\"@type\":\"ReadAction\",\"target\":[\"https:\/\/www.pescafish.it\/new\/prodotto\/omono-ni-koreda-380g-marukyu\/\"]}]}]}<\/script>\n<!-- \/ Yoast SEO plugin. -->","_links":{"self":[{"href":"https:\/\/www.pescafish.it\/new\/wp-json\/wp\/v2\/product\/82516"}],"collection":[{"href":"https:\/\/www.pescafish.it\/new\/wp-json\/wp\/v2\/product"}],"about":[{"href":"https:\/\/www.pescafish.it\/new\/wp-json\/wp\/v2\/types\/product"}],"replies":[{"embeddable":true,"href":"https:\/\/www.pescafish.it\/new\/wp-json\/wp\/v2\/comments?post=82516"}],"wp:featuredmedia":[{"embeddable":true,"href":"https:\/\/www.pescafish.it\/new\/wp-json\/wp\/v2\/media\/82517"}],"wp:attachment":[{"href":"https:\/\/www.pescafish.it\/new\/wp-json\/wp\/v2\/media?parent=82516"}],"wp:term":[{"taxonomy":"product_cat","embeddable":true,"href":"https:\/\/www.pescafish.it\/new\/wp-json\/wp\/v2\/product_cat?post=82516"},{"taxonomy":"product_tag","embeddable":true,"href":"https:\/\/www.pescafish.it\/new\/wp-json\/wp\/v2\/product_tag?post=82516"}],"curies":[{"name":"wp","href":"https:\/\/api.w.org\/{rel}","templated":true}]}}