{"id":82132,"date":"2022-09-22T16:58:37","date_gmt":"2022-09-22T14:58:37","guid":{"rendered":"https:\/\/www.pescafish.it\/new\/?post_type=product&#038;p=82132"},"modified":"2026-01-08T11:19:58","modified_gmt":"2026-01-08T10:19:58","slug":"canna-amorphous-bolo-inifinity-r-nash","status":"publish","type":"product","link":"https:\/\/www.pescafish.it\/new\/prodotto\/canna-amorphous-bolo-inifinity-r-nash\/","title":{"rendered":"Canna Amorphous Bolo Inifinity R &#8211; Nash"},"content":{"rendered":"<h2 class=\"product_title entry-title\">Amorphous Bolo Inifinity R<\/h2>\n<p>La gamma si arricchisce e completa con la nuovissima variante INFINITY R: una\u00a0 canna di nuova concezione che introduce una nuova azione all\u2019interno della serie. Progettata con disegni e geometrie di tipo pi\u00f9 \u201cclassico\u201d con diametri leggermente maggiori, con conicit\u00e0 pi\u00f9 accentuate che permettono una piega pi\u00f9 generosa ed una velocit\u00e0 del fusto pi\u00f9 elevata. La curvatura pi\u00f9 parabolica e rotonda, frutto delle nuove geometrie, permette di stancare pi\u00f9 rapidamente i pesci. Si tratta di un progetto tutto nuovo, sviluppato con l\u2019obiettivo di produrre una canna che richiami i canoni classici della pesca a bolognese, coniugandoli con tecnologie di ultima generazione che ne garantiscono grande affidabilit\u00e0 e prontezza.<\/p>\n<p><strong>Disponibile nelle seguenti varianti:<\/strong><\/p>\n<table style=\"height: 92px; width: 100%; border-collapse: collapse;\" border=\"1\">\n<tbody>\n<tr style=\"height: 23px;\">\n<td style=\"width: 20%; height: 23px;\"><strong>Codice<\/strong><\/td>\n<td style=\"width: 20%; height: 23px;\"><strong>Lunghezza<\/strong><\/td>\n<td style=\"width: 20%; height: 23px;\"><strong>Sezioni<\/strong><\/td>\n<td style=\"width: 20%; height: 23px;\"><strong>Ingombro<\/strong><\/td>\n<td style=\"width: 20%; height: 23px;\"><strong>Peso<\/strong><\/td>\n<\/tr>\n<tr style=\"height: 23px;\">\n<td style=\"width: 20%; height: 23px;\"><strong>AVI50BI<\/strong><\/td>\n<td style=\"width: 20%; height: 23px;\">5<\/td>\n<td style=\"width: 20%; height: 23px;\">5<\/td>\n<td style=\"width: 20%; height: 23px;\">133<\/td>\n<td style=\"width: 20%; height: 23px;\">130<\/td>\n<\/tr>\n<tr style=\"height: 23px;\">\n<td style=\"width: 20%; height: 23px;\"><strong>AVI60BI<\/strong><\/td>\n<td style=\"width: 20%; height: 23px;\">6<\/td>\n<td style=\"width: 20%; height: 23px;\">6<\/td>\n<td style=\"width: 20%; height: 23px;\">133<\/td>\n<td style=\"width: 20%; height: 23px;\">190<\/td>\n<\/tr>\n<tr style=\"height: 23px;\">\n<td style=\"width: 20%; height: 23px;\"><strong>AVI70BI<\/strong><\/td>\n<td style=\"width: 20%; height: 23px;\">7<\/td>\n<td style=\"width: 20%; height: 23px;\">7<\/td>\n<td style=\"width: 20%; height: 23px;\">133<\/td>\n<td style=\"width: 20%; height: 23px;\">255<\/td>\n<\/tr>\n<\/tbody>\n<\/table>\n<p>&nbsp;<\/p>\n","protected":false},"excerpt":{"rendered":"<p>Amorphous Bolo Inifinity R La gamma si arricchisce e completa con la nuovissima variante INFINITY R: una\u00a0 canna di nuova concezione che introduce una nuova azione all\u2019interno della serie. Progettata con disegni e geometrie di tipo pi\u00f9 \u201cclassico\u201d con diametri leggermente maggiori, con conicit\u00e0 pi\u00f9 accentuate che permettono una piega pi\u00f9 generosa ed una velocit\u00e0 [&hellip;]<\/p>\n","protected":false},"featured_media":82137,"comment_status":"closed","ping_status":"closed","template":"","meta":[],"product_cat":[87],"product_tag":[1051],"yoast_head":"<!-- This site is optimized with the Yoast SEO plugin v15.3 - https:\/\/yoast.com\/wordpress\/plugins\/seo\/ -->\n<title>Canna Amorphous Bolo Inifinity R - Nash - Pesca Fish<\/title>\n<meta name=\"robots\" content=\"index, follow, max-snippet:-1, max-image-preview:large, max-video-preview:-1\" \/>\n<link rel=\"canonical\" href=\"https:\/\/www.pescafish.it\/new\/prodotto\/canna-amorphous-bolo-inifinity-r-nash\/\" \/>\n<meta property=\"og:locale\" content=\"it_IT\" \/>\n<meta property=\"og:type\" content=\"article\" \/>\n<meta property=\"og:title\" content=\"Canna Amorphous Bolo Inifinity R - Nash - Pesca Fish\" \/>\n<meta property=\"og:description\" content=\"Amorphous Bolo Inifinity R La gamma si arricchisce e completa con la nuovissima variante INFINITY R: una\u00a0 canna di nuova concezione che introduce una nuova azione all\u2019interno della serie. Progettata con disegni e geometrie di tipo pi\u00f9 \u201cclassico\u201d con diametri leggermente maggiori, con conicit\u00e0 pi\u00f9 accentuate che permettono una piega pi\u00f9 generosa ed una velocit\u00e0 [&hellip;]\" \/>\n<meta property=\"og:url\" content=\"https:\/\/www.pescafish.it\/new\/prodotto\/canna-amorphous-bolo-inifinity-r-nash\/\" \/>\n<meta property=\"og:site_name\" content=\"Pesca Fish\" \/>\n<meta property=\"article:publisher\" content=\"https:\/\/www.facebook.com\/pescafishvr\/\" \/>\n<meta property=\"article:modified_time\" content=\"2026-01-08T10:19:58+00:00\" \/>\n<meta property=\"og:image\" content=\"https:\/\/www.pescafish.it\/new\/wp-content\/uploads\/2022\/09\/infinity.jpg\" \/>\n\t<meta property=\"og:image:width\" content=\"950\" \/>\n\t<meta property=\"og:image:height\" content=\"953\" \/>\n<meta name=\"twitter:card\" content=\"summary_large_image\" \/>\n<meta name=\"twitter:label1\" content=\"Scritto da\">\n\t<meta name=\"twitter:data1\" content=\"francesca\">\n\t<meta name=\"twitter:label2\" content=\"Tempo di lettura stimato\">\n\t<meta name=\"twitter:data2\" content=\"1 minuto\">\n<script type=\"application\/ld+json\" class=\"yoast-schema-graph\">{\"@context\":\"https:\/\/schema.org\",\"@graph\":[{\"@type\":\"WebSite\",\"@id\":\"https:\/\/www.pescafish.it\/new\/#website\",\"url\":\"https:\/\/www.pescafish.it\/new\/\",\"name\":\"Pesca Fish\",\"description\":\"Benvenuti sul nostro sito!\",\"potentialAction\":[{\"@type\":\"SearchAction\",\"target\":\"https:\/\/www.pescafish.it\/new\/?s={search_term_string}\",\"query-input\":\"required name=search_term_string\"}],\"inLanguage\":\"it-IT\"},{\"@type\":\"ImageObject\",\"@id\":\"https:\/\/www.pescafish.it\/new\/prodotto\/canna-amorphous-bolo-inifinity-r-nash\/#primaryimage\",\"inLanguage\":\"it-IT\",\"url\":\"https:\/\/www.pescafish.it\/new\/wp-content\/uploads\/2022\/09\/infinity.jpg\",\"width\":950,\"height\":953,\"caption\":\"Daiwa\"},{\"@type\":\"WebPage\",\"@id\":\"https:\/\/www.pescafish.it\/new\/prodotto\/canna-amorphous-bolo-inifinity-r-nash\/#webpage\",\"url\":\"https:\/\/www.pescafish.it\/new\/prodotto\/canna-amorphous-bolo-inifinity-r-nash\/\",\"name\":\"Canna Amorphous Bolo Inifinity R - Nash - Pesca Fish\",\"isPartOf\":{\"@id\":\"https:\/\/www.pescafish.it\/new\/#website\"},\"primaryImageOfPage\":{\"@id\":\"https:\/\/www.pescafish.it\/new\/prodotto\/canna-amorphous-bolo-inifinity-r-nash\/#primaryimage\"},\"datePublished\":\"2022-09-22T14:58:37+00:00\",\"dateModified\":\"2026-01-08T10:19:58+00:00\",\"inLanguage\":\"it-IT\",\"potentialAction\":[{\"@type\":\"ReadAction\",\"target\":[\"https:\/\/www.pescafish.it\/new\/prodotto\/canna-amorphous-bolo-inifinity-r-nash\/\"]}]}]}<\/script>\n<!-- \/ Yoast SEO plugin. -->","_links":{"self":[{"href":"https:\/\/www.pescafish.it\/new\/wp-json\/wp\/v2\/product\/82132"}],"collection":[{"href":"https:\/\/www.pescafish.it\/new\/wp-json\/wp\/v2\/product"}],"about":[{"href":"https:\/\/www.pescafish.it\/new\/wp-json\/wp\/v2\/types\/product"}],"replies":[{"embeddable":true,"href":"https:\/\/www.pescafish.it\/new\/wp-json\/wp\/v2\/comments?post=82132"}],"wp:featuredmedia":[{"embeddable":true,"href":"https:\/\/www.pescafish.it\/new\/wp-json\/wp\/v2\/media\/82137"}],"wp:attachment":[{"href":"https:\/\/www.pescafish.it\/new\/wp-json\/wp\/v2\/media?parent=82132"}],"wp:term":[{"taxonomy":"product_cat","embeddable":true,"href":"https:\/\/www.pescafish.it\/new\/wp-json\/wp\/v2\/product_cat?post=82132"},{"taxonomy":"product_tag","embeddable":true,"href":"https:\/\/www.pescafish.it\/new\/wp-json\/wp\/v2\/product_tag?post=82132"}],"curies":[{"name":"wp","href":"https:\/\/api.w.org\/{rel}","templated":true}]}}