{"id":82048,"date":"2022-09-17T11:10:29","date_gmt":"2022-09-17T09:10:29","guid":{"rendered":"https:\/\/www.pescafish.it\/new\/?post_type=product&#038;p=82048"},"modified":"2026-03-27T20:35:43","modified_gmt":"2026-03-27T19:35:43","slug":"mulinello-aero-xr-shimano","status":"publish","type":"product","link":"https:\/\/www.pescafish.it\/new\/prodotto\/mulinello-aero-xr-shimano\/","title":{"rendered":"Mulinello Aero XR &#8211; Shimano"},"content":{"rendered":"<p>L&#8217;Aero XR \u00e8 un mulinello match e feeder tecnicamente pi\u00f9 avanzato di casa Shimano. Ricco di caratteristiche interessati, quali meccanismo anti ritorno, corpo e rotore leggeri in CI4+ e ingranaggi HAGANE avanzati per prestazioni impareggiabili. Se si \u00e8 amanti della pesca a feeder e bolognese, e desideri un mulinello dalle grandi prestazioni, l&#8217;Aero XR \u00e8 la soluzione. Tutti i mulinelli si abbinano perfettamente con le migliori canne da feeder Aero X5, X7 e Pro di Shimano, offrendo delle combo perfette. Con le loro impressionanti frizioni e l\u2019antiritorno, permettono di portare a compimento qualsiasi cattura, anche di taglia inaspettata quando si pesca con diametri ridotti. La taglia 3000 pi\u00f9 piccola \u00e8 perfetta per la pesca con il galleggiante e la pesca con feeder a distanza ravvicinata, la 4000 di taglia media \u00e8 ideale per pasturatori pi\u00f9 grandi o per la pesca a media distanza e la taglia 5000 pi\u00f9 grande \u00e8 ideale per la pesca a lunga distanza o pesi maggiori . Con un corpo e un rotore G-Free CI4+ tutti i modelli sono notevolmente leggeri, con la taglia 4000 che pesa solo 250 g, una notevole riduzione rispetto ai modelli concorrenti della stessa dimensione. Un ulteriore vantaggio che puoi sentire \u00e8 la precisione della rotazione leggera, che \u00e8 il risultato della costruzione del rotore CI4+ e della tecnologia HAGANE Gear, X-SHIP, Silent Drive. Altre caratteristiche includono le migliori bobine in alluminio forgiato a freddo AR-C (inclusa una bobina di ricambio) con un riduttore di capienza per caricare la giusta quantit\u00e0 di filo. Il modello 5000 pi\u00f9 grande ha un riduttore aggiuntivo da utilizzare con il trecciato quando si pesca a feeder a lunga distanza. Manovella a vite e una clip in metallo, che molto resistente, rafforzano il pedigree dell&#8217;XR. Visivamente, l&#8217;aspetto &#8220;stealth&#8221; dell&#8217;Aero XR \u00e8 sorprendente e combinato con l&#8217;avanzata tecnologia ingegneristica non pu\u00f2 non ispirare fiducia nell\u2019uso in pesca.<\/p>\n<p><strong>Disponibile nei seguenti modelli:<\/strong><\/p>\n<table style=\"width: 100%; border-collapse: collapse; border-color: #000000; height: 117px;\" border=\"2\">\n<tbody>\n<tr style=\"height: 47px;\">\n<td style=\"width: 14.2857%; height: 47px; text-align: center;\"><strong>Modello<\/strong><\/td>\n<td style=\"width: 15.6102%; height: 47px; text-align: center;\"><strong>Capacit\u00e0 bobina (mm\/m)<\/strong><\/td>\n<td style=\"width: 12.9612%; height: 47px; text-align: center;\"><strong>Rapporto di Recupero<\/strong><\/td>\n<td style=\"width: 14.2857%; height: 47px; text-align: center;\"><strong>Peso<\/strong><\/td>\n<td style=\"width: 14.2857%; height: 47px; text-align: center;\"><strong>Max Drag<\/strong><\/td>\n<td style=\"width: 14.2857%; height: 47px; text-align: center;\"><strong>Line Retrive<\/strong><\/td>\n<td style=\"width: 14.2857%; height: 47px; text-align: center;\"><strong>Cuscinetti<\/strong><\/td>\n<\/tr>\n<tr style=\"height: 47px;\">\n<td style=\"width: 14.2857%; height: 47px; text-align: center;\"><strong>AEROXRC3000<\/strong><\/td>\n<td style=\"width: 15.6102%; height: 47px; text-align: center;\">0.25-210 \/ 0.30-130 \/ 0.35-100<\/td>\n<td style=\"width: 12.9612%; height: 47px; text-align: center;\">5.0:1<\/td>\n<td style=\"width: 14.2857%; height: 47px; text-align: center;\">210g<\/td>\n<td style=\"width: 14.2857%; height: 47px; text-align: center;\">9kg<\/td>\n<td style=\"width: 14.2857%; height: 47px; text-align: center;\">73cm<\/td>\n<td style=\"width: 14.2857%; height: 47px; text-align: center;\">5+1<\/td>\n<\/tr>\n<tr style=\"height: 23px;\">\n<td style=\"width: 14.2857%; height: 23px; text-align: center;\"><strong>AEROXR4000<\/strong><\/td>\n<td style=\"width: 15.6102%; height: 23px; text-align: center;\">0.30-180 \/ 0.35-130<\/td>\n<td style=\"width: 12.9612%; height: 23px; text-align: center;\">4.7:1<\/td>\n<td style=\"width: 14.2857%; height: 23px; text-align: center;\">245g<\/td>\n<td style=\"width: 14.2857%; height: 23px; text-align: center;\">11kg<\/td>\n<td style=\"width: 14.2857%; height: 23px; text-align: center;\">75cm<\/td>\n<td style=\"width: 14.2857%; height: 23px; text-align: center;\">5+1<\/td>\n<\/tr>\n<tr>\n<td style=\"width: 14.2857%; text-align: center;\"><strong>AEROXRC5000<\/strong><\/td>\n<td style=\"width: 15.6102%; text-align: center;\">0.35-175 \/ 0.40-120<\/td>\n<td style=\"width: 12.9612%; text-align: center;\">4.7:1<\/td>\n<td style=\"width: 14.2857%; text-align: center;\">250g<\/td>\n<td style=\"width: 14.2857%; text-align: center;\">11kg<\/td>\n<td style=\"width: 14.2857%; text-align: center;\">80cm<\/td>\n<td style=\"width: 14.2857%; text-align: center;\">5+1<\/td>\n<\/tr>\n<\/tbody>\n<\/table>\n<p>&nbsp;<\/p>\n<p><span style=\"color: #ff0000;\"><strong>DUE ANNI DI GARANZIA<\/strong><\/span><br \/>\n<span style=\"color: #ff0000;\"><strong>Da oggi per avere il TERZO ANNO DI GARANZIA, collegati al nuovo portale e registra il tuo prodotto su:<\/strong><\/span><br \/>\n<span style=\"background-color: #ffff00; color: #000000;\"><strong><a style=\"background-color: #ffff00; color: #000000;\" href=\"http:\/\/www.shimanofishnetwork.it\/garanzia\/sign_in\">http:\/\/www.shimanofishnetwork.it\/garanzia\/sign_in<\/a><\/strong><\/span><\/p>\n","protected":false},"excerpt":{"rendered":"<p>L&#8217;Aero XR \u00e8 un mulinello match e feeder tecnicamente pi\u00f9 avanzato di casa Shimano. Ricco di caratteristiche interessati, quali meccanismo anti ritorno, corpo e rotore leggeri in CI4+ e ingranaggi HAGANE avanzati per prestazioni impareggiabili. Se si \u00e8 amanti della pesca a feeder e bolognese, e desideri un mulinello dalle grandi prestazioni, l&#8217;Aero XR \u00e8 [&hellip;]<\/p>\n","protected":false},"featured_media":82049,"comment_status":"closed","ping_status":"closed","template":"","meta":[],"product_cat":[348],"product_tag":[1023],"yoast_head":"<!-- This site is optimized with the Yoast SEO plugin v15.3 - https:\/\/yoast.com\/wordpress\/plugins\/seo\/ -->\n<title>Mulinello Aero XR - Shimano - Pesca Fish<\/title>\n<meta name=\"robots\" content=\"index, follow, max-snippet:-1, max-image-preview:large, max-video-preview:-1\" \/>\n<link rel=\"canonical\" href=\"https:\/\/www.pescafish.it\/new\/prodotto\/mulinello-aero-xr-shimano\/\" \/>\n<meta property=\"og:locale\" content=\"it_IT\" \/>\n<meta property=\"og:type\" content=\"article\" \/>\n<meta property=\"og:title\" content=\"Mulinello Aero XR - Shimano - Pesca Fish\" \/>\n<meta property=\"og:description\" content=\"L&#8217;Aero XR \u00e8 un mulinello match e feeder tecnicamente pi\u00f9 avanzato di casa Shimano. Ricco di caratteristiche interessati, quali meccanismo anti ritorno, corpo e rotore leggeri in CI4+ e ingranaggi HAGANE avanzati per prestazioni impareggiabili. Se si \u00e8 amanti della pesca a feeder e bolognese, e desideri un mulinello dalle grandi prestazioni, l&#8217;Aero XR \u00e8 [&hellip;]\" \/>\n<meta property=\"og:url\" content=\"https:\/\/www.pescafish.it\/new\/prodotto\/mulinello-aero-xr-shimano\/\" \/>\n<meta property=\"og:site_name\" content=\"Pesca Fish\" \/>\n<meta property=\"article:publisher\" content=\"https:\/\/www.facebook.com\/pescafishvr\/\" \/>\n<meta property=\"article:modified_time\" content=\"2026-03-27T19:35:43+00:00\" \/>\n<meta property=\"og:image\" content=\"https:\/\/www.pescafish.it\/new\/wp-content\/uploads\/2022\/09\/AERO-XR.jpg\" \/>\n\t<meta property=\"og:image:width\" content=\"1000\" \/>\n\t<meta property=\"og:image:height\" content=\"1000\" \/>\n<meta name=\"twitter:card\" content=\"summary_large_image\" \/>\n<meta name=\"twitter:label1\" content=\"Scritto da\">\n\t<meta name=\"twitter:data1\" content=\"francesca\">\n\t<meta name=\"twitter:label2\" content=\"Tempo di lettura stimato\">\n\t<meta name=\"twitter:data2\" content=\"1 minuto\">\n<script type=\"application\/ld+json\" class=\"yoast-schema-graph\">{\"@context\":\"https:\/\/schema.org\",\"@graph\":[{\"@type\":\"WebSite\",\"@id\":\"https:\/\/www.pescafish.it\/new\/#website\",\"url\":\"https:\/\/www.pescafish.it\/new\/\",\"name\":\"Pesca Fish\",\"description\":\"Benvenuti sul nostro sito!\",\"potentialAction\":[{\"@type\":\"SearchAction\",\"target\":\"https:\/\/www.pescafish.it\/new\/?s={search_term_string}\",\"query-input\":\"required name=search_term_string\"}],\"inLanguage\":\"it-IT\"},{\"@type\":\"ImageObject\",\"@id\":\"https:\/\/www.pescafish.it\/new\/prodotto\/mulinello-aero-xr-shimano\/#primaryimage\",\"inLanguage\":\"it-IT\",\"url\":\"https:\/\/www.pescafish.it\/new\/wp-content\/uploads\/2022\/09\/AERO-XR.jpg\",\"width\":1000,\"height\":1000,\"caption\":\"mulinello aero xr shimano\"},{\"@type\":\"WebPage\",\"@id\":\"https:\/\/www.pescafish.it\/new\/prodotto\/mulinello-aero-xr-shimano\/#webpage\",\"url\":\"https:\/\/www.pescafish.it\/new\/prodotto\/mulinello-aero-xr-shimano\/\",\"name\":\"Mulinello Aero XR - Shimano - Pesca Fish\",\"isPartOf\":{\"@id\":\"https:\/\/www.pescafish.it\/new\/#website\"},\"primaryImageOfPage\":{\"@id\":\"https:\/\/www.pescafish.it\/new\/prodotto\/mulinello-aero-xr-shimano\/#primaryimage\"},\"datePublished\":\"2022-09-17T09:10:29+00:00\",\"dateModified\":\"2026-03-27T19:35:43+00:00\",\"inLanguage\":\"it-IT\",\"potentialAction\":[{\"@type\":\"ReadAction\",\"target\":[\"https:\/\/www.pescafish.it\/new\/prodotto\/mulinello-aero-xr-shimano\/\"]}]}]}<\/script>\n<!-- \/ Yoast SEO plugin. -->","_links":{"self":[{"href":"https:\/\/www.pescafish.it\/new\/wp-json\/wp\/v2\/product\/82048"}],"collection":[{"href":"https:\/\/www.pescafish.it\/new\/wp-json\/wp\/v2\/product"}],"about":[{"href":"https:\/\/www.pescafish.it\/new\/wp-json\/wp\/v2\/types\/product"}],"replies":[{"embeddable":true,"href":"https:\/\/www.pescafish.it\/new\/wp-json\/wp\/v2\/comments?post=82048"}],"wp:featuredmedia":[{"embeddable":true,"href":"https:\/\/www.pescafish.it\/new\/wp-json\/wp\/v2\/media\/82049"}],"wp:attachment":[{"href":"https:\/\/www.pescafish.it\/new\/wp-json\/wp\/v2\/media?parent=82048"}],"wp:term":[{"taxonomy":"product_cat","embeddable":true,"href":"https:\/\/www.pescafish.it\/new\/wp-json\/wp\/v2\/product_cat?post=82048"},{"taxonomy":"product_tag","embeddable":true,"href":"https:\/\/www.pescafish.it\/new\/wp-json\/wp\/v2\/product_tag?post=82048"}],"curies":[{"name":"wp","href":"https:\/\/api.w.org\/{rel}","templated":true}]}}