{"id":81491,"date":"2022-08-18T16:53:48","date_gmt":"2022-08-18T14:53:48","guid":{"rendered":"https:\/\/www.pescafish.it\/new\/?post_type=product&#038;p=81491"},"modified":"2024-02-23T17:30:11","modified_gmt":"2024-02-23T16:30:11","slug":"backpack-abu-garcia","status":"publish","type":"product","link":"https:\/\/www.pescafish.it\/new\/prodotto\/backpack-abu-garcia\/","title":{"rendered":"Backpack &#8211; Abu Garcia"},"content":{"rendered":"<p>L&#8217; Abu Garcia backpack \u00e8 dotato di 3 scatole per l&#8217;attrezzatura. Comodo da indossare grazie agli spallacci imbottiti e ha molto spazio per portare cibo, vestiti extra e una macchina fotografica. Su entrambi i lati sono presenti cinghie laterali aggiuntive con fibbie e tasche a rete pensate per fissare oggetti extra (come una seconda canna o un guadino). Nella parte inferiore \u00e8 presente una copertura antipioggia che pu\u00f2 essere estratta quando necessario. Il fondo stesso \u00e8 resistente e impermeabile. Tutto questo rende questa borsa molto adatta per i pescatori che vogliono pescare lunghe giornate portando con s\u00e9 una sola borsa.<\/p>\n<p>\u2022 Dimensioni: 33 x 21 x 51 cm<br \/>\n\u2022 Scatole incluse 3pz &#8211; 28 x 18 x 4,5cm<br \/>\n\u2022 Spallacci imbottiti regolabili<br \/>\n\u2022 2 tasche in rete per pinze\/accessori\/bottiglie<br \/>\n\u2022 Possibilit\u00e0 di trasportare una seconda canna<br \/>\n\u2022 Grande tasca principale, apribile nella parte superiore<br \/>\n\u2022 La tasca inferiore \u00e8 accessibile dal lato o dal basso<br \/>\n\u2022 Cerniere robuste e affidabili<br \/>\n\u2022 Fondo impermeabile rinforzato<br \/>\n\u2022 Copertura antipioggia apribile inclusa<\/p>\n","protected":false},"excerpt":{"rendered":"<p>L&#8217; Abu Garcia backpack \u00e8 dotato di 3 scatole per l&#8217;attrezzatura. Comodo da indossare grazie agli spallacci imbottiti e ha molto spazio per portare cibo, vestiti extra e una macchina fotografica. Su entrambi i lati sono presenti cinghie laterali aggiuntive con fibbie e tasche a rete pensate per fissare oggetti extra (come una seconda canna [&hellip;]<\/p>\n","protected":false},"featured_media":81492,"comment_status":"closed","ping_status":"closed","template":"","meta":[],"product_cat":[686],"product_tag":[1065],"yoast_head":"<!-- This site is optimized with the Yoast SEO plugin v15.3 - https:\/\/yoast.com\/wordpress\/plugins\/seo\/ -->\n<title>Backpack - Abu Garcia - Pesca Fish<\/title>\n<meta name=\"robots\" content=\"index, follow, max-snippet:-1, max-image-preview:large, max-video-preview:-1\" \/>\n<link rel=\"canonical\" href=\"https:\/\/www.pescafish.it\/new\/prodotto\/backpack-abu-garcia\/\" \/>\n<meta property=\"og:locale\" content=\"it_IT\" \/>\n<meta property=\"og:type\" content=\"article\" \/>\n<meta property=\"og:title\" content=\"Backpack - Abu Garcia - Pesca Fish\" \/>\n<meta property=\"og:description\" content=\"L&#8217; Abu Garcia backpack \u00e8 dotato di 3 scatole per l&#8217;attrezzatura. Comodo da indossare grazie agli spallacci imbottiti e ha molto spazio per portare cibo, vestiti extra e una macchina fotografica. Su entrambi i lati sono presenti cinghie laterali aggiuntive con fibbie e tasche a rete pensate per fissare oggetti extra (come una seconda canna [&hellip;]\" \/>\n<meta property=\"og:url\" content=\"https:\/\/www.pescafish.it\/new\/prodotto\/backpack-abu-garcia\/\" \/>\n<meta property=\"og:site_name\" content=\"Pesca Fish\" \/>\n<meta property=\"article:publisher\" content=\"https:\/\/www.facebook.com\/pescafishvr\/\" \/>\n<meta property=\"article:modified_time\" content=\"2024-02-23T16:30:11+00:00\" \/>\n<meta property=\"og:image\" content=\"https:\/\/www.pescafish.it\/new\/wp-content\/uploads\/2022\/08\/ABU-GARCIA-backpack.jpg\" \/>\n\t<meta property=\"og:image:width\" content=\"1000\" \/>\n\t<meta property=\"og:image:height\" content=\"750\" \/>\n<meta name=\"twitter:card\" content=\"summary_large_image\" \/>\n<meta name=\"twitter:label1\" content=\"Scritto da\">\n\t<meta name=\"twitter:data1\" content=\"francesca\">\n\t<meta name=\"twitter:label2\" content=\"Tempo di lettura stimato\">\n\t<meta name=\"twitter:data2\" content=\"1 minuto\">\n<script type=\"application\/ld+json\" class=\"yoast-schema-graph\">{\"@context\":\"https:\/\/schema.org\",\"@graph\":[{\"@type\":\"WebSite\",\"@id\":\"https:\/\/www.pescafish.it\/new\/#website\",\"url\":\"https:\/\/www.pescafish.it\/new\/\",\"name\":\"Pesca Fish\",\"description\":\"Benvenuti sul nostro sito!\",\"potentialAction\":[{\"@type\":\"SearchAction\",\"target\":\"https:\/\/www.pescafish.it\/new\/?s={search_term_string}\",\"query-input\":\"required name=search_term_string\"}],\"inLanguage\":\"it-IT\"},{\"@type\":\"ImageObject\",\"@id\":\"https:\/\/www.pescafish.it\/new\/prodotto\/backpack-abu-garcia\/#primaryimage\",\"inLanguage\":\"it-IT\",\"url\":\"https:\/\/www.pescafish.it\/new\/wp-content\/uploads\/2022\/08\/ABU-GARCIA-backpack.jpg\",\"width\":1000,\"height\":750},{\"@type\":\"WebPage\",\"@id\":\"https:\/\/www.pescafish.it\/new\/prodotto\/backpack-abu-garcia\/#webpage\",\"url\":\"https:\/\/www.pescafish.it\/new\/prodotto\/backpack-abu-garcia\/\",\"name\":\"Backpack - Abu Garcia - Pesca Fish\",\"isPartOf\":{\"@id\":\"https:\/\/www.pescafish.it\/new\/#website\"},\"primaryImageOfPage\":{\"@id\":\"https:\/\/www.pescafish.it\/new\/prodotto\/backpack-abu-garcia\/#primaryimage\"},\"datePublished\":\"2022-08-18T14:53:48+00:00\",\"dateModified\":\"2024-02-23T16:30:11+00:00\",\"inLanguage\":\"it-IT\",\"potentialAction\":[{\"@type\":\"ReadAction\",\"target\":[\"https:\/\/www.pescafish.it\/new\/prodotto\/backpack-abu-garcia\/\"]}]}]}<\/script>\n<!-- \/ Yoast SEO plugin. -->","_links":{"self":[{"href":"https:\/\/www.pescafish.it\/new\/wp-json\/wp\/v2\/product\/81491"}],"collection":[{"href":"https:\/\/www.pescafish.it\/new\/wp-json\/wp\/v2\/product"}],"about":[{"href":"https:\/\/www.pescafish.it\/new\/wp-json\/wp\/v2\/types\/product"}],"replies":[{"embeddable":true,"href":"https:\/\/www.pescafish.it\/new\/wp-json\/wp\/v2\/comments?post=81491"}],"wp:featuredmedia":[{"embeddable":true,"href":"https:\/\/www.pescafish.it\/new\/wp-json\/wp\/v2\/media\/81492"}],"wp:attachment":[{"href":"https:\/\/www.pescafish.it\/new\/wp-json\/wp\/v2\/media?parent=81491"}],"wp:term":[{"taxonomy":"product_cat","embeddable":true,"href":"https:\/\/www.pescafish.it\/new\/wp-json\/wp\/v2\/product_cat?post=81491"},{"taxonomy":"product_tag","embeddable":true,"href":"https:\/\/www.pescafish.it\/new\/wp-json\/wp\/v2\/product_tag?post=81491"}],"curies":[{"name":"wp","href":"https:\/\/api.w.org\/{rel}","templated":true}]}}