{"id":81326,"date":"2022-08-13T10:22:32","date_gmt":"2022-08-13T08:22:32","guid":{"rendered":"https:\/\/www.pescafish.it\/new\/?post_type=product&#038;p=81326"},"modified":"2022-08-13T10:22:33","modified_gmt":"2022-08-13T08:22:33","slug":"h-simple-7315sl-vmc","status":"publish","type":"product","link":"https:\/\/www.pescafish.it\/new\/prodotto\/h-simple-7315sl-vmc\/","title":{"rendered":"H Simple 7315SL &#8211; VMC"},"content":{"rendered":"<p>VMC Finess \u00e8 un amo Swimbait di alta qualit\u00e0 con molla per una presentazione perfetta della tua plastica morbida. Questo Finess Swimbait \u00e8 dotato di un rivestimento in PTFE per una maggiore velocit\u00e0 di penetrazione del 50%. Micro Barb per ottimizzare la penetrazione dell&#8217;amo.<\/p>\n<p><strong>Disponibile nelle seguenti misure:<\/strong><\/p>\n<p><strong>AVM351190\u00a0<\/strong> #2\/0 x4<br \/>\n<strong>AVM351191\u00a0<\/strong> #1 x4<br \/>\n<strong>AVM351192\u00a0<\/strong> #1\/0 x4<br \/>\n<strong>AVM351193\u00a0<\/strong> 2\/0# x3<\/p>\n","protected":false},"excerpt":{"rendered":"<p>VMC Finess \u00e8 un amo Swimbait di alta qualit\u00e0 con molla per una presentazione perfetta della tua plastica morbida. Questo Finess Swimbait \u00e8 dotato di un rivestimento in PTFE per una maggiore velocit\u00e0 di penetrazione del 50%. Micro Barb per ottimizzare la penetrazione dell&#8217;amo. Disponibile nelle seguenti misure: AVM351190\u00a0 #2\/0 x4 AVM351191\u00a0 #1 x4 AVM351192\u00a0 [&hellip;]<\/p>\n","protected":false},"featured_media":81327,"comment_status":"closed","ping_status":"closed","template":"","meta":[],"product_cat":[682],"product_tag":[1230],"yoast_head":"<!-- This site is optimized with the Yoast SEO plugin v15.3 - https:\/\/yoast.com\/wordpress\/plugins\/seo\/ -->\n<title>H Simple 7315SL - VMC - Pesca Fish<\/title>\n<meta name=\"robots\" content=\"index, follow, max-snippet:-1, max-image-preview:large, max-video-preview:-1\" \/>\n<link rel=\"canonical\" href=\"https:\/\/www.pescafish.it\/new\/prodotto\/h-simple-7315sl-vmc\/\" \/>\n<meta property=\"og:locale\" content=\"it_IT\" \/>\n<meta property=\"og:type\" content=\"article\" \/>\n<meta property=\"og:title\" content=\"H Simple 7315SL - VMC - Pesca Fish\" \/>\n<meta property=\"og:description\" content=\"VMC Finess \u00e8 un amo Swimbait di alta qualit\u00e0 con molla per una presentazione perfetta della tua plastica morbida. Questo Finess Swimbait \u00e8 dotato di un rivestimento in PTFE per una maggiore velocit\u00e0 di penetrazione del 50%. Micro Barb per ottimizzare la penetrazione dell&#8217;amo. Disponibile nelle seguenti misure: AVM351190\u00a0 #2\/0 x4 AVM351191\u00a0 #1 x4 AVM351192\u00a0 [&hellip;]\" \/>\n<meta property=\"og:url\" content=\"https:\/\/www.pescafish.it\/new\/prodotto\/h-simple-7315sl-vmc\/\" \/>\n<meta property=\"og:site_name\" content=\"Pesca Fish\" \/>\n<meta property=\"article:publisher\" content=\"https:\/\/www.facebook.com\/pescafishvr\/\" \/>\n<meta property=\"article:modified_time\" content=\"2022-08-13T08:22:33+00:00\" \/>\n<meta property=\"og:image\" content=\"https:\/\/www.pescafish.it\/new\/wp-content\/uploads\/2022\/08\/AVM351191.jpg\" \/>\n\t<meta property=\"og:image:width\" content=\"450\" \/>\n\t<meta property=\"og:image:height\" content=\"450\" \/>\n<meta name=\"twitter:card\" content=\"summary_large_image\" \/>\n<meta name=\"twitter:label1\" content=\"Scritto da\">\n\t<meta name=\"twitter:data1\" content=\"francesca\">\n\t<meta name=\"twitter:label2\" content=\"Tempo di lettura stimato\">\n\t<meta name=\"twitter:data2\" content=\"0 minuti\">\n<script type=\"application\/ld+json\" class=\"yoast-schema-graph\">{\"@context\":\"https:\/\/schema.org\",\"@graph\":[{\"@type\":\"WebSite\",\"@id\":\"https:\/\/www.pescafish.it\/new\/#website\",\"url\":\"https:\/\/www.pescafish.it\/new\/\",\"name\":\"Pesca Fish\",\"description\":\"Benvenuti sul nostro sito!\",\"potentialAction\":[{\"@type\":\"SearchAction\",\"target\":\"https:\/\/www.pescafish.it\/new\/?s={search_term_string}\",\"query-input\":\"required name=search_term_string\"}],\"inLanguage\":\"it-IT\"},{\"@type\":\"ImageObject\",\"@id\":\"https:\/\/www.pescafish.it\/new\/prodotto\/h-simple-7315sl-vmc\/#primaryimage\",\"inLanguage\":\"it-IT\",\"url\":\"https:\/\/www.pescafish.it\/new\/wp-content\/uploads\/2022\/08\/AVM351191.jpg\",\"width\":450,\"height\":450},{\"@type\":\"WebPage\",\"@id\":\"https:\/\/www.pescafish.it\/new\/prodotto\/h-simple-7315sl-vmc\/#webpage\",\"url\":\"https:\/\/www.pescafish.it\/new\/prodotto\/h-simple-7315sl-vmc\/\",\"name\":\"H Simple 7315SL - VMC - Pesca Fish\",\"isPartOf\":{\"@id\":\"https:\/\/www.pescafish.it\/new\/#website\"},\"primaryImageOfPage\":{\"@id\":\"https:\/\/www.pescafish.it\/new\/prodotto\/h-simple-7315sl-vmc\/#primaryimage\"},\"datePublished\":\"2022-08-13T08:22:32+00:00\",\"dateModified\":\"2022-08-13T08:22:33+00:00\",\"inLanguage\":\"it-IT\",\"potentialAction\":[{\"@type\":\"ReadAction\",\"target\":[\"https:\/\/www.pescafish.it\/new\/prodotto\/h-simple-7315sl-vmc\/\"]}]}]}<\/script>\n<!-- \/ Yoast SEO plugin. -->","_links":{"self":[{"href":"https:\/\/www.pescafish.it\/new\/wp-json\/wp\/v2\/product\/81326"}],"collection":[{"href":"https:\/\/www.pescafish.it\/new\/wp-json\/wp\/v2\/product"}],"about":[{"href":"https:\/\/www.pescafish.it\/new\/wp-json\/wp\/v2\/types\/product"}],"replies":[{"embeddable":true,"href":"https:\/\/www.pescafish.it\/new\/wp-json\/wp\/v2\/comments?post=81326"}],"wp:featuredmedia":[{"embeddable":true,"href":"https:\/\/www.pescafish.it\/new\/wp-json\/wp\/v2\/media\/81327"}],"wp:attachment":[{"href":"https:\/\/www.pescafish.it\/new\/wp-json\/wp\/v2\/media?parent=81326"}],"wp:term":[{"taxonomy":"product_cat","embeddable":true,"href":"https:\/\/www.pescafish.it\/new\/wp-json\/wp\/v2\/product_cat?post=81326"},{"taxonomy":"product_tag","embeddable":true,"href":"https:\/\/www.pescafish.it\/new\/wp-json\/wp\/v2\/product_tag?post=81326"}],"curies":[{"name":"wp","href":"https:\/\/api.w.org\/{rel}","templated":true}]}}