{"id":81166,"date":"2022-08-11T10:22:46","date_gmt":"2022-08-11T08:22:46","guid":{"rendered":"https:\/\/www.pescafish.it\/new\/?post_type=product&#038;p=81166"},"modified":"2025-10-18T09:09:51","modified_gmt":"2025-10-18T07:09:51","slug":"countdown-elite-cde95-rapala","status":"publish","type":"product","link":"https:\/\/www.pescafish.it\/new\/prodotto\/countdown-elite-cde95-rapala\/","title":{"rendered":"Countdown Elite CDE95 \u2013 Rapala"},"content":{"rendered":"<p><span class=\"JLqJ4b ChMk0b\" data-language-for-alternatives=\"it\" data-language-to-translate-into=\"en\" data-phrase-index=\"0\">Il CountDown Elite di Rapala sfrutta oltre 80 anni di esche artificiali che lo trasformano in un\u2019esca di balsa premium.<\/span>\u00a0<span class=\"JLqJ4b ChMk0b\" data-language-for-alternatives=\"it\" data-language-to-translate-into=\"en\" data-phrase-index=\"1\">Presenta il leggendario metodo di affondamento Slow-Sinking controllato dell\u2019originale CountDown.<\/span>\u00a0<span class=\"JLqJ4b ChMk0b\" data-language-for-alternatives=\"it\" data-language-to-translate-into=\"en\" data-phrase-index=\"2\">Il nuovo CountDown Elite \u00e8 costruito con un design moderno per la massima distanza e precisione di lancio, una maggiore durata e versatilit\u00e0, nonch\u00e9 una maggior movimento in caduta.<\/span>\u00a0<span class=\"JLqJ4b ChMk0b\" data-language-for-alternatives=\"it\" data-language-to-translate-into=\"en\" data-phrase-index=\"3\">I modelli combinano placcatura metallica, stampa HD e nuovi design, portando il look a un livello completamente nuovo.<\/span><\/p>\n<p><strong>Lunghezza: <\/strong>9,5cm<br \/>\n<strong>Peso:<\/strong> 14g<br \/>\n<strong>Profondit\u00e0 di nuoto: <\/strong>1,2mt<\/p>\n<p><strong>Disponibile nelle seguenti colorazioni:<\/strong><br \/>\n<strong>RA5822285<\/strong>\u00a0 GDCG<br \/>\n<strong>RA5822286\u00a0<\/strong> GDCL<br \/>\n<strong>RA5822288\u00a0<\/strong> GDCY<br \/>\n<strong>RA5822289\u00a0<\/strong> GDFT<br \/>\n<strong>RA5822292\u00a0<\/strong> GDGO<br \/>\n<strong>RA5822293\u00a0<\/strong> GDGR<br \/>\n<strong>RA5822296\u00a0<\/strong> GDIW<br \/>\n<strong>RA5822298\u00a0<\/strong> GDMN<br \/>\n<strong>RA5822299\u00a0<\/strong> GDOK<br \/>\n<strong>RA5822302\u00a0<\/strong> GDRH<\/p>\n","protected":false},"excerpt":{"rendered":"<p>Il CountDown Elite di Rapala sfrutta oltre 80 anni di esche artificiali che lo trasformano in un\u2019esca di balsa premium.\u00a0Presenta il leggendario metodo di affondamento Slow-Sinking controllato dell\u2019originale CountDown.\u00a0Il nuovo CountDown Elite \u00e8 costruito con un design moderno per la massima distanza e precisione di lancio, una maggiore durata e versatilit\u00e0, nonch\u00e9 una maggior movimento [&hellip;]<\/p>\n","protected":false},"featured_media":81193,"comment_status":"closed","ping_status":"closed","template":"","meta":[],"product_cat":[625],"product_tag":[1113],"yoast_head":"<!-- This site is optimized with the Yoast SEO plugin v15.3 - https:\/\/yoast.com\/wordpress\/plugins\/seo\/ -->\n<title>Countdown Elite CDE95 \u2013 Rapala - Pesca Fish<\/title>\n<meta name=\"robots\" content=\"index, follow, max-snippet:-1, max-image-preview:large, max-video-preview:-1\" \/>\n<link rel=\"canonical\" href=\"https:\/\/www.pescafish.it\/new\/prodotto\/countdown-elite-cde95-rapala\/\" \/>\n<meta property=\"og:locale\" content=\"it_IT\" \/>\n<meta property=\"og:type\" content=\"article\" \/>\n<meta property=\"og:title\" content=\"Countdown Elite CDE95 \u2013 Rapala - Pesca Fish\" \/>\n<meta property=\"og:description\" content=\"Il CountDown Elite di Rapala sfrutta oltre 80 anni di esche artificiali che lo trasformano in un\u2019esca di balsa premium.\u00a0Presenta il leggendario metodo di affondamento Slow-Sinking controllato dell\u2019originale CountDown.\u00a0Il nuovo CountDown Elite \u00e8 costruito con un design moderno per la massima distanza e precisione di lancio, una maggiore durata e versatilit\u00e0, nonch\u00e9 una maggior movimento [&hellip;]\" \/>\n<meta property=\"og:url\" content=\"https:\/\/www.pescafish.it\/new\/prodotto\/countdown-elite-cde95-rapala\/\" \/>\n<meta property=\"og:site_name\" content=\"Pesca Fish\" \/>\n<meta property=\"article:publisher\" content=\"https:\/\/www.facebook.com\/pescafishvr\/\" \/>\n<meta property=\"article:modified_time\" content=\"2025-10-18T07:09:51+00:00\" \/>\n<meta property=\"og:image\" content=\"https:\/\/www.pescafish.it\/new\/wp-content\/uploads\/2022\/08\/GDCG56354635635.png\" \/>\n\t<meta property=\"og:image:width\" content=\"800\" \/>\n\t<meta property=\"og:image:height\" content=\"800\" \/>\n<meta name=\"twitter:card\" content=\"summary_large_image\" \/>\n<meta name=\"twitter:label1\" content=\"Scritto da\">\n\t<meta name=\"twitter:data1\" content=\"francesca\">\n\t<meta name=\"twitter:label2\" content=\"Tempo di lettura stimato\">\n\t<meta name=\"twitter:data2\" content=\"0 minuti\">\n<script type=\"application\/ld+json\" class=\"yoast-schema-graph\">{\"@context\":\"https:\/\/schema.org\",\"@graph\":[{\"@type\":\"WebSite\",\"@id\":\"https:\/\/www.pescafish.it\/new\/#website\",\"url\":\"https:\/\/www.pescafish.it\/new\/\",\"name\":\"Pesca Fish\",\"description\":\"Benvenuti sul nostro sito!\",\"potentialAction\":[{\"@type\":\"SearchAction\",\"target\":\"https:\/\/www.pescafish.it\/new\/?s={search_term_string}\",\"query-input\":\"required name=search_term_string\"}],\"inLanguage\":\"it-IT\"},{\"@type\":\"ImageObject\",\"@id\":\"https:\/\/www.pescafish.it\/new\/prodotto\/countdown-elite-cde95-rapala\/#primaryimage\",\"inLanguage\":\"it-IT\",\"url\":\"https:\/\/www.pescafish.it\/new\/wp-content\/uploads\/2022\/08\/GDCG56354635635.png\",\"width\":800,\"height\":800},{\"@type\":\"WebPage\",\"@id\":\"https:\/\/www.pescafish.it\/new\/prodotto\/countdown-elite-cde95-rapala\/#webpage\",\"url\":\"https:\/\/www.pescafish.it\/new\/prodotto\/countdown-elite-cde95-rapala\/\",\"name\":\"Countdown Elite CDE95 \\u2013 Rapala - Pesca Fish\",\"isPartOf\":{\"@id\":\"https:\/\/www.pescafish.it\/new\/#website\"},\"primaryImageOfPage\":{\"@id\":\"https:\/\/www.pescafish.it\/new\/prodotto\/countdown-elite-cde95-rapala\/#primaryimage\"},\"datePublished\":\"2022-08-11T08:22:46+00:00\",\"dateModified\":\"2025-10-18T07:09:51+00:00\",\"inLanguage\":\"it-IT\",\"potentialAction\":[{\"@type\":\"ReadAction\",\"target\":[\"https:\/\/www.pescafish.it\/new\/prodotto\/countdown-elite-cde95-rapala\/\"]}]}]}<\/script>\n<!-- \/ Yoast SEO plugin. -->","_links":{"self":[{"href":"https:\/\/www.pescafish.it\/new\/wp-json\/wp\/v2\/product\/81166"}],"collection":[{"href":"https:\/\/www.pescafish.it\/new\/wp-json\/wp\/v2\/product"}],"about":[{"href":"https:\/\/www.pescafish.it\/new\/wp-json\/wp\/v2\/types\/product"}],"replies":[{"embeddable":true,"href":"https:\/\/www.pescafish.it\/new\/wp-json\/wp\/v2\/comments?post=81166"}],"wp:featuredmedia":[{"embeddable":true,"href":"https:\/\/www.pescafish.it\/new\/wp-json\/wp\/v2\/media\/81193"}],"wp:attachment":[{"href":"https:\/\/www.pescafish.it\/new\/wp-json\/wp\/v2\/media?parent=81166"}],"wp:term":[{"taxonomy":"product_cat","embeddable":true,"href":"https:\/\/www.pescafish.it\/new\/wp-json\/wp\/v2\/product_cat?post=81166"},{"taxonomy":"product_tag","embeddable":true,"href":"https:\/\/www.pescafish.it\/new\/wp-json\/wp\/v2\/product_tag?post=81166"}],"curies":[{"name":"wp","href":"https:\/\/api.w.org\/{rel}","templated":true}]}}