{"id":81091,"date":"2022-08-09T18:03:26","date_gmt":"2022-08-09T16:03:26","guid":{"rendered":"https:\/\/www.pescafish.it\/new\/?post_type=product&#038;p=81091"},"modified":"2023-01-09T16:06:03","modified_gmt":"2023-01-09T15:06:03","slug":"mini-stealth-front-reaper-guru","status":"publish","type":"product","link":"https:\/\/www.pescafish.it\/new\/prodotto\/mini-stealth-front-reaper-guru\/","title":{"rendered":"Mini Stealth Front Reaper &#8211; Guru"},"content":{"rendered":"<h2>Mini Stealth Front Reaper<\/h2>\n<p>Il Mini Stealth Front Reaper \u00e8 una versione ridotta del popolare resto Reaper. Ha tutte le stesse identiche caratteristiche del fratello maggiore, come l&#8217;impugnatura in morbida gomma e le barre laterali regolabili che mantengono la canna al sicuro in posizione.<\/p>\n<p>La grande differenza sta nella forma delle dimensioni e del colore. \u00c8 pi\u00f9 corto ed \u00e8 disponibile in un colore grigio furtivo.<\/p>\n","protected":false},"excerpt":{"rendered":"<p>Mini Stealth Front Reaper Il Mini Stealth Front Reaper \u00e8 una versione ridotta del popolare resto Reaper. Ha tutte le stesse identiche caratteristiche del fratello maggiore, come l&#8217;impugnatura in morbida gomma e le barre laterali regolabili che mantengono la canna al sicuro in posizione. La grande differenza sta nella forma delle dimensioni e del colore. [&hellip;]<\/p>\n","protected":false},"featured_media":81093,"comment_status":"closed","ping_status":"closed","template":"","meta":[],"product_cat":[182],"product_tag":[1026],"yoast_head":"<!-- This site is optimized with the Yoast SEO plugin v15.3 - https:\/\/yoast.com\/wordpress\/plugins\/seo\/ -->\n<title>Mini Stealth Front Reaper - Guru - Pesca Fish<\/title>\n<meta name=\"robots\" content=\"index, follow, max-snippet:-1, max-image-preview:large, max-video-preview:-1\" \/>\n<link rel=\"canonical\" href=\"https:\/\/www.pescafish.it\/new\/prodotto\/mini-stealth-front-reaper-guru\/\" \/>\n<meta property=\"og:locale\" content=\"it_IT\" \/>\n<meta property=\"og:type\" content=\"article\" \/>\n<meta property=\"og:title\" content=\"Mini Stealth Front Reaper - Guru - Pesca Fish\" \/>\n<meta property=\"og:description\" content=\"Mini Stealth Front Reaper Il Mini Stealth Front Reaper \u00e8 una versione ridotta del popolare resto Reaper. Ha tutte le stesse identiche caratteristiche del fratello maggiore, come l&#8217;impugnatura in morbida gomma e le barre laterali regolabili che mantengono la canna al sicuro in posizione. La grande differenza sta nella forma delle dimensioni e del colore. [&hellip;]\" \/>\n<meta property=\"og:url\" content=\"https:\/\/www.pescafish.it\/new\/prodotto\/mini-stealth-front-reaper-guru\/\" \/>\n<meta property=\"og:site_name\" content=\"Pesca Fish\" \/>\n<meta property=\"article:publisher\" content=\"https:\/\/www.facebook.com\/pescafishvr\/\" \/>\n<meta property=\"article:modified_time\" content=\"2023-01-09T15:06:03+00:00\" \/>\n<meta property=\"og:image\" content=\"https:\/\/www.pescafish.it\/new\/wp-content\/uploads\/2022\/08\/qw.jpg\" \/>\n\t<meta property=\"og:image:width\" content=\"998\" \/>\n\t<meta property=\"og:image:height\" content=\"997\" \/>\n<meta name=\"twitter:card\" content=\"summary_large_image\" \/>\n<meta name=\"twitter:label1\" content=\"Scritto da\">\n\t<meta name=\"twitter:data1\" content=\"francesca\">\n\t<meta name=\"twitter:label2\" content=\"Tempo di lettura stimato\">\n\t<meta name=\"twitter:data2\" content=\"0 minuti\">\n<script type=\"application\/ld+json\" class=\"yoast-schema-graph\">{\"@context\":\"https:\/\/schema.org\",\"@graph\":[{\"@type\":\"WebSite\",\"@id\":\"https:\/\/www.pescafish.it\/new\/#website\",\"url\":\"https:\/\/www.pescafish.it\/new\/\",\"name\":\"Pesca Fish\",\"description\":\"Benvenuti sul nostro sito!\",\"potentialAction\":[{\"@type\":\"SearchAction\",\"target\":\"https:\/\/www.pescafish.it\/new\/?s={search_term_string}\",\"query-input\":\"required name=search_term_string\"}],\"inLanguage\":\"it-IT\"},{\"@type\":\"ImageObject\",\"@id\":\"https:\/\/www.pescafish.it\/new\/prodotto\/mini-stealth-front-reaper-guru\/#primaryimage\",\"inLanguage\":\"it-IT\",\"url\":\"https:\/\/www.pescafish.it\/new\/wp-content\/uploads\/2022\/08\/qw.jpg\",\"width\":998,\"height\":997,\"caption\":\"Guru\"},{\"@type\":\"WebPage\",\"@id\":\"https:\/\/www.pescafish.it\/new\/prodotto\/mini-stealth-front-reaper-guru\/#webpage\",\"url\":\"https:\/\/www.pescafish.it\/new\/prodotto\/mini-stealth-front-reaper-guru\/\",\"name\":\"Mini Stealth Front Reaper - Guru - Pesca Fish\",\"isPartOf\":{\"@id\":\"https:\/\/www.pescafish.it\/new\/#website\"},\"primaryImageOfPage\":{\"@id\":\"https:\/\/www.pescafish.it\/new\/prodotto\/mini-stealth-front-reaper-guru\/#primaryimage\"},\"datePublished\":\"2022-08-09T16:03:26+00:00\",\"dateModified\":\"2023-01-09T15:06:03+00:00\",\"inLanguage\":\"it-IT\",\"potentialAction\":[{\"@type\":\"ReadAction\",\"target\":[\"https:\/\/www.pescafish.it\/new\/prodotto\/mini-stealth-front-reaper-guru\/\"]}]}]}<\/script>\n<!-- \/ Yoast SEO plugin. -->","_links":{"self":[{"href":"https:\/\/www.pescafish.it\/new\/wp-json\/wp\/v2\/product\/81091"}],"collection":[{"href":"https:\/\/www.pescafish.it\/new\/wp-json\/wp\/v2\/product"}],"about":[{"href":"https:\/\/www.pescafish.it\/new\/wp-json\/wp\/v2\/types\/product"}],"replies":[{"embeddable":true,"href":"https:\/\/www.pescafish.it\/new\/wp-json\/wp\/v2\/comments?post=81091"}],"wp:featuredmedia":[{"embeddable":true,"href":"https:\/\/www.pescafish.it\/new\/wp-json\/wp\/v2\/media\/81093"}],"wp:attachment":[{"href":"https:\/\/www.pescafish.it\/new\/wp-json\/wp\/v2\/media?parent=81091"}],"wp:term":[{"taxonomy":"product_cat","embeddable":true,"href":"https:\/\/www.pescafish.it\/new\/wp-json\/wp\/v2\/product_cat?post=81091"},{"taxonomy":"product_tag","embeddable":true,"href":"https:\/\/www.pescafish.it\/new\/wp-json\/wp\/v2\/product_tag?post=81091"}],"curies":[{"name":"wp","href":"https:\/\/api.w.org\/{rel}","templated":true}]}}