{"id":81080,"date":"2022-08-09T15:07:20","date_gmt":"2022-08-09T13:07:20","guid":{"rendered":"https:\/\/www.pescafish.it\/new\/?post_type=product&#038;p=81080"},"modified":"2025-08-31T21:14:21","modified_gmt":"2025-08-31T19:14:21","slug":"kontainer-system-17l-korda","status":"publish","type":"product","link":"https:\/\/www.pescafish.it\/new\/prodotto\/kontainer-system-17l-korda\/","title":{"rendered":"Kontainer System 17l &#8211; Korda"},"content":{"rendered":"<h2>Kontainer System 17l<\/h2>\n<p>Il Kontainer System \u00e8 un&#8217;idea intelligente che aggira il problema di dover portare con se pi\u00f9 secchi, utile per mantenere la pastura di varie tipologie separata.<\/p>\n<p>Il sistema Kontainer ha una capacit\u00e0 di 17 litri ed \u00e8 completo di quattro Kontainer separati che possono essere riempiti ciascuno da pasture diverse quando non si voglia mescolare tutta la pastura insieme, o si voglia farlo solo in determinati momenti.<\/p>\n<p>Questo lo rende adatto a situazioni in cui si voglia pasturare con pastura di dimensioni diverse e permette un facile accesso a diverse esche in un unico secchio e di miscelarle quando necessita.<\/p>\n<p>\u00c8 ottimo anche quando si utilizzano miscele da spod che includono granaglie e pellet che, se mescolate in anticipo possono causare ad esempio l&#8217;essicamento e il galleggiamento della canapa o lo scioglimento del pellet prima ancora che sia in acqua.<\/p>\n<p>Ogni Kontainer \u00e8 ermetico e impermeabile, il che significa che i liquidi possono essere conservati in sicurezza senza timore di fuoriuscite, e se si hanno granaglie residue alla fine della sessione, possiamo semplicemente mettere il Kontainer nel congelatore pronto per la sessione successiva.<\/p>\n<p>In sessioni di pi\u00f9 giorni, si pu\u00f2 estrarre dal congelatore i Kontainers che servono prima di andare, cos\u00ec la pastura rimane fresca pi\u00f9 a lungo. Sono inoltre dotati di indicatori laterali in divisioni da 0,25 litri in modo da poter vedere esattamente quanta pastura si sta utilizzando e permette di realizzare spod mix precisi, con le stesse proporzioni di ogni componente ogni volta.<\/p>\n<p>I Kontainer sono impilabili per un facile stoccaggio e sono venduti separatamente, quindi si possono prendere quelli che necessitano per la sessione e lasciare il resto nel congelatore o nel garage di casa.<\/p>\n<p>Oppure nel vostro veicolo nel caso di pastura non deperibile come pellet di diverse dimensioni, che \u00e8 particolarmente utile quando nelle sessioni pi\u00f9 lunghe volete portare solo la pastura che vi serve per quel giorno, per poi ricaricarla come e quando necessita, non c&#8217;\u00e8 niente di peggio che carriolare o attraversare in barca un lago con un sacco di secchi diversi.<\/p>\n<p><strong>Caratteristiche:<\/strong><\/p>\n<p>\u2022 4 Kontainer possono stare all&#8217;interno di un secchio da 17lt<br \/>\n\u2022 I coperchi morbidi garantiscono una chiusura ermetica\/a tenuta stagna<br \/>\n\u2022 Includono marcatori laterali da 0,25 l per miscele spod precise<\/p>\n","protected":false},"excerpt":{"rendered":"<p>Kontainer System 17l Il Kontainer System \u00e8 un&#8217;idea intelligente che aggira il problema di dover portare con se pi\u00f9 secchi, utile per mantenere la pastura di varie tipologie separata. Il sistema Kontainer ha una capacit\u00e0 di 17 litri ed \u00e8 completo di quattro Kontainer separati che possono essere riempiti ciascuno da pasture diverse quando non [&hellip;]<\/p>\n","protected":false},"featured_media":81081,"comment_status":"closed","ping_status":"closed","template":"","meta":[],"product_cat":[1145],"product_tag":[1018],"yoast_head":"<!-- This site is optimized with the Yoast SEO plugin v15.3 - https:\/\/yoast.com\/wordpress\/plugins\/seo\/ -->\n<title>Kontainer System 17l - Korda - Pesca Fish<\/title>\n<meta name=\"robots\" content=\"index, follow, max-snippet:-1, max-image-preview:large, max-video-preview:-1\" \/>\n<link rel=\"canonical\" href=\"https:\/\/www.pescafish.it\/new\/prodotto\/kontainer-system-17l-korda\/\" \/>\n<meta property=\"og:locale\" content=\"it_IT\" \/>\n<meta property=\"og:type\" content=\"article\" \/>\n<meta property=\"og:title\" content=\"Kontainer System 17l - Korda - Pesca Fish\" \/>\n<meta property=\"og:description\" content=\"Kontainer System 17l Il Kontainer System \u00e8 un&#8217;idea intelligente che aggira il problema di dover portare con se pi\u00f9 secchi, utile per mantenere la pastura di varie tipologie separata. Il sistema Kontainer ha una capacit\u00e0 di 17 litri ed \u00e8 completo di quattro Kontainer separati che possono essere riempiti ciascuno da pasture diverse quando non [&hellip;]\" \/>\n<meta property=\"og:url\" content=\"https:\/\/www.pescafish.it\/new\/prodotto\/kontainer-system-17l-korda\/\" \/>\n<meta property=\"og:site_name\" content=\"Pesca Fish\" \/>\n<meta property=\"article:publisher\" content=\"https:\/\/www.facebook.com\/pescafishvr\/\" \/>\n<meta property=\"article:modified_time\" content=\"2025-08-31T19:14:21+00:00\" \/>\n<meta property=\"og:image\" content=\"https:\/\/www.pescafish.it\/new\/wp-content\/uploads\/2022\/08\/AA.jpg\" \/>\n\t<meta property=\"og:image:width\" content=\"998\" \/>\n\t<meta property=\"og:image:height\" content=\"997\" \/>\n<meta name=\"twitter:card\" content=\"summary_large_image\" \/>\n<meta name=\"twitter:label1\" content=\"Scritto da\">\n\t<meta name=\"twitter:data1\" content=\"francesca\">\n\t<meta name=\"twitter:label2\" content=\"Tempo di lettura stimato\">\n\t<meta name=\"twitter:data2\" content=\"1 minuto\">\n<script type=\"application\/ld+json\" class=\"yoast-schema-graph\">{\"@context\":\"https:\/\/schema.org\",\"@graph\":[{\"@type\":\"WebSite\",\"@id\":\"https:\/\/www.pescafish.it\/new\/#website\",\"url\":\"https:\/\/www.pescafish.it\/new\/\",\"name\":\"Pesca Fish\",\"description\":\"Benvenuti sul nostro sito!\",\"potentialAction\":[{\"@type\":\"SearchAction\",\"target\":\"https:\/\/www.pescafish.it\/new\/?s={search_term_string}\",\"query-input\":\"required name=search_term_string\"}],\"inLanguage\":\"it-IT\"},{\"@type\":\"ImageObject\",\"@id\":\"https:\/\/www.pescafish.it\/new\/prodotto\/kontainer-system-17l-korda\/#primaryimage\",\"inLanguage\":\"it-IT\",\"url\":\"https:\/\/www.pescafish.it\/new\/wp-content\/uploads\/2022\/08\/AA.jpg\",\"width\":998,\"height\":997,\"caption\":\"Korda\"},{\"@type\":\"WebPage\",\"@id\":\"https:\/\/www.pescafish.it\/new\/prodotto\/kontainer-system-17l-korda\/#webpage\",\"url\":\"https:\/\/www.pescafish.it\/new\/prodotto\/kontainer-system-17l-korda\/\",\"name\":\"Kontainer System 17l - Korda - Pesca Fish\",\"isPartOf\":{\"@id\":\"https:\/\/www.pescafish.it\/new\/#website\"},\"primaryImageOfPage\":{\"@id\":\"https:\/\/www.pescafish.it\/new\/prodotto\/kontainer-system-17l-korda\/#primaryimage\"},\"datePublished\":\"2022-08-09T13:07:20+00:00\",\"dateModified\":\"2025-08-31T19:14:21+00:00\",\"inLanguage\":\"it-IT\",\"potentialAction\":[{\"@type\":\"ReadAction\",\"target\":[\"https:\/\/www.pescafish.it\/new\/prodotto\/kontainer-system-17l-korda\/\"]}]}]}<\/script>\n<!-- \/ Yoast SEO plugin. -->","_links":{"self":[{"href":"https:\/\/www.pescafish.it\/new\/wp-json\/wp\/v2\/product\/81080"}],"collection":[{"href":"https:\/\/www.pescafish.it\/new\/wp-json\/wp\/v2\/product"}],"about":[{"href":"https:\/\/www.pescafish.it\/new\/wp-json\/wp\/v2\/types\/product"}],"replies":[{"embeddable":true,"href":"https:\/\/www.pescafish.it\/new\/wp-json\/wp\/v2\/comments?post=81080"}],"wp:featuredmedia":[{"embeddable":true,"href":"https:\/\/www.pescafish.it\/new\/wp-json\/wp\/v2\/media\/81081"}],"wp:attachment":[{"href":"https:\/\/www.pescafish.it\/new\/wp-json\/wp\/v2\/media?parent=81080"}],"wp:term":[{"taxonomy":"product_cat","embeddable":true,"href":"https:\/\/www.pescafish.it\/new\/wp-json\/wp\/v2\/product_cat?post=81080"},{"taxonomy":"product_tag","embeddable":true,"href":"https:\/\/www.pescafish.it\/new\/wp-json\/wp\/v2\/product_tag?post=81080"}],"curies":[{"name":"wp","href":"https:\/\/api.w.org\/{rel}","templated":true}]}}