{"id":80801,"date":"2022-08-04T09:16:44","date_gmt":"2022-08-04T07:16:44","guid":{"rendered":"https:\/\/www.pescafish.it\/new\/?post_type=product&#038;p=80801"},"modified":"2025-07-12T14:49:42","modified_gmt":"2025-07-12T12:49:42","slug":"frenzied-tiger-nut-jumbo-dynamite-baits","status":"publish","type":"product","link":"https:\/\/www.pescafish.it\/new\/prodotto\/frenzied-tiger-nut-jumbo-dynamite-baits\/","title":{"rendered":"Frenzied Jumbo &#8211; Dynamite Baits"},"content":{"rendered":"<h2>Frenzied Tiger Nut Jumbo<\/h2>\n<p>La nostra gamma di particelle Frenzied \u00e8 appena diventata molto pi\u00f9 ampia e migliore con l&#8217;introduzione di quattro inneschi senza conservanti, Black Tigers, Naked e Jumbo Tigers e Frenzied Peanuts.<br \/>\nJumbo \u2013 Un innesco Tiger Nut di grandi dimensioni per distinguersi meglio tra le tue esche da mangime e pi\u00f9 facile da raccogliere da carpe pi\u00f9 grandi ed evitare pesci fastidiosi pi\u00f9 piccoli<br \/>\nPerfette per l&#8217;uso in combinazione con le nostre popolarissimi Frenzied Tigers o con mangimi a particelle, queste esche sono cotte nel barattolo e trasudano in uno sciroppo amante del pesce per dare loro quella spinta in pi\u00f9 per aiutarti a ingannare quelle carpe mostruose diffidenti. Questi inneschi sono disponibili in vasetti sigillabili da 500 ml facili da trasportare.<\/p>\n<p><strong>Caratteristiche:<\/strong><\/p>\n<p>\u2022 Cotto in uno sciroppo denso di Tiger Nut<br \/>\n\u2022 Colori naturali<br \/>\n\u2022 Barattoli da 500 ml<\/p>\n<p><strong>Disponibile nei seguenti aromi:<\/strong><br \/>\n<strong>ADY041291\u00a0<\/strong> Frenzied Peanuts<br \/>\n<strong>ADY041290\u00a0<\/strong> Frenzied Tiger Nut<\/p>\n","protected":false},"excerpt":{"rendered":"<p>Frenzied Tiger Nut Jumbo La nostra gamma di particelle Frenzied \u00e8 appena diventata molto pi\u00f9 ampia e migliore con l&#8217;introduzione di quattro inneschi senza conservanti, Black Tigers, Naked e Jumbo Tigers e Frenzied Peanuts. Jumbo \u2013 Un innesco Tiger Nut di grandi dimensioni per distinguersi meglio tra le tue esche da mangime e pi\u00f9 facile [&hellip;]<\/p>\n","protected":false},"featured_media":80802,"comment_status":"closed","ping_status":"closed","template":"","meta":[],"product_cat":[870],"product_tag":[1097],"yoast_head":"<!-- This site is optimized with the Yoast SEO plugin v15.3 - https:\/\/yoast.com\/wordpress\/plugins\/seo\/ -->\n<title>Frenzied Jumbo - Dynamite Baits - Pesca Fish<\/title>\n<meta name=\"robots\" content=\"index, follow, max-snippet:-1, max-image-preview:large, max-video-preview:-1\" \/>\n<link rel=\"canonical\" href=\"https:\/\/www.pescafish.it\/new\/prodotto\/frenzied-tiger-nut-jumbo-dynamite-baits\/\" \/>\n<meta property=\"og:locale\" content=\"it_IT\" \/>\n<meta property=\"og:type\" content=\"article\" \/>\n<meta property=\"og:title\" content=\"Frenzied Jumbo - Dynamite Baits - Pesca Fish\" \/>\n<meta property=\"og:description\" content=\"Frenzied Tiger Nut Jumbo La nostra gamma di particelle Frenzied \u00e8 appena diventata molto pi\u00f9 ampia e migliore con l&#8217;introduzione di quattro inneschi senza conservanti, Black Tigers, Naked e Jumbo Tigers e Frenzied Peanuts. Jumbo \u2013 Un innesco Tiger Nut di grandi dimensioni per distinguersi meglio tra le tue esche da mangime e pi\u00f9 facile [&hellip;]\" \/>\n<meta property=\"og:url\" content=\"https:\/\/www.pescafish.it\/new\/prodotto\/frenzied-tiger-nut-jumbo-dynamite-baits\/\" \/>\n<meta property=\"og:site_name\" content=\"Pesca Fish\" \/>\n<meta property=\"article:publisher\" content=\"https:\/\/www.facebook.com\/pescafishvr\/\" \/>\n<meta property=\"article:modified_time\" content=\"2025-07-12T12:49:42+00:00\" \/>\n<meta property=\"og:image\" content=\"https:\/\/www.pescafish.it\/new\/wp-content\/uploads\/2022\/08\/DY1290-FRENZIED-JUMBO-TIGER-NUTS.jpg\" \/>\n\t<meta property=\"og:image:width\" content=\"1000\" \/>\n\t<meta property=\"og:image:height\" content=\"1000\" \/>\n<meta name=\"twitter:card\" content=\"summary_large_image\" \/>\n<meta name=\"twitter:label1\" content=\"Scritto da\">\n\t<meta name=\"twitter:data1\" content=\"francesca\">\n\t<meta name=\"twitter:label2\" content=\"Tempo di lettura stimato\">\n\t<meta name=\"twitter:data2\" content=\"1 minuto\">\n<script type=\"application\/ld+json\" class=\"yoast-schema-graph\">{\"@context\":\"https:\/\/schema.org\",\"@graph\":[{\"@type\":\"WebSite\",\"@id\":\"https:\/\/www.pescafish.it\/new\/#website\",\"url\":\"https:\/\/www.pescafish.it\/new\/\",\"name\":\"Pesca Fish\",\"description\":\"Benvenuti sul nostro sito!\",\"potentialAction\":[{\"@type\":\"SearchAction\",\"target\":\"https:\/\/www.pescafish.it\/new\/?s={search_term_string}\",\"query-input\":\"required name=search_term_string\"}],\"inLanguage\":\"it-IT\"},{\"@type\":\"ImageObject\",\"@id\":\"https:\/\/www.pescafish.it\/new\/prodotto\/frenzied-tiger-nut-jumbo-dynamite-baits\/#primaryimage\",\"inLanguage\":\"it-IT\",\"url\":\"https:\/\/www.pescafish.it\/new\/wp-content\/uploads\/2022\/08\/DY1290-FRENZIED-JUMBO-TIGER-NUTS.jpg\",\"width\":1000,\"height\":1000,\"caption\":\"Dynamite Baits\"},{\"@type\":\"WebPage\",\"@id\":\"https:\/\/www.pescafish.it\/new\/prodotto\/frenzied-tiger-nut-jumbo-dynamite-baits\/#webpage\",\"url\":\"https:\/\/www.pescafish.it\/new\/prodotto\/frenzied-tiger-nut-jumbo-dynamite-baits\/\",\"name\":\"Frenzied Jumbo - Dynamite Baits - Pesca Fish\",\"isPartOf\":{\"@id\":\"https:\/\/www.pescafish.it\/new\/#website\"},\"primaryImageOfPage\":{\"@id\":\"https:\/\/www.pescafish.it\/new\/prodotto\/frenzied-tiger-nut-jumbo-dynamite-baits\/#primaryimage\"},\"datePublished\":\"2022-08-04T07:16:44+00:00\",\"dateModified\":\"2025-07-12T12:49:42+00:00\",\"inLanguage\":\"it-IT\",\"potentialAction\":[{\"@type\":\"ReadAction\",\"target\":[\"https:\/\/www.pescafish.it\/new\/prodotto\/frenzied-tiger-nut-jumbo-dynamite-baits\/\"]}]}]}<\/script>\n<!-- \/ Yoast SEO plugin. -->","_links":{"self":[{"href":"https:\/\/www.pescafish.it\/new\/wp-json\/wp\/v2\/product\/80801"}],"collection":[{"href":"https:\/\/www.pescafish.it\/new\/wp-json\/wp\/v2\/product"}],"about":[{"href":"https:\/\/www.pescafish.it\/new\/wp-json\/wp\/v2\/types\/product"}],"replies":[{"embeddable":true,"href":"https:\/\/www.pescafish.it\/new\/wp-json\/wp\/v2\/comments?post=80801"}],"wp:featuredmedia":[{"embeddable":true,"href":"https:\/\/www.pescafish.it\/new\/wp-json\/wp\/v2\/media\/80802"}],"wp:attachment":[{"href":"https:\/\/www.pescafish.it\/new\/wp-json\/wp\/v2\/media?parent=80801"}],"wp:term":[{"taxonomy":"product_cat","embeddable":true,"href":"https:\/\/www.pescafish.it\/new\/wp-json\/wp\/v2\/product_cat?post=80801"},{"taxonomy":"product_tag","embeddable":true,"href":"https:\/\/www.pescafish.it\/new\/wp-json\/wp\/v2\/product_tag?post=80801"}],"curies":[{"name":"wp","href":"https:\/\/api.w.org\/{rel}","templated":true}]}}