{"id":80799,"date":"2022-08-04T09:52:13","date_gmt":"2022-08-04T07:52:13","guid":{"rendered":"https:\/\/www.pescafish.it\/new\/?post_type=product&#038;p=80799"},"modified":"2023-11-16T12:06:25","modified_gmt":"2023-11-16T11:06:25","slug":"mulinello-ca-dd-ultralite-4000-hardy","status":"publish","type":"product","link":"https:\/\/www.pescafish.it\/new\/prodotto\/mulinello-ca-dd-ultralite-4000-hardy\/","title":{"rendered":"Mulinello CA DD Ultralite 4000 &#8211; Hardy"},"content":{"rendered":"<p>Questo mulinello ultraleggero dall&#8217; accattivante look industriale proposto da Hardy \u00e8 stato costruito per la serie Trophy Hunter. Il mulinello \u00e8 stato ricavato da da un unico pezzo di bar stock in lega 6061, che \u00e8 stato anodizzato in seguito (<span class=\"a-list-item\">Grey-Gold)<\/span> per dargli un aspetto elegante nonostante l&#8217;estrema praticit\u00e0 del prodotto.<\/p>\n<p>&nbsp;<\/p>\n<ul class=\"a-unordered-list a-vertical a-spacing-mini\">\n<li><span class=\"a-list-item\">Costruito da bar stock in lega 6061<\/span><\/li>\n<li><span class=\"a-list-item\">Anodizzato in due tonalit\u00e0: Grey-Gold<\/span><\/li>\n<li><span class=\"a-list-item\">Ultra-ampio Arbor per un rapido recupero tasso<\/span><\/li>\n<li><span class=\"a-list-item\">Captive Spool Release System<br \/>\n<\/span><\/li>\n<li>Custodia inclusa nel prezzo<\/li>\n<\/ul>\n","protected":false},"excerpt":{"rendered":"<p>Questo mulinello ultraleggero dall&#8217; accattivante look industriale proposto da Hardy \u00e8 stato costruito per la serie Trophy Hunter. Il mulinello \u00e8 stato ricavato da da un unico pezzo di bar stock in lega 6061, che \u00e8 stato anodizzato in seguito (Grey-Gold) per dargli un aspetto elegante nonostante l&#8217;estrema praticit\u00e0 del prodotto. &nbsp; Costruito da bar [&hellip;]<\/p>\n","protected":false},"featured_media":80810,"comment_status":"closed","ping_status":"closed","template":"","meta":[],"product_cat":[99],"product_tag":[1092],"yoast_head":"<!-- This site is optimized with the Yoast SEO plugin v15.3 - https:\/\/yoast.com\/wordpress\/plugins\/seo\/ -->\n<title>Mulinello CA DD Ultralite 4000 - Hardy - Pesca Fish<\/title>\n<meta name=\"robots\" content=\"index, follow, max-snippet:-1, max-image-preview:large, max-video-preview:-1\" \/>\n<link rel=\"canonical\" href=\"https:\/\/www.pescafish.it\/new\/prodotto\/mulinello-ca-dd-ultralite-4000-hardy\/\" \/>\n<meta property=\"og:locale\" content=\"it_IT\" \/>\n<meta property=\"og:type\" content=\"article\" \/>\n<meta property=\"og:title\" content=\"Mulinello CA DD Ultralite 4000 - Hardy - Pesca Fish\" \/>\n<meta property=\"og:description\" content=\"Questo mulinello ultraleggero dall&#8217; accattivante look industriale proposto da Hardy \u00e8 stato costruito per la serie Trophy Hunter. Il mulinello \u00e8 stato ricavato da da un unico pezzo di bar stock in lega 6061, che \u00e8 stato anodizzato in seguito (Grey-Gold) per dargli un aspetto elegante nonostante l&#8217;estrema praticit\u00e0 del prodotto. &nbsp; Costruito da bar [&hellip;]\" \/>\n<meta property=\"og:url\" content=\"https:\/\/www.pescafish.it\/new\/prodotto\/mulinello-ca-dd-ultralite-4000-hardy\/\" \/>\n<meta property=\"og:site_name\" content=\"Pesca Fish\" \/>\n<meta property=\"article:publisher\" content=\"https:\/\/www.facebook.com\/pescafishvr\/\" \/>\n<meta property=\"article:modified_time\" content=\"2023-11-16T11:06:25+00:00\" \/>\n<meta property=\"og:image\" content=\"https:\/\/www.pescafish.it\/new\/wp-content\/uploads\/2022\/08\/hary-1.jpg\" \/>\n\t<meta property=\"og:image:width\" content=\"1149\" \/>\n\t<meta property=\"og:image:height\" content=\"876\" \/>\n<meta name=\"twitter:card\" content=\"summary_large_image\" \/>\n<meta name=\"twitter:label1\" content=\"Scritto da\">\n\t<meta name=\"twitter:data1\" content=\"francesca\">\n\t<meta name=\"twitter:label2\" content=\"Tempo di lettura stimato\">\n\t<meta name=\"twitter:data2\" content=\"0 minuti\">\n<script type=\"application\/ld+json\" class=\"yoast-schema-graph\">{\"@context\":\"https:\/\/schema.org\",\"@graph\":[{\"@type\":\"WebSite\",\"@id\":\"https:\/\/www.pescafish.it\/new\/#website\",\"url\":\"https:\/\/www.pescafish.it\/new\/\",\"name\":\"Pesca Fish\",\"description\":\"Benvenuti sul nostro sito!\",\"potentialAction\":[{\"@type\":\"SearchAction\",\"target\":\"https:\/\/www.pescafish.it\/new\/?s={search_term_string}\",\"query-input\":\"required name=search_term_string\"}],\"inLanguage\":\"it-IT\"},{\"@type\":\"ImageObject\",\"@id\":\"https:\/\/www.pescafish.it\/new\/prodotto\/mulinello-ca-dd-ultralite-4000-hardy\/#primaryimage\",\"inLanguage\":\"it-IT\",\"url\":\"https:\/\/www.pescafish.it\/new\/wp-content\/uploads\/2022\/08\/hary-1.jpg\",\"width\":1149,\"height\":876},{\"@type\":\"WebPage\",\"@id\":\"https:\/\/www.pescafish.it\/new\/prodotto\/mulinello-ca-dd-ultralite-4000-hardy\/#webpage\",\"url\":\"https:\/\/www.pescafish.it\/new\/prodotto\/mulinello-ca-dd-ultralite-4000-hardy\/\",\"name\":\"Mulinello CA DD Ultralite 4000 - Hardy - Pesca Fish\",\"isPartOf\":{\"@id\":\"https:\/\/www.pescafish.it\/new\/#website\"},\"primaryImageOfPage\":{\"@id\":\"https:\/\/www.pescafish.it\/new\/prodotto\/mulinello-ca-dd-ultralite-4000-hardy\/#primaryimage\"},\"datePublished\":\"2022-08-04T07:52:13+00:00\",\"dateModified\":\"2023-11-16T11:06:25+00:00\",\"inLanguage\":\"it-IT\",\"potentialAction\":[{\"@type\":\"ReadAction\",\"target\":[\"https:\/\/www.pescafish.it\/new\/prodotto\/mulinello-ca-dd-ultralite-4000-hardy\/\"]}]}]}<\/script>\n<!-- \/ Yoast SEO plugin. -->","_links":{"self":[{"href":"https:\/\/www.pescafish.it\/new\/wp-json\/wp\/v2\/product\/80799"}],"collection":[{"href":"https:\/\/www.pescafish.it\/new\/wp-json\/wp\/v2\/product"}],"about":[{"href":"https:\/\/www.pescafish.it\/new\/wp-json\/wp\/v2\/types\/product"}],"replies":[{"embeddable":true,"href":"https:\/\/www.pescafish.it\/new\/wp-json\/wp\/v2\/comments?post=80799"}],"wp:featuredmedia":[{"embeddable":true,"href":"https:\/\/www.pescafish.it\/new\/wp-json\/wp\/v2\/media\/80810"}],"wp:attachment":[{"href":"https:\/\/www.pescafish.it\/new\/wp-json\/wp\/v2\/media?parent=80799"}],"wp:term":[{"taxonomy":"product_cat","embeddable":true,"href":"https:\/\/www.pescafish.it\/new\/wp-json\/wp\/v2\/product_cat?post=80799"},{"taxonomy":"product_tag","embeddable":true,"href":"https:\/\/www.pescafish.it\/new\/wp-json\/wp\/v2\/product_tag?post=80799"}],"curies":[{"name":"wp","href":"https:\/\/api.w.org\/{rel}","templated":true}]}}