{"id":80663,"date":"2022-08-01T18:23:51","date_gmt":"2022-08-01T16:23:51","guid":{"rendered":"https:\/\/www.pescafish.it\/new\/?post_type=product&#038;p=80663"},"modified":"2024-02-06T16:04:52","modified_gmt":"2024-02-06T15:04:52","slug":"canna-seaspin-labrax-10th-anniversary-seaspin","status":"publish","type":"product","link":"https:\/\/www.pescafish.it\/new\/prodotto\/canna-seaspin-labrax-10th-anniversary-seaspin\/","title":{"rendered":"Canna Seaspin Labrax 10th anniversary &#8211; Seaspin"},"content":{"rendered":"<h2><strong>Canna Seaspin Labrax 10th anniversary<\/strong><\/h2>\n<p>La\u00a0<strong>Canna Seaspin Labrax 10th anniversary<\/strong>\u00a0\u00e8 stata prodotta\u00a0circa 10 anni dalla prima e ormai mitica Labrax: una canna da sempre progettata ed ottimizzata per permettere al pescatore marino mediterraneo di sentirsi sempre a suo agio ed avere le migliori sensazioni in pesca a spinning.<\/p>\n<p>Il successo maturato negli anni e le continue richieste dei clienti hanno convinto Seaspin a realizzare un modello speciale, la \u201cLabrax 10\u00b0 Anniversario\u201d che riassumesse e condensasse tutte le esperienze delle serie passate.<\/p>\n<p>Seguendo un percorso preciso, fatto di esperienza vera in mare, testando le attrezzature nelle\u00a0<strong>condizioni pi\u00f9 difficili<\/strong>, il team Seaspin \u00e8 riuscito a realizzare un fusto altamente performante, leggero e reattivo.<\/p>\n<p>La\u00a0<strong>quarta serie<\/strong>\u00a0della Labrax raccoglie e migliora tutte le caratteristiche presenti nelle precedenti tre versioni, offrendo al pescatore un&#8217;esperienza davvero unica.<\/p>\n<p>Quello che stupisce maggiormente \u00e8 l&#8217;<strong>estrema versatilit\u00e0<\/strong>\u00a0di questo prodotto che mantiene, sempre e comunque, in tutte le sue applicazioni, performances di altissimi livelli.<\/p>\n<p>Lo spinner moderno, sempre pi\u00f9 &#8220;tecnico&#8221;, dinamico e preparato, ha chiesto a Seaspin una Labrax speciale, e cio\u00e8 una canna che riesca ad esaltare al massimo la percezione dell&#8217;esca e la personalizzazione del suo movimento.<\/p>\n<p>Da queste esigenze lo staff \u00e8 partito per realizzare alcuni importanti aggiornamenti:<\/p>\n<p>Il primo, e forse il pi\u00f9 importante \u00e8 stato quella di ridisegnare la &#8220;conicit\u00e0&#8221; del grezzo, infatti la nuova canna presenta un &#8220;butt&#8221; leggermente pi\u00f9 largo e un &#8220;tip&#8221; pi\u00f9 sfilato e sensibile: da ci\u00f2 si ottiene un\u00a0<strong>fusto altamente percettivo<\/strong>\u00a0alle vibrazioni, preciso su lancio e nella conduzione dell&#8217;esca. D\u2019altra parte, alzare la &#8220;schiena\u201d della canna rischiava di portare ad una perdita di potenza ed elasticit\u00e0 del fusto, caratteristica che ha sempre contraddistinto le canne da mare di Seaspin. Con questa idea progettuale, e non senza molto lavoro, Seaspin \u00e8 riuscita a rispettare questa specifica esigenza, creando un profilo pi\u00f9&#8221; fast&#8221; dei precedenti ma nello stesso tempo potente e dinamico con una curva che va ad assorbire in maniera proporzionale il lavoro a cui \u00e8 sottoposta la canna in fase di &#8220;combattimento&#8221;.<\/p>\n<p>La &#8220;Labrax 10\u00b0Anniversario\u201d, assemblata con componentistica\u00a0<strong>Fuji di alta qualit\u00e0<\/strong>\u00a0e\u00a0<strong>E.V.A. grip<\/strong>\u00a0ad alta densit\u00e0, \u00e8 presente in due versioni: Il modello\u00a0<strong>Titanium<\/strong>\u00a0con anelli Fuji Titanium\/Sic serie K, con scalatura 7+1 (partendo dalla misura 30 e chiudendo con la 7), placca Fuji TVS-TS 17 verniciata color dark Gunsmoke con controdado per un serraggio saldo del piede del mulinello e anellini metallici gunsmoke.<\/p>\n<p>Il\u00a0<strong>modello Gun<\/strong>\u00a0con anelli Fuji Gunsmoke\/Sic serie K, con scalatura 7+1 (partendo con la misura 30 e chiudendo con la 7), placca Fuji TVS-TS 17 graphite, non verniciata con controdado per un serraggio saldo del piede del mulinello e anellini con finitura silver. La nuovissima placca TVS Fuji, grazie alle due aperture laterali, che espongono il blank tramite un tubetto di carbonio di rifinitura (inner carbon), appoggiato direttamente sul fusto, ha permesso di mantenere inalterato il concetto ispirato alla ricerca della massima sensibilit\u00e0 adottato sulla precedente serie. In pratica, con questa placca, si ha il palmo direttamente a contatto con l&#8217;anima della canna per esaltare al massimo e trasmettere alla nostra mano tutto quello che il fusto riesce a percepire l\u00e0 sotto!!<\/p>\n<p>Le\u00a0<strong>applicazioni di questa canna<\/strong>, grazie all&#8217;ampia gamma di artificiali lanciabili e gestibili, sono davvero molteplici: dalla pesca in scogliera ai predatori del sotto costa, anche con mare formato, alla pesca dalla barca alla ricerca di pesci di branco come palamite, lampughe, tombarelli e alletterati.<\/p>\n<p><strong>Disponibile nelle seguenti varianti:<\/strong><br \/>\n<strong>UT5733<\/strong>\u00a0 7ft\u00a0 1\/4 &#8211; 1,25oz Fast Action Power Medium-Heavy<\/p>\n","protected":false},"excerpt":{"rendered":"<p>Canna Seaspin Labrax 10th anniversary La\u00a0Canna Seaspin Labrax 10th anniversary\u00a0\u00e8 stata prodotta\u00a0circa 10 anni dalla prima e ormai mitica Labrax: una canna da sempre progettata ed ottimizzata per permettere al pescatore marino mediterraneo di sentirsi sempre a suo agio ed avere le migliori sensazioni in pesca a spinning. Il successo maturato negli anni e le [&hellip;]<\/p>\n","protected":false},"featured_media":80665,"comment_status":"closed","ping_status":"closed","template":"","meta":[],"product_cat":[1339],"product_tag":[1166],"yoast_head":"<!-- This site is optimized with the Yoast SEO plugin v15.3 - https:\/\/yoast.com\/wordpress\/plugins\/seo\/ -->\n<title>Canna Seaspin Labrax 10th anniversary - Seaspin - Pesca Fish<\/title>\n<meta name=\"robots\" content=\"index, follow, max-snippet:-1, max-image-preview:large, max-video-preview:-1\" \/>\n<link rel=\"canonical\" href=\"https:\/\/www.pescafish.it\/new\/prodotto\/canna-seaspin-labrax-10th-anniversary-seaspin\/\" \/>\n<meta property=\"og:locale\" content=\"it_IT\" \/>\n<meta property=\"og:type\" content=\"article\" \/>\n<meta property=\"og:title\" content=\"Canna Seaspin Labrax 10th anniversary - Seaspin - Pesca Fish\" \/>\n<meta property=\"og:description\" content=\"Canna Seaspin Labrax 10th anniversary La\u00a0Canna Seaspin Labrax 10th anniversary\u00a0\u00e8 stata prodotta\u00a0circa 10 anni dalla prima e ormai mitica Labrax: una canna da sempre progettata ed ottimizzata per permettere al pescatore marino mediterraneo di sentirsi sempre a suo agio ed avere le migliori sensazioni in pesca a spinning. Il successo maturato negli anni e le [&hellip;]\" \/>\n<meta property=\"og:url\" content=\"https:\/\/www.pescafish.it\/new\/prodotto\/canna-seaspin-labrax-10th-anniversary-seaspin\/\" \/>\n<meta property=\"og:site_name\" content=\"Pesca Fish\" \/>\n<meta property=\"article:publisher\" content=\"https:\/\/www.facebook.com\/pescafishvr\/\" \/>\n<meta property=\"article:modified_time\" content=\"2024-02-06T15:04:52+00:00\" \/>\n<meta property=\"og:image\" content=\"https:\/\/www.pescafish.it\/new\/wp-content\/uploads\/2022\/08\/canna_seaspin_labrax_10th_anniv_-_sictitanium_7_14_-_1_14_oz_2_1920x1920.jpg\" \/>\n\t<meta property=\"og:image:width\" content=\"1000\" \/>\n\t<meta property=\"og:image:height\" content=\"1000\" \/>\n<meta name=\"twitter:card\" content=\"summary_large_image\" \/>\n<meta name=\"twitter:label1\" content=\"Scritto da\">\n\t<meta name=\"twitter:data1\" content=\"francesca\">\n\t<meta name=\"twitter:label2\" content=\"Tempo di lettura stimato\">\n\t<meta name=\"twitter:data2\" content=\"2 minuti\">\n<script type=\"application\/ld+json\" class=\"yoast-schema-graph\">{\"@context\":\"https:\/\/schema.org\",\"@graph\":[{\"@type\":\"WebSite\",\"@id\":\"https:\/\/www.pescafish.it\/new\/#website\",\"url\":\"https:\/\/www.pescafish.it\/new\/\",\"name\":\"Pesca Fish\",\"description\":\"Benvenuti sul nostro sito!\",\"potentialAction\":[{\"@type\":\"SearchAction\",\"target\":\"https:\/\/www.pescafish.it\/new\/?s={search_term_string}\",\"query-input\":\"required name=search_term_string\"}],\"inLanguage\":\"it-IT\"},{\"@type\":\"ImageObject\",\"@id\":\"https:\/\/www.pescafish.it\/new\/prodotto\/canna-seaspin-labrax-10th-anniversary-seaspin\/#primaryimage\",\"inLanguage\":\"it-IT\",\"url\":\"https:\/\/www.pescafish.it\/new\/wp-content\/uploads\/2022\/08\/canna_seaspin_labrax_10th_anniv_-_sictitanium_7_14_-_1_14_oz_2_1920x1920.jpg\",\"width\":1000,\"height\":1000,\"caption\":\"Seaspin\"},{\"@type\":\"WebPage\",\"@id\":\"https:\/\/www.pescafish.it\/new\/prodotto\/canna-seaspin-labrax-10th-anniversary-seaspin\/#webpage\",\"url\":\"https:\/\/www.pescafish.it\/new\/prodotto\/canna-seaspin-labrax-10th-anniversary-seaspin\/\",\"name\":\"Canna Seaspin Labrax 10th anniversary - Seaspin - Pesca Fish\",\"isPartOf\":{\"@id\":\"https:\/\/www.pescafish.it\/new\/#website\"},\"primaryImageOfPage\":{\"@id\":\"https:\/\/www.pescafish.it\/new\/prodotto\/canna-seaspin-labrax-10th-anniversary-seaspin\/#primaryimage\"},\"datePublished\":\"2022-08-01T16:23:51+00:00\",\"dateModified\":\"2024-02-06T15:04:52+00:00\",\"inLanguage\":\"it-IT\",\"potentialAction\":[{\"@type\":\"ReadAction\",\"target\":[\"https:\/\/www.pescafish.it\/new\/prodotto\/canna-seaspin-labrax-10th-anniversary-seaspin\/\"]}]}]}<\/script>\n<!-- \/ Yoast SEO plugin. -->","_links":{"self":[{"href":"https:\/\/www.pescafish.it\/new\/wp-json\/wp\/v2\/product\/80663"}],"collection":[{"href":"https:\/\/www.pescafish.it\/new\/wp-json\/wp\/v2\/product"}],"about":[{"href":"https:\/\/www.pescafish.it\/new\/wp-json\/wp\/v2\/types\/product"}],"replies":[{"embeddable":true,"href":"https:\/\/www.pescafish.it\/new\/wp-json\/wp\/v2\/comments?post=80663"}],"wp:featuredmedia":[{"embeddable":true,"href":"https:\/\/www.pescafish.it\/new\/wp-json\/wp\/v2\/media\/80665"}],"wp:attachment":[{"href":"https:\/\/www.pescafish.it\/new\/wp-json\/wp\/v2\/media?parent=80663"}],"wp:term":[{"taxonomy":"product_cat","embeddable":true,"href":"https:\/\/www.pescafish.it\/new\/wp-json\/wp\/v2\/product_cat?post=80663"},{"taxonomy":"product_tag","embeddable":true,"href":"https:\/\/www.pescafish.it\/new\/wp-json\/wp\/v2\/product_tag?post=80663"}],"curies":[{"name":"wp","href":"https:\/\/api.w.org\/{rel}","templated":true}]}}