{"id":80427,"date":"2022-07-20T16:24:26","date_gmt":"2022-07-20T14:24:26","guid":{"rendered":"https:\/\/www.pescafish.it\/new\/?post_type=product&#038;p=80427"},"modified":"2022-10-27T09:10:46","modified_gmt":"2022-10-27T07:10:46","slug":"scopex-squid-hemp-nash","status":"publish","type":"product","link":"https:\/\/www.pescafish.it\/new\/prodotto\/scopex-squid-hemp-nash\/","title":{"rendered":"Scopex Squid Hemp &#8211; Nash"},"content":{"rendered":"<h2>Scopex Squid Hemp<\/h2>\n<p>Gli ingredienti migliori, le miscele pi\u00f9 attraenti e la produzione pi\u00f9 avanzata: \u00e8 la nuovissima e ricercata gamma Nashbait Particles &amp; Liquids<\/p>\n<p>Semi di canapa francese di grandi dimensioni e di altissima qualit\u00e0, potenziata con gli attrattori leggendari Scopex Squid come lo Scopex No.1, Red Liver Oil, dolcificante e miscelato con l\u2019esclusivo Calamaro dell\u2019Atlantico per un tocco ancor pi\u00f9 naturale.<\/p>\n<p>Ha gi\u00e0 ottenuto carpe sbalorditive tra cui il pesce pi\u00f9 grande al lago di Bled in Slovenia durante i test, la Scopex Squid Hemp offre un\u2019alternativa unica alle tradizionali granaglie.<\/p>\n<p>Le granaglie Nashbait sono prodotti freschi, cotte in contenitori sigillati per una lunga durata ed una praticit\u00e0 di utilizzo ottimale. L\u2019introduzione di pratici barattoli da 500ml e 2,5 litri, offre un formato per qualsiasi durata della sessione e qualsiasi utilizzo.<\/p>\n<p>Mescolarle con gli innovativi Nashbait Particle Liquids per infinite possibilit\u00e0 di pasturazione<\/p>\n<p><strong>Disponibile nelle seguenti varianti:<br \/>\n<\/strong><strong>KNB0101\u00a0<\/strong> 500ml<br \/>\n<strong>KNB0111<\/strong>\u00a0 2.5lt<\/p>\n","protected":false},"excerpt":{"rendered":"<p>Scopex Squid Hemp Gli ingredienti migliori, le miscele pi\u00f9 attraenti e la produzione pi\u00f9 avanzata: \u00e8 la nuovissima e ricercata gamma Nashbait Particles &amp; Liquids Semi di canapa francese di grandi dimensioni e di altissima qualit\u00e0, potenziata con gli attrattori leggendari Scopex Squid come lo Scopex No.1, Red Liver Oil, dolcificante e miscelato con l\u2019esclusivo [&hellip;]<\/p>\n","protected":false},"featured_media":80428,"comment_status":"closed","ping_status":"closed","template":"","meta":[],"product_cat":[817],"product_tag":[1024],"yoast_head":"<!-- This site is optimized with the Yoast SEO plugin v15.3 - https:\/\/yoast.com\/wordpress\/plugins\/seo\/ -->\n<title>Scopex Squid Hemp - Nash - Pesca Fish<\/title>\n<meta name=\"robots\" content=\"index, follow, max-snippet:-1, max-image-preview:large, max-video-preview:-1\" \/>\n<link rel=\"canonical\" href=\"https:\/\/www.pescafish.it\/new\/prodotto\/scopex-squid-hemp-nash\/\" \/>\n<meta property=\"og:locale\" content=\"it_IT\" \/>\n<meta property=\"og:type\" content=\"article\" \/>\n<meta property=\"og:title\" content=\"Scopex Squid Hemp - Nash - Pesca Fish\" \/>\n<meta property=\"og:description\" content=\"Scopex Squid Hemp Gli ingredienti migliori, le miscele pi\u00f9 attraenti e la produzione pi\u00f9 avanzata: \u00e8 la nuovissima e ricercata gamma Nashbait Particles &amp; Liquids Semi di canapa francese di grandi dimensioni e di altissima qualit\u00e0, potenziata con gli attrattori leggendari Scopex Squid come lo Scopex No.1, Red Liver Oil, dolcificante e miscelato con l\u2019esclusivo [&hellip;]\" \/>\n<meta property=\"og:url\" content=\"https:\/\/www.pescafish.it\/new\/prodotto\/scopex-squid-hemp-nash\/\" \/>\n<meta property=\"og:site_name\" content=\"Pesca Fish\" \/>\n<meta property=\"article:publisher\" content=\"https:\/\/www.facebook.com\/pescafishvr\/\" \/>\n<meta property=\"article:modified_time\" content=\"2022-10-27T07:10:46+00:00\" \/>\n<meta property=\"og:image\" content=\"https:\/\/www.pescafish.it\/new\/wp-content\/uploads\/2022\/07\/scopex_squid_hemp_500ml_square_.2e16d0ba.fill-600x600-1.jpg\" \/>\n\t<meta property=\"og:image:width\" content=\"600\" \/>\n\t<meta property=\"og:image:height\" content=\"600\" \/>\n<meta name=\"twitter:card\" content=\"summary_large_image\" \/>\n<meta name=\"twitter:label1\" content=\"Scritto da\">\n\t<meta name=\"twitter:data1\" content=\"francesca\">\n\t<meta name=\"twitter:label2\" content=\"Tempo di lettura stimato\">\n\t<meta name=\"twitter:data2\" content=\"1 minuto\">\n<script type=\"application\/ld+json\" class=\"yoast-schema-graph\">{\"@context\":\"https:\/\/schema.org\",\"@graph\":[{\"@type\":\"WebSite\",\"@id\":\"https:\/\/www.pescafish.it\/new\/#website\",\"url\":\"https:\/\/www.pescafish.it\/new\/\",\"name\":\"Pesca Fish\",\"description\":\"Benvenuti sul nostro sito!\",\"potentialAction\":[{\"@type\":\"SearchAction\",\"target\":\"https:\/\/www.pescafish.it\/new\/?s={search_term_string}\",\"query-input\":\"required name=search_term_string\"}],\"inLanguage\":\"it-IT\"},{\"@type\":\"ImageObject\",\"@id\":\"https:\/\/www.pescafish.it\/new\/prodotto\/scopex-squid-hemp-nash\/#primaryimage\",\"inLanguage\":\"it-IT\",\"url\":\"https:\/\/www.pescafish.it\/new\/wp-content\/uploads\/2022\/07\/scopex_squid_hemp_500ml_square_.2e16d0ba.fill-600x600-1.jpg\",\"width\":600,\"height\":600,\"caption\":\"Nash\"},{\"@type\":\"WebPage\",\"@id\":\"https:\/\/www.pescafish.it\/new\/prodotto\/scopex-squid-hemp-nash\/#webpage\",\"url\":\"https:\/\/www.pescafish.it\/new\/prodotto\/scopex-squid-hemp-nash\/\",\"name\":\"Scopex Squid Hemp - Nash - Pesca Fish\",\"isPartOf\":{\"@id\":\"https:\/\/www.pescafish.it\/new\/#website\"},\"primaryImageOfPage\":{\"@id\":\"https:\/\/www.pescafish.it\/new\/prodotto\/scopex-squid-hemp-nash\/#primaryimage\"},\"datePublished\":\"2022-07-20T14:24:26+00:00\",\"dateModified\":\"2022-10-27T07:10:46+00:00\",\"inLanguage\":\"it-IT\",\"potentialAction\":[{\"@type\":\"ReadAction\",\"target\":[\"https:\/\/www.pescafish.it\/new\/prodotto\/scopex-squid-hemp-nash\/\"]}]}]}<\/script>\n<!-- \/ Yoast SEO plugin. -->","_links":{"self":[{"href":"https:\/\/www.pescafish.it\/new\/wp-json\/wp\/v2\/product\/80427"}],"collection":[{"href":"https:\/\/www.pescafish.it\/new\/wp-json\/wp\/v2\/product"}],"about":[{"href":"https:\/\/www.pescafish.it\/new\/wp-json\/wp\/v2\/types\/product"}],"replies":[{"embeddable":true,"href":"https:\/\/www.pescafish.it\/new\/wp-json\/wp\/v2\/comments?post=80427"}],"wp:featuredmedia":[{"embeddable":true,"href":"https:\/\/www.pescafish.it\/new\/wp-json\/wp\/v2\/media\/80428"}],"wp:attachment":[{"href":"https:\/\/www.pescafish.it\/new\/wp-json\/wp\/v2\/media?parent=80427"}],"wp:term":[{"taxonomy":"product_cat","embeddable":true,"href":"https:\/\/www.pescafish.it\/new\/wp-json\/wp\/v2\/product_cat?post=80427"},{"taxonomy":"product_tag","embeddable":true,"href":"https:\/\/www.pescafish.it\/new\/wp-json\/wp\/v2\/product_tag?post=80427"}],"curies":[{"name":"wp","href":"https:\/\/api.w.org\/{rel}","templated":true}]}}