{"id":80378,"date":"2022-07-19T16:49:09","date_gmt":"2022-07-19T14:49:09","guid":{"rendered":"https:\/\/www.pescafish.it\/new\/?post_type=product&#038;p=80378"},"modified":"2024-09-14T18:41:45","modified_gmt":"2024-09-14T16:41:45","slug":"spinner-swivel-sz11-senza-anello-korda","status":"publish","type":"product","link":"https:\/\/www.pescafish.it\/new\/prodotto\/spinner-swivel-sz11-senza-anello-korda\/","title":{"rendered":"Spinner Swivel sz11 (senza anello) &#8211; Korda"},"content":{"rendered":"<h2>Spinner Swivel sz11 (senza anello)<\/h2>\n<p>La popolarit\u00e0 dello Spinner Rig o Ronnie Rig \u00e8 senza precedenti tra i pescatori di carpe! Quando si creano i propri rig, a volte pu\u00f2 essere una vera seccatura fissare l\u2019amo alla girella. Per risolvere questo problema Korda ha progettato lo Spinner Swivel. Questa girella speciale dispone di una clip pi\u00f9 larga che permette di cambiare rapidamente l\u2019amo senza dover fare leva sulla lenza, e funziona anche in modo pi\u00f9 facile e sicuro. Dopo aver fissato l\u2019amo puoi finire bene la Spinner Swivel infilandovi sopra un pezzo di tubo termorestringente, fissando cos\u00ec l\u2019amo in posizione e permettendoti di affidarti completamente alle prestazioni del rig!<\/p>\n<p><strong>Confezione da 12 pezzi.<\/strong><\/p>\n","protected":false},"excerpt":{"rendered":"<p>Spinner Swivel sz11 (senza anello) La popolarit\u00e0 dello Spinner Rig o Ronnie Rig \u00e8 senza precedenti tra i pescatori di carpe! Quando si creano i propri rig, a volte pu\u00f2 essere una vera seccatura fissare l\u2019amo alla girella. Per risolvere questo problema Korda ha progettato lo Spinner Swivel. Questa girella speciale dispone di una clip [&hellip;]<\/p>\n","protected":false},"featured_media":99656,"comment_status":"closed","ping_status":"closed","template":"","meta":[],"product_cat":[587],"product_tag":[1018],"yoast_head":"<!-- This site is optimized with the Yoast SEO plugin v15.3 - https:\/\/yoast.com\/wordpress\/plugins\/seo\/ -->\n<title>Spinner Swivel sz11 (senza anello) - Korda - Pesca Fish<\/title>\n<meta name=\"robots\" content=\"index, follow, max-snippet:-1, max-image-preview:large, max-video-preview:-1\" \/>\n<link rel=\"canonical\" href=\"https:\/\/www.pescafish.it\/new\/prodotto\/spinner-swivel-sz11-senza-anello-korda\/\" \/>\n<meta property=\"og:locale\" content=\"it_IT\" \/>\n<meta property=\"og:type\" content=\"article\" \/>\n<meta property=\"og:title\" content=\"Spinner Swivel sz11 (senza anello) - Korda - Pesca Fish\" \/>\n<meta property=\"og:description\" content=\"Spinner Swivel sz11 (senza anello) La popolarit\u00e0 dello Spinner Rig o Ronnie Rig \u00e8 senza precedenti tra i pescatori di carpe! Quando si creano i propri rig, a volte pu\u00f2 essere una vera seccatura fissare l\u2019amo alla girella. Per risolvere questo problema Korda ha progettato lo Spinner Swivel. Questa girella speciale dispone di una clip [&hellip;]\" \/>\n<meta property=\"og:url\" content=\"https:\/\/www.pescafish.it\/new\/prodotto\/spinner-swivel-sz11-senza-anello-korda\/\" \/>\n<meta property=\"og:site_name\" content=\"Pesca Fish\" \/>\n<meta property=\"article:publisher\" content=\"https:\/\/www.facebook.com\/pescafishvr\/\" \/>\n<meta property=\"article:modified_time\" content=\"2024-09-14T16:41:45+00:00\" \/>\n<meta property=\"og:image\" content=\"https:\/\/www.pescafish.it\/new\/wp-content\/uploads\/2022\/07\/kspin3.jpg\" \/>\n\t<meta property=\"og:image:width\" content=\"789\" \/>\n\t<meta property=\"og:image:height\" content=\"794\" \/>\n<meta name=\"twitter:card\" content=\"summary_large_image\" \/>\n<meta name=\"twitter:label1\" content=\"Scritto da\">\n\t<meta name=\"twitter:data1\" content=\"francesca\">\n\t<meta name=\"twitter:label2\" content=\"Tempo di lettura stimato\">\n\t<meta name=\"twitter:data2\" content=\"0 minuti\">\n<script type=\"application\/ld+json\" class=\"yoast-schema-graph\">{\"@context\":\"https:\/\/schema.org\",\"@graph\":[{\"@type\":\"WebSite\",\"@id\":\"https:\/\/www.pescafish.it\/new\/#website\",\"url\":\"https:\/\/www.pescafish.it\/new\/\",\"name\":\"Pesca Fish\",\"description\":\"Benvenuti sul nostro sito!\",\"potentialAction\":[{\"@type\":\"SearchAction\",\"target\":\"https:\/\/www.pescafish.it\/new\/?s={search_term_string}\",\"query-input\":\"required name=search_term_string\"}],\"inLanguage\":\"it-IT\"},{\"@type\":\"ImageObject\",\"@id\":\"https:\/\/www.pescafish.it\/new\/prodotto\/spinner-swivel-sz11-senza-anello-korda\/#primaryimage\",\"inLanguage\":\"it-IT\",\"url\":\"https:\/\/www.pescafish.it\/new\/wp-content\/uploads\/2022\/07\/kspin3.jpg\",\"width\":789,\"height\":794,\"caption\":\"Korda\"},{\"@type\":\"WebPage\",\"@id\":\"https:\/\/www.pescafish.it\/new\/prodotto\/spinner-swivel-sz11-senza-anello-korda\/#webpage\",\"url\":\"https:\/\/www.pescafish.it\/new\/prodotto\/spinner-swivel-sz11-senza-anello-korda\/\",\"name\":\"Spinner Swivel sz11 (senza anello) - Korda - Pesca Fish\",\"isPartOf\":{\"@id\":\"https:\/\/www.pescafish.it\/new\/#website\"},\"primaryImageOfPage\":{\"@id\":\"https:\/\/www.pescafish.it\/new\/prodotto\/spinner-swivel-sz11-senza-anello-korda\/#primaryimage\"},\"datePublished\":\"2022-07-19T14:49:09+00:00\",\"dateModified\":\"2024-09-14T16:41:45+00:00\",\"inLanguage\":\"it-IT\",\"potentialAction\":[{\"@type\":\"ReadAction\",\"target\":[\"https:\/\/www.pescafish.it\/new\/prodotto\/spinner-swivel-sz11-senza-anello-korda\/\"]}]}]}<\/script>\n<!-- \/ Yoast SEO plugin. -->","_links":{"self":[{"href":"https:\/\/www.pescafish.it\/new\/wp-json\/wp\/v2\/product\/80378"}],"collection":[{"href":"https:\/\/www.pescafish.it\/new\/wp-json\/wp\/v2\/product"}],"about":[{"href":"https:\/\/www.pescafish.it\/new\/wp-json\/wp\/v2\/types\/product"}],"replies":[{"embeddable":true,"href":"https:\/\/www.pescafish.it\/new\/wp-json\/wp\/v2\/comments?post=80378"}],"wp:featuredmedia":[{"embeddable":true,"href":"https:\/\/www.pescafish.it\/new\/wp-json\/wp\/v2\/media\/99656"}],"wp:attachment":[{"href":"https:\/\/www.pescafish.it\/new\/wp-json\/wp\/v2\/media?parent=80378"}],"wp:term":[{"taxonomy":"product_cat","embeddable":true,"href":"https:\/\/www.pescafish.it\/new\/wp-json\/wp\/v2\/product_cat?post=80378"},{"taxonomy":"product_tag","embeddable":true,"href":"https:\/\/www.pescafish.it\/new\/wp-json\/wp\/v2\/product_tag?post=80378"}],"curies":[{"name":"wp","href":"https:\/\/api.w.org\/{rel}","templated":true}]}}