{"id":80375,"date":"2022-07-19T16:22:17","date_gmt":"2022-07-19T14:22:17","guid":{"rendered":"https:\/\/www.pescafish.it\/new\/?post_type=product&#038;p=80375"},"modified":"2024-10-28T20:49:30","modified_gmt":"2024-10-28T19:49:30","slug":"spinner-ring-swivel-sz11-korda","status":"publish","type":"product","link":"https:\/\/www.pescafish.it\/new\/prodotto\/spinner-ring-swivel-sz11-korda\/","title":{"rendered":"Spinner Ring Swivel sz11 &#8211; Korda"},"content":{"rendered":"<h2>Spinner Ring Swivel sz11<\/h2>\n<p>Finalmente dopo una lunga attesa \u00e8 arrivata!<\/p>\n<p>Questa girella ad anello \u00e8 stata studiata per assemblare lo Spinner Rig. La clip pi\u00f9 larga consente di cambiare l&#8217;amo in velocit\u00e0 senza la necessit\u00e0 doverla aprire e chiudere. Utilizzatela in accoppiata con un Kicker di media misura per coprire la connessione e mantenere l&#8217;amo nell&#8217;angolazione corretta.<\/p>\n<p>Assemblare lo Spinner rig \u00e8 diventato ancora pi\u00f9 facile.<\/p>\n<p><strong>Confezione da 10 pezzi<\/strong><\/p>\n","protected":false},"excerpt":{"rendered":"<p>Spinner Ring Swivel sz11 Finalmente dopo una lunga attesa \u00e8 arrivata! Questa girella ad anello \u00e8 stata studiata per assemblare lo Spinner Rig. La clip pi\u00f9 larga consente di cambiare l&#8217;amo in velocit\u00e0 senza la necessit\u00e0 doverla aprire e chiudere. Utilizzatela in accoppiata con un Kicker di media misura per coprire la connessione e mantenere [&hellip;]<\/p>\n","protected":false},"featured_media":80376,"comment_status":"closed","ping_status":"closed","template":"","meta":[],"product_cat":[587],"product_tag":[1018],"yoast_head":"<!-- This site is optimized with the Yoast SEO plugin v15.3 - https:\/\/yoast.com\/wordpress\/plugins\/seo\/ -->\n<title>Spinner Ring Swivel sz11 - Korda - Pesca Fish<\/title>\n<meta name=\"robots\" content=\"index, follow, max-snippet:-1, max-image-preview:large, max-video-preview:-1\" \/>\n<link rel=\"canonical\" href=\"https:\/\/www.pescafish.it\/new\/prodotto\/spinner-ring-swivel-sz11-korda\/\" \/>\n<meta property=\"og:locale\" content=\"it_IT\" \/>\n<meta property=\"og:type\" content=\"article\" \/>\n<meta property=\"og:title\" content=\"Spinner Ring Swivel sz11 - Korda - Pesca Fish\" \/>\n<meta property=\"og:description\" content=\"Spinner Ring Swivel sz11 Finalmente dopo una lunga attesa \u00e8 arrivata! Questa girella ad anello \u00e8 stata studiata per assemblare lo Spinner Rig. La clip pi\u00f9 larga consente di cambiare l&#8217;amo in velocit\u00e0 senza la necessit\u00e0 doverla aprire e chiudere. Utilizzatela in accoppiata con un Kicker di media misura per coprire la connessione e mantenere [&hellip;]\" \/>\n<meta property=\"og:url\" content=\"https:\/\/www.pescafish.it\/new\/prodotto\/spinner-ring-swivel-sz11-korda\/\" \/>\n<meta property=\"og:site_name\" content=\"Pesca Fish\" \/>\n<meta property=\"article:publisher\" content=\"https:\/\/www.facebook.com\/pescafishvr\/\" \/>\n<meta property=\"article:modified_time\" content=\"2024-10-28T19:49:30+00:00\" \/>\n<meta property=\"og:image\" content=\"https:\/\/www.pescafish.it\/new\/wp-content\/uploads\/2022\/07\/korda-ptfe-spinner-rig-swivel-pianeta-pesca-modena.jpg\" \/>\n\t<meta property=\"og:image:width\" content=\"750\" \/>\n\t<meta property=\"og:image:height\" content=\"750\" \/>\n<meta name=\"twitter:card\" content=\"summary_large_image\" \/>\n<meta name=\"twitter:label1\" content=\"Scritto da\">\n\t<meta name=\"twitter:data1\" content=\"francesca\">\n\t<meta name=\"twitter:label2\" content=\"Tempo di lettura stimato\">\n\t<meta name=\"twitter:data2\" content=\"0 minuti\">\n<script type=\"application\/ld+json\" class=\"yoast-schema-graph\">{\"@context\":\"https:\/\/schema.org\",\"@graph\":[{\"@type\":\"WebSite\",\"@id\":\"https:\/\/www.pescafish.it\/new\/#website\",\"url\":\"https:\/\/www.pescafish.it\/new\/\",\"name\":\"Pesca Fish\",\"description\":\"Benvenuti sul nostro sito!\",\"potentialAction\":[{\"@type\":\"SearchAction\",\"target\":\"https:\/\/www.pescafish.it\/new\/?s={search_term_string}\",\"query-input\":\"required name=search_term_string\"}],\"inLanguage\":\"it-IT\"},{\"@type\":\"ImageObject\",\"@id\":\"https:\/\/www.pescafish.it\/new\/prodotto\/spinner-ring-swivel-sz11-korda\/#primaryimage\",\"inLanguage\":\"it-IT\",\"url\":\"https:\/\/www.pescafish.it\/new\/wp-content\/uploads\/2022\/07\/korda-ptfe-spinner-rig-swivel-pianeta-pesca-modena.jpg\",\"width\":750,\"height\":750,\"caption\":\"Korda\"},{\"@type\":\"WebPage\",\"@id\":\"https:\/\/www.pescafish.it\/new\/prodotto\/spinner-ring-swivel-sz11-korda\/#webpage\",\"url\":\"https:\/\/www.pescafish.it\/new\/prodotto\/spinner-ring-swivel-sz11-korda\/\",\"name\":\"Spinner Ring Swivel sz11 - Korda - Pesca Fish\",\"isPartOf\":{\"@id\":\"https:\/\/www.pescafish.it\/new\/#website\"},\"primaryImageOfPage\":{\"@id\":\"https:\/\/www.pescafish.it\/new\/prodotto\/spinner-ring-swivel-sz11-korda\/#primaryimage\"},\"datePublished\":\"2022-07-19T14:22:17+00:00\",\"dateModified\":\"2024-10-28T19:49:30+00:00\",\"inLanguage\":\"it-IT\",\"potentialAction\":[{\"@type\":\"ReadAction\",\"target\":[\"https:\/\/www.pescafish.it\/new\/prodotto\/spinner-ring-swivel-sz11-korda\/\"]}]}]}<\/script>\n<!-- \/ Yoast SEO plugin. -->","_links":{"self":[{"href":"https:\/\/www.pescafish.it\/new\/wp-json\/wp\/v2\/product\/80375"}],"collection":[{"href":"https:\/\/www.pescafish.it\/new\/wp-json\/wp\/v2\/product"}],"about":[{"href":"https:\/\/www.pescafish.it\/new\/wp-json\/wp\/v2\/types\/product"}],"replies":[{"embeddable":true,"href":"https:\/\/www.pescafish.it\/new\/wp-json\/wp\/v2\/comments?post=80375"}],"wp:featuredmedia":[{"embeddable":true,"href":"https:\/\/www.pescafish.it\/new\/wp-json\/wp\/v2\/media\/80376"}],"wp:attachment":[{"href":"https:\/\/www.pescafish.it\/new\/wp-json\/wp\/v2\/media?parent=80375"}],"wp:term":[{"taxonomy":"product_cat","embeddable":true,"href":"https:\/\/www.pescafish.it\/new\/wp-json\/wp\/v2\/product_cat?post=80375"},{"taxonomy":"product_tag","embeddable":true,"href":"https:\/\/www.pescafish.it\/new\/wp-json\/wp\/v2\/product_tag?post=80375"}],"curies":[{"name":"wp","href":"https:\/\/api.w.org\/{rel}","templated":true}]}}