{"id":80337,"date":"2022-07-19T11:09:31","date_gmt":"2022-07-19T09:09:31","guid":{"rendered":"https:\/\/www.pescafish.it\/new\/?post_type=product&#038;p=80337"},"modified":"2022-07-19T11:09:32","modified_gmt":"2022-07-19T09:09:32","slug":"coolabox-compact-12lt-ridgemonkey","status":"publish","type":"product","link":"https:\/\/www.pescafish.it\/new\/prodotto\/coolabox-compact-12lt-ridgemonkey\/","title":{"rendered":"CoolaBox Compact 12lt &#8211; RidgeMonkey"},"content":{"rendered":"<h2>CoolaBox Compact 12lt<\/h2>\n<p>La CoolaBox Compact 12 \u00e8 perfetta per mantenere freddi i tuoi alimenti essenziali mentre ti godi la vita all&#8217;aria aperta.<\/p>\n<p>Sia che utilizzi il CoolaBox per picnic, campeggio, battute di pesca o per viaggiare su lunghe distanze, le sue pareti a doppio isolamento manterranno fresche le tue bevande e snack fino a 48 ore*.<\/p>\n<p>Il dispositivo di raffreddamento \u00e8 dotato di un pratico apribottiglie integrato all&#8217;esterno del coperchio, insieme a un CoolaBox Freeze Pack integrato all&#8217;interno del coperchio per massimizzare lo spazio interno.<\/p>\n<p>Il coperchio \u00e8 ermetico ed \u00e8 fissato con grandi fermagli in metallo con la possibilit\u00e0 di chiudere con un lucchetto se necessario.<\/p>\n<p>Il CoolaBox Compact 12 pu\u00f2 contenere 12 bottiglie da 330 ml o 14 lattine da 330 ml.<\/p>\n<p>* testato a temperatura ambiente e aperto minimamente.<\/p>\n<p><b>Caratteristiche:<\/b><br \/>\nRimane fresco fino a 48 ore<br \/>\nIl guscio rigido e il design robusto proteggono i contenuti<br \/>\nCapacit\u00e0 interna 12 litri<br \/>\nApribottiglie integrato<br \/>\nPulisci interno ed esterno<br \/>\nContiene 12 bottiglie da 330 ml o 14 lattine da 330 ml<br \/>\nDesign isolato a doppia parete<br \/>\nManiglia per il trasporto robusta e comoda<br \/>\nCoolaBox Freeze Pack integrato e rimovibile x 2<br \/>\nFermagli di bloccaggio incernierati sicuri<br \/>\nLinguette con doppio lucchetto per una maggiore sicurezza<\/p>\n<p><b>Dimensioni:<\/b><br \/>\nDimensioni (interne): 340 mm (larghezza) x 220 mm (altezza) x 180 mm (profondit\u00e0)<br \/>\nDimensioni (esterne): 400 mm (larghezza) x 300 mm (altezza) x 250 mm (profondit\u00e0)<br \/>\nPeso: 2,55 kg<\/p>\n","protected":false},"excerpt":{"rendered":"<p>CoolaBox Compact 12lt La CoolaBox Compact 12 \u00e8 perfetta per mantenere freddi i tuoi alimenti essenziali mentre ti godi la vita all&#8217;aria aperta. Sia che utilizzi il CoolaBox per picnic, campeggio, battute di pesca o per viaggiare su lunghe distanze, le sue pareti a doppio isolamento manterranno fresche le tue bevande e snack fino a [&hellip;]<\/p>\n","protected":false},"featured_media":80338,"comment_status":"closed","ping_status":"closed","template":"","meta":[],"product_cat":[233,237],"product_tag":[1101],"yoast_head":"<!-- This site is optimized with the Yoast SEO plugin v15.3 - https:\/\/yoast.com\/wordpress\/plugins\/seo\/ -->\n<title>CoolaBox Compact 12lt - RidgeMonkey - Pesca Fish<\/title>\n<meta name=\"robots\" content=\"index, follow, max-snippet:-1, max-image-preview:large, max-video-preview:-1\" \/>\n<link rel=\"canonical\" href=\"https:\/\/www.pescafish.it\/new\/prodotto\/coolabox-compact-12lt-ridgemonkey\/\" \/>\n<meta property=\"og:locale\" content=\"it_IT\" \/>\n<meta property=\"og:type\" content=\"article\" \/>\n<meta property=\"og:title\" content=\"CoolaBox Compact 12lt - RidgeMonkey - Pesca Fish\" \/>\n<meta property=\"og:description\" content=\"CoolaBox Compact 12lt La CoolaBox Compact 12 \u00e8 perfetta per mantenere freddi i tuoi alimenti essenziali mentre ti godi la vita all&#8217;aria aperta. Sia che utilizzi il CoolaBox per picnic, campeggio, battute di pesca o per viaggiare su lunghe distanze, le sue pareti a doppio isolamento manterranno fresche le tue bevande e snack fino a [&hellip;]\" \/>\n<meta property=\"og:url\" content=\"https:\/\/www.pescafish.it\/new\/prodotto\/coolabox-compact-12lt-ridgemonkey\/\" \/>\n<meta property=\"og:site_name\" content=\"Pesca Fish\" \/>\n<meta property=\"article:publisher\" content=\"https:\/\/www.facebook.com\/pescafishvr\/\" \/>\n<meta property=\"article:modified_time\" content=\"2022-07-19T09:09:32+00:00\" \/>\n<meta property=\"og:image\" content=\"https:\/\/www.pescafish.it\/new\/wp-content\/uploads\/2022\/07\/ffff-scaled.jpg\" \/>\n\t<meta property=\"og:image:width\" content=\"2560\" \/>\n\t<meta property=\"og:image:height\" content=\"2553\" \/>\n<meta name=\"twitter:card\" content=\"summary_large_image\" \/>\n<meta name=\"twitter:label1\" content=\"Scritto da\">\n\t<meta name=\"twitter:data1\" content=\"francesca\">\n\t<meta name=\"twitter:label2\" content=\"Tempo di lettura stimato\">\n\t<meta name=\"twitter:data2\" content=\"1 minuto\">\n<script type=\"application\/ld+json\" class=\"yoast-schema-graph\">{\"@context\":\"https:\/\/schema.org\",\"@graph\":[{\"@type\":\"WebSite\",\"@id\":\"https:\/\/www.pescafish.it\/new\/#website\",\"url\":\"https:\/\/www.pescafish.it\/new\/\",\"name\":\"Pesca Fish\",\"description\":\"Benvenuti sul nostro sito!\",\"potentialAction\":[{\"@type\":\"SearchAction\",\"target\":\"https:\/\/www.pescafish.it\/new\/?s={search_term_string}\",\"query-input\":\"required name=search_term_string\"}],\"inLanguage\":\"it-IT\"},{\"@type\":\"ImageObject\",\"@id\":\"https:\/\/www.pescafish.it\/new\/prodotto\/coolabox-compact-12lt-ridgemonkey\/#primaryimage\",\"inLanguage\":\"it-IT\",\"url\":\"https:\/\/www.pescafish.it\/new\/wp-content\/uploads\/2022\/07\/ffff-scaled.jpg\",\"width\":2560,\"height\":2553,\"caption\":\"RidgeMonkey\"},{\"@type\":\"WebPage\",\"@id\":\"https:\/\/www.pescafish.it\/new\/prodotto\/coolabox-compact-12lt-ridgemonkey\/#webpage\",\"url\":\"https:\/\/www.pescafish.it\/new\/prodotto\/coolabox-compact-12lt-ridgemonkey\/\",\"name\":\"CoolaBox Compact 12lt - RidgeMonkey - Pesca Fish\",\"isPartOf\":{\"@id\":\"https:\/\/www.pescafish.it\/new\/#website\"},\"primaryImageOfPage\":{\"@id\":\"https:\/\/www.pescafish.it\/new\/prodotto\/coolabox-compact-12lt-ridgemonkey\/#primaryimage\"},\"datePublished\":\"2022-07-19T09:09:31+00:00\",\"dateModified\":\"2022-07-19T09:09:32+00:00\",\"inLanguage\":\"it-IT\",\"potentialAction\":[{\"@type\":\"ReadAction\",\"target\":[\"https:\/\/www.pescafish.it\/new\/prodotto\/coolabox-compact-12lt-ridgemonkey\/\"]}]}]}<\/script>\n<!-- \/ Yoast SEO plugin. -->","_links":{"self":[{"href":"https:\/\/www.pescafish.it\/new\/wp-json\/wp\/v2\/product\/80337"}],"collection":[{"href":"https:\/\/www.pescafish.it\/new\/wp-json\/wp\/v2\/product"}],"about":[{"href":"https:\/\/www.pescafish.it\/new\/wp-json\/wp\/v2\/types\/product"}],"replies":[{"embeddable":true,"href":"https:\/\/www.pescafish.it\/new\/wp-json\/wp\/v2\/comments?post=80337"}],"wp:featuredmedia":[{"embeddable":true,"href":"https:\/\/www.pescafish.it\/new\/wp-json\/wp\/v2\/media\/80338"}],"wp:attachment":[{"href":"https:\/\/www.pescafish.it\/new\/wp-json\/wp\/v2\/media?parent=80337"}],"wp:term":[{"taxonomy":"product_cat","embeddable":true,"href":"https:\/\/www.pescafish.it\/new\/wp-json\/wp\/v2\/product_cat?post=80337"},{"taxonomy":"product_tag","embeddable":true,"href":"https:\/\/www.pescafish.it\/new\/wp-json\/wp\/v2\/product_tag?post=80337"}],"curies":[{"name":"wp","href":"https:\/\/api.w.org\/{rel}","templated":true}]}}