{"id":80182,"date":"2022-07-15T08:32:48","date_gmt":"2022-07-15T06:32:48","guid":{"rendered":"https:\/\/www.pescafish.it\/new\/?post_type=product&#038;p=80182"},"modified":"2025-10-01T09:56:56","modified_gmt":"2025-10-01T07:56:56","slug":"rush-bell-33-nories","status":"publish","type":"product","link":"https:\/\/www.pescafish.it\/new\/prodotto\/rush-bell-33-nories\/","title":{"rendered":"Rush Bell 33 &#8211; Nories"},"content":{"rendered":"<h2>Rush Bell 33<\/h2>\n<p>Il Rush Bell 33 \u00e8 un crank che d\u00e0 il massimo con recuperi estremamente lenti intervallanti da cambi di velocit\u00e0. Particolarmente indicato con pesci piuttosto alti, lavora infatti ad un profondit\u00e0 massima di 50cm. Efficace su trote sia attive che piuttosto apatiche.<\/p>\n<p><strong>Caratteristiche:<\/strong><\/p>\n<p>\u2022 misura: 33mm<br \/>\n\u2022 peso: 1.9gr<br \/>\n\u2022 azione: floating\/rattling<br \/>\n\u2022 profondit\u00e0: 0.5m\/2lb<br \/>\n\u2022 Amo anteriore Vanfook CK33W &#8211; 8<br \/>\n\u2022 Amo posteriore Vanfook SP2 &#8211; 8<\/p>\n<p><strong>Disponibile nelle seguenti colorazioni:<\/strong><br \/>\n<strong>14384<\/strong>\u00a0 346M<br \/>\n<strong>17251<\/strong>\u00a0 359M<br \/>\n<strong>14378<\/strong>\u00a0 321<\/p>\n","protected":false},"excerpt":{"rendered":"<p>Rush Bell 33 Il Rush Bell 33 \u00e8 un crank che d\u00e0 il massimo con recuperi estremamente lenti intervallanti da cambi di velocit\u00e0. Particolarmente indicato con pesci piuttosto alti, lavora infatti ad un profondit\u00e0 massima di 50cm. Efficace su trote sia attive che piuttosto apatiche. Caratteristiche: \u2022 misura: 33mm \u2022 peso: 1.9gr \u2022 azione: floating\/rattling [&hellip;]<\/p>\n","protected":false},"featured_media":80185,"comment_status":"closed","ping_status":"closed","template":"","meta":[],"product_cat":[923],"product_tag":[1071],"yoast_head":"<!-- This site is optimized with the Yoast SEO plugin v15.3 - https:\/\/yoast.com\/wordpress\/plugins\/seo\/ -->\n<title>Rush Bell 33 - Nories - Pesca Fish<\/title>\n<meta name=\"robots\" content=\"index, follow, max-snippet:-1, max-image-preview:large, max-video-preview:-1\" \/>\n<link rel=\"canonical\" href=\"https:\/\/www.pescafish.it\/new\/prodotto\/rush-bell-33-nories\/\" \/>\n<meta property=\"og:locale\" content=\"it_IT\" \/>\n<meta property=\"og:type\" content=\"article\" \/>\n<meta property=\"og:title\" content=\"Rush Bell 33 - Nories - Pesca Fish\" \/>\n<meta property=\"og:description\" content=\"Rush Bell 33 Il Rush Bell 33 \u00e8 un crank che d\u00e0 il massimo con recuperi estremamente lenti intervallanti da cambi di velocit\u00e0. Particolarmente indicato con pesci piuttosto alti, lavora infatti ad un profondit\u00e0 massima di 50cm. Efficace su trote sia attive che piuttosto apatiche. Caratteristiche: \u2022 misura: 33mm \u2022 peso: 1.9gr \u2022 azione: floating\/rattling [&hellip;]\" \/>\n<meta property=\"og:url\" content=\"https:\/\/www.pescafish.it\/new\/prodotto\/rush-bell-33-nories\/\" \/>\n<meta property=\"og:site_name\" content=\"Pesca Fish\" \/>\n<meta property=\"article:publisher\" content=\"https:\/\/www.facebook.com\/pescafishvr\/\" \/>\n<meta property=\"article:modified_time\" content=\"2025-10-01T07:56:56+00:00\" \/>\n<meta property=\"og:image\" content=\"https:\/\/www.pescafish.it\/new\/wp-content\/uploads\/2022\/07\/321-33-1.jpg\" \/>\n\t<meta property=\"og:image:width\" content=\"1287\" \/>\n\t<meta property=\"og:image:height\" content=\"1287\" \/>\n<meta name=\"twitter:card\" content=\"summary_large_image\" \/>\n<meta name=\"twitter:label1\" content=\"Scritto da\">\n\t<meta name=\"twitter:data1\" content=\"francesca\">\n\t<meta name=\"twitter:label2\" content=\"Tempo di lettura stimato\">\n\t<meta name=\"twitter:data2\" content=\"0 minuti\">\n<script type=\"application\/ld+json\" class=\"yoast-schema-graph\">{\"@context\":\"https:\/\/schema.org\",\"@graph\":[{\"@type\":\"WebSite\",\"@id\":\"https:\/\/www.pescafish.it\/new\/#website\",\"url\":\"https:\/\/www.pescafish.it\/new\/\",\"name\":\"Pesca Fish\",\"description\":\"Benvenuti sul nostro sito!\",\"potentialAction\":[{\"@type\":\"SearchAction\",\"target\":\"https:\/\/www.pescafish.it\/new\/?s={search_term_string}\",\"query-input\":\"required name=search_term_string\"}],\"inLanguage\":\"it-IT\"},{\"@type\":\"ImageObject\",\"@id\":\"https:\/\/www.pescafish.it\/new\/prodotto\/rush-bell-33-nories\/#primaryimage\",\"inLanguage\":\"it-IT\",\"url\":\"https:\/\/www.pescafish.it\/new\/wp-content\/uploads\/2022\/07\/321-33-1.jpg\",\"width\":1287,\"height\":1287},{\"@type\":\"WebPage\",\"@id\":\"https:\/\/www.pescafish.it\/new\/prodotto\/rush-bell-33-nories\/#webpage\",\"url\":\"https:\/\/www.pescafish.it\/new\/prodotto\/rush-bell-33-nories\/\",\"name\":\"Rush Bell 33 - Nories - Pesca Fish\",\"isPartOf\":{\"@id\":\"https:\/\/www.pescafish.it\/new\/#website\"},\"primaryImageOfPage\":{\"@id\":\"https:\/\/www.pescafish.it\/new\/prodotto\/rush-bell-33-nories\/#primaryimage\"},\"datePublished\":\"2022-07-15T06:32:48+00:00\",\"dateModified\":\"2025-10-01T07:56:56+00:00\",\"inLanguage\":\"it-IT\",\"potentialAction\":[{\"@type\":\"ReadAction\",\"target\":[\"https:\/\/www.pescafish.it\/new\/prodotto\/rush-bell-33-nories\/\"]}]}]}<\/script>\n<!-- \/ Yoast SEO plugin. -->","_links":{"self":[{"href":"https:\/\/www.pescafish.it\/new\/wp-json\/wp\/v2\/product\/80182"}],"collection":[{"href":"https:\/\/www.pescafish.it\/new\/wp-json\/wp\/v2\/product"}],"about":[{"href":"https:\/\/www.pescafish.it\/new\/wp-json\/wp\/v2\/types\/product"}],"replies":[{"embeddable":true,"href":"https:\/\/www.pescafish.it\/new\/wp-json\/wp\/v2\/comments?post=80182"}],"wp:featuredmedia":[{"embeddable":true,"href":"https:\/\/www.pescafish.it\/new\/wp-json\/wp\/v2\/media\/80185"}],"wp:attachment":[{"href":"https:\/\/www.pescafish.it\/new\/wp-json\/wp\/v2\/media?parent=80182"}],"wp:term":[{"taxonomy":"product_cat","embeddable":true,"href":"https:\/\/www.pescafish.it\/new\/wp-json\/wp\/v2\/product_cat?post=80182"},{"taxonomy":"product_tag","embeddable":true,"href":"https:\/\/www.pescafish.it\/new\/wp-json\/wp\/v2\/product_tag?post=80182"}],"curies":[{"name":"wp","href":"https:\/\/api.w.org\/{rel}","templated":true}]}}