{"id":80027,"date":"2022-07-07T18:25:20","date_gmt":"2022-07-07T16:25:20","guid":{"rendered":"https:\/\/www.pescafish.it\/new\/?post_type=product&#038;p=80027"},"modified":"2024-08-07T16:06:04","modified_gmt":"2024-08-07T14:06:04","slug":"gure-in-koreda-krill-marukuy","status":"publish","type":"product","link":"https:\/\/www.pescafish.it\/new\/prodotto\/gure-in-koreda-krill-marukuy\/","title":{"rendered":"Gure In Koreda ( Krill ) &#8211; Marukuy"},"content":{"rendered":"<h2>Gure In Koreda ( Krill )<\/h2>\n<p>Il MARUKYU GURE NI KOREDA \u00e8 il nuovo additivo che la casa Giapponese ha studiato espressamente per aumentare l\u2019attrazione di qualsiasi mix per pasturazione o innesco generico, dedicato all\u2019uso Marino. Il GURE NI KOREDA \u00e8 composto da un super concentrato 10x di estratto di KRILL selezionato di Altissima Qualit\u00e0, unito a particolari attrattori aminoacidi rivolti al SALT WATER Fishing. Il GURE \u00e8 un pesce molto popolare in Giappone le cui carni sono molto apprezzate.<\/p>\n<p><strong>Barattolo da 400ml<\/strong><\/p>\n","protected":false},"excerpt":{"rendered":"<p>Gure In Koreda ( Krill ) Il MARUKYU GURE NI KOREDA \u00e8 il nuovo additivo che la casa Giapponese ha studiato espressamente per aumentare l\u2019attrazione di qualsiasi mix per pasturazione o innesco generico, dedicato all\u2019uso Marino. Il GURE NI KOREDA \u00e8 composto da un super concentrato 10x di estratto di KRILL selezionato di Altissima Qualit\u00e0, [&hellip;]<\/p>\n","protected":false},"featured_media":80028,"comment_status":"closed","ping_status":"closed","template":"","meta":[],"product_cat":[707],"product_tag":[1218],"yoast_head":"<!-- This site is optimized with the Yoast SEO plugin v15.3 - https:\/\/yoast.com\/wordpress\/plugins\/seo\/ -->\n<title>Gure In Koreda ( Krill ) - Marukuy - Pesca Fish<\/title>\n<meta name=\"robots\" content=\"index, follow, max-snippet:-1, max-image-preview:large, max-video-preview:-1\" \/>\n<link rel=\"canonical\" href=\"https:\/\/www.pescafish.it\/new\/prodotto\/gure-in-koreda-krill-marukuy\/\" \/>\n<meta property=\"og:locale\" content=\"it_IT\" \/>\n<meta property=\"og:type\" content=\"article\" \/>\n<meta property=\"og:title\" content=\"Gure In Koreda ( Krill ) - Marukuy - Pesca Fish\" \/>\n<meta property=\"og:description\" content=\"Gure In Koreda ( Krill ) Il MARUKYU GURE NI KOREDA \u00e8 il nuovo additivo che la casa Giapponese ha studiato espressamente per aumentare l\u2019attrazione di qualsiasi mix per pasturazione o innesco generico, dedicato all\u2019uso Marino. Il GURE NI KOREDA \u00e8 composto da un super concentrato 10x di estratto di KRILL selezionato di Altissima Qualit\u00e0, [&hellip;]\" \/>\n<meta property=\"og:url\" content=\"https:\/\/www.pescafish.it\/new\/prodotto\/gure-in-koreda-krill-marukuy\/\" \/>\n<meta property=\"og:site_name\" content=\"Pesca Fish\" \/>\n<meta property=\"article:publisher\" content=\"https:\/\/www.facebook.com\/pescafishvr\/\" \/>\n<meta property=\"article:modified_time\" content=\"2024-08-07T14:06:04+00:00\" \/>\n<meta property=\"og:image\" content=\"https:\/\/www.pescafish.it\/new\/wp-content\/uploads\/2022\/07\/krill.jpg\" \/>\n\t<meta property=\"og:image:width\" content=\"1287\" \/>\n\t<meta property=\"og:image:height\" content=\"1287\" \/>\n<meta name=\"twitter:card\" content=\"summary_large_image\" \/>\n<meta name=\"twitter:label1\" content=\"Scritto da\">\n\t<meta name=\"twitter:data1\" content=\"francesca\">\n\t<meta name=\"twitter:label2\" content=\"Tempo di lettura stimato\">\n\t<meta name=\"twitter:data2\" content=\"0 minuti\">\n<script type=\"application\/ld+json\" class=\"yoast-schema-graph\">{\"@context\":\"https:\/\/schema.org\",\"@graph\":[{\"@type\":\"WebSite\",\"@id\":\"https:\/\/www.pescafish.it\/new\/#website\",\"url\":\"https:\/\/www.pescafish.it\/new\/\",\"name\":\"Pesca Fish\",\"description\":\"Benvenuti sul nostro sito!\",\"potentialAction\":[{\"@type\":\"SearchAction\",\"target\":\"https:\/\/www.pescafish.it\/new\/?s={search_term_string}\",\"query-input\":\"required name=search_term_string\"}],\"inLanguage\":\"it-IT\"},{\"@type\":\"ImageObject\",\"@id\":\"https:\/\/www.pescafish.it\/new\/prodotto\/gure-in-koreda-krill-marukuy\/#primaryimage\",\"inLanguage\":\"it-IT\",\"url\":\"https:\/\/www.pescafish.it\/new\/wp-content\/uploads\/2022\/07\/krill.jpg\",\"width\":1287,\"height\":1287,\"caption\":\"Marukuy\"},{\"@type\":\"WebPage\",\"@id\":\"https:\/\/www.pescafish.it\/new\/prodotto\/gure-in-koreda-krill-marukuy\/#webpage\",\"url\":\"https:\/\/www.pescafish.it\/new\/prodotto\/gure-in-koreda-krill-marukuy\/\",\"name\":\"Gure In Koreda ( Krill ) - Marukuy - Pesca Fish\",\"isPartOf\":{\"@id\":\"https:\/\/www.pescafish.it\/new\/#website\"},\"primaryImageOfPage\":{\"@id\":\"https:\/\/www.pescafish.it\/new\/prodotto\/gure-in-koreda-krill-marukuy\/#primaryimage\"},\"datePublished\":\"2022-07-07T16:25:20+00:00\",\"dateModified\":\"2024-08-07T14:06:04+00:00\",\"inLanguage\":\"it-IT\",\"potentialAction\":[{\"@type\":\"ReadAction\",\"target\":[\"https:\/\/www.pescafish.it\/new\/prodotto\/gure-in-koreda-krill-marukuy\/\"]}]}]}<\/script>\n<!-- \/ Yoast SEO plugin. -->","_links":{"self":[{"href":"https:\/\/www.pescafish.it\/new\/wp-json\/wp\/v2\/product\/80027"}],"collection":[{"href":"https:\/\/www.pescafish.it\/new\/wp-json\/wp\/v2\/product"}],"about":[{"href":"https:\/\/www.pescafish.it\/new\/wp-json\/wp\/v2\/types\/product"}],"replies":[{"embeddable":true,"href":"https:\/\/www.pescafish.it\/new\/wp-json\/wp\/v2\/comments?post=80027"}],"wp:featuredmedia":[{"embeddable":true,"href":"https:\/\/www.pescafish.it\/new\/wp-json\/wp\/v2\/media\/80028"}],"wp:attachment":[{"href":"https:\/\/www.pescafish.it\/new\/wp-json\/wp\/v2\/media?parent=80027"}],"wp:term":[{"taxonomy":"product_cat","embeddable":true,"href":"https:\/\/www.pescafish.it\/new\/wp-json\/wp\/v2\/product_cat?post=80027"},{"taxonomy":"product_tag","embeddable":true,"href":"https:\/\/www.pescafish.it\/new\/wp-json\/wp\/v2\/product_tag?post=80027"}],"curies":[{"name":"wp","href":"https:\/\/api.w.org\/{rel}","templated":true}]}}