{"id":79967,"date":"2022-07-05T09:27:04","date_gmt":"2022-07-05T07:27:04","guid":{"rendered":"https:\/\/www.pescafish.it\/new\/?post_type=product&#038;p=79967"},"modified":"2025-11-29T10:40:52","modified_gmt":"2025-11-29T09:40:52","slug":"titan-diver-bkk","status":"publish","type":"product","link":"https:\/\/www.pescafish.it\/new\/prodotto\/titan-diver-bkk\/","title":{"rendered":"Titan Diver+ &#8211; BKK"},"content":{"rendered":"<h2>Titan Diver+<\/h2>\n<p>Il BKK Titan Diver+ \u00e8 l&#8217;ultima evoluzione della serie Titan.<\/p>\n<p>Potenzialmente una svolta nei segmenti dell&#8217;amo a vite senza fine, il Diver+ eredita tutte le caratteristiche di un normale amo Titan &#8211; rivestimento Super Slide, punta dell&#8217;ago, molla e tappo in silicone &#8211; migliorate con un sistema di scambio del piombo semplice, intuitivo ed efficace. Il sistema offre molte diverse combinazioni per aggiungere peso alla tua esca poich\u00e9 il guinzaglio pu\u00f2 scivolare sul gambo, stimolando la creativit\u00e0 dei pescatori nell&#8217;adattarlo a varie tecniche e condizioni di pesca.<\/p>\n<p>L&#8217;occhiello inferiore sul peso consente l&#8217;aggiunta di una lama per migliorare la presentazione dell&#8217;esca.<\/p>\n<p><strong>Disponibile nelle seguenti misure:<br \/>\nA-EW-9656<\/strong>\u00a0 Size 12\/0<\/p>\n","protected":false},"excerpt":{"rendered":"<p>Titan Diver+ Il BKK Titan Diver+ \u00e8 l&#8217;ultima evoluzione della serie Titan. Potenzialmente una svolta nei segmenti dell&#8217;amo a vite senza fine, il Diver+ eredita tutte le caratteristiche di un normale amo Titan &#8211; rivestimento Super Slide, punta dell&#8217;ago, molla e tappo in silicone &#8211; migliorate con un sistema di scambio del piombo semplice, intuitivo [&hellip;]<\/p>\n","protected":false},"featured_media":79968,"comment_status":"closed","ping_status":"closed","template":"","meta":[],"product_cat":[682,684],"product_tag":[1330],"yoast_head":"<!-- This site is optimized with the Yoast SEO plugin v15.3 - https:\/\/yoast.com\/wordpress\/plugins\/seo\/ -->\n<title>Titan Diver+ - BKK - Pesca Fish<\/title>\n<meta name=\"robots\" content=\"index, follow, max-snippet:-1, max-image-preview:large, max-video-preview:-1\" \/>\n<link rel=\"canonical\" href=\"https:\/\/www.pescafish.it\/new\/prodotto\/titan-diver-bkk\/\" \/>\n<meta property=\"og:locale\" content=\"it_IT\" \/>\n<meta property=\"og:type\" content=\"article\" \/>\n<meta property=\"og:title\" content=\"Titan Diver+ - BKK - Pesca Fish\" \/>\n<meta property=\"og:description\" content=\"Titan Diver+ Il BKK Titan Diver+ \u00e8 l&#8217;ultima evoluzione della serie Titan. Potenzialmente una svolta nei segmenti dell&#8217;amo a vite senza fine, il Diver+ eredita tutte le caratteristiche di un normale amo Titan &#8211; rivestimento Super Slide, punta dell&#8217;ago, molla e tappo in silicone &#8211; migliorate con un sistema di scambio del piombo semplice, intuitivo [&hellip;]\" \/>\n<meta property=\"og:url\" content=\"https:\/\/www.pescafish.it\/new\/prodotto\/titan-diver-bkk\/\" \/>\n<meta property=\"og:site_name\" content=\"Pesca Fish\" \/>\n<meta property=\"article:publisher\" content=\"https:\/\/www.facebook.com\/pescafishvr\/\" \/>\n<meta property=\"article:modified_time\" content=\"2025-11-29T09:40:52+00:00\" \/>\n<meta property=\"og:image\" content=\"https:\/\/www.pescafish.it\/new\/wp-content\/uploads\/2022\/07\/TITANDIVER.jpg\" \/>\n\t<meta property=\"og:image:width\" content=\"734\" \/>\n\t<meta property=\"og:image:height\" content=\"734\" \/>\n<meta name=\"twitter:card\" content=\"summary_large_image\" \/>\n<meta name=\"twitter:label1\" content=\"Scritto da\">\n\t<meta name=\"twitter:data1\" content=\"francesca\">\n\t<meta name=\"twitter:label2\" content=\"Tempo di lettura stimato\">\n\t<meta name=\"twitter:data2\" content=\"0 minuti\">\n<script type=\"application\/ld+json\" class=\"yoast-schema-graph\">{\"@context\":\"https:\/\/schema.org\",\"@graph\":[{\"@type\":\"WebSite\",\"@id\":\"https:\/\/www.pescafish.it\/new\/#website\",\"url\":\"https:\/\/www.pescafish.it\/new\/\",\"name\":\"Pesca Fish\",\"description\":\"Benvenuti sul nostro sito!\",\"potentialAction\":[{\"@type\":\"SearchAction\",\"target\":\"https:\/\/www.pescafish.it\/new\/?s={search_term_string}\",\"query-input\":\"required name=search_term_string\"}],\"inLanguage\":\"it-IT\"},{\"@type\":\"ImageObject\",\"@id\":\"https:\/\/www.pescafish.it\/new\/prodotto\/titan-diver-bkk\/#primaryimage\",\"inLanguage\":\"it-IT\",\"url\":\"https:\/\/www.pescafish.it\/new\/wp-content\/uploads\/2022\/07\/TITANDIVER.jpg\",\"width\":734,\"height\":734,\"caption\":\"BKK\"},{\"@type\":\"WebPage\",\"@id\":\"https:\/\/www.pescafish.it\/new\/prodotto\/titan-diver-bkk\/#webpage\",\"url\":\"https:\/\/www.pescafish.it\/new\/prodotto\/titan-diver-bkk\/\",\"name\":\"Titan Diver+ - BKK - Pesca Fish\",\"isPartOf\":{\"@id\":\"https:\/\/www.pescafish.it\/new\/#website\"},\"primaryImageOfPage\":{\"@id\":\"https:\/\/www.pescafish.it\/new\/prodotto\/titan-diver-bkk\/#primaryimage\"},\"datePublished\":\"2022-07-05T07:27:04+00:00\",\"dateModified\":\"2025-11-29T09:40:52+00:00\",\"inLanguage\":\"it-IT\",\"potentialAction\":[{\"@type\":\"ReadAction\",\"target\":[\"https:\/\/www.pescafish.it\/new\/prodotto\/titan-diver-bkk\/\"]}]}]}<\/script>\n<!-- \/ Yoast SEO plugin. -->","_links":{"self":[{"href":"https:\/\/www.pescafish.it\/new\/wp-json\/wp\/v2\/product\/79967"}],"collection":[{"href":"https:\/\/www.pescafish.it\/new\/wp-json\/wp\/v2\/product"}],"about":[{"href":"https:\/\/www.pescafish.it\/new\/wp-json\/wp\/v2\/types\/product"}],"replies":[{"embeddable":true,"href":"https:\/\/www.pescafish.it\/new\/wp-json\/wp\/v2\/comments?post=79967"}],"wp:featuredmedia":[{"embeddable":true,"href":"https:\/\/www.pescafish.it\/new\/wp-json\/wp\/v2\/media\/79968"}],"wp:attachment":[{"href":"https:\/\/www.pescafish.it\/new\/wp-json\/wp\/v2\/media?parent=79967"}],"wp:term":[{"taxonomy":"product_cat","embeddable":true,"href":"https:\/\/www.pescafish.it\/new\/wp-json\/wp\/v2\/product_cat?post=79967"},{"taxonomy":"product_tag","embeddable":true,"href":"https:\/\/www.pescafish.it\/new\/wp-json\/wp\/v2\/product_tag?post=79967"}],"curies":[{"name":"wp","href":"https:\/\/api.w.org\/{rel}","templated":true}]}}