{"id":79948,"date":"2022-07-05T08:56:56","date_gmt":"2022-07-05T06:56:56","guid":{"rendered":"https:\/\/www.pescafish.it\/new\/?post_type=product&#038;p=79948"},"modified":"2022-07-05T08:56:57","modified_gmt":"2022-07-05T06:56:57","slug":"infinity-swivel-js-bkk","status":"publish","type":"product","link":"https:\/\/www.pescafish.it\/new\/prodotto\/infinity-swivel-js-bkk\/","title":{"rendered":"Infinity Swivel JS &#8211; BKK"},"content":{"rendered":"<h2>Infinity Swivel JS<\/h2>\n<p>Il BKK Infinity Swivel JS \u00e8 un Infinity Swivel aggiornato progettato per armare i tuoi jig. Presenta tutte le caratteristiche dell&#8217;originale Infinity Sivel per resistere alla corrosione, fornire resistenza e durata ed evitare tutte le forze di torsione. Inoltre, uno degli anelli \u00e8 pi\u00f9 grande per consentire una maggiore libert\u00e0 di movimento sia agli ami assistiti che al jig nella presentazione del jigging, migliorando cos\u00ec la velocit\u00e0 di aggancio.<\/p>\n<p><strong>Disponibile nelle seguenti misure:<\/strong><br \/>\n<strong>D-MQ-1032<\/strong>\u00a0 Size 1<br \/>\n<strong>D-MQ-1033<\/strong>\u00a0 Size 2<br \/>\n<strong>D-MQ-1034<\/strong>\u00a0 Size 3<\/p>\n","protected":false},"excerpt":{"rendered":"<p>Infinity Swivel JS Il BKK Infinity Swivel JS \u00e8 un Infinity Swivel aggiornato progettato per armare i tuoi jig. Presenta tutte le caratteristiche dell&#8217;originale Infinity Sivel per resistere alla corrosione, fornire resistenza e durata ed evitare tutte le forze di torsione. Inoltre, uno degli anelli \u00e8 pi\u00f9 grande per consentire una maggiore libert\u00e0 di movimento [&hellip;]<\/p>\n","protected":false},"featured_media":79949,"comment_status":"closed","ping_status":"closed","template":"","meta":[],"product_cat":[696],"product_tag":[1330],"yoast_head":"<!-- This site is optimized with the Yoast SEO plugin v15.3 - https:\/\/yoast.com\/wordpress\/plugins\/seo\/ -->\n<title>Infinity Swivel JS - BKK - Pesca Fish<\/title>\n<meta name=\"robots\" content=\"index, follow, max-snippet:-1, max-image-preview:large, max-video-preview:-1\" \/>\n<link rel=\"canonical\" href=\"https:\/\/www.pescafish.it\/new\/prodotto\/infinity-swivel-js-bkk\/\" \/>\n<meta property=\"og:locale\" content=\"it_IT\" \/>\n<meta property=\"og:type\" content=\"article\" \/>\n<meta property=\"og:title\" content=\"Infinity Swivel JS - BKK - Pesca Fish\" \/>\n<meta property=\"og:description\" content=\"Infinity Swivel JS Il BKK Infinity Swivel JS \u00e8 un Infinity Swivel aggiornato progettato per armare i tuoi jig. Presenta tutte le caratteristiche dell&#8217;originale Infinity Sivel per resistere alla corrosione, fornire resistenza e durata ed evitare tutte le forze di torsione. Inoltre, uno degli anelli \u00e8 pi\u00f9 grande per consentire una maggiore libert\u00e0 di movimento [&hellip;]\" \/>\n<meta property=\"og:url\" content=\"https:\/\/www.pescafish.it\/new\/prodotto\/infinity-swivel-js-bkk\/\" \/>\n<meta property=\"og:site_name\" content=\"Pesca Fish\" \/>\n<meta property=\"article:publisher\" content=\"https:\/\/www.facebook.com\/pescafishvr\/\" \/>\n<meta property=\"article:modified_time\" content=\"2022-07-05T06:56:57+00:00\" \/>\n<meta property=\"og:image\" content=\"https:\/\/www.pescafish.it\/new\/wp-content\/uploads\/2022\/07\/WeChatWorkScreenshot_b1a9a27d-0dae-42ad-a573-627570d054fd.png\" \/>\n\t<meta property=\"og:image:width\" content=\"734\" \/>\n\t<meta property=\"og:image:height\" content=\"734\" \/>\n<meta name=\"twitter:card\" content=\"summary_large_image\" \/>\n<meta name=\"twitter:label1\" content=\"Scritto da\">\n\t<meta name=\"twitter:data1\" content=\"francesca\">\n\t<meta name=\"twitter:label2\" content=\"Tempo di lettura stimato\">\n\t<meta name=\"twitter:data2\" content=\"0 minuti\">\n<script type=\"application\/ld+json\" class=\"yoast-schema-graph\">{\"@context\":\"https:\/\/schema.org\",\"@graph\":[{\"@type\":\"WebSite\",\"@id\":\"https:\/\/www.pescafish.it\/new\/#website\",\"url\":\"https:\/\/www.pescafish.it\/new\/\",\"name\":\"Pesca Fish\",\"description\":\"Benvenuti sul nostro sito!\",\"potentialAction\":[{\"@type\":\"SearchAction\",\"target\":\"https:\/\/www.pescafish.it\/new\/?s={search_term_string}\",\"query-input\":\"required name=search_term_string\"}],\"inLanguage\":\"it-IT\"},{\"@type\":\"ImageObject\",\"@id\":\"https:\/\/www.pescafish.it\/new\/prodotto\/infinity-swivel-js-bkk\/#primaryimage\",\"inLanguage\":\"it-IT\",\"url\":\"https:\/\/www.pescafish.it\/new\/wp-content\/uploads\/2022\/07\/WeChatWorkScreenshot_b1a9a27d-0dae-42ad-a573-627570d054fd.png\",\"width\":734,\"height\":734,\"caption\":\"BKK\"},{\"@type\":\"WebPage\",\"@id\":\"https:\/\/www.pescafish.it\/new\/prodotto\/infinity-swivel-js-bkk\/#webpage\",\"url\":\"https:\/\/www.pescafish.it\/new\/prodotto\/infinity-swivel-js-bkk\/\",\"name\":\"Infinity Swivel JS - BKK - Pesca Fish\",\"isPartOf\":{\"@id\":\"https:\/\/www.pescafish.it\/new\/#website\"},\"primaryImageOfPage\":{\"@id\":\"https:\/\/www.pescafish.it\/new\/prodotto\/infinity-swivel-js-bkk\/#primaryimage\"},\"datePublished\":\"2022-07-05T06:56:56+00:00\",\"dateModified\":\"2022-07-05T06:56:57+00:00\",\"inLanguage\":\"it-IT\",\"potentialAction\":[{\"@type\":\"ReadAction\",\"target\":[\"https:\/\/www.pescafish.it\/new\/prodotto\/infinity-swivel-js-bkk\/\"]}]}]}<\/script>\n<!-- \/ Yoast SEO plugin. -->","_links":{"self":[{"href":"https:\/\/www.pescafish.it\/new\/wp-json\/wp\/v2\/product\/79948"}],"collection":[{"href":"https:\/\/www.pescafish.it\/new\/wp-json\/wp\/v2\/product"}],"about":[{"href":"https:\/\/www.pescafish.it\/new\/wp-json\/wp\/v2\/types\/product"}],"replies":[{"embeddable":true,"href":"https:\/\/www.pescafish.it\/new\/wp-json\/wp\/v2\/comments?post=79948"}],"wp:featuredmedia":[{"embeddable":true,"href":"https:\/\/www.pescafish.it\/new\/wp-json\/wp\/v2\/media\/79949"}],"wp:attachment":[{"href":"https:\/\/www.pescafish.it\/new\/wp-json\/wp\/v2\/media?parent=79948"}],"wp:term":[{"taxonomy":"product_cat","embeddable":true,"href":"https:\/\/www.pescafish.it\/new\/wp-json\/wp\/v2\/product_cat?post=79948"},{"taxonomy":"product_tag","embeddable":true,"href":"https:\/\/www.pescafish.it\/new\/wp-json\/wp\/v2\/product_tag?post=79948"}],"curies":[{"name":"wp","href":"https:\/\/api.w.org\/{rel}","templated":true}]}}