{"id":79854,"date":"2022-07-02T16:27:27","date_gmt":"2022-07-02T14:27:27","guid":{"rendered":"https:\/\/www.pescafish.it\/new\/?post_type=product&#038;p=79854"},"modified":"2026-04-08T11:37:48","modified_gmt":"2026-04-08T09:37:48","slug":"technium-premium-box-shimano","status":"publish","type":"product","link":"https:\/\/www.pescafish.it\/new\/prodotto\/technium-premium-box-shimano\/","title":{"rendered":"Technium Premium Box &#8211; Shimano"},"content":{"rendered":"<p>La tecnologia Triple Construction ha reso il monofilo Technium uno dei migliori fili sul mercato, ma le nuove tecnologie giapponesi lo hanno reso non solo pi\u00f9 sottile ma anche pi\u00f9 forte!! La tripla costruzione non solo garantisce un&#8217;eccellente resistenza ma riduce l&#8217;allungamento del filo grazie allo strato centrale solido. La maggior parte dei fili in commercio hanno un allungamento che super il 25%, Technium circa il 12%! Questo non solo migliora enormemente la distanza di lancio, ma rende pi\u00f9 nitida la sensazione dell&#8217;abboccata e consentendo al pescatore di effettuare ferrate sicure. Lo strato centrale solido inoltre conferisce a questo filo delle eccellenti propriet\u00e0 affondamento. Il 2 \u00b0 livello del filo \u00e8 quello che ne determina la morbidezza, che \u00e8 evidente gi\u00e0 dal momento in cui si estrae il filo dalla bobina. Fin dal primo lancio la quasi totale assenza di memoria permette di raggiungere grandi distanze senza sforzo. Ancora una volta la sensibilit\u00e0 \u00e8 amplificata anche dalla mancanza di memoria. Un sottile strato protettivo ai raggi UV ultra fine che viene applicato al filo conferisce al Technium la sua finitura liscia come seta, e garantisce la sua longevit\u00e0, un pregio che Shimano ha gi\u00e0 dimostrato negli anni per i suoi mulinelli.<\/p>\n<p><strong>Disponibile nelle seguenti misure:<\/strong><br \/>\n<strong>TEC22QPPB<\/strong>\u00a0 \u00d8 0,225mm &#8211; 1920mt<br \/>\n<strong>TEC25QPPB\u00a0<\/strong> \u00d8 0,255mm &#8211; 1530mt<br \/>\n<strong>TEC28QPPB\u00a0<\/strong> \u00d8 0,285mm &#8211; 1250mt<br \/>\n<strong>TEC30QPPB\u00a0<\/strong> \u00d8 0,305mm &#8211; 1100mt<br \/>\n<strong>TEC35QPPB\u00a0<\/strong> \u00d8 0,355mm &#8211; 790mt<br \/>\n<strong>TEC40QPPB\u00a0<\/strong> \u00d8 0,405mm &#8211; 620mt<\/p>\n","protected":false},"excerpt":{"rendered":"<p>La tecnologia Triple Construction ha reso il monofilo Technium uno dei migliori fili sul mercato, ma le nuove tecnologie giapponesi lo hanno reso non solo pi\u00f9 sottile ma anche pi\u00f9 forte!! La tripla costruzione non solo garantisce un&#8217;eccellente resistenza ma riduce l&#8217;allungamento del filo grazie allo strato centrale solido. La maggior parte dei fili in [&hellip;]<\/p>\n","protected":false},"featured_media":79855,"comment_status":"closed","ping_status":"closed","template":"","meta":[],"product_cat":[712],"product_tag":[1023],"yoast_head":"<!-- This site is optimized with the Yoast SEO plugin v15.3 - https:\/\/yoast.com\/wordpress\/plugins\/seo\/ -->\n<title>Technium Premium Box - Shimano - Pesca Fish<\/title>\n<meta name=\"robots\" content=\"index, follow, max-snippet:-1, max-image-preview:large, max-video-preview:-1\" \/>\n<link rel=\"canonical\" href=\"https:\/\/www.pescafish.it\/new\/prodotto\/technium-premium-box-shimano\/\" \/>\n<meta property=\"og:locale\" content=\"it_IT\" \/>\n<meta property=\"og:type\" content=\"article\" \/>\n<meta property=\"og:title\" content=\"Technium Premium Box - Shimano - Pesca Fish\" \/>\n<meta property=\"og:description\" content=\"La tecnologia Triple Construction ha reso il monofilo Technium uno dei migliori fili sul mercato, ma le nuove tecnologie giapponesi lo hanno reso non solo pi\u00f9 sottile ma anche pi\u00f9 forte!! La tripla costruzione non solo garantisce un&#8217;eccellente resistenza ma riduce l&#8217;allungamento del filo grazie allo strato centrale solido. La maggior parte dei fili in [&hellip;]\" \/>\n<meta property=\"og:url\" content=\"https:\/\/www.pescafish.it\/new\/prodotto\/technium-premium-box-shimano\/\" \/>\n<meta property=\"og:site_name\" content=\"Pesca Fish\" \/>\n<meta property=\"article:publisher\" content=\"https:\/\/www.facebook.com\/pescafishvr\/\" \/>\n<meta property=\"article:modified_time\" content=\"2026-04-08T09:37:48+00:00\" \/>\n<meta property=\"og:image\" content=\"https:\/\/www.pescafish.it\/new\/wp-content\/uploads\/2022\/07\/technium-premium-box.jpg\" \/>\n\t<meta property=\"og:image:width\" content=\"984\" \/>\n\t<meta property=\"og:image:height\" content=\"984\" \/>\n<meta name=\"twitter:card\" content=\"summary_large_image\" \/>\n<meta name=\"twitter:label1\" content=\"Scritto da\">\n\t<meta name=\"twitter:data1\" content=\"francesca\">\n\t<meta name=\"twitter:label2\" content=\"Tempo di lettura stimato\">\n\t<meta name=\"twitter:data2\" content=\"1 minuto\">\n<script type=\"application\/ld+json\" class=\"yoast-schema-graph\">{\"@context\":\"https:\/\/schema.org\",\"@graph\":[{\"@type\":\"WebSite\",\"@id\":\"https:\/\/www.pescafish.it\/new\/#website\",\"url\":\"https:\/\/www.pescafish.it\/new\/\",\"name\":\"Pesca Fish\",\"description\":\"Benvenuti sul nostro sito!\",\"potentialAction\":[{\"@type\":\"SearchAction\",\"target\":\"https:\/\/www.pescafish.it\/new\/?s={search_term_string}\",\"query-input\":\"required name=search_term_string\"}],\"inLanguage\":\"it-IT\"},{\"@type\":\"ImageObject\",\"@id\":\"https:\/\/www.pescafish.it\/new\/prodotto\/technium-premium-box-shimano\/#primaryimage\",\"inLanguage\":\"it-IT\",\"url\":\"https:\/\/www.pescafish.it\/new\/wp-content\/uploads\/2022\/07\/technium-premium-box.jpg\",\"width\":984,\"height\":984,\"caption\":\"technium premium box shimano\"},{\"@type\":\"WebPage\",\"@id\":\"https:\/\/www.pescafish.it\/new\/prodotto\/technium-premium-box-shimano\/#webpage\",\"url\":\"https:\/\/www.pescafish.it\/new\/prodotto\/technium-premium-box-shimano\/\",\"name\":\"Technium Premium Box - Shimano - Pesca Fish\",\"isPartOf\":{\"@id\":\"https:\/\/www.pescafish.it\/new\/#website\"},\"primaryImageOfPage\":{\"@id\":\"https:\/\/www.pescafish.it\/new\/prodotto\/technium-premium-box-shimano\/#primaryimage\"},\"datePublished\":\"2022-07-02T14:27:27+00:00\",\"dateModified\":\"2026-04-08T09:37:48+00:00\",\"inLanguage\":\"it-IT\",\"potentialAction\":[{\"@type\":\"ReadAction\",\"target\":[\"https:\/\/www.pescafish.it\/new\/prodotto\/technium-premium-box-shimano\/\"]}]}]}<\/script>\n<!-- \/ Yoast SEO plugin. -->","_links":{"self":[{"href":"https:\/\/www.pescafish.it\/new\/wp-json\/wp\/v2\/product\/79854"}],"collection":[{"href":"https:\/\/www.pescafish.it\/new\/wp-json\/wp\/v2\/product"}],"about":[{"href":"https:\/\/www.pescafish.it\/new\/wp-json\/wp\/v2\/types\/product"}],"replies":[{"embeddable":true,"href":"https:\/\/www.pescafish.it\/new\/wp-json\/wp\/v2\/comments?post=79854"}],"wp:featuredmedia":[{"embeddable":true,"href":"https:\/\/www.pescafish.it\/new\/wp-json\/wp\/v2\/media\/79855"}],"wp:attachment":[{"href":"https:\/\/www.pescafish.it\/new\/wp-json\/wp\/v2\/media?parent=79854"}],"wp:term":[{"taxonomy":"product_cat","embeddable":true,"href":"https:\/\/www.pescafish.it\/new\/wp-json\/wp\/v2\/product_cat?post=79854"},{"taxonomy":"product_tag","embeddable":true,"href":"https:\/\/www.pescafish.it\/new\/wp-json\/wp\/v2\/product_tag?post=79854"}],"curies":[{"name":"wp","href":"https:\/\/api.w.org\/{rel}","templated":true}]}}