{"id":79649,"date":"2022-06-28T17:25:56","date_gmt":"2022-06-28T15:25:56","guid":{"rendered":"https:\/\/www.pescafish.it\/new\/?post_type=product&#038;p=79649"},"modified":"2025-02-11T17:16:21","modified_gmt":"2025-02-11T16:16:21","slug":"darkside-4-spod-7000-s-fd-31-bb-quick","status":"publish","type":"product","link":"https:\/\/www.pescafish.it\/new\/prodotto\/darkside-4-spod-7000-s-fd-31-bb-quick\/","title":{"rendered":"Darkside 4 Spod 7000 S FD 3+1 BB &#8211; Quick"},"content":{"rendered":"<h2>Darkside 4 Spod 7000 S FD 3+1 BB<\/h2>\n<p>Sviluppato utilizzando le collaudate grandi dimensioni dei mulinelli Quick e ingranaggi pi\u00f9 grandi, il Darkside 4 \u00e8 un mulinello da spod super potente su cui i carpisti possono fare affidamento. Dotato di un&#8217;elevata velocit\u00e0 di recupero del filo di 110 cm per giro dell&#8217;impugnatura, una bobina speciale progettata specificamente per l&#8217;uso da spod, tre clip di filo in metallo e una grande manopola del manico in TPE, ogni aspetto di questo mulinello \u00e8 stato messo a punto per un eccellente rapporto qualit\u00e0-prezzo -prestazioni di denaro.<\/p>\n<p>&nbsp;<\/p>\n","protected":false},"excerpt":{"rendered":"<p>Darkside 4 Spod 7000 S FD 3+1 BB Sviluppato utilizzando le collaudate grandi dimensioni dei mulinelli Quick e ingranaggi pi\u00f9 grandi, il Darkside 4 \u00e8 un mulinello da spod super potente su cui i carpisti possono fare affidamento. Dotato di un&#8217;elevata velocit\u00e0 di recupero del filo di 110 cm per giro dell&#8217;impugnatura, una bobina speciale [&hellip;]<\/p>\n","protected":false},"featured_media":79658,"comment_status":"closed","ping_status":"closed","template":"","meta":[],"product_cat":[1313],"product_tag":[1328],"yoast_head":"<!-- This site is optimized with the Yoast SEO plugin v15.3 - https:\/\/yoast.com\/wordpress\/plugins\/seo\/ -->\n<title>Darkside 4 Spod 7000 S FD 3+1 BB - Quick - Pesca Fish<\/title>\n<meta name=\"robots\" content=\"index, follow, max-snippet:-1, max-image-preview:large, max-video-preview:-1\" \/>\n<link rel=\"canonical\" href=\"https:\/\/www.pescafish.it\/new\/prodotto\/darkside-4-spod-7000-s-fd-31-bb-quick\/\" \/>\n<meta property=\"og:locale\" content=\"it_IT\" \/>\n<meta property=\"og:type\" content=\"article\" \/>\n<meta property=\"og:title\" content=\"Darkside 4 Spod 7000 S FD 3+1 BB - Quick - Pesca Fish\" \/>\n<meta property=\"og:description\" content=\"Darkside 4 Spod 7000 S FD 3+1 BB Sviluppato utilizzando le collaudate grandi dimensioni dei mulinelli Quick e ingranaggi pi\u00f9 grandi, il Darkside 4 \u00e8 un mulinello da spod super potente su cui i carpisti possono fare affidamento. Dotato di un&#8217;elevata velocit\u00e0 di recupero del filo di 110 cm per giro dell&#8217;impugnatura, una bobina speciale [&hellip;]\" \/>\n<meta property=\"og:url\" content=\"https:\/\/www.pescafish.it\/new\/prodotto\/darkside-4-spod-7000-s-fd-31-bb-quick\/\" \/>\n<meta property=\"og:site_name\" content=\"Pesca Fish\" \/>\n<meta property=\"article:publisher\" content=\"https:\/\/www.facebook.com\/pescafishvr\/\" \/>\n<meta property=\"article:modified_time\" content=\"2025-02-11T16:16:21+00:00\" \/>\n<meta property=\"og:image\" content=\"https:\/\/www.pescafish.it\/new\/wp-content\/uploads\/2022\/06\/quick.jpg\" \/>\n\t<meta property=\"og:image:width\" content=\"1287\" \/>\n\t<meta property=\"og:image:height\" content=\"1287\" \/>\n<meta name=\"twitter:card\" content=\"summary_large_image\" \/>\n<meta name=\"twitter:label1\" content=\"Scritto da\">\n\t<meta name=\"twitter:data1\" content=\"francesca\">\n\t<meta name=\"twitter:label2\" content=\"Tempo di lettura stimato\">\n\t<meta name=\"twitter:data2\" content=\"0 minuti\">\n<script type=\"application\/ld+json\" class=\"yoast-schema-graph\">{\"@context\":\"https:\/\/schema.org\",\"@graph\":[{\"@type\":\"WebSite\",\"@id\":\"https:\/\/www.pescafish.it\/new\/#website\",\"url\":\"https:\/\/www.pescafish.it\/new\/\",\"name\":\"Pesca Fish\",\"description\":\"Benvenuti sul nostro sito!\",\"potentialAction\":[{\"@type\":\"SearchAction\",\"target\":\"https:\/\/www.pescafish.it\/new\/?s={search_term_string}\",\"query-input\":\"required name=search_term_string\"}],\"inLanguage\":\"it-IT\"},{\"@type\":\"ImageObject\",\"@id\":\"https:\/\/www.pescafish.it\/new\/prodotto\/darkside-4-spod-7000-s-fd-31-bb-quick\/#primaryimage\",\"inLanguage\":\"it-IT\",\"url\":\"https:\/\/www.pescafish.it\/new\/wp-content\/uploads\/2022\/06\/quick.jpg\",\"width\":1287,\"height\":1287,\"caption\":\"Quick\"},{\"@type\":\"WebPage\",\"@id\":\"https:\/\/www.pescafish.it\/new\/prodotto\/darkside-4-spod-7000-s-fd-31-bb-quick\/#webpage\",\"url\":\"https:\/\/www.pescafish.it\/new\/prodotto\/darkside-4-spod-7000-s-fd-31-bb-quick\/\",\"name\":\"Darkside 4 Spod 7000 S FD 3+1 BB - Quick - Pesca Fish\",\"isPartOf\":{\"@id\":\"https:\/\/www.pescafish.it\/new\/#website\"},\"primaryImageOfPage\":{\"@id\":\"https:\/\/www.pescafish.it\/new\/prodotto\/darkside-4-spod-7000-s-fd-31-bb-quick\/#primaryimage\"},\"datePublished\":\"2022-06-28T15:25:56+00:00\",\"dateModified\":\"2025-02-11T16:16:21+00:00\",\"inLanguage\":\"it-IT\",\"potentialAction\":[{\"@type\":\"ReadAction\",\"target\":[\"https:\/\/www.pescafish.it\/new\/prodotto\/darkside-4-spod-7000-s-fd-31-bb-quick\/\"]}]}]}<\/script>\n<!-- \/ Yoast SEO plugin. -->","_links":{"self":[{"href":"https:\/\/www.pescafish.it\/new\/wp-json\/wp\/v2\/product\/79649"}],"collection":[{"href":"https:\/\/www.pescafish.it\/new\/wp-json\/wp\/v2\/product"}],"about":[{"href":"https:\/\/www.pescafish.it\/new\/wp-json\/wp\/v2\/types\/product"}],"replies":[{"embeddable":true,"href":"https:\/\/www.pescafish.it\/new\/wp-json\/wp\/v2\/comments?post=79649"}],"wp:featuredmedia":[{"embeddable":true,"href":"https:\/\/www.pescafish.it\/new\/wp-json\/wp\/v2\/media\/79658"}],"wp:attachment":[{"href":"https:\/\/www.pescafish.it\/new\/wp-json\/wp\/v2\/media?parent=79649"}],"wp:term":[{"taxonomy":"product_cat","embeddable":true,"href":"https:\/\/www.pescafish.it\/new\/wp-json\/wp\/v2\/product_cat?post=79649"},{"taxonomy":"product_tag","embeddable":true,"href":"https:\/\/www.pescafish.it\/new\/wp-json\/wp\/v2\/product_tag?post=79649"}],"curies":[{"name":"wp","href":"https:\/\/api.w.org\/{rel}","templated":true}]}}