{"id":79598,"date":"2022-06-28T10:14:43","date_gmt":"2022-06-28T08:14:43","guid":{"rendered":"https:\/\/www.pescafish.it\/new\/?post_type=product&#038;p=79598"},"modified":"2025-07-02T08:43:21","modified_gmt":"2025-07-02T06:43:21","slug":"method-mix-plus-karma-bait","status":"publish","type":"product","link":"https:\/\/www.pescafish.it\/new\/prodotto\/method-mix-plus-karma-bait\/","title":{"rendered":"Method Mix Plus+ &#8211; Karma Bait"},"content":{"rendered":"<h2 style=\"text-align: left;\" align=\"center\">Method Mix Plus+<\/h2>\n<p style=\"text-align: left;\" align=\"center\">Method Mix Plus+ una pastura al pesce composta da tutti i principi nutrizionali, composto da\u00a0 farine di pesce predigerite e idrolizzate, con l&#8217;aggiunta di green betaina in polvere , pastoncini selezionati e semi vari macinati e interi.<\/p>\n<p style=\"text-align: left;\">Questo Method Proteico, nasce dall&#8217;esigenza di pescare carpe e carassi. Nato da lunghe sessioni di prove, con il suo sapore particolare, fa s\u00ec che nel corso della pescata, si riesca ha fare una selezione sul pesce.<\/p>\n<p style=\"text-align: left;\">Grazie alla sua macinatura fine delle farine, si stamper\u00e0 nel pasturatore applicando una leggera pressione, appena\u00a0entrer\u00e0 in acqua si scioglier\u00e0 in poco tempo, creando una nuvola che si espander\u00e0 in tutte le direzioni.<\/p>\n<p style=\"text-align: left;\">Questo method non solo attirer\u00e0 i pesci, ma li manterr\u00e0 nutriti mentre pascolano nel vostro spot.<\/p>\n<p style=\"text-align: left;\" align=\"center\"><strong>La sua Bagnatura:<\/strong><\/p>\n<p style=\"text-align: left;\" align=\"center\">3:1 tre parti di pastura &#8211; 1 parte d&#8217;acqua, uguali, mescolare bene, attendere 5 Min, e siamo pronti per stamparlo nel piombo ed entrare in pesca.<\/p>\n<p style=\"text-align: left;\" align=\"center\"><strong>Ottimo anche per stick o sacchetti in PVA.<\/strong><\/p>\n<p style=\"text-align: left;\" align=\"center\"><strong>Confezione da 1kg<\/strong><\/p>\n","protected":false},"excerpt":{"rendered":"<p>Method Mix Plus+ Method Mix Plus+ una pastura al pesce composta da tutti i principi nutrizionali, composto da\u00a0 farine di pesce predigerite e idrolizzate, con l&#8217;aggiunta di green betaina in polvere , pastoncini selezionati e semi vari macinati e interi. Questo Method Proteico, nasce dall&#8217;esigenza di pescare carpe e carassi. Nato da lunghe sessioni di [&hellip;]<\/p>\n","protected":false},"featured_media":79600,"comment_status":"closed","ping_status":"closed","template":"","meta":[],"product_cat":[705],"product_tag":[1280],"yoast_head":"<!-- This site is optimized with the Yoast SEO plugin v15.3 - https:\/\/yoast.com\/wordpress\/plugins\/seo\/ -->\n<title>Method Mix Plus+ - Karma Bait - Pesca Fish<\/title>\n<meta name=\"robots\" content=\"index, follow, max-snippet:-1, max-image-preview:large, max-video-preview:-1\" \/>\n<link rel=\"canonical\" href=\"https:\/\/www.pescafish.it\/new\/prodotto\/method-mix-plus-karma-bait\/\" \/>\n<meta property=\"og:locale\" content=\"it_IT\" \/>\n<meta property=\"og:type\" content=\"article\" \/>\n<meta property=\"og:title\" content=\"Method Mix Plus+ - Karma Bait - Pesca Fish\" \/>\n<meta property=\"og:description\" content=\"Method Mix Plus+ Method Mix Plus+ una pastura al pesce composta da tutti i principi nutrizionali, composto da\u00a0 farine di pesce predigerite e idrolizzate, con l&#8217;aggiunta di green betaina in polvere , pastoncini selezionati e semi vari macinati e interi. Questo Method Proteico, nasce dall&#8217;esigenza di pescare carpe e carassi. Nato da lunghe sessioni di [&hellip;]\" \/>\n<meta property=\"og:url\" content=\"https:\/\/www.pescafish.it\/new\/prodotto\/method-mix-plus-karma-bait\/\" \/>\n<meta property=\"og:site_name\" content=\"Pesca Fish\" \/>\n<meta property=\"article:publisher\" content=\"https:\/\/www.facebook.com\/pescafishvr\/\" \/>\n<meta property=\"article:modified_time\" content=\"2025-07-02T06:43:21+00:00\" \/>\n<meta property=\"og:image\" content=\"https:\/\/www.pescafish.it\/new\/wp-content\/uploads\/2022\/06\/method-feeder-plus--scaled.jpg\" \/>\n\t<meta property=\"og:image:width\" content=\"2560\" \/>\n\t<meta property=\"og:image:height\" content=\"2553\" \/>\n<meta name=\"twitter:card\" content=\"summary_large_image\" \/>\n<meta name=\"twitter:label1\" content=\"Scritto da\">\n\t<meta name=\"twitter:data1\" content=\"francesca\">\n\t<meta name=\"twitter:label2\" content=\"Tempo di lettura stimato\">\n\t<meta name=\"twitter:data2\" content=\"1 minuto\">\n<script type=\"application\/ld+json\" class=\"yoast-schema-graph\">{\"@context\":\"https:\/\/schema.org\",\"@graph\":[{\"@type\":\"WebSite\",\"@id\":\"https:\/\/www.pescafish.it\/new\/#website\",\"url\":\"https:\/\/www.pescafish.it\/new\/\",\"name\":\"Pesca Fish\",\"description\":\"Benvenuti sul nostro sito!\",\"potentialAction\":[{\"@type\":\"SearchAction\",\"target\":\"https:\/\/www.pescafish.it\/new\/?s={search_term_string}\",\"query-input\":\"required name=search_term_string\"}],\"inLanguage\":\"it-IT\"},{\"@type\":\"ImageObject\",\"@id\":\"https:\/\/www.pescafish.it\/new\/prodotto\/method-mix-plus-karma-bait\/#primaryimage\",\"inLanguage\":\"it-IT\",\"url\":\"https:\/\/www.pescafish.it\/new\/wp-content\/uploads\/2022\/06\/method-feeder-plus--scaled.jpg\",\"width\":2560,\"height\":2553,\"caption\":\"Karma Bait\"},{\"@type\":\"WebPage\",\"@id\":\"https:\/\/www.pescafish.it\/new\/prodotto\/method-mix-plus-karma-bait\/#webpage\",\"url\":\"https:\/\/www.pescafish.it\/new\/prodotto\/method-mix-plus-karma-bait\/\",\"name\":\"Method Mix Plus+ - Karma Bait - Pesca Fish\",\"isPartOf\":{\"@id\":\"https:\/\/www.pescafish.it\/new\/#website\"},\"primaryImageOfPage\":{\"@id\":\"https:\/\/www.pescafish.it\/new\/prodotto\/method-mix-plus-karma-bait\/#primaryimage\"},\"datePublished\":\"2022-06-28T08:14:43+00:00\",\"dateModified\":\"2025-07-02T06:43:21+00:00\",\"inLanguage\":\"it-IT\",\"potentialAction\":[{\"@type\":\"ReadAction\",\"target\":[\"https:\/\/www.pescafish.it\/new\/prodotto\/method-mix-plus-karma-bait\/\"]}]}]}<\/script>\n<!-- \/ Yoast SEO plugin. -->","_links":{"self":[{"href":"https:\/\/www.pescafish.it\/new\/wp-json\/wp\/v2\/product\/79598"}],"collection":[{"href":"https:\/\/www.pescafish.it\/new\/wp-json\/wp\/v2\/product"}],"about":[{"href":"https:\/\/www.pescafish.it\/new\/wp-json\/wp\/v2\/types\/product"}],"replies":[{"embeddable":true,"href":"https:\/\/www.pescafish.it\/new\/wp-json\/wp\/v2\/comments?post=79598"}],"wp:featuredmedia":[{"embeddable":true,"href":"https:\/\/www.pescafish.it\/new\/wp-json\/wp\/v2\/media\/79600"}],"wp:attachment":[{"href":"https:\/\/www.pescafish.it\/new\/wp-json\/wp\/v2\/media?parent=79598"}],"wp:term":[{"taxonomy":"product_cat","embeddable":true,"href":"https:\/\/www.pescafish.it\/new\/wp-json\/wp\/v2\/product_cat?post=79598"},{"taxonomy":"product_tag","embeddable":true,"href":"https:\/\/www.pescafish.it\/new\/wp-json\/wp\/v2\/product_tag?post=79598"}],"curies":[{"name":"wp","href":"https:\/\/api.w.org\/{rel}","templated":true}]}}