{"id":79504,"date":"2022-06-25T09:38:32","date_gmt":"2022-06-25T07:38:32","guid":{"rendered":"https:\/\/www.pescafish.it\/new\/?post_type=product&#038;p=79504"},"modified":"2022-06-25T09:38:33","modified_gmt":"2022-06-25T07:38:33","slug":"naked-tail-rubber-korda","status":"publish","type":"product","link":"https:\/\/www.pescafish.it\/new\/prodotto\/naked-tail-rubber-korda\/","title":{"rendered":"Naked Tail Rubber &#8211; Korda"},"content":{"rendered":"<h2>Naked Tail Rubber<\/h2>\n<p>Il prodotto perfetto da utilizzare quando si pesca un piombino \u201cnudo\u201d ovvero quando non si utilizzano rig tubi o leadcore.<\/p>\n<p>Progettati principalmente per l&#8217;uso con zig rig quando si utilizza una clip di piombo, questi gommini di coda &#8220;nuda&#8221; aiuteranno a evitare i grovigli associati a questo tipo di pesca.<\/p>\n<p>Non \u00e8 necessario utilizzare tubi anti-groviglio poich\u00e9 il rig sar\u00e0 quasi sempre pi\u00f9 lungo del tubo.<\/p>\n<p>Tradizionalmente quando si utilizza una gomma di coda standard e nessun tubo, la differenza di diametro pu\u00f2 causare l&#8217;aggrovigliamento dello zig rig attorno alla lenza principale.<\/p>\n<p>Queste gomme Naked Tail appositamente progettate hanno una coda lunga che si assottiglia fino a un minuscolo foro, creando un&#8217;unione senza soluzione di continuit\u00e0 con la lenza principale.<\/p>\n<p>Questi possono essere utilizzati con tutte le clip di piombo Korda, comprese le clip di piombo ibride.<\/p>\n<p><strong>Caratteristiche:<\/strong><\/p>\n<p>\u2022 Adatto per l&#8217;uso quando non \u00e8 richiesto un capo o un tubo<br \/>\n\u2022 Pu\u00f2 essere utilizzato con qualsiasi Korda Lead Clip<br \/>\n\u2022 Crea un&#8217;unione senza soluzione di continuit\u00e0 con la linea principale tramite la coda conica estesa<br \/>\n\u2022 Consente l&#8217;espulsione dell&#8217;elettrocatetere in caso di intrappolamento<br \/>\n\u2022 Prevenire tutti i grovigli<\/p>\n<p><strong>Disponibile nelle seguenti colorazioni:<\/strong><br \/>\n<strong>KNRG<\/strong>\u00a0 Gravel\/Clay<br \/>\n<strong>KNRW<\/strong>\u00a0 Weed\/Silt<\/p>\n<p><strong>Confezione da 10 pezzi<\/strong><\/p>\n","protected":false},"excerpt":{"rendered":"<p>Naked Tail Rubber Il prodotto perfetto da utilizzare quando si pesca un piombino \u201cnudo\u201d ovvero quando non si utilizzano rig tubi o leadcore. Progettati principalmente per l&#8217;uso con zig rig quando si utilizza una clip di piombo, questi gommini di coda &#8220;nuda&#8221; aiuteranno a evitare i grovigli associati a questo tipo di pesca. Non \u00e8 [&hellip;]<\/p>\n","protected":false},"featured_media":79506,"comment_status":"closed","ping_status":"closed","template":"","meta":[],"product_cat":[587],"product_tag":[1018],"yoast_head":"<!-- This site is optimized with the Yoast SEO plugin v15.3 - https:\/\/yoast.com\/wordpress\/plugins\/seo\/ -->\n<title>Naked Tail Rubber - Korda - Pesca Fish<\/title>\n<meta name=\"robots\" content=\"index, follow, max-snippet:-1, max-image-preview:large, max-video-preview:-1\" \/>\n<link rel=\"canonical\" href=\"https:\/\/www.pescafish.it\/new\/prodotto\/naked-tail-rubber-korda\/\" \/>\n<meta property=\"og:locale\" content=\"it_IT\" \/>\n<meta property=\"og:type\" content=\"article\" \/>\n<meta property=\"og:title\" content=\"Naked Tail Rubber - Korda - Pesca Fish\" \/>\n<meta property=\"og:description\" content=\"Naked Tail Rubber Il prodotto perfetto da utilizzare quando si pesca un piombino \u201cnudo\u201d ovvero quando non si utilizzano rig tubi o leadcore. Progettati principalmente per l&#8217;uso con zig rig quando si utilizza una clip di piombo, questi gommini di coda &#8220;nuda&#8221; aiuteranno a evitare i grovigli associati a questo tipo di pesca. Non \u00e8 [&hellip;]\" \/>\n<meta property=\"og:url\" content=\"https:\/\/www.pescafish.it\/new\/prodotto\/naked-tail-rubber-korda\/\" \/>\n<meta property=\"og:site_name\" content=\"Pesca Fish\" \/>\n<meta property=\"article:publisher\" content=\"https:\/\/www.facebook.com\/pescafishvr\/\" \/>\n<meta property=\"article:modified_time\" content=\"2022-06-25T07:38:33+00:00\" \/>\n<meta property=\"og:image\" content=\"https:\/\/www.pescafish.it\/new\/wp-content\/uploads\/2022\/06\/Korda-Naked-Tail-Rubber-1.jpg\" \/>\n\t<meta property=\"og:image:width\" content=\"800\" \/>\n\t<meta property=\"og:image:height\" content=\"600\" \/>\n<meta name=\"twitter:card\" content=\"summary_large_image\" \/>\n<meta name=\"twitter:label1\" content=\"Scritto da\">\n\t<meta name=\"twitter:data1\" content=\"francesca\">\n\t<meta name=\"twitter:label2\" content=\"Tempo di lettura stimato\">\n\t<meta name=\"twitter:data2\" content=\"1 minuto\">\n<script type=\"application\/ld+json\" class=\"yoast-schema-graph\">{\"@context\":\"https:\/\/schema.org\",\"@graph\":[{\"@type\":\"WebSite\",\"@id\":\"https:\/\/www.pescafish.it\/new\/#website\",\"url\":\"https:\/\/www.pescafish.it\/new\/\",\"name\":\"Pesca Fish\",\"description\":\"Benvenuti sul nostro sito!\",\"potentialAction\":[{\"@type\":\"SearchAction\",\"target\":\"https:\/\/www.pescafish.it\/new\/?s={search_term_string}\",\"query-input\":\"required name=search_term_string\"}],\"inLanguage\":\"it-IT\"},{\"@type\":\"ImageObject\",\"@id\":\"https:\/\/www.pescafish.it\/new\/prodotto\/naked-tail-rubber-korda\/#primaryimage\",\"inLanguage\":\"it-IT\",\"url\":\"https:\/\/www.pescafish.it\/new\/wp-content\/uploads\/2022\/06\/Korda-Naked-Tail-Rubber-1.jpg\",\"width\":800,\"height\":600,\"caption\":\"Korda\"},{\"@type\":\"WebPage\",\"@id\":\"https:\/\/www.pescafish.it\/new\/prodotto\/naked-tail-rubber-korda\/#webpage\",\"url\":\"https:\/\/www.pescafish.it\/new\/prodotto\/naked-tail-rubber-korda\/\",\"name\":\"Naked Tail Rubber - Korda - Pesca Fish\",\"isPartOf\":{\"@id\":\"https:\/\/www.pescafish.it\/new\/#website\"},\"primaryImageOfPage\":{\"@id\":\"https:\/\/www.pescafish.it\/new\/prodotto\/naked-tail-rubber-korda\/#primaryimage\"},\"datePublished\":\"2022-06-25T07:38:32+00:00\",\"dateModified\":\"2022-06-25T07:38:33+00:00\",\"inLanguage\":\"it-IT\",\"potentialAction\":[{\"@type\":\"ReadAction\",\"target\":[\"https:\/\/www.pescafish.it\/new\/prodotto\/naked-tail-rubber-korda\/\"]}]}]}<\/script>\n<!-- \/ Yoast SEO plugin. -->","_links":{"self":[{"href":"https:\/\/www.pescafish.it\/new\/wp-json\/wp\/v2\/product\/79504"}],"collection":[{"href":"https:\/\/www.pescafish.it\/new\/wp-json\/wp\/v2\/product"}],"about":[{"href":"https:\/\/www.pescafish.it\/new\/wp-json\/wp\/v2\/types\/product"}],"replies":[{"embeddable":true,"href":"https:\/\/www.pescafish.it\/new\/wp-json\/wp\/v2\/comments?post=79504"}],"wp:featuredmedia":[{"embeddable":true,"href":"https:\/\/www.pescafish.it\/new\/wp-json\/wp\/v2\/media\/79506"}],"wp:attachment":[{"href":"https:\/\/www.pescafish.it\/new\/wp-json\/wp\/v2\/media?parent=79504"}],"wp:term":[{"taxonomy":"product_cat","embeddable":true,"href":"https:\/\/www.pescafish.it\/new\/wp-json\/wp\/v2\/product_cat?post=79504"},{"taxonomy":"product_tag","embeddable":true,"href":"https:\/\/www.pescafish.it\/new\/wp-json\/wp\/v2\/product_tag?post=79504"}],"curies":[{"name":"wp","href":"https:\/\/api.w.org\/{rel}","templated":true}]}}