{"id":79362,"date":"2022-06-18T15:34:33","date_gmt":"2022-06-18T13:34:33","guid":{"rendered":"https:\/\/www.pescafish.it\/new\/?post_type=product&#038;p=79362"},"modified":"2022-06-18T15:34:34","modified_gmt":"2022-06-18T13:34:34","slug":"monocast-mono-ridgemonkey","status":"publish","type":"product","link":"https:\/\/www.pescafish.it\/new\/prodotto\/monocast-mono-ridgemonkey\/","title":{"rendered":"MonoCast Mono &#8211; RidgeMonkey"},"content":{"rendered":"<h2>MonoCast Mono<\/h2>\n<p><span>MonoCast \u00e8 una lenza principale in monofilamento di qualit\u00e0 premium super resistente e altamente resistente all&#8217;abrasione, che vanta un basso rapporto diametro\/resistenza, pur rimanendo abbastanza flessibile da lanciare senza intoppi, fornendo prestazioni eccellenti quando \u00e8 richiesta la distanza.<\/span><\/p>\n<p><span>La colorazione verde a bassa visibilit\u00e0 assicura che questo monofilamento si mescoli perfettamente sulla maggior parte dei fondali lacustri e fornisca un&#8217;elevata resistenza al nodo unita a propriet\u00e0 di bassa elasticit\u00e0, rendendolo un mono eccezionale, a tutto tondo e altamente affidabile per una variet\u00e0 di situazioni.<\/span><\/p>\n<p><strong>Disponibile nelle seguenti varianti:<\/strong><br \/>\n<strong>RMT368<\/strong>\u00a0 12lb 0.30mm<br \/>\n<strong>RMT369<\/strong>\u00a0 15lb 0.35mm<\/p>\n","protected":false},"excerpt":{"rendered":"<p>MonoCast Mono MonoCast \u00e8 una lenza principale in monofilamento di qualit\u00e0 premium super resistente e altamente resistente all&#8217;abrasione, che vanta un basso rapporto diametro\/resistenza, pur rimanendo abbastanza flessibile da lanciare senza intoppi, fornendo prestazioni eccellenti quando \u00e8 richiesta la distanza. La colorazione verde a bassa visibilit\u00e0 assicura che questo monofilamento si mescoli perfettamente sulla maggior [&hellip;]<\/p>\n","protected":false},"featured_media":79363,"comment_status":"closed","ping_status":"closed","template":"","meta":[],"product_cat":[1103],"product_tag":[1101],"yoast_head":"<!-- This site is optimized with the Yoast SEO plugin v15.3 - https:\/\/yoast.com\/wordpress\/plugins\/seo\/ -->\n<title>MonoCast Mono - RidgeMonkey - Pesca Fish<\/title>\n<meta name=\"robots\" content=\"index, follow, max-snippet:-1, max-image-preview:large, max-video-preview:-1\" \/>\n<link rel=\"canonical\" href=\"https:\/\/www.pescafish.it\/new\/prodotto\/monocast-mono-ridgemonkey\/\" \/>\n<meta property=\"og:locale\" content=\"it_IT\" \/>\n<meta property=\"og:type\" content=\"article\" \/>\n<meta property=\"og:title\" content=\"MonoCast Mono - RidgeMonkey - Pesca Fish\" \/>\n<meta property=\"og:description\" content=\"MonoCast Mono MonoCast \u00e8 una lenza principale in monofilamento di qualit\u00e0 premium super resistente e altamente resistente all&#8217;abrasione, che vanta un basso rapporto diametro\/resistenza, pur rimanendo abbastanza flessibile da lanciare senza intoppi, fornendo prestazioni eccellenti quando \u00e8 richiesta la distanza. La colorazione verde a bassa visibilit\u00e0 assicura che questo monofilamento si mescoli perfettamente sulla maggior [&hellip;]\" \/>\n<meta property=\"og:url\" content=\"https:\/\/www.pescafish.it\/new\/prodotto\/monocast-mono-ridgemonkey\/\" \/>\n<meta property=\"og:site_name\" content=\"Pesca Fish\" \/>\n<meta property=\"article:publisher\" content=\"https:\/\/www.facebook.com\/pescafishvr\/\" \/>\n<meta property=\"article:modified_time\" content=\"2022-06-18T13:34:34+00:00\" \/>\n<meta property=\"og:image\" content=\"https:\/\/www.pescafish.it\/new\/wp-content\/uploads\/2022\/06\/456.jpg\" \/>\n\t<meta property=\"og:image:width\" content=\"1287\" \/>\n\t<meta property=\"og:image:height\" content=\"1287\" \/>\n<meta name=\"twitter:card\" content=\"summary_large_image\" \/>\n<meta name=\"twitter:label1\" content=\"Scritto da\">\n\t<meta name=\"twitter:data1\" content=\"francesca\">\n\t<meta name=\"twitter:label2\" content=\"Tempo di lettura stimato\">\n\t<meta name=\"twitter:data2\" content=\"0 minuti\">\n<script type=\"application\/ld+json\" class=\"yoast-schema-graph\">{\"@context\":\"https:\/\/schema.org\",\"@graph\":[{\"@type\":\"WebSite\",\"@id\":\"https:\/\/www.pescafish.it\/new\/#website\",\"url\":\"https:\/\/www.pescafish.it\/new\/\",\"name\":\"Pesca Fish\",\"description\":\"Benvenuti sul nostro sito!\",\"potentialAction\":[{\"@type\":\"SearchAction\",\"target\":\"https:\/\/www.pescafish.it\/new\/?s={search_term_string}\",\"query-input\":\"required name=search_term_string\"}],\"inLanguage\":\"it-IT\"},{\"@type\":\"ImageObject\",\"@id\":\"https:\/\/www.pescafish.it\/new\/prodotto\/monocast-mono-ridgemonkey\/#primaryimage\",\"inLanguage\":\"it-IT\",\"url\":\"https:\/\/www.pescafish.it\/new\/wp-content\/uploads\/2022\/06\/456.jpg\",\"width\":1287,\"height\":1287,\"caption\":\"RidgeMonkey\"},{\"@type\":\"WebPage\",\"@id\":\"https:\/\/www.pescafish.it\/new\/prodotto\/monocast-mono-ridgemonkey\/#webpage\",\"url\":\"https:\/\/www.pescafish.it\/new\/prodotto\/monocast-mono-ridgemonkey\/\",\"name\":\"MonoCast Mono - RidgeMonkey - Pesca Fish\",\"isPartOf\":{\"@id\":\"https:\/\/www.pescafish.it\/new\/#website\"},\"primaryImageOfPage\":{\"@id\":\"https:\/\/www.pescafish.it\/new\/prodotto\/monocast-mono-ridgemonkey\/#primaryimage\"},\"datePublished\":\"2022-06-18T13:34:33+00:00\",\"dateModified\":\"2022-06-18T13:34:34+00:00\",\"inLanguage\":\"it-IT\",\"potentialAction\":[{\"@type\":\"ReadAction\",\"target\":[\"https:\/\/www.pescafish.it\/new\/prodotto\/monocast-mono-ridgemonkey\/\"]}]}]}<\/script>\n<!-- \/ Yoast SEO plugin. -->","_links":{"self":[{"href":"https:\/\/www.pescafish.it\/new\/wp-json\/wp\/v2\/product\/79362"}],"collection":[{"href":"https:\/\/www.pescafish.it\/new\/wp-json\/wp\/v2\/product"}],"about":[{"href":"https:\/\/www.pescafish.it\/new\/wp-json\/wp\/v2\/types\/product"}],"replies":[{"embeddable":true,"href":"https:\/\/www.pescafish.it\/new\/wp-json\/wp\/v2\/comments?post=79362"}],"wp:featuredmedia":[{"embeddable":true,"href":"https:\/\/www.pescafish.it\/new\/wp-json\/wp\/v2\/media\/79363"}],"wp:attachment":[{"href":"https:\/\/www.pescafish.it\/new\/wp-json\/wp\/v2\/media?parent=79362"}],"wp:term":[{"taxonomy":"product_cat","embeddable":true,"href":"https:\/\/www.pescafish.it\/new\/wp-json\/wp\/v2\/product_cat?post=79362"},{"taxonomy":"product_tag","embeddable":true,"href":"https:\/\/www.pescafish.it\/new\/wp-json\/wp\/v2\/product_tag?post=79362"}],"curies":[{"name":"wp","href":"https:\/\/api.w.org\/{rel}","templated":true}]}}