{"id":79336,"date":"2022-06-18T09:09:59","date_gmt":"2022-06-18T07:09:59","guid":{"rendered":"https:\/\/www.pescafish.it\/new\/?post_type=product&#038;p=79336"},"modified":"2025-08-16T08:57:44","modified_gmt":"2025-08-16T06:57:44","slug":"tournament-basia-surf-45-scw-qd-daiwa","status":"publish","type":"product","link":"https:\/\/www.pescafish.it\/new\/prodotto\/tournament-basia-surf-45-scw-qd-daiwa\/","title":{"rendered":"Tournament Basia Surf 45 Scw QD &#8211; Daiwa"},"content":{"rendered":"<div class=\"flex_column av_one_full flex_column_div av-zero-column-padding first avia-builder-el-12 el_after_av_hr el_before_av_one_half \">\n<div class=\"av-special-heading av-special-heading-h3 blockquote elegant-quote elegant-centered avia-builder-el-13 avia-builder-el-no-sibling \">\n<h2 class=\"av-special-heading-tag \">Tournament Basia Surf 45 Scw QD<\/h2>\n<\/div>\n<\/div>\n<div class=\"flex_column av_one_half flex_column_div av-zero-column-padding first avia-builder-el-14 el_after_av_one_full el_before_av_one_half column-top-margin\">\n<section class=\"av_textblock_section \">\n<div class=\"avia_textblock \">\n<p>Il nuovo Tournament Basia Surf 45 Scw QD \u00e8 un mulinello da Surfcasting dalle prestazioni semplicemente eccezionali: progettato e prodotto interamente in Giappone, \u00e8 dotato delle tecnologie pi\u00f9 avanzate di casa\u00a0Daiwa: il risultato \u00e8 una macchina perfetta che consente di raggiungere distanze di lancio incredibili.<\/p>\n<p>Corpo e rotore del Basia Surf sono costruiti in Zaion, un innovativo materiale a base di carbonio che coniuga leggerezza estrema, rigidit\u00e0 e resistenza paragonabili (o superiori) a quelle di un metallo, ma a differenza di quest\u2019ultimo \u00e8 totalmente esente da corrosione.<\/p>\n<p>Gli ingranaggi maggiorati Tough Digigear e i ben 9 cuscinetti a sfera (di cui 2 di tipo CRBB anticorrosione), rendono il Tournament Basia Surf estremamente scorrevole e fluido nel funzionamento. Anche l\u2019affidabilit\u00e0 \u00e8 da primato, grazie alla qualit\u00e0 costruttiva eccellente, ai materiali di prim\u2019ordine e alla tecnologia Magsealed a protezione della meccanica interna: basata su una speciale una membrana di olio magnetizzato, \u00e8 la medesima utilizzata dalla NASA per le condutture dei carburanti sulle navicelle.<\/p>\n<p><strong>Caratteristiche:<\/strong><\/p>\n<div class=\"flex_column av_one_third flex_column_div av-zero-column-padding first avia-builder-el-21 el_after_av_one_full el_before_av_one_third column-top-margin\">\n<section class=\"av_textblock_section \">\n<div class=\"avia_textblock \">\n<p>\u2022 Corpo in Zaion<br \/>\n\u2022 Rotore Air Rotor Zaion<br \/>\n\u2022 Magsealed a protezione del corpo<br \/>\n\u2022 Tough Digigear<br \/>\n\u2022 Bobina Long Cast in Alluminio da 45mm<br \/>\n\u2022 Frizione Quick Drag<br \/>\n\u2022 Archetto Air Bail<br \/>\n\u2022 9 cuscinetti (di cui 2 CRBB)<br \/>\n\u2022 Manovella super-leggera in Alluminio Machine Cut<br \/>\n\u2022 Rullino guidafilo Twist Buster II<br \/>\n\u2022 Infinite Anti-Reverse<br \/>\n\u2022 Slow Cross Wrap<br \/>\n\u2022 Bobina di ricambio in dotazione (0.35mm \u2013 300m)<\/p>\n<\/div>\n<\/section>\n<\/div>\n<\/div>\n<\/section>\n<\/div>\n","protected":false},"excerpt":{"rendered":"<p>Tournament Basia Surf 45 Scw QD Il nuovo Tournament Basia Surf 45 Scw QD \u00e8 un mulinello da Surfcasting dalle prestazioni semplicemente eccezionali: progettato e prodotto interamente in Giappone, \u00e8 dotato delle tecnologie pi\u00f9 avanzate di casa\u00a0Daiwa: il risultato \u00e8 una macchina perfetta che consente di raggiungere distanze di lancio incredibili. Corpo e rotore del [&hellip;]<\/p>\n","protected":false},"featured_media":79338,"comment_status":"closed","ping_status":"closed","template":"","meta":[],"product_cat":[351],"product_tag":[1051],"yoast_head":"<!-- This site is optimized with the Yoast SEO plugin v15.3 - https:\/\/yoast.com\/wordpress\/plugins\/seo\/ -->\n<title>Tournament Basia Surf 45 Scw QD - Daiwa - Pesca Fish<\/title>\n<meta name=\"robots\" content=\"index, follow, max-snippet:-1, max-image-preview:large, max-video-preview:-1\" \/>\n<link rel=\"canonical\" href=\"https:\/\/www.pescafish.it\/new\/prodotto\/tournament-basia-surf-45-scw-qd-daiwa\/\" \/>\n<meta property=\"og:locale\" content=\"it_IT\" \/>\n<meta property=\"og:type\" content=\"article\" \/>\n<meta property=\"og:title\" content=\"Tournament Basia Surf 45 Scw QD - Daiwa - Pesca Fish\" \/>\n<meta property=\"og:description\" content=\"Tournament Basia Surf 45 Scw QD Il nuovo Tournament Basia Surf 45 Scw QD \u00e8 un mulinello da Surfcasting dalle prestazioni semplicemente eccezionali: progettato e prodotto interamente in Giappone, \u00e8 dotato delle tecnologie pi\u00f9 avanzate di casa\u00a0Daiwa: il risultato \u00e8 una macchina perfetta che consente di raggiungere distanze di lancio incredibili. Corpo e rotore del [&hellip;]\" \/>\n<meta property=\"og:url\" content=\"https:\/\/www.pescafish.it\/new\/prodotto\/tournament-basia-surf-45-scw-qd-daiwa\/\" \/>\n<meta property=\"og:site_name\" content=\"Pesca Fish\" \/>\n<meta property=\"article:publisher\" content=\"https:\/\/www.facebook.com\/pescafishvr\/\" \/>\n<meta property=\"article:modified_time\" content=\"2025-08-16T06:57:44+00:00\" \/>\n<meta property=\"og:image\" content=\"https:\/\/www.pescafish.it\/new\/wp-content\/uploads\/2022\/06\/fwqfqwf.jpg\" \/>\n\t<meta property=\"og:image:width\" content=\"1287\" \/>\n\t<meta property=\"og:image:height\" content=\"1287\" \/>\n<meta name=\"twitter:card\" content=\"summary_large_image\" \/>\n<meta name=\"twitter:label1\" content=\"Scritto da\">\n\t<meta name=\"twitter:data1\" content=\"francesca\">\n\t<meta name=\"twitter:label2\" content=\"Tempo di lettura stimato\">\n\t<meta name=\"twitter:data2\" content=\"1 minuto\">\n<script type=\"application\/ld+json\" class=\"yoast-schema-graph\">{\"@context\":\"https:\/\/schema.org\",\"@graph\":[{\"@type\":\"WebSite\",\"@id\":\"https:\/\/www.pescafish.it\/new\/#website\",\"url\":\"https:\/\/www.pescafish.it\/new\/\",\"name\":\"Pesca Fish\",\"description\":\"Benvenuti sul nostro sito!\",\"potentialAction\":[{\"@type\":\"SearchAction\",\"target\":\"https:\/\/www.pescafish.it\/new\/?s={search_term_string}\",\"query-input\":\"required name=search_term_string\"}],\"inLanguage\":\"it-IT\"},{\"@type\":\"ImageObject\",\"@id\":\"https:\/\/www.pescafish.it\/new\/prodotto\/tournament-basia-surf-45-scw-qd-daiwa\/#primaryimage\",\"inLanguage\":\"it-IT\",\"url\":\"https:\/\/www.pescafish.it\/new\/wp-content\/uploads\/2022\/06\/fwqfqwf.jpg\",\"width\":1287,\"height\":1287,\"caption\":\"Daiwa\"},{\"@type\":\"WebPage\",\"@id\":\"https:\/\/www.pescafish.it\/new\/prodotto\/tournament-basia-surf-45-scw-qd-daiwa\/#webpage\",\"url\":\"https:\/\/www.pescafish.it\/new\/prodotto\/tournament-basia-surf-45-scw-qd-daiwa\/\",\"name\":\"Tournament Basia Surf 45 Scw QD - Daiwa - Pesca Fish\",\"isPartOf\":{\"@id\":\"https:\/\/www.pescafish.it\/new\/#website\"},\"primaryImageOfPage\":{\"@id\":\"https:\/\/www.pescafish.it\/new\/prodotto\/tournament-basia-surf-45-scw-qd-daiwa\/#primaryimage\"},\"datePublished\":\"2022-06-18T07:09:59+00:00\",\"dateModified\":\"2025-08-16T06:57:44+00:00\",\"inLanguage\":\"it-IT\",\"potentialAction\":[{\"@type\":\"ReadAction\",\"target\":[\"https:\/\/www.pescafish.it\/new\/prodotto\/tournament-basia-surf-45-scw-qd-daiwa\/\"]}]}]}<\/script>\n<!-- \/ Yoast SEO plugin. -->","_links":{"self":[{"href":"https:\/\/www.pescafish.it\/new\/wp-json\/wp\/v2\/product\/79336"}],"collection":[{"href":"https:\/\/www.pescafish.it\/new\/wp-json\/wp\/v2\/product"}],"about":[{"href":"https:\/\/www.pescafish.it\/new\/wp-json\/wp\/v2\/types\/product"}],"replies":[{"embeddable":true,"href":"https:\/\/www.pescafish.it\/new\/wp-json\/wp\/v2\/comments?post=79336"}],"wp:featuredmedia":[{"embeddable":true,"href":"https:\/\/www.pescafish.it\/new\/wp-json\/wp\/v2\/media\/79338"}],"wp:attachment":[{"href":"https:\/\/www.pescafish.it\/new\/wp-json\/wp\/v2\/media?parent=79336"}],"wp:term":[{"taxonomy":"product_cat","embeddable":true,"href":"https:\/\/www.pescafish.it\/new\/wp-json\/wp\/v2\/product_cat?post=79336"},{"taxonomy":"product_tag","embeddable":true,"href":"https:\/\/www.pescafish.it\/new\/wp-json\/wp\/v2\/product_tag?post=79336"}],"curies":[{"name":"wp","href":"https:\/\/api.w.org\/{rel}","templated":true}]}}