{"id":79175,"date":"2022-06-16T15:26:12","date_gmt":"2022-06-16T13:26:12","guid":{"rendered":"https:\/\/www.pescafish.it\/new\/?post_type=product&#038;p=79175"},"modified":"2023-04-19T10:57:21","modified_gmt":"2023-04-19T08:57:21","slug":"tatula-sv-tw-daiwa","status":"publish","type":"product","link":"https:\/\/www.pescafish.it\/new\/prodotto\/tatula-sv-tw-daiwa\/","title":{"rendered":"Tatula SV TW &#8211; Daiwa"},"content":{"rendered":"<div id=\"panoramica\" class=\"avia-section main_color avia-section-small avia-no-border-styling avia-bg-style-scroll avia-builder-el-9 el_after_av_submenu el_before_av_section container_wrap fullsize\">\n<div class=\"container\">\n<div class=\"template-page content av-content-full alpha units\">\n<div class=\"post-entry post-entry-type-page post-entry-1806\">\n<div class=\"entry-content-wrapper clearfix\">\n<div class=\"flex_column av_one_full flex_column_div av-zero-column-padding first avia-builder-el-13 el_after_av_one_full avia-builder-el-last column-top-margin\">\n<section class=\"av_textblock_section \">\n<div class=\"avia_textblock \">\n<h2>Tatula SV TW<\/h2>\n<p>I TATULA SV TW sono la nuova generazione dei mulinelli da Bass Fishing pi\u00f9 utilizzati in Italia. Ora anche i celebri Tatula godono delle migliorie legate al concetto SV \u2013 Stress-Free Versatile \u2013 in grado di ridurre drasticamente i \u2018backlash\u2019 e facilitare l\u2019utilizzo di esche molto leggere anche in presenza di vento. I TATULA SV TW montano il rivoluzionario rullino guidafilo T-Wing, soluzione tecnica in grado di assicurare lanci pi\u00f9 lunghi, riducendo l\u2019attrito generato dai rullini tradizionali. La fluidit\u00e0 di rotazione \u00e8 garantita da ben 7 cuscinetti, di cui 2 del tipo CRBB anti-corrosione montati nei punti critici. La frizione \u00e8 del tipo UTD \u2013 Ultimate Tournament Drag \u2013 mentre corpo e bobina in Alluminio fermano il peso del mulinello a soli 200 grammi.<\/p>\n<\/div>\n<\/section>\n<\/div>\n<\/div>\n<\/div>\n<\/div>\n<\/div>\n<\/div>\n<div id=\"caratteristiche\" class=\"avia-section main_color avia-section-small avia-no-border-styling avia-bg-style-scroll avia-builder-el-15 el_after_av_section el_before_av_section container_wrap fullsize\">\n<div class=\"container\">\n<div class=\"template-page content av-content-full alpha units\">\n<div class=\"post-entry post-entry-type-page post-entry-1806\">\n<div class=\"entry-content-wrapper clearfix\">\n<div class=\"flex_column av_one_full flex_column_div av-zero-column-padding first avia-builder-el-16 el_before_av_one_third avia-builder-el-first \">\n<div class=\"av-special-heading av-special-heading-h3 blockquote elegant-quote elegant-centered avia-builder-el-17 avia-builder-el-no-sibling \">\n<p><strong>Caratteristiche:<\/strong><\/p>\n<div class=\"flex_column av_one_third flex_column_div av-zero-column-padding first avia-builder-el-18 el_after_av_one_full el_before_av_one_third column-top-margin\">\n<section class=\"av_textblock_section \">\n<div class=\"avia_textblock \">\n<p>\u2022 Corpo in Alluminio<br \/>\n\u2022 Bobina SV Spool da 32mm<br \/>\n\u2022 SV Concept<br \/>\n\u2022 Frizione UTD<br \/>\n\u2022 7 cuscinetti a sfera<br \/>\n\u2022 T-Wing System<br \/>\n\u2022 Zero Adjuster<br \/>\n\u2022 Airbrake system<\/p>\n<p><strong>Disponibile nelle seguenti misure:<\/strong><\/p>\n<\/div>\n<\/section>\n<\/div>\n<table style=\"height: 92px; width: 100%; border-collapse: collapse;\" border=\"1\">\n<tbody>\n<tr style=\"height: 23px;\">\n<td style=\"width: 16.6667%; height: 23px;\"><strong>Codice<\/strong><\/td>\n<td style=\"width: 16.6667%; height: 23px;\"><strong>Capit\u00e0 Bob.<\/strong><\/td>\n<td style=\"width: 16.6667%; height: 23px;\"><strong>Cuscinetti\u00a0<\/strong><\/td>\n<td style=\"width: 16.6667%; height: 23px;\"><strong>Rapporto di Recupero<\/strong><\/td>\n<td style=\"width: 16.6667%; height: 23px;\"><strong>Peso (gr)<\/strong><\/td>\n<td style=\"width: 16.6667%; height: 23px;\"><strong>Freno (kg)<\/strong><\/td>\n<\/tr>\n<tr style=\"height: 23px;\">\n<td style=\"width: 16.6667%; height: 23px;\"><strong>20TTLSVTW103HL<\/strong><\/td>\n<td style=\"width: 16.6667%; height: 23px;\">80 m \u00d8 33<\/td>\n<td style=\"width: 16.6667%; height: 23px;\">7<\/td>\n<td style=\"width: 16.6667%; height: 23px;\">6,3:1 (63 cm)<\/td>\n<td style=\"width: 16.6667%; height: 23px;\">190<\/td>\n<td style=\"width: 16.6667%; height: 23px;\">5<\/td>\n<\/tr>\n<tr style=\"height: 23px;\">\n<td style=\"width: 16.6667%; height: 23px;\"><strong>20TTLSVTW103HSL<\/strong><\/td>\n<td style=\"width: 16.6667%; height: 23px;\">80 m \u00d8 33<\/td>\n<td style=\"width: 16.6667%; height: 23px;\">7<\/td>\n<td style=\"width: 16.6667%; height: 23px;\">7,1:1 (71 cm)<\/td>\n<td style=\"width: 16.6667%; height: 23px;\">190<\/td>\n<td style=\"width: 16.6667%; height: 23px;\">5<\/td>\n<\/tr>\n<tr style=\"height: 23px;\">\n<td style=\"width: 16.6667%; height: 23px;\"><strong>20TTLSVTW103XSL<\/strong><\/td>\n<td style=\"width: 16.6667%; height: 23px;\">80 m \u00d8 33<\/td>\n<td style=\"width: 16.6667%; height: 23px;\">7<\/td>\n<td style=\"width: 16.6667%; height: 23px;\">8,1:1 (81 cm)<\/td>\n<td style=\"width: 16.6667%; height: 23px;\">190<\/td>\n<td style=\"width: 16.6667%; height: 23px;\">5<\/td>\n<\/tr>\n<\/tbody>\n<\/table>\n<\/div>\n<\/div>\n<\/div>\n<\/div>\n<\/div>\n<\/div>\n<\/div>\n","protected":false},"excerpt":{"rendered":"<p>Tatula SV TW I TATULA SV TW sono la nuova generazione dei mulinelli da Bass Fishing pi\u00f9 utilizzati in Italia. Ora anche i celebri Tatula godono delle migliorie legate al concetto SV \u2013 Stress-Free Versatile \u2013 in grado di ridurre drasticamente i \u2018backlash\u2019 e facilitare l\u2019utilizzo di esche molto leggere anche in presenza di vento. [&hellip;]<\/p>\n","protected":false},"featured_media":79176,"comment_status":"closed","ping_status":"closed","template":"","meta":[],"product_cat":[377],"product_tag":[1051],"yoast_head":"<!-- This site is optimized with the Yoast SEO plugin v15.3 - https:\/\/yoast.com\/wordpress\/plugins\/seo\/ -->\n<title>Tatula SV TW - Daiwa - Pesca Fish<\/title>\n<meta name=\"robots\" content=\"index, follow, max-snippet:-1, max-image-preview:large, max-video-preview:-1\" \/>\n<link rel=\"canonical\" href=\"https:\/\/www.pescafish.it\/new\/prodotto\/tatula-sv-tw-daiwa\/\" \/>\n<meta property=\"og:locale\" content=\"it_IT\" \/>\n<meta property=\"og:type\" content=\"article\" \/>\n<meta property=\"og:title\" content=\"Tatula SV TW - Daiwa - Pesca Fish\" \/>\n<meta property=\"og:description\" content=\"Tatula SV TW I TATULA SV TW sono la nuova generazione dei mulinelli da Bass Fishing pi\u00f9 utilizzati in Italia. Ora anche i celebri Tatula godono delle migliorie legate al concetto SV \u2013 Stress-Free Versatile \u2013 in grado di ridurre drasticamente i \u2018backlash\u2019 e facilitare l\u2019utilizzo di esche molto leggere anche in presenza di vento. [&hellip;]\" \/>\n<meta property=\"og:url\" content=\"https:\/\/www.pescafish.it\/new\/prodotto\/tatula-sv-tw-daiwa\/\" \/>\n<meta property=\"og:site_name\" content=\"Pesca Fish\" \/>\n<meta property=\"article:publisher\" content=\"https:\/\/www.facebook.com\/pescafishvr\/\" \/>\n<meta property=\"article:modified_time\" content=\"2023-04-19T08:57:21+00:00\" \/>\n<meta property=\"og:image\" content=\"https:\/\/www.pescafish.it\/new\/wp-content\/uploads\/2022\/06\/TATU100.jpg\" \/>\n\t<meta property=\"og:image:width\" content=\"1287\" \/>\n\t<meta property=\"og:image:height\" content=\"1287\" \/>\n<meta name=\"twitter:card\" content=\"summary_large_image\" \/>\n<meta name=\"twitter:label1\" content=\"Scritto da\">\n\t<meta name=\"twitter:data1\" content=\"francesca\">\n\t<meta name=\"twitter:label2\" content=\"Tempo di lettura stimato\">\n\t<meta name=\"twitter:data2\" content=\"1 minuto\">\n<script type=\"application\/ld+json\" class=\"yoast-schema-graph\">{\"@context\":\"https:\/\/schema.org\",\"@graph\":[{\"@type\":\"WebSite\",\"@id\":\"https:\/\/www.pescafish.it\/new\/#website\",\"url\":\"https:\/\/www.pescafish.it\/new\/\",\"name\":\"Pesca Fish\",\"description\":\"Benvenuti sul nostro sito!\",\"potentialAction\":[{\"@type\":\"SearchAction\",\"target\":\"https:\/\/www.pescafish.it\/new\/?s={search_term_string}\",\"query-input\":\"required name=search_term_string\"}],\"inLanguage\":\"it-IT\"},{\"@type\":\"ImageObject\",\"@id\":\"https:\/\/www.pescafish.it\/new\/prodotto\/tatula-sv-tw-daiwa\/#primaryimage\",\"inLanguage\":\"it-IT\",\"url\":\"https:\/\/www.pescafish.it\/new\/wp-content\/uploads\/2022\/06\/TATU100.jpg\",\"width\":1287,\"height\":1287,\"caption\":\"Daiwa\"},{\"@type\":\"WebPage\",\"@id\":\"https:\/\/www.pescafish.it\/new\/prodotto\/tatula-sv-tw-daiwa\/#webpage\",\"url\":\"https:\/\/www.pescafish.it\/new\/prodotto\/tatula-sv-tw-daiwa\/\",\"name\":\"Tatula SV TW - Daiwa - Pesca Fish\",\"isPartOf\":{\"@id\":\"https:\/\/www.pescafish.it\/new\/#website\"},\"primaryImageOfPage\":{\"@id\":\"https:\/\/www.pescafish.it\/new\/prodotto\/tatula-sv-tw-daiwa\/#primaryimage\"},\"datePublished\":\"2022-06-16T13:26:12+00:00\",\"dateModified\":\"2023-04-19T08:57:21+00:00\",\"inLanguage\":\"it-IT\",\"potentialAction\":[{\"@type\":\"ReadAction\",\"target\":[\"https:\/\/www.pescafish.it\/new\/prodotto\/tatula-sv-tw-daiwa\/\"]}]}]}<\/script>\n<!-- \/ Yoast SEO plugin. -->","_links":{"self":[{"href":"https:\/\/www.pescafish.it\/new\/wp-json\/wp\/v2\/product\/79175"}],"collection":[{"href":"https:\/\/www.pescafish.it\/new\/wp-json\/wp\/v2\/product"}],"about":[{"href":"https:\/\/www.pescafish.it\/new\/wp-json\/wp\/v2\/types\/product"}],"replies":[{"embeddable":true,"href":"https:\/\/www.pescafish.it\/new\/wp-json\/wp\/v2\/comments?post=79175"}],"wp:featuredmedia":[{"embeddable":true,"href":"https:\/\/www.pescafish.it\/new\/wp-json\/wp\/v2\/media\/79176"}],"wp:attachment":[{"href":"https:\/\/www.pescafish.it\/new\/wp-json\/wp\/v2\/media?parent=79175"}],"wp:term":[{"taxonomy":"product_cat","embeddable":true,"href":"https:\/\/www.pescafish.it\/new\/wp-json\/wp\/v2\/product_cat?post=79175"},{"taxonomy":"product_tag","embeddable":true,"href":"https:\/\/www.pescafish.it\/new\/wp-json\/wp\/v2\/product_tag?post=79175"}],"curies":[{"name":"wp","href":"https:\/\/api.w.org\/{rel}","templated":true}]}}