{"id":79160,"date":"2022-06-16T15:05:47","date_gmt":"2022-06-16T13:05:47","guid":{"rendered":"https:\/\/www.pescafish.it\/new\/?post_type=product&#038;p=79160"},"modified":"2022-06-16T15:05:49","modified_gmt":"2022-06-16T13:05:49","slug":"tatula-tw-400-l-daiwa","status":"publish","type":"product","link":"https:\/\/www.pescafish.it\/new\/prodotto\/tatula-tw-400-l-daiwa\/","title":{"rendered":"Tatula Tw 400 L &#8211; Daiwa"},"content":{"rendered":"<h2>Tatula Tw 400 L<\/h2>\n<p>Il mulinello definitivo per il bait-casting pesante.\u00a0 Il Tatula TWS 400 riprende le gi\u00e0 elevatissime doti di potenza, affidabilit\u00e0 e resistenza del 300, portandole ad un livello superiore: il risultato \u00e8 un mulinello dalle dimensioni ancora pi\u00f9 generose, resistentissimo e potente che permetter\u00e0 di affrontare con tranquillit\u00e0 anche il luccio pi\u00f9 grande e combattivo.<\/p>\n<p>Come il nome lascia intuire, questo Tatula \u00e8 dotato dell\u2019innovativo sistema T-Wing (TWS): esclusiva di Daiwa, questo meccanismo garantisce un imbobinamento perfetto, evitando parrucche e grovigli e consentendo al contempo migliori performance di lancio.<\/p>\n<p><strong>Caratteristiche:<\/strong><\/p>\n<div class=\"flex_column av_one_third  flex_column_div av-zero-column-padding first  avia-builder-el-19  el_after_av_one_full  el_before_av_one_third  column-top-margin\">\n<section class=\"av_textblock_section \">\n<div class=\"avia_textblock  \">\n<p>\u2022 Corpo in Alluminio<br \/>\n\u2022 Bobina in Alluminio da 43mm<br \/>\n\u2022 Hyper Digigear<br \/>\n\u2022 Frizione UTD<br \/>\n\u2022 7 cuscinetti a sfera di cui 2 CRBB<br \/>\n\u2022 T-Wing System<br \/>\n\u2022 Magforce Z<br \/>\n\u2022 Finitura Matte Black<br \/>\n\u2022 Infinite Anti Reverse<\/p>\n<table style=\"width: 100%; border-collapse: collapse;\" border=\"1\">\n<tbody>\n<tr>\n<td style=\"width: 16.6667%;\"><strong>Codice<\/strong><\/td>\n<td style=\"width: 16.6667%;\"><strong>Capit\u00e0 Bob.<\/strong><\/td>\n<td style=\"width: 16.6667%;\"><strong>Cuscinetti\u00a0<\/strong><\/td>\n<td style=\"width: 16.6667%;\"><strong>Rapporto di Recupero<\/strong><\/td>\n<td style=\"width: 16.6667%;\"><strong>Peso (gr)<\/strong><\/td>\n<td style=\"width: 16.6667%;\"><strong>Freno (kg)<\/strong><\/td>\n<\/tr>\n<tr>\n<td style=\"width: 16.6667%;\"><strong>21TTLTW400L<\/strong><\/td>\n<td style=\"width: 16.6667%;\">Braid: 215 m \u00d8 36<br \/>\nNylon: 180m \u00d8 43<\/td>\n<td style=\"width: 16.6667%;\">5 + 2 CRBB<\/td>\n<td style=\"width: 16.6667%;\">6,3:1 (85 cm)<\/td>\n<td style=\"width: 16.6667%;\">335<\/td>\n<td style=\"width: 16.6667%;\">13<\/td>\n<\/tr>\n<\/tbody>\n<\/table>\n<p>&nbsp;<\/p>\n<\/div>\n<\/section>\n<\/div>\n","protected":false},"excerpt":{"rendered":"<p>Tatula Tw 400 L Il mulinello definitivo per il bait-casting pesante.\u00a0 Il Tatula TWS 400 riprende le gi\u00e0 elevatissime doti di potenza, affidabilit\u00e0 e resistenza del 300, portandole ad un livello superiore: il risultato \u00e8 un mulinello dalle dimensioni ancora pi\u00f9 generose, resistentissimo e potente che permetter\u00e0 di affrontare con tranquillit\u00e0 anche il luccio pi\u00f9 [&hellip;]<\/p>\n","protected":false},"featured_media":79161,"comment_status":"closed","ping_status":"closed","template":"","meta":[],"product_cat":[377],"product_tag":[1051],"yoast_head":"<!-- This site is optimized with the Yoast SEO plugin v15.3 - https:\/\/yoast.com\/wordpress\/plugins\/seo\/ -->\n<title>Tatula Tw 400 L - Daiwa - Pesca Fish<\/title>\n<meta name=\"robots\" content=\"index, follow, max-snippet:-1, max-image-preview:large, max-video-preview:-1\" \/>\n<link rel=\"canonical\" href=\"https:\/\/www.pescafish.it\/new\/prodotto\/tatula-tw-400-l-daiwa\/\" \/>\n<meta property=\"og:locale\" content=\"it_IT\" \/>\n<meta property=\"og:type\" content=\"article\" \/>\n<meta property=\"og:title\" content=\"Tatula Tw 400 L - Daiwa - Pesca Fish\" \/>\n<meta property=\"og:description\" content=\"Tatula Tw 400 L Il mulinello definitivo per il bait-casting pesante.\u00a0 Il Tatula TWS 400 riprende le gi\u00e0 elevatissime doti di potenza, affidabilit\u00e0 e resistenza del 300, portandole ad un livello superiore: il risultato \u00e8 un mulinello dalle dimensioni ancora pi\u00f9 generose, resistentissimo e potente che permetter\u00e0 di affrontare con tranquillit\u00e0 anche il luccio pi\u00f9 [&hellip;]\" \/>\n<meta property=\"og:url\" content=\"https:\/\/www.pescafish.it\/new\/prodotto\/tatula-tw-400-l-daiwa\/\" \/>\n<meta property=\"og:site_name\" content=\"Pesca Fish\" \/>\n<meta property=\"article:publisher\" content=\"https:\/\/www.facebook.com\/pescafishvr\/\" \/>\n<meta property=\"article:modified_time\" content=\"2022-06-16T13:05:49+00:00\" \/>\n<meta property=\"og:image\" content=\"https:\/\/www.pescafish.it\/new\/wp-content\/uploads\/2022\/06\/400.jpg\" \/>\n\t<meta property=\"og:image:width\" content=\"1287\" \/>\n\t<meta property=\"og:image:height\" content=\"1287\" \/>\n<meta name=\"twitter:card\" content=\"summary_large_image\" \/>\n<meta name=\"twitter:label1\" content=\"Scritto da\">\n\t<meta name=\"twitter:data1\" content=\"francesca\">\n\t<meta name=\"twitter:label2\" content=\"Tempo di lettura stimato\">\n\t<meta name=\"twitter:data2\" content=\"1 minuto\">\n<script type=\"application\/ld+json\" class=\"yoast-schema-graph\">{\"@context\":\"https:\/\/schema.org\",\"@graph\":[{\"@type\":\"WebSite\",\"@id\":\"https:\/\/www.pescafish.it\/new\/#website\",\"url\":\"https:\/\/www.pescafish.it\/new\/\",\"name\":\"Pesca Fish\",\"description\":\"Benvenuti sul nostro sito!\",\"potentialAction\":[{\"@type\":\"SearchAction\",\"target\":\"https:\/\/www.pescafish.it\/new\/?s={search_term_string}\",\"query-input\":\"required name=search_term_string\"}],\"inLanguage\":\"it-IT\"},{\"@type\":\"ImageObject\",\"@id\":\"https:\/\/www.pescafish.it\/new\/prodotto\/tatula-tw-400-l-daiwa\/#primaryimage\",\"inLanguage\":\"it-IT\",\"url\":\"https:\/\/www.pescafish.it\/new\/wp-content\/uploads\/2022\/06\/400.jpg\",\"width\":1287,\"height\":1287,\"caption\":\"Daiwa\"},{\"@type\":\"WebPage\",\"@id\":\"https:\/\/www.pescafish.it\/new\/prodotto\/tatula-tw-400-l-daiwa\/#webpage\",\"url\":\"https:\/\/www.pescafish.it\/new\/prodotto\/tatula-tw-400-l-daiwa\/\",\"name\":\"Tatula Tw 400 L - Daiwa - Pesca Fish\",\"isPartOf\":{\"@id\":\"https:\/\/www.pescafish.it\/new\/#website\"},\"primaryImageOfPage\":{\"@id\":\"https:\/\/www.pescafish.it\/new\/prodotto\/tatula-tw-400-l-daiwa\/#primaryimage\"},\"datePublished\":\"2022-06-16T13:05:47+00:00\",\"dateModified\":\"2022-06-16T13:05:49+00:00\",\"inLanguage\":\"it-IT\",\"potentialAction\":[{\"@type\":\"ReadAction\",\"target\":[\"https:\/\/www.pescafish.it\/new\/prodotto\/tatula-tw-400-l-daiwa\/\"]}]}]}<\/script>\n<!-- \/ Yoast SEO plugin. -->","_links":{"self":[{"href":"https:\/\/www.pescafish.it\/new\/wp-json\/wp\/v2\/product\/79160"}],"collection":[{"href":"https:\/\/www.pescafish.it\/new\/wp-json\/wp\/v2\/product"}],"about":[{"href":"https:\/\/www.pescafish.it\/new\/wp-json\/wp\/v2\/types\/product"}],"replies":[{"embeddable":true,"href":"https:\/\/www.pescafish.it\/new\/wp-json\/wp\/v2\/comments?post=79160"}],"wp:featuredmedia":[{"embeddable":true,"href":"https:\/\/www.pescafish.it\/new\/wp-json\/wp\/v2\/media\/79161"}],"wp:attachment":[{"href":"https:\/\/www.pescafish.it\/new\/wp-json\/wp\/v2\/media?parent=79160"}],"wp:term":[{"taxonomy":"product_cat","embeddable":true,"href":"https:\/\/www.pescafish.it\/new\/wp-json\/wp\/v2\/product_cat?post=79160"},{"taxonomy":"product_tag","embeddable":true,"href":"https:\/\/www.pescafish.it\/new\/wp-json\/wp\/v2\/product_tag?post=79160"}],"curies":[{"name":"wp","href":"https:\/\/api.w.org\/{rel}","templated":true}]}}