{"id":79093,"date":"2022-06-14T12:28:23","date_gmt":"2022-06-14T10:28:23","guid":{"rendered":"https:\/\/www.pescafish.it\/new\/?post_type=product&#038;p=79093"},"modified":"2022-06-14T12:29:08","modified_gmt":"2022-06-14T10:29:08","slug":"certate-sw-21-daiwa","status":"publish","type":"product","link":"https:\/\/www.pescafish.it\/new\/prodotto\/certate-sw-21-daiwa\/","title":{"rendered":"Certate SW 21 &#8211; Daiwa"},"content":{"rendered":"<div class=\"flex_column av_one_full flex_column_div av-zero-column-padding first avia-builder-el-13 el_after_av_hr el_before_av_one_half \">\n<div class=\"av-special-heading av-special-heading-h3 blockquote elegant-quote elegant-centered avia-builder-el-14 avia-builder-el-no-sibling \">\n<h2 class=\"av-special-heading-tag \">Certate SW 21<\/h2>\n<\/div>\n<\/div>\n<div class=\"flex_column av_one_half flex_column_div av-zero-column-padding first avia-builder-el-15 el_after_av_one_full el_before_av_one_half column-top-margin\">\n<section class=\"av_textblock_section \">\n<div class=\"avia_textblock \">\n<p>Il nuovo 21 CERTATE SW \u00e8 un mulinello da Big Game dalla potenza inesauribile e dalla versatilit\u00e0 sorprendente.<br \/>\nLa sua robustezza \u00e8 degna di un carro armato, grazie all\u2019adozione del medesimo corpo monoscocca in alluminio del famigerato Saltiga. Con quest\u2019ultimo condivide anche gli ingranaggi di altissima qualit\u00e0 in Duralluminio G1. La maggiore leggerezza e reattivit\u00e0 rendono per\u00f2 il 21 Certate SW agevolmente sfruttabile anche per tecniche \u201cshore\u201d.<\/p>\n<p><strong>Caratteristiche:<\/strong><\/p>\n<div class=\"flex_column av_one_third flex_column_div av-zero-column-padding first avia-builder-el-22 el_after_av_one_full el_before_av_one_third column-top-margin\">\n<section class=\"av_textblock_section \">\n<div class=\"avia_textblock \">\n<p>\u2022 Corpo Monoscocca in Alluminio<br \/>\n\u2022 Rotore Air Rotor in Zaion<br \/>\n\u2022 Magsealed<br \/>\n\u2022 Bobina ABS Long Cast forgiata in alluminio<br \/>\n\u2022 Frizione ATD<br \/>\n\u2022 Archetto Air Bail<br \/>\n\u2022 Twistbuster II<br \/>\n\u2022 Tough Digigear<br \/>\n\u2022 Cross Wrap<br \/>\n\u2022 Infinite Antireverse<br \/>\n\u2022 Manovella Machine Cut in Alluminio<\/p>\n<p><strong>Disponibile nelle seguenti misure:<\/strong><\/p>\n<table style=\"height: 92px; width: 100%; border-collapse: collapse;\" border=\"1\">\n<tbody>\n<tr style=\"height: 23px;\">\n<td style=\"width: 14.534%; height: 23px;\"><strong>Codice<\/strong><\/td>\n<td style=\"width: 14.0374%; height: 23px;\"><strong>Cuscinetti\u00a0<\/strong><\/td>\n<td style=\"width: 14.2857%; height: 23px;\"><strong>Frizione (kg)<\/strong><\/td>\n<td style=\"width: 14.2857%; height: 23px;\"><strong>Rapporto di recupero\u00a0<\/strong><\/td>\n<td style=\"width: 14.2857%; height: 23px;\"><strong>Capacit\u00e0 Bob. Nylon<\/strong><\/td>\n<td style=\"width: 14.2857%; height: 23px;\"><strong>Capacit\u00e0 Bob. Treccia<\/strong><\/td>\n<td style=\"width: 14.2857%; height: 23px;\"><strong>Peso (gr)<\/strong><\/td>\n<\/tr>\n<tr style=\"height: 23px;\">\n<td style=\"width: 14.534%; height: 23px;\"><strong>21CERGSW5000XH<\/strong><\/td>\n<td style=\"width: 14.0374%; height: 23px;\">9CRBB + 1 BB+1 roller<\/td>\n<td style=\"width: 14.2857%; height: 23px;\">15<\/td>\n<td style=\"width: 14.2857%; height: 23px;\">6,2:1 \/ 104cm<\/td>\n<td style=\"width: 14.2857%; height: 23px;\">0,40mm \u2013 150m<\/td>\n<td style=\"width: 14.2857%; height: 23px;\">0,22mm \u2013 300m<\/td>\n<td style=\"width: 14.2857%; height: 23px;\">385g<\/td>\n<\/tr>\n<tr style=\"height: 23px;\">\n<td style=\"width: 14.534%; height: 23px;\"><strong>21CERGSW6000XH<\/strong><\/td>\n<td style=\"width: 14.0374%; height: 23px;\">9CRBB + 1 BB+1 roller<\/td>\n<td style=\"width: 14.2857%; height: 23px;\">15<\/td>\n<td style=\"width: 14.2857%; height: 23px;\">6,2:1 \/ 110cm<\/td>\n<td style=\"width: 14.2857%; height: 23px;\">0,43mm \u2013 150m<\/td>\n<td style=\"width: 14.2857%; height: 23px;\">0,24mm \u2013 300m<\/td>\n<td style=\"width: 14.2857%; height: 23px;\">375g<\/td>\n<\/tr>\n<tr style=\"height: 23px;\">\n<td style=\"width: 14.534%; height: 23px;\"><strong>21CERSWG14000XH<\/strong><\/td>\n<td style=\"width: 14.0374%; height: 23px;\">6BB + 1 CRBB + 1 Magsealed+ 1 roller<\/td>\n<td style=\"width: 14.2857%; height: 23px;\">25<\/td>\n<td style=\"width: 14.2857%; height: 23px;\">6,2:1 \/ 134cm<\/td>\n<td style=\"width: 14.2857%; height: 23px;\">0,40mm \u2013 300m<\/td>\n<td style=\"width: 14.2857%; height: 23px;\">0,35mm \u2013 300m<\/td>\n<td style=\"width: 14.2857%; height: 23px;\">635g<\/td>\n<\/tr>\n<\/tbody>\n<\/table>\n<\/div>\n<\/section>\n<\/div>\n<\/div>\n<\/section>\n<\/div>\n","protected":false},"excerpt":{"rendered":"<p>Certate SW 21 Il nuovo 21 CERTATE SW \u00e8 un mulinello da Big Game dalla potenza inesauribile e dalla versatilit\u00e0 sorprendente. La sua robustezza \u00e8 degna di un carro armato, grazie all\u2019adozione del medesimo corpo monoscocca in alluminio del famigerato Saltiga. Con quest\u2019ultimo condivide anche gli ingranaggi di altissima qualit\u00e0 in Duralluminio G1. La maggiore [&hellip;]<\/p>\n","protected":false},"featured_media":79115,"comment_status":"closed","ping_status":"closed","template":"","meta":[],"product_cat":[351],"product_tag":[1051],"yoast_head":"<!-- This site is optimized with the Yoast SEO plugin v15.3 - https:\/\/yoast.com\/wordpress\/plugins\/seo\/ -->\n<title>Certate SW 21 - Daiwa - Pesca Fish<\/title>\n<meta name=\"robots\" content=\"index, follow, max-snippet:-1, max-image-preview:large, max-video-preview:-1\" \/>\n<link rel=\"canonical\" href=\"https:\/\/www.pescafish.it\/new\/prodotto\/certate-sw-21-daiwa\/\" \/>\n<meta property=\"og:locale\" content=\"it_IT\" \/>\n<meta property=\"og:type\" content=\"article\" \/>\n<meta property=\"og:title\" content=\"Certate SW 21 - Daiwa - Pesca Fish\" \/>\n<meta property=\"og:description\" content=\"Certate SW 21 Il nuovo 21 CERTATE SW \u00e8 un mulinello da Big Game dalla potenza inesauribile e dalla versatilit\u00e0 sorprendente. La sua robustezza \u00e8 degna di un carro armato, grazie all\u2019adozione del medesimo corpo monoscocca in alluminio del famigerato Saltiga. Con quest\u2019ultimo condivide anche gli ingranaggi di altissima qualit\u00e0 in Duralluminio G1. La maggiore [&hellip;]\" \/>\n<meta property=\"og:url\" content=\"https:\/\/www.pescafish.it\/new\/prodotto\/certate-sw-21-daiwa\/\" \/>\n<meta property=\"og:site_name\" content=\"Pesca Fish\" \/>\n<meta property=\"article:publisher\" content=\"https:\/\/www.facebook.com\/pescafishvr\/\" \/>\n<meta property=\"article:modified_time\" content=\"2022-06-14T10:29:08+00:00\" \/>\n<meta property=\"og:image\" content=\"https:\/\/www.pescafish.it\/new\/wp-content\/uploads\/2022\/06\/21.jpg\" \/>\n\t<meta property=\"og:image:width\" content=\"1496\" \/>\n\t<meta property=\"og:image:height\" content=\"1496\" \/>\n<meta name=\"twitter:card\" content=\"summary_large_image\" \/>\n<meta name=\"twitter:label1\" content=\"Scritto da\">\n\t<meta name=\"twitter:data1\" content=\"francesca\">\n\t<meta name=\"twitter:label2\" content=\"Tempo di lettura stimato\">\n\t<meta name=\"twitter:data2\" content=\"1 minuto\">\n<script type=\"application\/ld+json\" class=\"yoast-schema-graph\">{\"@context\":\"https:\/\/schema.org\",\"@graph\":[{\"@type\":\"WebSite\",\"@id\":\"https:\/\/www.pescafish.it\/new\/#website\",\"url\":\"https:\/\/www.pescafish.it\/new\/\",\"name\":\"Pesca Fish\",\"description\":\"Benvenuti sul nostro sito!\",\"potentialAction\":[{\"@type\":\"SearchAction\",\"target\":\"https:\/\/www.pescafish.it\/new\/?s={search_term_string}\",\"query-input\":\"required name=search_term_string\"}],\"inLanguage\":\"it-IT\"},{\"@type\":\"ImageObject\",\"@id\":\"https:\/\/www.pescafish.it\/new\/prodotto\/certate-sw-21-daiwa\/#primaryimage\",\"inLanguage\":\"it-IT\",\"url\":\"https:\/\/www.pescafish.it\/new\/wp-content\/uploads\/2022\/06\/21.jpg\",\"width\":1496,\"height\":1496,\"caption\":\"Daiwa\"},{\"@type\":\"WebPage\",\"@id\":\"https:\/\/www.pescafish.it\/new\/prodotto\/certate-sw-21-daiwa\/#webpage\",\"url\":\"https:\/\/www.pescafish.it\/new\/prodotto\/certate-sw-21-daiwa\/\",\"name\":\"Certate SW 21 - Daiwa - Pesca Fish\",\"isPartOf\":{\"@id\":\"https:\/\/www.pescafish.it\/new\/#website\"},\"primaryImageOfPage\":{\"@id\":\"https:\/\/www.pescafish.it\/new\/prodotto\/certate-sw-21-daiwa\/#primaryimage\"},\"datePublished\":\"2022-06-14T10:28:23+00:00\",\"dateModified\":\"2022-06-14T10:29:08+00:00\",\"inLanguage\":\"it-IT\",\"potentialAction\":[{\"@type\":\"ReadAction\",\"target\":[\"https:\/\/www.pescafish.it\/new\/prodotto\/certate-sw-21-daiwa\/\"]}]}]}<\/script>\n<!-- \/ Yoast SEO plugin. -->","_links":{"self":[{"href":"https:\/\/www.pescafish.it\/new\/wp-json\/wp\/v2\/product\/79093"}],"collection":[{"href":"https:\/\/www.pescafish.it\/new\/wp-json\/wp\/v2\/product"}],"about":[{"href":"https:\/\/www.pescafish.it\/new\/wp-json\/wp\/v2\/types\/product"}],"replies":[{"embeddable":true,"href":"https:\/\/www.pescafish.it\/new\/wp-json\/wp\/v2\/comments?post=79093"}],"wp:featuredmedia":[{"embeddable":true,"href":"https:\/\/www.pescafish.it\/new\/wp-json\/wp\/v2\/media\/79115"}],"wp:attachment":[{"href":"https:\/\/www.pescafish.it\/new\/wp-json\/wp\/v2\/media?parent=79093"}],"wp:term":[{"taxonomy":"product_cat","embeddable":true,"href":"https:\/\/www.pescafish.it\/new\/wp-json\/wp\/v2\/product_cat?post=79093"},{"taxonomy":"product_tag","embeddable":true,"href":"https:\/\/www.pescafish.it\/new\/wp-json\/wp\/v2\/product_tag?post=79093"}],"curies":[{"name":"wp","href":"https:\/\/api.w.org\/{rel}","templated":true}]}}