{"id":79032,"date":"2022-06-08T17:37:28","date_gmt":"2022-06-08T15:37:28","guid":{"rendered":"https:\/\/www.pescafish.it\/new\/?post_type=product&#038;p=79032"},"modified":"2022-06-08T17:37:30","modified_gmt":"2022-06-08T15:37:30","slug":"stainless-steel-whisk-preston-innovations","status":"publish","type":"product","link":"https:\/\/www.pescafish.it\/new\/prodotto\/stainless-steel-whisk-preston-innovations\/","title":{"rendered":"Stainless Steel Whisk &#8211; Preston Innovations"},"content":{"rendered":"<p>Costruita in acciaio inossidabile di alta qualit\u00e0, la frusta Preston Innovations \u00e8 perfetta per preparare grandi quantit\u00e0 di pasture, assicurando un risultato uniforme.<br \/>\nAbbiamo realizzato la base della frusta utilizzando un profilo piatto, per rendere pi\u00f9 semplice il suo utilizzo e per assicurare il contatto con la massima quantit\u00e0 di pastura, aspetto particolarmente importante quando si utilizzano grossi secchi per la preparazione di grandi quantit\u00e0 di pasture o terre.<\/p>\n","protected":false},"excerpt":{"rendered":"<p>Costruita in acciaio inossidabile di alta qualit\u00e0, la frusta Preston Innovations \u00e8 perfetta per preparare grandi quantit\u00e0 di pasture, assicurando un risultato uniforme. Abbiamo realizzato la base della frusta utilizzando un profilo piatto, per rendere pi\u00f9 semplice il suo utilizzo e per assicurare il contatto con la massima quantit\u00e0 di pastura, aspetto particolarmente importante quando [&hellip;]<\/p>\n","protected":false},"featured_media":79033,"comment_status":"closed","ping_status":"closed","template":"","meta":[],"product_cat":[180],"product_tag":[1020],"yoast_head":"<!-- This site is optimized with the Yoast SEO plugin v15.3 - https:\/\/yoast.com\/wordpress\/plugins\/seo\/ -->\n<title>Stainless Steel Whisk - Preston Innovations - Pesca Fish<\/title>\n<meta name=\"robots\" content=\"index, follow, max-snippet:-1, max-image-preview:large, max-video-preview:-1\" \/>\n<link rel=\"canonical\" href=\"https:\/\/www.pescafish.it\/new\/prodotto\/stainless-steel-whisk-preston-innovations\/\" \/>\n<meta property=\"og:locale\" content=\"it_IT\" \/>\n<meta property=\"og:type\" content=\"article\" \/>\n<meta property=\"og:title\" content=\"Stainless Steel Whisk - Preston Innovations - Pesca Fish\" \/>\n<meta property=\"og:description\" content=\"Costruita in acciaio inossidabile di alta qualit\u00e0, la frusta Preston Innovations \u00e8 perfetta per preparare grandi quantit\u00e0 di pasture, assicurando un risultato uniforme. Abbiamo realizzato la base della frusta utilizzando un profilo piatto, per rendere pi\u00f9 semplice il suo utilizzo e per assicurare il contatto con la massima quantit\u00e0 di pastura, aspetto particolarmente importante quando [&hellip;]\" \/>\n<meta property=\"og:url\" content=\"https:\/\/www.pescafish.it\/new\/prodotto\/stainless-steel-whisk-preston-innovations\/\" \/>\n<meta property=\"og:site_name\" content=\"Pesca Fish\" \/>\n<meta property=\"article:publisher\" content=\"https:\/\/www.facebook.com\/pescafishvr\/\" \/>\n<meta property=\"article:modified_time\" content=\"2022-06-08T15:37:30+00:00\" \/>\n<meta property=\"og:image\" content=\"https:\/\/www.pescafish.it\/new\/wp-content\/uploads\/2022\/06\/stainless-steel-whisk.jpg\" \/>\n\t<meta property=\"og:image:width\" content=\"730\" \/>\n\t<meta property=\"og:image:height\" content=\"730\" \/>\n<meta name=\"twitter:card\" content=\"summary_large_image\" \/>\n<meta name=\"twitter:label1\" content=\"Scritto da\">\n\t<meta name=\"twitter:data1\" content=\"francesca\">\n\t<meta name=\"twitter:label2\" content=\"Tempo di lettura stimato\">\n\t<meta name=\"twitter:data2\" content=\"0 minuti\">\n<script type=\"application\/ld+json\" class=\"yoast-schema-graph\">{\"@context\":\"https:\/\/schema.org\",\"@graph\":[{\"@type\":\"WebSite\",\"@id\":\"https:\/\/www.pescafish.it\/new\/#website\",\"url\":\"https:\/\/www.pescafish.it\/new\/\",\"name\":\"Pesca Fish\",\"description\":\"Benvenuti sul nostro sito!\",\"potentialAction\":[{\"@type\":\"SearchAction\",\"target\":\"https:\/\/www.pescafish.it\/new\/?s={search_term_string}\",\"query-input\":\"required name=search_term_string\"}],\"inLanguage\":\"it-IT\"},{\"@type\":\"ImageObject\",\"@id\":\"https:\/\/www.pescafish.it\/new\/prodotto\/stainless-steel-whisk-preston-innovations\/#primaryimage\",\"inLanguage\":\"it-IT\",\"url\":\"https:\/\/www.pescafish.it\/new\/wp-content\/uploads\/2022\/06\/stainless-steel-whisk.jpg\",\"width\":730,\"height\":730,\"caption\":\"stainless steel whisk preston innovations\"},{\"@type\":\"WebPage\",\"@id\":\"https:\/\/www.pescafish.it\/new\/prodotto\/stainless-steel-whisk-preston-innovations\/#webpage\",\"url\":\"https:\/\/www.pescafish.it\/new\/prodotto\/stainless-steel-whisk-preston-innovations\/\",\"name\":\"Stainless Steel Whisk - Preston Innovations - Pesca Fish\",\"isPartOf\":{\"@id\":\"https:\/\/www.pescafish.it\/new\/#website\"},\"primaryImageOfPage\":{\"@id\":\"https:\/\/www.pescafish.it\/new\/prodotto\/stainless-steel-whisk-preston-innovations\/#primaryimage\"},\"datePublished\":\"2022-06-08T15:37:28+00:00\",\"dateModified\":\"2022-06-08T15:37:30+00:00\",\"inLanguage\":\"it-IT\",\"potentialAction\":[{\"@type\":\"ReadAction\",\"target\":[\"https:\/\/www.pescafish.it\/new\/prodotto\/stainless-steel-whisk-preston-innovations\/\"]}]}]}<\/script>\n<!-- \/ Yoast SEO plugin. -->","_links":{"self":[{"href":"https:\/\/www.pescafish.it\/new\/wp-json\/wp\/v2\/product\/79032"}],"collection":[{"href":"https:\/\/www.pescafish.it\/new\/wp-json\/wp\/v2\/product"}],"about":[{"href":"https:\/\/www.pescafish.it\/new\/wp-json\/wp\/v2\/types\/product"}],"replies":[{"embeddable":true,"href":"https:\/\/www.pescafish.it\/new\/wp-json\/wp\/v2\/comments?post=79032"}],"wp:featuredmedia":[{"embeddable":true,"href":"https:\/\/www.pescafish.it\/new\/wp-json\/wp\/v2\/media\/79033"}],"wp:attachment":[{"href":"https:\/\/www.pescafish.it\/new\/wp-json\/wp\/v2\/media?parent=79032"}],"wp:term":[{"taxonomy":"product_cat","embeddable":true,"href":"https:\/\/www.pescafish.it\/new\/wp-json\/wp\/v2\/product_cat?post=79032"},{"taxonomy":"product_tag","embeddable":true,"href":"https:\/\/www.pescafish.it\/new\/wp-json\/wp\/v2\/product_tag?post=79032"}],"curies":[{"name":"wp","href":"https:\/\/api.w.org\/{rel}","templated":true}]}}