{"id":78934,"date":"2022-05-27T16:07:58","date_gmt":"2022-05-27T14:07:58","guid":{"rendered":"https:\/\/www.pescafish.it\/new\/?post_type=product&#038;p=78934"},"modified":"2022-05-27T16:07:59","modified_gmt":"2022-05-27T14:07:59","slug":"ocea-head-dip-flash-boost-140f-shimano","status":"publish","type":"product","link":"https:\/\/www.pescafish.it\/new\/prodotto\/ocea-head-dip-flash-boost-140f-shimano\/","title":{"rendered":"Ocea Head Dip Flash Boost 140F &#8211; Shimano"},"content":{"rendered":"<p>Originariamente sviluppato per i grandi yellowfin di Sagami Bay in Giappone, Ocea Head Dip ha gi\u00e0 dimostrato la sua efficacia sul tonno rosso e su altre specie predatorie in tutto il mondo. Il sistema AR-C garantisce prestazioni di lancio a distanza senza rivali, dando la possibilit\u00e0 di raggiungere sempre la mangianza da lunga distanza senza spaventarla. Questa nuova dimensione compatta di 140mm \u00e8 dotata dell&#8217;esclusiva tecnologia Shimano Flashboost: la lamella all&#8217;interno del corpo dell&#8217;esca continuer\u00e0 ad emettere bagliori anche durante le soste dell&#8217;esca, aumentando notevolmente il potenza attrattivo. Ocea Head Dip \u00e8 progettato con un centro di galleggiamento basso, quindi la sezione potenziata dal flash del corpo dell&#8217;esca sar\u00e0 sempre sotto la superficie anche durante le pause pi\u00f9 lunghe. La livrea olografica Kyorin di Shimano completa il potere attrattivo di questa innovativa stickbait galleggiante. Ocea Head Dip \u00e8 dotato di due ancorette SW 3\/0 sovradimensionati, che consentono di combattere in sicurezza i predatori pi\u00f9 impegnativi.<\/p>\n<p><strong>Lunghezza:<\/strong> 140mm<br \/>\n<strong>Peso:<\/strong> 70g<br \/>\n<strong>Azione:<\/strong>\u00a0Floating<br \/>\n<strong>Profondit\u00e0 di nuoto:<\/strong> Topwater<\/p>\n<p><strong>Disponibile nelle seguenti colorazioni:<br \/>\n59VXUT14U04\u00a0 <span style=\"color: #ff0000;\">005<\/span><br \/>\n59VXUT14U05\u00a0 <span style=\"color: #ff0000;\">006<\/span><\/strong><\/p>\n<p>&nbsp;<\/p>\n<p><iframe loading=\"lazy\" title=\"OCEA Head Dip FLASH BOOST 140F | Swimming Action | SHIMANO Lures\" width=\"900\" height=\"506\" src=\"https:\/\/www.youtube.com\/embed\/TUC48tgoCco?feature=oembed\" frameborder=\"0\" allow=\"accelerometer; autoplay; clipboard-write; encrypted-media; gyroscope; picture-in-picture\" allowfullscreen><\/iframe><\/p>\n","protected":false},"excerpt":{"rendered":"<p>Originariamente sviluppato per i grandi yellowfin di Sagami Bay in Giappone, Ocea Head Dip ha gi\u00e0 dimostrato la sua efficacia sul tonno rosso e su altre specie predatorie in tutto il mondo. Il sistema AR-C garantisce prestazioni di lancio a distanza senza rivali, dando la possibilit\u00e0 di raggiungere sempre la mangianza da lunga distanza senza [&hellip;]<\/p>\n","protected":false},"featured_media":78935,"comment_status":"closed","ping_status":"closed","template":"","meta":[],"product_cat":[642],"product_tag":[1023],"yoast_head":"<!-- This site is optimized with the Yoast SEO plugin v15.3 - https:\/\/yoast.com\/wordpress\/plugins\/seo\/ -->\n<title>Ocea Head Dip Flash Boost 140F - Shimano - Pesca Fish<\/title>\n<meta name=\"robots\" content=\"index, follow, max-snippet:-1, max-image-preview:large, max-video-preview:-1\" \/>\n<link rel=\"canonical\" href=\"https:\/\/www.pescafish.it\/new\/prodotto\/ocea-head-dip-flash-boost-140f-shimano\/\" \/>\n<meta property=\"og:locale\" content=\"it_IT\" \/>\n<meta property=\"og:type\" content=\"article\" \/>\n<meta property=\"og:title\" content=\"Ocea Head Dip Flash Boost 140F - Shimano - Pesca Fish\" \/>\n<meta property=\"og:description\" content=\"Originariamente sviluppato per i grandi yellowfin di Sagami Bay in Giappone, Ocea Head Dip ha gi\u00e0 dimostrato la sua efficacia sul tonno rosso e su altre specie predatorie in tutto il mondo. Il sistema AR-C garantisce prestazioni di lancio a distanza senza rivali, dando la possibilit\u00e0 di raggiungere sempre la mangianza da lunga distanza senza [&hellip;]\" \/>\n<meta property=\"og:url\" content=\"https:\/\/www.pescafish.it\/new\/prodotto\/ocea-head-dip-flash-boost-140f-shimano\/\" \/>\n<meta property=\"og:site_name\" content=\"Pesca Fish\" \/>\n<meta property=\"article:publisher\" content=\"https:\/\/www.facebook.com\/pescafishvr\/\" \/>\n<meta property=\"article:modified_time\" content=\"2022-05-27T14:07:59+00:00\" \/>\n<meta property=\"og:image\" content=\"https:\/\/www.pescafish.it\/new\/wp-content\/uploads\/2022\/05\/ocea-head-dip_-005.jpg\" \/>\n\t<meta property=\"og:image:width\" content=\"1000\" \/>\n\t<meta property=\"og:image:height\" content=\"1000\" \/>\n<meta name=\"twitter:card\" content=\"summary_large_image\" \/>\n<meta name=\"twitter:label1\" content=\"Scritto da\">\n\t<meta name=\"twitter:data1\" content=\"francesca\">\n\t<meta name=\"twitter:label2\" content=\"Tempo di lettura stimato\">\n\t<meta name=\"twitter:data2\" content=\"1 minuto\">\n<script type=\"application\/ld+json\" class=\"yoast-schema-graph\">{\"@context\":\"https:\/\/schema.org\",\"@graph\":[{\"@type\":\"WebSite\",\"@id\":\"https:\/\/www.pescafish.it\/new\/#website\",\"url\":\"https:\/\/www.pescafish.it\/new\/\",\"name\":\"Pesca Fish\",\"description\":\"Benvenuti sul nostro sito!\",\"potentialAction\":[{\"@type\":\"SearchAction\",\"target\":\"https:\/\/www.pescafish.it\/new\/?s={search_term_string}\",\"query-input\":\"required name=search_term_string\"}],\"inLanguage\":\"it-IT\"},{\"@type\":\"ImageObject\",\"@id\":\"https:\/\/www.pescafish.it\/new\/prodotto\/ocea-head-dip-flash-boost-140f-shimano\/#primaryimage\",\"inLanguage\":\"it-IT\",\"url\":\"https:\/\/www.pescafish.it\/new\/wp-content\/uploads\/2022\/05\/ocea-head-dip_-005.jpg\",\"width\":1000,\"height\":1000,\"caption\":\"ocea head dip flash boost shimano\"},{\"@type\":\"WebPage\",\"@id\":\"https:\/\/www.pescafish.it\/new\/prodotto\/ocea-head-dip-flash-boost-140f-shimano\/#webpage\",\"url\":\"https:\/\/www.pescafish.it\/new\/prodotto\/ocea-head-dip-flash-boost-140f-shimano\/\",\"name\":\"Ocea Head Dip Flash Boost 140F - Shimano - Pesca Fish\",\"isPartOf\":{\"@id\":\"https:\/\/www.pescafish.it\/new\/#website\"},\"primaryImageOfPage\":{\"@id\":\"https:\/\/www.pescafish.it\/new\/prodotto\/ocea-head-dip-flash-boost-140f-shimano\/#primaryimage\"},\"datePublished\":\"2022-05-27T14:07:58+00:00\",\"dateModified\":\"2022-05-27T14:07:59+00:00\",\"inLanguage\":\"it-IT\",\"potentialAction\":[{\"@type\":\"ReadAction\",\"target\":[\"https:\/\/www.pescafish.it\/new\/prodotto\/ocea-head-dip-flash-boost-140f-shimano\/\"]}]}]}<\/script>\n<!-- \/ Yoast SEO plugin. -->","_links":{"self":[{"href":"https:\/\/www.pescafish.it\/new\/wp-json\/wp\/v2\/product\/78934"}],"collection":[{"href":"https:\/\/www.pescafish.it\/new\/wp-json\/wp\/v2\/product"}],"about":[{"href":"https:\/\/www.pescafish.it\/new\/wp-json\/wp\/v2\/types\/product"}],"replies":[{"embeddable":true,"href":"https:\/\/www.pescafish.it\/new\/wp-json\/wp\/v2\/comments?post=78934"}],"wp:featuredmedia":[{"embeddable":true,"href":"https:\/\/www.pescafish.it\/new\/wp-json\/wp\/v2\/media\/78935"}],"wp:attachment":[{"href":"https:\/\/www.pescafish.it\/new\/wp-json\/wp\/v2\/media?parent=78934"}],"wp:term":[{"taxonomy":"product_cat","embeddable":true,"href":"https:\/\/www.pescafish.it\/new\/wp-json\/wp\/v2\/product_cat?post=78934"},{"taxonomy":"product_tag","embeddable":true,"href":"https:\/\/www.pescafish.it\/new\/wp-json\/wp\/v2\/product_tag?post=78934"}],"curies":[{"name":"wp","href":"https:\/\/api.w.org\/{rel}","templated":true}]}}