{"id":78580,"date":"2022-05-14T10:08:17","date_gmt":"2022-05-14T08:08:17","guid":{"rendered":"https:\/\/www.pescafish.it\/new\/?post_type=product&#038;p=78580"},"modified":"2023-04-05T16:17:46","modified_gmt":"2023-04-05T14:17:46","slug":"pinne-deluxe-rapala","status":"publish","type":"product","link":"https:\/\/www.pescafish.it\/new\/prodotto\/pinne-deluxe-rapala\/","title":{"rendered":"Pinne Deluxe &#8211; Rapala"},"content":{"rendered":"<p>Le pinne Rapala Deluxe per belly boat (float tube) sono state progettate per offrire la combinazione perfetta di comfort e prestazioni. Il piede \u00e8 tenuto perfettamente, sia in larghezza che in altezza e non pu\u00f2 muoversi, anche durante i movimenti pi\u00f9 violenti. Il serraggio nella parte posteriore del piede \u00e8 regolabile e abbastanza largo da contenere qualsiasi modello di scarpa.<\/p>\n","protected":false},"excerpt":{"rendered":"<p>Le pinne Rapala Deluxe per belly boat (float tube) sono state progettate per offrire la combinazione perfetta di comfort e prestazioni. Il piede \u00e8 tenuto perfettamente, sia in larghezza che in altezza e non pu\u00f2 muoversi, anche durante i movimenti pi\u00f9 violenti. Il serraggio nella parte posteriore del piede \u00e8 regolabile e abbastanza largo da [&hellip;]<\/p>\n","protected":false},"featured_media":78581,"comment_status":"closed","ping_status":"closed","template":"","meta":[],"product_cat":[225],"product_tag":[1113],"yoast_head":"<!-- This site is optimized with the Yoast SEO plugin v15.3 - https:\/\/yoast.com\/wordpress\/plugins\/seo\/ -->\n<title>Pinne Deluxe - Rapala - Pesca Fish<\/title>\n<meta name=\"robots\" content=\"index, follow, max-snippet:-1, max-image-preview:large, max-video-preview:-1\" \/>\n<link rel=\"canonical\" href=\"https:\/\/www.pescafish.it\/new\/prodotto\/pinne-deluxe-rapala\/\" \/>\n<meta property=\"og:locale\" content=\"it_IT\" \/>\n<meta property=\"og:type\" content=\"article\" \/>\n<meta property=\"og:title\" content=\"Pinne Deluxe - Rapala - Pesca Fish\" \/>\n<meta property=\"og:description\" content=\"Le pinne Rapala Deluxe per belly boat (float tube) sono state progettate per offrire la combinazione perfetta di comfort e prestazioni. Il piede \u00e8 tenuto perfettamente, sia in larghezza che in altezza e non pu\u00f2 muoversi, anche durante i movimenti pi\u00f9 violenti. Il serraggio nella parte posteriore del piede \u00e8 regolabile e abbastanza largo da [&hellip;]\" \/>\n<meta property=\"og:url\" content=\"https:\/\/www.pescafish.it\/new\/prodotto\/pinne-deluxe-rapala\/\" \/>\n<meta property=\"og:site_name\" content=\"Pesca Fish\" \/>\n<meta property=\"article:publisher\" content=\"https:\/\/www.facebook.com\/pescafishvr\/\" \/>\n<meta property=\"article:modified_time\" content=\"2023-04-05T14:17:46+00:00\" \/>\n<meta property=\"og:image\" content=\"https:\/\/www.pescafish.it\/new\/wp-content\/uploads\/2022\/05\/fins-deluxe-float-tube.jpg\" \/>\n\t<meta property=\"og:image:width\" content=\"865\" \/>\n\t<meta property=\"og:image:height\" content=\"865\" \/>\n<meta name=\"twitter:card\" content=\"summary_large_image\" \/>\n<meta name=\"twitter:label1\" content=\"Scritto da\">\n\t<meta name=\"twitter:data1\" content=\"francesca\">\n\t<meta name=\"twitter:label2\" content=\"Tempo di lettura stimato\">\n\t<meta name=\"twitter:data2\" content=\"0 minuti\">\n<script type=\"application\/ld+json\" class=\"yoast-schema-graph\">{\"@context\":\"https:\/\/schema.org\",\"@graph\":[{\"@type\":\"WebSite\",\"@id\":\"https:\/\/www.pescafish.it\/new\/#website\",\"url\":\"https:\/\/www.pescafish.it\/new\/\",\"name\":\"Pesca Fish\",\"description\":\"Benvenuti sul nostro sito!\",\"potentialAction\":[{\"@type\":\"SearchAction\",\"target\":\"https:\/\/www.pescafish.it\/new\/?s={search_term_string}\",\"query-input\":\"required name=search_term_string\"}],\"inLanguage\":\"it-IT\"},{\"@type\":\"ImageObject\",\"@id\":\"https:\/\/www.pescafish.it\/new\/prodotto\/pinne-deluxe-rapala\/#primaryimage\",\"inLanguage\":\"it-IT\",\"url\":\"https:\/\/www.pescafish.it\/new\/wp-content\/uploads\/2022\/05\/fins-deluxe-float-tube.jpg\",\"width\":865,\"height\":865,\"caption\":\"pinne deluxe rapala\"},{\"@type\":\"WebPage\",\"@id\":\"https:\/\/www.pescafish.it\/new\/prodotto\/pinne-deluxe-rapala\/#webpage\",\"url\":\"https:\/\/www.pescafish.it\/new\/prodotto\/pinne-deluxe-rapala\/\",\"name\":\"Pinne Deluxe - Rapala - Pesca Fish\",\"isPartOf\":{\"@id\":\"https:\/\/www.pescafish.it\/new\/#website\"},\"primaryImageOfPage\":{\"@id\":\"https:\/\/www.pescafish.it\/new\/prodotto\/pinne-deluxe-rapala\/#primaryimage\"},\"datePublished\":\"2022-05-14T08:08:17+00:00\",\"dateModified\":\"2023-04-05T14:17:46+00:00\",\"inLanguage\":\"it-IT\",\"potentialAction\":[{\"@type\":\"ReadAction\",\"target\":[\"https:\/\/www.pescafish.it\/new\/prodotto\/pinne-deluxe-rapala\/\"]}]}]}<\/script>\n<!-- \/ Yoast SEO plugin. -->","_links":{"self":[{"href":"https:\/\/www.pescafish.it\/new\/wp-json\/wp\/v2\/product\/78580"}],"collection":[{"href":"https:\/\/www.pescafish.it\/new\/wp-json\/wp\/v2\/product"}],"about":[{"href":"https:\/\/www.pescafish.it\/new\/wp-json\/wp\/v2\/types\/product"}],"replies":[{"embeddable":true,"href":"https:\/\/www.pescafish.it\/new\/wp-json\/wp\/v2\/comments?post=78580"}],"wp:featuredmedia":[{"embeddable":true,"href":"https:\/\/www.pescafish.it\/new\/wp-json\/wp\/v2\/media\/78581"}],"wp:attachment":[{"href":"https:\/\/www.pescafish.it\/new\/wp-json\/wp\/v2\/media?parent=78580"}],"wp:term":[{"taxonomy":"product_cat","embeddable":true,"href":"https:\/\/www.pescafish.it\/new\/wp-json\/wp\/v2\/product_cat?post=78580"},{"taxonomy":"product_tag","embeddable":true,"href":"https:\/\/www.pescafish.it\/new\/wp-json\/wp\/v2\/product_tag?post=78580"}],"curies":[{"name":"wp","href":"https:\/\/api.w.org\/{rel}","templated":true}]}}