{"id":78559,"date":"2022-05-13T11:24:57","date_gmt":"2022-05-13T09:24:57","guid":{"rendered":"https:\/\/www.pescafish.it\/new\/?post_type=product&#038;p=78559"},"modified":"2022-05-13T11:24:58","modified_gmt":"2022-05-13T09:24:58","slug":"3d-swim-squid-18cm-32g-sinking-savage-gear","status":"publish","type":"product","link":"https:\/\/www.pescafish.it\/new\/prodotto\/3d-swim-squid-18cm-32g-sinking-savage-gear\/","title":{"rendered":"3D Swim Squid 18cm 32g Sinking &#8211; Savage Gear"},"content":{"rendered":"<h2>3D Swim Squid 18cm 32g Sinking<\/h2>\n<p>Basato sulla scansione di un vero calamaro, con dettagli superbi e un profilo super realistico. L&#8217;esca nuota e sembra proprio un vero calamaro e inganner\u00e0 anche il pesce predatore pi\u00f9 vario per attaccarlo! L&#8217;esca in PVC a corpo libero pu\u00f2 essere armata in molti modi, ha un canale passante per un facile sartiame passante e uno slot nella parte posteriore per un sartiame EWG meno diserbante. Pu\u00f2 essere facilmente montato su teste di maschera e teste di viti di sughero. Le pinne del corpo pulsano e i tentacoli vibrano vivacemente mentre l&#8217;esca si muove attraverso l&#8217;acqua, rendendo questa esca la perfetta imitazione del calamaro!<\/p>\n<p><strong>Disponibile nelle seguenti colorazioni:<\/strong><br \/>\n<strong>63863<\/strong>\u00a0 Green Eye<br \/>\n<strong>63864<\/strong>\u00a0 Pink Glow<br \/>\n<strong>63865<\/strong>\u00a0 Cuttlefish<br \/>\n<strong>73249<\/strong>\u00a0 Horny Squid<br \/>\n<strong>73250<\/strong>\u00a0 White Glow Cuttlefish<\/p>\n<p>&nbsp;<\/p>\n","protected":false},"excerpt":{"rendered":"<p>3D Swim Squid 18cm 32g Sinking Basato sulla scansione di un vero calamaro, con dettagli superbi e un profilo super realistico. L&#8217;esca nuota e sembra proprio un vero calamaro e inganner\u00e0 anche il pesce predatore pi\u00f9 vario per attaccarlo! L&#8217;esca in PVC a corpo libero pu\u00f2 essere armata in molti modi, ha un canale passante [&hellip;]<\/p>\n","protected":false},"featured_media":78560,"comment_status":"closed","ping_status":"closed","template":"","meta":[],"product_cat":[611],"product_tag":[1037],"yoast_head":"<!-- This site is optimized with the Yoast SEO plugin v15.3 - https:\/\/yoast.com\/wordpress\/plugins\/seo\/ -->\n<title>3D Swim Squid 18cm 32g Sinking - Savage Gear - Pesca Fish<\/title>\n<meta name=\"robots\" content=\"index, follow, max-snippet:-1, max-image-preview:large, max-video-preview:-1\" \/>\n<link rel=\"canonical\" href=\"https:\/\/www.pescafish.it\/new\/prodotto\/3d-swim-squid-18cm-32g-sinking-savage-gear\/\" \/>\n<meta property=\"og:locale\" content=\"it_IT\" \/>\n<meta property=\"og:type\" content=\"article\" \/>\n<meta property=\"og:title\" content=\"3D Swim Squid 18cm 32g Sinking - Savage Gear - Pesca Fish\" \/>\n<meta property=\"og:description\" content=\"3D Swim Squid 18cm 32g Sinking Basato sulla scansione di un vero calamaro, con dettagli superbi e un profilo super realistico. L&#8217;esca nuota e sembra proprio un vero calamaro e inganner\u00e0 anche il pesce predatore pi\u00f9 vario per attaccarlo! L&#8217;esca in PVC a corpo libero pu\u00f2 essere armata in molti modi, ha un canale passante [&hellip;]\" \/>\n<meta property=\"og:url\" content=\"https:\/\/www.pescafish.it\/new\/prodotto\/3d-swim-squid-18cm-32g-sinking-savage-gear\/\" \/>\n<meta property=\"og:site_name\" content=\"Pesca Fish\" \/>\n<meta property=\"article:publisher\" content=\"https:\/\/www.facebook.com\/pescafishvr\/\" \/>\n<meta property=\"article:modified_time\" content=\"2022-05-13T09:24:58+00:00\" \/>\n<meta property=\"og:image\" content=\"https:\/\/www.pescafish.it\/new\/wp-content\/uploads\/2022\/05\/CUTTLEFISH.jpg\" \/>\n\t<meta property=\"og:image:width\" content=\"1860\" \/>\n\t<meta property=\"og:image:height\" content=\"1861\" \/>\n<meta name=\"twitter:card\" content=\"summary_large_image\" \/>\n<meta name=\"twitter:label1\" content=\"Scritto da\">\n\t<meta name=\"twitter:data1\" content=\"francesca\">\n\t<meta name=\"twitter:label2\" content=\"Tempo di lettura stimato\">\n\t<meta name=\"twitter:data2\" content=\"1 minuto\">\n<script type=\"application\/ld+json\" class=\"yoast-schema-graph\">{\"@context\":\"https:\/\/schema.org\",\"@graph\":[{\"@type\":\"WebSite\",\"@id\":\"https:\/\/www.pescafish.it\/new\/#website\",\"url\":\"https:\/\/www.pescafish.it\/new\/\",\"name\":\"Pesca Fish\",\"description\":\"Benvenuti sul nostro sito!\",\"potentialAction\":[{\"@type\":\"SearchAction\",\"target\":\"https:\/\/www.pescafish.it\/new\/?s={search_term_string}\",\"query-input\":\"required name=search_term_string\"}],\"inLanguage\":\"it-IT\"},{\"@type\":\"ImageObject\",\"@id\":\"https:\/\/www.pescafish.it\/new\/prodotto\/3d-swim-squid-18cm-32g-sinking-savage-gear\/#primaryimage\",\"inLanguage\":\"it-IT\",\"url\":\"https:\/\/www.pescafish.it\/new\/wp-content\/uploads\/2022\/05\/CUTTLEFISH.jpg\",\"width\":1860,\"height\":1861,\"caption\":\"Savage Gear\"},{\"@type\":\"WebPage\",\"@id\":\"https:\/\/www.pescafish.it\/new\/prodotto\/3d-swim-squid-18cm-32g-sinking-savage-gear\/#webpage\",\"url\":\"https:\/\/www.pescafish.it\/new\/prodotto\/3d-swim-squid-18cm-32g-sinking-savage-gear\/\",\"name\":\"3D Swim Squid 18cm 32g Sinking - Savage Gear - Pesca Fish\",\"isPartOf\":{\"@id\":\"https:\/\/www.pescafish.it\/new\/#website\"},\"primaryImageOfPage\":{\"@id\":\"https:\/\/www.pescafish.it\/new\/prodotto\/3d-swim-squid-18cm-32g-sinking-savage-gear\/#primaryimage\"},\"datePublished\":\"2022-05-13T09:24:57+00:00\",\"dateModified\":\"2022-05-13T09:24:58+00:00\",\"inLanguage\":\"it-IT\",\"potentialAction\":[{\"@type\":\"ReadAction\",\"target\":[\"https:\/\/www.pescafish.it\/new\/prodotto\/3d-swim-squid-18cm-32g-sinking-savage-gear\/\"]}]}]}<\/script>\n<!-- \/ Yoast SEO plugin. -->","_links":{"self":[{"href":"https:\/\/www.pescafish.it\/new\/wp-json\/wp\/v2\/product\/78559"}],"collection":[{"href":"https:\/\/www.pescafish.it\/new\/wp-json\/wp\/v2\/product"}],"about":[{"href":"https:\/\/www.pescafish.it\/new\/wp-json\/wp\/v2\/types\/product"}],"replies":[{"embeddable":true,"href":"https:\/\/www.pescafish.it\/new\/wp-json\/wp\/v2\/comments?post=78559"}],"wp:featuredmedia":[{"embeddable":true,"href":"https:\/\/www.pescafish.it\/new\/wp-json\/wp\/v2\/media\/78560"}],"wp:attachment":[{"href":"https:\/\/www.pescafish.it\/new\/wp-json\/wp\/v2\/media?parent=78559"}],"wp:term":[{"taxonomy":"product_cat","embeddable":true,"href":"https:\/\/www.pescafish.it\/new\/wp-json\/wp\/v2\/product_cat?post=78559"},{"taxonomy":"product_tag","embeddable":true,"href":"https:\/\/www.pescafish.it\/new\/wp-json\/wp\/v2\/product_tag?post=78559"}],"curies":[{"name":"wp","href":"https:\/\/api.w.org\/{rel}","templated":true}]}}