{"id":78525,"date":"2022-05-12T17:36:53","date_gmt":"2022-05-12T15:36:53","guid":{"rendered":"https:\/\/www.pescafish.it\/new\/?post_type=product&#038;p=78525"},"modified":"2022-11-10T22:17:55","modified_gmt":"2022-11-10T21:17:55","slug":"clicker-counter-preston-innovations","status":"publish","type":"product","link":"https:\/\/www.pescafish.it\/new\/prodotto\/clicker-counter-preston-innovations\/","title":{"rendered":"Clicker Counter &#8211; Preston Innovations"},"content":{"rendered":"<p>Un accessorio indispensabile per ogni pescatore che vuole semplicemente contare il numero di pesci che ha catturato o sommare il loro peso per evitare di superare i limiti di capienza della singola nassa. Il suo funzionamento \u00e8 estremamente semplice, premendo il pulsante grande sulla parte superiore si attiva il conteggio mentre il display pu\u00f2 essere azzerato ruotando la manopola posta sul lato dell&#8217;unit\u00e0.<br \/>\nIl contatore clicker \u00e8 fornito con uno snodo Offbox che include vari inserti, il che significa che si adatta perfettamente alle gambe di tutti i panieri e delle pedane presenti sul mercato.<br \/>\nInserti in dotazione: Offbox da 23 mm, rotonda da 25 mm, rotonda da 30 mm<\/p>\n","protected":false},"excerpt":{"rendered":"<p>Un accessorio indispensabile per ogni pescatore che vuole semplicemente contare il numero di pesci che ha catturato o sommare il loro peso per evitare di superare i limiti di capienza della singola nassa. Il suo funzionamento \u00e8 estremamente semplice, premendo il pulsante grande sulla parte superiore si attiva il conteggio mentre il display pu\u00f2 essere [&hellip;]<\/p>\n","protected":false},"featured_media":78526,"comment_status":"closed","ping_status":"closed","template":"","meta":[],"product_cat":[180],"product_tag":[1020],"yoast_head":"<!-- This site is optimized with the Yoast SEO plugin v15.3 - https:\/\/yoast.com\/wordpress\/plugins\/seo\/ -->\n<title>Clicker Counter - Preston Innovations - Pesca Fish<\/title>\n<meta name=\"robots\" content=\"index, follow, max-snippet:-1, max-image-preview:large, max-video-preview:-1\" \/>\n<link rel=\"canonical\" href=\"https:\/\/www.pescafish.it\/new\/prodotto\/clicker-counter-preston-innovations\/\" \/>\n<meta property=\"og:locale\" content=\"it_IT\" \/>\n<meta property=\"og:type\" content=\"article\" \/>\n<meta property=\"og:title\" content=\"Clicker Counter - Preston Innovations - Pesca Fish\" \/>\n<meta property=\"og:description\" content=\"Un accessorio indispensabile per ogni pescatore che vuole semplicemente contare il numero di pesci che ha catturato o sommare il loro peso per evitare di superare i limiti di capienza della singola nassa. Il suo funzionamento \u00e8 estremamente semplice, premendo il pulsante grande sulla parte superiore si attiva il conteggio mentre il display pu\u00f2 essere [&hellip;]\" \/>\n<meta property=\"og:url\" content=\"https:\/\/www.pescafish.it\/new\/prodotto\/clicker-counter-preston-innovations\/\" \/>\n<meta property=\"og:site_name\" content=\"Pesca Fish\" \/>\n<meta property=\"article:publisher\" content=\"https:\/\/www.facebook.com\/pescafishvr\/\" \/>\n<meta property=\"article:modified_time\" content=\"2022-11-10T21:17:55+00:00\" \/>\n<meta property=\"og:image\" content=\"https:\/\/www.pescafish.it\/new\/wp-content\/uploads\/2022\/05\/clicker-counter.jpg\" \/>\n\t<meta property=\"og:image:width\" content=\"1000\" \/>\n\t<meta property=\"og:image:height\" content=\"1000\" \/>\n<meta name=\"twitter:card\" content=\"summary_large_image\" \/>\n<meta name=\"twitter:label1\" content=\"Scritto da\">\n\t<meta name=\"twitter:data1\" content=\"francesca\">\n\t<meta name=\"twitter:label2\" content=\"Tempo di lettura stimato\">\n\t<meta name=\"twitter:data2\" content=\"0 minuti\">\n<script type=\"application\/ld+json\" class=\"yoast-schema-graph\">{\"@context\":\"https:\/\/schema.org\",\"@graph\":[{\"@type\":\"WebSite\",\"@id\":\"https:\/\/www.pescafish.it\/new\/#website\",\"url\":\"https:\/\/www.pescafish.it\/new\/\",\"name\":\"Pesca Fish\",\"description\":\"Benvenuti sul nostro sito!\",\"potentialAction\":[{\"@type\":\"SearchAction\",\"target\":\"https:\/\/www.pescafish.it\/new\/?s={search_term_string}\",\"query-input\":\"required name=search_term_string\"}],\"inLanguage\":\"it-IT\"},{\"@type\":\"ImageObject\",\"@id\":\"https:\/\/www.pescafish.it\/new\/prodotto\/clicker-counter-preston-innovations\/#primaryimage\",\"inLanguage\":\"it-IT\",\"url\":\"https:\/\/www.pescafish.it\/new\/wp-content\/uploads\/2022\/05\/clicker-counter.jpg\",\"width\":1000,\"height\":1000,\"caption\":\"clicker counter preston innovations\"},{\"@type\":\"WebPage\",\"@id\":\"https:\/\/www.pescafish.it\/new\/prodotto\/clicker-counter-preston-innovations\/#webpage\",\"url\":\"https:\/\/www.pescafish.it\/new\/prodotto\/clicker-counter-preston-innovations\/\",\"name\":\"Clicker Counter - Preston Innovations - Pesca Fish\",\"isPartOf\":{\"@id\":\"https:\/\/www.pescafish.it\/new\/#website\"},\"primaryImageOfPage\":{\"@id\":\"https:\/\/www.pescafish.it\/new\/prodotto\/clicker-counter-preston-innovations\/#primaryimage\"},\"datePublished\":\"2022-05-12T15:36:53+00:00\",\"dateModified\":\"2022-11-10T21:17:55+00:00\",\"inLanguage\":\"it-IT\",\"potentialAction\":[{\"@type\":\"ReadAction\",\"target\":[\"https:\/\/www.pescafish.it\/new\/prodotto\/clicker-counter-preston-innovations\/\"]}]}]}<\/script>\n<!-- \/ Yoast SEO plugin. -->","_links":{"self":[{"href":"https:\/\/www.pescafish.it\/new\/wp-json\/wp\/v2\/product\/78525"}],"collection":[{"href":"https:\/\/www.pescafish.it\/new\/wp-json\/wp\/v2\/product"}],"about":[{"href":"https:\/\/www.pescafish.it\/new\/wp-json\/wp\/v2\/types\/product"}],"replies":[{"embeddable":true,"href":"https:\/\/www.pescafish.it\/new\/wp-json\/wp\/v2\/comments?post=78525"}],"wp:featuredmedia":[{"embeddable":true,"href":"https:\/\/www.pescafish.it\/new\/wp-json\/wp\/v2\/media\/78526"}],"wp:attachment":[{"href":"https:\/\/www.pescafish.it\/new\/wp-json\/wp\/v2\/media?parent=78525"}],"wp:term":[{"taxonomy":"product_cat","embeddable":true,"href":"https:\/\/www.pescafish.it\/new\/wp-json\/wp\/v2\/product_cat?post=78525"},{"taxonomy":"product_tag","embeddable":true,"href":"https:\/\/www.pescafish.it\/new\/wp-json\/wp\/v2\/product_tag?post=78525"}],"curies":[{"name":"wp","href":"https:\/\/api.w.org\/{rel}","templated":true}]}}