{"id":78475,"date":"2022-05-12T08:50:46","date_gmt":"2022-05-12T06:50:46","guid":{"rendered":"https:\/\/www.pescafish.it\/new\/?post_type=product&#038;p=78475"},"modified":"2025-08-20T12:18:04","modified_gmt":"2025-08-20T10:18:04","slug":"adjustable-rig-case-15-inch-guru","status":"publish","type":"product","link":"https:\/\/www.pescafish.it\/new\/prodotto\/adjustable-rig-case-15-inch-guru\/","title":{"rendered":"Adjustable Rig Case 15 inch &#8211; Guru"},"content":{"rendered":"<h2>Adjustable Rig Case 15 inch<\/h2>\n<p>La versione da 15&#8243; pu\u00f2 contenere ganci da 2&#8243; fino a 15&#8243;, a intervalli di mezzo pollice, rendendo questo Rig Case il pi\u00f9 versatile possibile.<\/p>\n<p>Questo sistema versatile funziona grazie ai pioli regolabili che scorrono e poi si bloccano esattamente dove i pescatori li vogliono. Abbiamo anche sviluppato alcuni nuovi fermi a piolo, che una volta posizionati i perni principali, forniscono una protezione aggiuntiva contro gli urti pesanti. C&#8217;\u00e8 anche uno strumento in dotazione che rende facile aprire i perni se si desidera regolare la lunghezza.<\/p>\n<p>I pioli stessi possono ospitare tutti i tipi di ganci, anche fino a 24 fili sottili. Sono super resistenti pur essendo facili da usare con un piccolo ardiglione sovrapposto sulla punta per evitare che gli ami scivolino via.<\/p>\n<p>All&#8217;interno della custodia, c&#8217;\u00e8 una serie di perni di misurazione che sono sollevati, consentendo ai pescatori di misurare rapidamente e facilmente le lunghezze degli ami mentre li legano, prima di inserirli all&#8217;interno. I perni sono anche extra lunghi, consentendoti di avere un sacco di ganci su di essi, con le custodie che hanno una capacit\u00e0 di contenere pi\u00f9 di 600 lunghezze di ami con facilit\u00e0!<\/p>\n<p>La custodia \u00e8 estremamente resistente, durevole e resistente agli agenti atmosferici, con una guarnizione impermeabile che mantiene i tuoi ganci asciutti e in perfette condizioni. Abbiamo costruito la custodia con impugnature facili da aprire per un accesso rapido ed efficace, con un forte sistema di chiusura magnetica e ci sono due aree di etichetta all&#8217;esterno della custodia Rig per una migliore organizzazione. Le cerniere sulla custodia sono resistenti per una lunga durata. Vengono fornite anche etichette interne.<\/p>\n","protected":false},"excerpt":{"rendered":"<p>Adjustable Rig Case 15 inch La versione da 15&#8243; pu\u00f2 contenere ganci da 2&#8243; fino a 15&#8243;, a intervalli di mezzo pollice, rendendo questo Rig Case il pi\u00f9 versatile possibile. Questo sistema versatile funziona grazie ai pioli regolabili che scorrono e poi si bloccano esattamente dove i pescatori li vogliono. Abbiamo anche sviluppato alcuni nuovi [&hellip;]<\/p>\n","protected":false},"featured_media":78476,"comment_status":"closed","ping_status":"closed","template":"","meta":[],"product_cat":[191],"product_tag":[1026],"yoast_head":"<!-- This site is optimized with the Yoast SEO plugin v15.3 - https:\/\/yoast.com\/wordpress\/plugins\/seo\/ -->\n<title>Adjustable Rig Case 15 inch - Guru - Pesca Fish<\/title>\n<meta name=\"robots\" content=\"index, follow, max-snippet:-1, max-image-preview:large, max-video-preview:-1\" \/>\n<link rel=\"canonical\" href=\"https:\/\/www.pescafish.it\/new\/prodotto\/adjustable-rig-case-15-inch-guru\/\" \/>\n<meta property=\"og:locale\" content=\"it_IT\" \/>\n<meta property=\"og:type\" content=\"article\" \/>\n<meta property=\"og:title\" content=\"Adjustable Rig Case 15 inch - Guru - Pesca Fish\" \/>\n<meta property=\"og:description\" content=\"Adjustable Rig Case 15 inch La versione da 15&#8243; pu\u00f2 contenere ganci da 2&#8243; fino a 15&#8243;, a intervalli di mezzo pollice, rendendo questo Rig Case il pi\u00f9 versatile possibile. Questo sistema versatile funziona grazie ai pioli regolabili che scorrono e poi si bloccano esattamente dove i pescatori li vogliono. Abbiamo anche sviluppato alcuni nuovi [&hellip;]\" \/>\n<meta property=\"og:url\" content=\"https:\/\/www.pescafish.it\/new\/prodotto\/adjustable-rig-case-15-inch-guru\/\" \/>\n<meta property=\"og:site_name\" content=\"Pesca Fish\" \/>\n<meta property=\"article:publisher\" content=\"https:\/\/www.facebook.com\/pescafishvr\/\" \/>\n<meta property=\"article:modified_time\" content=\"2025-08-20T10:18:04+00:00\" \/>\n<meta property=\"og:image\" content=\"https:\/\/www.pescafish.it\/new\/wp-content\/uploads\/2022\/05\/ghgug.jpg\" \/>\n\t<meta property=\"og:image:width\" content=\"1918\" \/>\n\t<meta property=\"og:image:height\" content=\"1918\" \/>\n<meta name=\"twitter:card\" content=\"summary_large_image\" \/>\n<meta name=\"twitter:label1\" content=\"Scritto da\">\n\t<meta name=\"twitter:data1\" content=\"francesca\">\n\t<meta name=\"twitter:label2\" content=\"Tempo di lettura stimato\">\n\t<meta name=\"twitter:data2\" content=\"1 minuto\">\n<script type=\"application\/ld+json\" class=\"yoast-schema-graph\">{\"@context\":\"https:\/\/schema.org\",\"@graph\":[{\"@type\":\"WebSite\",\"@id\":\"https:\/\/www.pescafish.it\/new\/#website\",\"url\":\"https:\/\/www.pescafish.it\/new\/\",\"name\":\"Pesca Fish\",\"description\":\"Benvenuti sul nostro sito!\",\"potentialAction\":[{\"@type\":\"SearchAction\",\"target\":\"https:\/\/www.pescafish.it\/new\/?s={search_term_string}\",\"query-input\":\"required name=search_term_string\"}],\"inLanguage\":\"it-IT\"},{\"@type\":\"ImageObject\",\"@id\":\"https:\/\/www.pescafish.it\/new\/prodotto\/adjustable-rig-case-15-inch-guru\/#primaryimage\",\"inLanguage\":\"it-IT\",\"url\":\"https:\/\/www.pescafish.it\/new\/wp-content\/uploads\/2022\/05\/ghgug.jpg\",\"width\":1918,\"height\":1918,\"caption\":\"Guru\"},{\"@type\":\"WebPage\",\"@id\":\"https:\/\/www.pescafish.it\/new\/prodotto\/adjustable-rig-case-15-inch-guru\/#webpage\",\"url\":\"https:\/\/www.pescafish.it\/new\/prodotto\/adjustable-rig-case-15-inch-guru\/\",\"name\":\"Adjustable Rig Case 15 inch - Guru - Pesca Fish\",\"isPartOf\":{\"@id\":\"https:\/\/www.pescafish.it\/new\/#website\"},\"primaryImageOfPage\":{\"@id\":\"https:\/\/www.pescafish.it\/new\/prodotto\/adjustable-rig-case-15-inch-guru\/#primaryimage\"},\"datePublished\":\"2022-05-12T06:50:46+00:00\",\"dateModified\":\"2025-08-20T10:18:04+00:00\",\"inLanguage\":\"it-IT\",\"potentialAction\":[{\"@type\":\"ReadAction\",\"target\":[\"https:\/\/www.pescafish.it\/new\/prodotto\/adjustable-rig-case-15-inch-guru\/\"]}]}]}<\/script>\n<!-- \/ Yoast SEO plugin. -->","_links":{"self":[{"href":"https:\/\/www.pescafish.it\/new\/wp-json\/wp\/v2\/product\/78475"}],"collection":[{"href":"https:\/\/www.pescafish.it\/new\/wp-json\/wp\/v2\/product"}],"about":[{"href":"https:\/\/www.pescafish.it\/new\/wp-json\/wp\/v2\/types\/product"}],"replies":[{"embeddable":true,"href":"https:\/\/www.pescafish.it\/new\/wp-json\/wp\/v2\/comments?post=78475"}],"wp:featuredmedia":[{"embeddable":true,"href":"https:\/\/www.pescafish.it\/new\/wp-json\/wp\/v2\/media\/78476"}],"wp:attachment":[{"href":"https:\/\/www.pescafish.it\/new\/wp-json\/wp\/v2\/media?parent=78475"}],"wp:term":[{"taxonomy":"product_cat","embeddable":true,"href":"https:\/\/www.pescafish.it\/new\/wp-json\/wp\/v2\/product_cat?post=78475"},{"taxonomy":"product_tag","embeddable":true,"href":"https:\/\/www.pescafish.it\/new\/wp-json\/wp\/v2\/product_tag?post=78475"}],"curies":[{"name":"wp","href":"https:\/\/api.w.org\/{rel}","templated":true}]}}