{"id":78453,"date":"2022-05-11T16:03:26","date_gmt":"2022-05-11T14:03:26","guid":{"rendered":"https:\/\/www.pescafish.it\/new\/?post_type=product&#038;p=78453"},"modified":"2022-09-04T15:43:50","modified_gmt":"2022-09-04T13:43:50","slug":"krimp-tool-small-korda","status":"publish","type":"product","link":"https:\/\/www.pescafish.it\/new\/prodotto\/krimp-tool-small-korda\/","title":{"rendered":"Krimp Tool Small &#8211; Korda"},"content":{"rendered":"<h2>Krimp Tool Small<\/h2>\n<p>La crimpatura \u00e8 un ottimo modo per ottenere connessioni ordinate e forti, soprattutto quando si utilizzano materiali pi\u00f9 rigidi e\/o pi\u00f9 spessi che possono essere difficili da annodare in modo efficace, inoltre consente di ottenere sempre la giusta lunghezza delle maglie del gancio, il che \u00e8 particolarmente utile per chod rig.<\/p>\n<p>Farlo bene quando si crimpa qualcosa, in modo che non scivoli o indebolisca il materiale, \u00e8 sempre una preoccupazione, ma questo Mini Krimp Tool allevia il problema poich\u00e9 \u00e8 appositamente progettato per l&#8217;uso con le tre dimensioni di Krimp che vendiamo \u2013 le ganasce sono contrassegnate con XS, S e L per indicare la fessura che dovrebbe essere utilizzata per ciascuna taglia.<\/p>\n<p>Finch\u00e9 i Krimp sono abbinati a un diametro appropriato del materiale di collegamento del gancio, il Mini Krimp Tool ti consentir\u00e0 di creare ogni volta la connessione perfetta.<\/p>\n<p>\u00c8 realizzato in acciaio dolce con impugnature gommate per consentire una buona presa e garantire che venga applicata la giusta quantit\u00e0 di pressione a un Krimp, inoltre \u00e8 dotato di un taglierino nelle ganasce che \u00e8 utile quando si costruiscono i rig.<\/p>\n<p>Il Mini Krimp Tool \u00e8 molto compatto, quindi si adatta facilmente alla tua Tackle Box o simile, ma ti consente comunque di ottenere una leva sufficiente per formare ogni volta la perfetta connessione crimpata.<\/p>\n","protected":false},"excerpt":{"rendered":"<p>Krimp Tool Small La crimpatura \u00e8 un ottimo modo per ottenere connessioni ordinate e forti, soprattutto quando si utilizzano materiali pi\u00f9 rigidi e\/o pi\u00f9 spessi che possono essere difficili da annodare in modo efficace, inoltre consente di ottenere sempre la giusta lunghezza delle maglie del gancio, il che \u00e8 particolarmente utile per chod rig. Farlo [&hellip;]<\/p>\n","protected":false},"featured_media":78465,"comment_status":"closed","ping_status":"closed","template":"","meta":[],"product_cat":[587],"product_tag":[1018],"yoast_head":"<!-- This site is optimized with the Yoast SEO plugin v15.3 - https:\/\/yoast.com\/wordpress\/plugins\/seo\/ -->\n<title>Krimp Tool Small - Korda - Pesca Fish<\/title>\n<meta name=\"robots\" content=\"index, follow, max-snippet:-1, max-image-preview:large, max-video-preview:-1\" \/>\n<link rel=\"canonical\" href=\"https:\/\/www.pescafish.it\/new\/prodotto\/krimp-tool-small-korda\/\" \/>\n<meta property=\"og:locale\" content=\"it_IT\" \/>\n<meta property=\"og:type\" content=\"article\" \/>\n<meta property=\"og:title\" content=\"Krimp Tool Small - Korda - Pesca Fish\" \/>\n<meta property=\"og:description\" content=\"Krimp Tool Small La crimpatura \u00e8 un ottimo modo per ottenere connessioni ordinate e forti, soprattutto quando si utilizzano materiali pi\u00f9 rigidi e\/o pi\u00f9 spessi che possono essere difficili da annodare in modo efficace, inoltre consente di ottenere sempre la giusta lunghezza delle maglie del gancio, il che \u00e8 particolarmente utile per chod rig. Farlo [&hellip;]\" \/>\n<meta property=\"og:url\" content=\"https:\/\/www.pescafish.it\/new\/prodotto\/krimp-tool-small-korda\/\" \/>\n<meta property=\"og:site_name\" content=\"Pesca Fish\" \/>\n<meta property=\"article:publisher\" content=\"https:\/\/www.facebook.com\/pescafishvr\/\" \/>\n<meta property=\"article:modified_time\" content=\"2022-09-04T13:43:50+00:00\" \/>\n<meta property=\"og:image\" content=\"https:\/\/www.pescafish.it\/new\/wp-content\/uploads\/2022\/05\/small.jpg\" \/>\n\t<meta property=\"og:image:width\" content=\"1918\" \/>\n\t<meta property=\"og:image:height\" content=\"1918\" \/>\n<meta name=\"twitter:card\" content=\"summary_large_image\" \/>\n<meta name=\"twitter:label1\" content=\"Scritto da\">\n\t<meta name=\"twitter:data1\" content=\"francesca\">\n\t<meta name=\"twitter:label2\" content=\"Tempo di lettura stimato\">\n\t<meta name=\"twitter:data2\" content=\"1 minuto\">\n<script type=\"application\/ld+json\" class=\"yoast-schema-graph\">{\"@context\":\"https:\/\/schema.org\",\"@graph\":[{\"@type\":\"WebSite\",\"@id\":\"https:\/\/www.pescafish.it\/new\/#website\",\"url\":\"https:\/\/www.pescafish.it\/new\/\",\"name\":\"Pesca Fish\",\"description\":\"Benvenuti sul nostro sito!\",\"potentialAction\":[{\"@type\":\"SearchAction\",\"target\":\"https:\/\/www.pescafish.it\/new\/?s={search_term_string}\",\"query-input\":\"required name=search_term_string\"}],\"inLanguage\":\"it-IT\"},{\"@type\":\"ImageObject\",\"@id\":\"https:\/\/www.pescafish.it\/new\/prodotto\/krimp-tool-small-korda\/#primaryimage\",\"inLanguage\":\"it-IT\",\"url\":\"https:\/\/www.pescafish.it\/new\/wp-content\/uploads\/2022\/05\/small.jpg\",\"width\":1918,\"height\":1918},{\"@type\":\"WebPage\",\"@id\":\"https:\/\/www.pescafish.it\/new\/prodotto\/krimp-tool-small-korda\/#webpage\",\"url\":\"https:\/\/www.pescafish.it\/new\/prodotto\/krimp-tool-small-korda\/\",\"name\":\"Krimp Tool Small - Korda - Pesca Fish\",\"isPartOf\":{\"@id\":\"https:\/\/www.pescafish.it\/new\/#website\"},\"primaryImageOfPage\":{\"@id\":\"https:\/\/www.pescafish.it\/new\/prodotto\/krimp-tool-small-korda\/#primaryimage\"},\"datePublished\":\"2022-05-11T14:03:26+00:00\",\"dateModified\":\"2022-09-04T13:43:50+00:00\",\"inLanguage\":\"it-IT\",\"potentialAction\":[{\"@type\":\"ReadAction\",\"target\":[\"https:\/\/www.pescafish.it\/new\/prodotto\/krimp-tool-small-korda\/\"]}]}]}<\/script>\n<!-- \/ Yoast SEO plugin. -->","_links":{"self":[{"href":"https:\/\/www.pescafish.it\/new\/wp-json\/wp\/v2\/product\/78453"}],"collection":[{"href":"https:\/\/www.pescafish.it\/new\/wp-json\/wp\/v2\/product"}],"about":[{"href":"https:\/\/www.pescafish.it\/new\/wp-json\/wp\/v2\/types\/product"}],"replies":[{"embeddable":true,"href":"https:\/\/www.pescafish.it\/new\/wp-json\/wp\/v2\/comments?post=78453"}],"wp:featuredmedia":[{"embeddable":true,"href":"https:\/\/www.pescafish.it\/new\/wp-json\/wp\/v2\/media\/78465"}],"wp:attachment":[{"href":"https:\/\/www.pescafish.it\/new\/wp-json\/wp\/v2\/media?parent=78453"}],"wp:term":[{"taxonomy":"product_cat","embeddable":true,"href":"https:\/\/www.pescafish.it\/new\/wp-json\/wp\/v2\/product_cat?post=78453"},{"taxonomy":"product_tag","embeddable":true,"href":"https:\/\/www.pescafish.it\/new\/wp-json\/wp\/v2\/product_tag?post=78453"}],"curies":[{"name":"wp","href":"https:\/\/api.w.org\/{rel}","templated":true}]}}