{"id":78445,"date":"2022-05-10T17:11:33","date_gmt":"2022-05-10T15:11:33","guid":{"rendered":"https:\/\/www.pescafish.it\/new\/?post_type=product&#038;p=78445"},"modified":"2022-05-10T17:11:33","modified_gmt":"2022-05-10T15:11:33","slug":"basix-weigh-sling-korda","status":"publish","type":"product","link":"https:\/\/www.pescafish.it\/new\/prodotto\/basix-weigh-sling-korda\/","title":{"rendered":"BASIX Weigh Sling &#8211; Korda"},"content":{"rendered":"<h2>BASIX Weigh Sling<\/h2>\n<p>BASIX WEIGH SLING \u00e8 una sacca di pesatura, ideale per pesare e rilasciare il pesce.<\/p>\n<p>La BASIX Weigh Sling (insieme alla Basix Cradle) \u00e8 perfetta per i giovani; per i neofiti, per chi ha un budget limitato, per pescatori occasionali e per chiunque semplicemente non abbia voglia di spendere un sacco di soldi, per garantire sempre di pesare il pesce in sicurezza.<\/p>\n<p>NOTA: Basix Weigh Sling NON DEVE essere utilizzata come sacca di mantenimento.<\/p>\n<p>\u00c9 una tradizionale sacca di pesatura, ma con alcune caratteristiche aggiuntive, progettata per consentirvi di trasferire in sicurezza i pesci dall&#8217;acqua al materassino e viceversa, e di pesarli: non \u00e8 per il mantenimento e non pu\u00f2 essere utilizzata in sicurezza per tale scopo. Questa sacca \u00e8 costruita con un materiale di nylon resistente ed \u00e8 abbastanza lunga e profonda per pesare qualsiasi carpa che potreste catturare nel Regno Unito e in molti altri luoghi.<\/p>\n<p>\u00c8 dotata di robuste e leggere barre metalliche in due pezzi verniciate a polvere nella parte superiore, per conferire rigidit\u00e0 e contribuire a rendere il processo di pesatura pi\u00f9 sicuro per il pesce.<\/p>\n<p>Quando non sono in uso queste barre possono essere facilmente piegate in mezzo essendo elasticizzate e si pu\u00f2 riporre l&#8217;imbracatura nella sacca di custodia che viene fornita con essa (la lunghezza piegata le consente di stare all&#8217;interno del Basix Cradle o all&#8217;interno di un tasca esterna di un portacanne Compac).<\/p>\n<p>Una robusta cinghia \u00e8 fissata alle barre su ciascun lato e fornisce un buon equilibrio una volta attaccate al gancio della bilancia, consentendo di pesare il pesce in sicurezza.<\/p>\n<p>\u00c8 dotato di numerosi grandi fori di drenaggio sul fondo, quindi una volta che il pesce viene trasferito al suo interno a riva, nel guadino arrotolato, l&#8217;acqua defluisce rapidamente quando si porta il pesce sul materassino. Una cerniera a scorrimento libero di buona qualit\u00e0 a ciascuna estremit\u00e0 dell&#8217;imbracatura assicura che il pesce non possa scivolare fuori durante il trasporto e la pesatura.<\/p>\n<p>L&#8217;imbracatura \u00e8 stata progettata per galleggiare, in modo da consentire un facile trasferimento in acqua del pesce e del guadino arrotolato &#8211; questo assicura che non sia necessario sollevare il guadino, riducendo cos\u00ec i rischi di spaccatura o danneggiamento delle pinne e della coda.<\/p>\n<p>Sulla scatola della Basix Weigh Sling \u00e8 presente una guida passo dopo passo sulla migliore pratica di pesatura.<\/p>\n","protected":false},"excerpt":{"rendered":"<p>BASIX Weigh Sling BASIX WEIGH SLING \u00e8 una sacca di pesatura, ideale per pesare e rilasciare il pesce. La BASIX Weigh Sling (insieme alla Basix Cradle) \u00e8 perfetta per i giovani; per i neofiti, per chi ha un budget limitato, per pescatori occasionali e per chiunque semplicemente non abbia voglia di spendere un sacco di [&hellip;]<\/p>\n","protected":false},"featured_media":78446,"comment_status":"closed","ping_status":"closed","template":"","meta":[],"product_cat":[108],"product_tag":[1018],"yoast_head":"<!-- This site is optimized with the Yoast SEO plugin v15.3 - https:\/\/yoast.com\/wordpress\/plugins\/seo\/ -->\n<title>BASIX Weigh Sling - Korda - Pesca Fish<\/title>\n<meta name=\"robots\" content=\"index, follow, max-snippet:-1, max-image-preview:large, max-video-preview:-1\" \/>\n<link rel=\"canonical\" href=\"https:\/\/www.pescafish.it\/new\/prodotto\/basix-weigh-sling-korda\/\" \/>\n<meta property=\"og:locale\" content=\"it_IT\" \/>\n<meta property=\"og:type\" content=\"article\" \/>\n<meta property=\"og:title\" content=\"BASIX Weigh Sling - Korda - Pesca Fish\" \/>\n<meta property=\"og:description\" content=\"BASIX Weigh Sling BASIX WEIGH SLING \u00e8 una sacca di pesatura, ideale per pesare e rilasciare il pesce. La BASIX Weigh Sling (insieme alla Basix Cradle) \u00e8 perfetta per i giovani; per i neofiti, per chi ha un budget limitato, per pescatori occasionali e per chiunque semplicemente non abbia voglia di spendere un sacco di [&hellip;]\" \/>\n<meta property=\"og:url\" content=\"https:\/\/www.pescafish.it\/new\/prodotto\/basix-weigh-sling-korda\/\" \/>\n<meta property=\"og:site_name\" content=\"Pesca Fish\" \/>\n<meta property=\"article:publisher\" content=\"https:\/\/www.facebook.com\/pescafishvr\/\" \/>\n<meta property=\"og:image\" content=\"https:\/\/www.pescafish.it\/new\/wp-content\/uploads\/2022\/05\/Korda-Basix-Weigh-Sling-.jpg\" \/>\n\t<meta property=\"og:image:width\" content=\"800\" \/>\n\t<meta property=\"og:image:height\" content=\"600\" \/>\n<meta name=\"twitter:card\" content=\"summary_large_image\" \/>\n<meta name=\"twitter:label1\" content=\"Scritto da\">\n\t<meta name=\"twitter:data1\" content=\"francesca\">\n\t<meta name=\"twitter:label2\" content=\"Tempo di lettura stimato\">\n\t<meta name=\"twitter:data2\" content=\"2 minuti\">\n<script type=\"application\/ld+json\" class=\"yoast-schema-graph\">{\"@context\":\"https:\/\/schema.org\",\"@graph\":[{\"@type\":\"WebSite\",\"@id\":\"https:\/\/www.pescafish.it\/new\/#website\",\"url\":\"https:\/\/www.pescafish.it\/new\/\",\"name\":\"Pesca Fish\",\"description\":\"Benvenuti sul nostro sito!\",\"potentialAction\":[{\"@type\":\"SearchAction\",\"target\":\"https:\/\/www.pescafish.it\/new\/?s={search_term_string}\",\"query-input\":\"required name=search_term_string\"}],\"inLanguage\":\"it-IT\"},{\"@type\":\"ImageObject\",\"@id\":\"https:\/\/www.pescafish.it\/new\/prodotto\/basix-weigh-sling-korda\/#primaryimage\",\"inLanguage\":\"it-IT\",\"url\":\"https:\/\/www.pescafish.it\/new\/wp-content\/uploads\/2022\/05\/Korda-Basix-Weigh-Sling-.jpg\",\"width\":800,\"height\":600,\"caption\":\"Korda\"},{\"@type\":\"WebPage\",\"@id\":\"https:\/\/www.pescafish.it\/new\/prodotto\/basix-weigh-sling-korda\/#webpage\",\"url\":\"https:\/\/www.pescafish.it\/new\/prodotto\/basix-weigh-sling-korda\/\",\"name\":\"BASIX Weigh Sling - Korda - Pesca Fish\",\"isPartOf\":{\"@id\":\"https:\/\/www.pescafish.it\/new\/#website\"},\"primaryImageOfPage\":{\"@id\":\"https:\/\/www.pescafish.it\/new\/prodotto\/basix-weigh-sling-korda\/#primaryimage\"},\"datePublished\":\"2022-05-10T15:11:33+00:00\",\"dateModified\":\"2022-05-10T15:11:33+00:00\",\"inLanguage\":\"it-IT\",\"potentialAction\":[{\"@type\":\"ReadAction\",\"target\":[\"https:\/\/www.pescafish.it\/new\/prodotto\/basix-weigh-sling-korda\/\"]}]}]}<\/script>\n<!-- \/ Yoast SEO plugin. -->","_links":{"self":[{"href":"https:\/\/www.pescafish.it\/new\/wp-json\/wp\/v2\/product\/78445"}],"collection":[{"href":"https:\/\/www.pescafish.it\/new\/wp-json\/wp\/v2\/product"}],"about":[{"href":"https:\/\/www.pescafish.it\/new\/wp-json\/wp\/v2\/types\/product"}],"replies":[{"embeddable":true,"href":"https:\/\/www.pescafish.it\/new\/wp-json\/wp\/v2\/comments?post=78445"}],"wp:featuredmedia":[{"embeddable":true,"href":"https:\/\/www.pescafish.it\/new\/wp-json\/wp\/v2\/media\/78446"}],"wp:attachment":[{"href":"https:\/\/www.pescafish.it\/new\/wp-json\/wp\/v2\/media?parent=78445"}],"wp:term":[{"taxonomy":"product_cat","embeddable":true,"href":"https:\/\/www.pescafish.it\/new\/wp-json\/wp\/v2\/product_cat?post=78445"},{"taxonomy":"product_tag","embeddable":true,"href":"https:\/\/www.pescafish.it\/new\/wp-json\/wp\/v2\/product_tag?post=78445"}],"curies":[{"name":"wp","href":"https:\/\/api.w.org\/{rel}","templated":true}]}}