{"id":78298,"date":"2022-05-05T10:28:13","date_gmt":"2022-05-05T08:28:13","guid":{"rendered":"https:\/\/www.pescafish.it\/new\/?post_type=product&#038;p=78298"},"modified":"2023-01-11T08:59:20","modified_gmt":"2023-01-11T07:59:20","slug":"oily-hemp-2-5l-nash","status":"publish","type":"product","link":"https:\/\/www.pescafish.it\/new\/prodotto\/oily-hemp-2-5l-nash\/","title":{"rendered":"Oily Hemp &#8211; Nash"},"content":{"rendered":"<h2>Oily Hemp<\/h2>\n<p><b>Gli ingredienti migliori, le miscele pi\u00f9 attraenti e la produzione pi\u00f9 avanzata: \u00e8 la nuovissima e ricercata gamma Nashbait Particles &amp; Liquids<\/b><\/p>\n<p>Semi di canapa francese di altissima qualit\u00e0, potenziati con olio per migliorare l\u2019attrazione di acidi grassi essenziali come l\u2019Omega 3 e 6. Ideali per creare un tappeto di alimentazione o mescolandoli a spod; l\u2019olio \u00e8 in grado di attirare le carpe ad ogni livello della colonna idrostatica, creando punti vitali per il segnale di alimentazione per le carpe nei pressi della zona pasturata.<\/p>\n<p>Le granaglie Nashbait sono prodotti freschi, cotte in contenitori sigillati per una lunga durata ed una praticit\u00e0 di utilizzo ottimale. L\u2019introduzione di pratici barattoli da 500ml e 2,5 litri, offre un formato per qualsiasi durata della sessione e qualsiasi utilizzo.<\/p>\n<p>La Oily Hemp mescolata con l\u2019Himalayan Rock Salt Fine, produce istantaneamente canapa oleosa PVA friendly con i sacchettini e le retine, offrendo un vero vantaggio rispetto a bombette con solo boilies o pellet.<\/p>\n<p>Mescola la Oily Hemp con gli innovativi Nashbait Particle Liquids per dare una dimensione superiore alla tua pasturazione \u2013 dall\u2019effetto torbido della Creamed Corn (mais con sweetcorn), all\u2019attrazione naturale concentrata dell\u2019esclusivo Wormcell (idrolizzato di lombrichi).<\/p>\n<p><b>Disponibile nelle seguenti varianti:<br \/>\nKNB0110\u00a0 <\/b>2,5lt<b><br \/>\nKNB0100\u00a0 <\/b>500ml<b><br \/>\n<\/b><\/p>\n","protected":false},"excerpt":{"rendered":"<p>Oily Hemp Gli ingredienti migliori, le miscele pi\u00f9 attraenti e la produzione pi\u00f9 avanzata: \u00e8 la nuovissima e ricercata gamma Nashbait Particles &amp; Liquids Semi di canapa francese di altissima qualit\u00e0, potenziati con olio per migliorare l\u2019attrazione di acidi grassi essenziali come l\u2019Omega 3 e 6. Ideali per creare un tappeto di alimentazione o mescolandoli [&hellip;]<\/p>\n","protected":false},"featured_media":78300,"comment_status":"closed","ping_status":"closed","template":"","meta":[],"product_cat":[817],"product_tag":[1024],"yoast_head":"<!-- This site is optimized with the Yoast SEO plugin v15.3 - https:\/\/yoast.com\/wordpress\/plugins\/seo\/ -->\n<title>Oily Hemp - Nash - Pesca Fish<\/title>\n<meta name=\"robots\" content=\"index, follow, max-snippet:-1, max-image-preview:large, max-video-preview:-1\" \/>\n<link rel=\"canonical\" href=\"https:\/\/www.pescafish.it\/new\/prodotto\/oily-hemp-2-5l-nash\/\" \/>\n<meta property=\"og:locale\" content=\"it_IT\" \/>\n<meta property=\"og:type\" content=\"article\" \/>\n<meta property=\"og:title\" content=\"Oily Hemp - Nash - Pesca Fish\" \/>\n<meta property=\"og:description\" content=\"Oily Hemp Gli ingredienti migliori, le miscele pi\u00f9 attraenti e la produzione pi\u00f9 avanzata: \u00e8 la nuovissima e ricercata gamma Nashbait Particles &amp; Liquids Semi di canapa francese di altissima qualit\u00e0, potenziati con olio per migliorare l\u2019attrazione di acidi grassi essenziali come l\u2019Omega 3 e 6. Ideali per creare un tappeto di alimentazione o mescolandoli [&hellip;]\" \/>\n<meta property=\"og:url\" content=\"https:\/\/www.pescafish.it\/new\/prodotto\/oily-hemp-2-5l-nash\/\" \/>\n<meta property=\"og:site_name\" content=\"Pesca Fish\" \/>\n<meta property=\"article:publisher\" content=\"https:\/\/www.facebook.com\/pescafishvr\/\" \/>\n<meta property=\"article:modified_time\" content=\"2023-01-11T07:59:20+00:00\" \/>\n<meta property=\"og:image\" content=\"https:\/\/www.pescafish.it\/new\/wp-content\/uploads\/2022\/05\/oily_hemp_square.2e16d0ba.fill-600x600-1.jpg\" \/>\n\t<meta property=\"og:image:width\" content=\"600\" \/>\n\t<meta property=\"og:image:height\" content=\"600\" \/>\n<meta name=\"twitter:card\" content=\"summary_large_image\" \/>\n<meta name=\"twitter:label1\" content=\"Scritto da\">\n\t<meta name=\"twitter:data1\" content=\"francesca\">\n\t<meta name=\"twitter:label2\" content=\"Tempo di lettura stimato\">\n\t<meta name=\"twitter:data2\" content=\"1 minuto\">\n<script type=\"application\/ld+json\" class=\"yoast-schema-graph\">{\"@context\":\"https:\/\/schema.org\",\"@graph\":[{\"@type\":\"WebSite\",\"@id\":\"https:\/\/www.pescafish.it\/new\/#website\",\"url\":\"https:\/\/www.pescafish.it\/new\/\",\"name\":\"Pesca Fish\",\"description\":\"Benvenuti sul nostro sito!\",\"potentialAction\":[{\"@type\":\"SearchAction\",\"target\":\"https:\/\/www.pescafish.it\/new\/?s={search_term_string}\",\"query-input\":\"required name=search_term_string\"}],\"inLanguage\":\"it-IT\"},{\"@type\":\"ImageObject\",\"@id\":\"https:\/\/www.pescafish.it\/new\/prodotto\/oily-hemp-2-5l-nash\/#primaryimage\",\"inLanguage\":\"it-IT\",\"url\":\"https:\/\/www.pescafish.it\/new\/wp-content\/uploads\/2022\/05\/oily_hemp_square.2e16d0ba.fill-600x600-1.jpg\",\"width\":600,\"height\":600,\"caption\":\"Nash\"},{\"@type\":\"WebPage\",\"@id\":\"https:\/\/www.pescafish.it\/new\/prodotto\/oily-hemp-2-5l-nash\/#webpage\",\"url\":\"https:\/\/www.pescafish.it\/new\/prodotto\/oily-hemp-2-5l-nash\/\",\"name\":\"Oily Hemp - Nash - Pesca Fish\",\"isPartOf\":{\"@id\":\"https:\/\/www.pescafish.it\/new\/#website\"},\"primaryImageOfPage\":{\"@id\":\"https:\/\/www.pescafish.it\/new\/prodotto\/oily-hemp-2-5l-nash\/#primaryimage\"},\"datePublished\":\"2022-05-05T08:28:13+00:00\",\"dateModified\":\"2023-01-11T07:59:20+00:00\",\"inLanguage\":\"it-IT\",\"potentialAction\":[{\"@type\":\"ReadAction\",\"target\":[\"https:\/\/www.pescafish.it\/new\/prodotto\/oily-hemp-2-5l-nash\/\"]}]}]}<\/script>\n<!-- \/ Yoast SEO plugin. -->","_links":{"self":[{"href":"https:\/\/www.pescafish.it\/new\/wp-json\/wp\/v2\/product\/78298"}],"collection":[{"href":"https:\/\/www.pescafish.it\/new\/wp-json\/wp\/v2\/product"}],"about":[{"href":"https:\/\/www.pescafish.it\/new\/wp-json\/wp\/v2\/types\/product"}],"replies":[{"embeddable":true,"href":"https:\/\/www.pescafish.it\/new\/wp-json\/wp\/v2\/comments?post=78298"}],"wp:featuredmedia":[{"embeddable":true,"href":"https:\/\/www.pescafish.it\/new\/wp-json\/wp\/v2\/media\/78300"}],"wp:attachment":[{"href":"https:\/\/www.pescafish.it\/new\/wp-json\/wp\/v2\/media?parent=78298"}],"wp:term":[{"taxonomy":"product_cat","embeddable":true,"href":"https:\/\/www.pescafish.it\/new\/wp-json\/wp\/v2\/product_cat?post=78298"},{"taxonomy":"product_tag","embeddable":true,"href":"https:\/\/www.pescafish.it\/new\/wp-json\/wp\/v2\/product_tag?post=78298"}],"curies":[{"name":"wp","href":"https:\/\/api.w.org\/{rel}","templated":true}]}}