{"id":78295,"date":"2022-05-05T09:56:45","date_gmt":"2022-05-05T07:56:45","guid":{"rendered":"https:\/\/www.pescafish.it\/new\/?post_type=product&#038;p=78295"},"modified":"2024-07-15T23:54:55","modified_gmt":"2024-07-15T21:54:55","slug":"sweet-tiger-nuts-nash","status":"publish","type":"product","link":"https:\/\/www.pescafish.it\/new\/prodotto\/sweet-tiger-nuts-nash\/","title":{"rendered":"Sweet Tiger Nuts &#8211; Nash"},"content":{"rendered":"<h2>Sweet Tiger Nuts<\/h2>\n<p><b>Gli ingredienti migliori, le miscele pi\u00f9 attraenti e la produzione pi\u00f9 avanzata: \u00e8 la nuovissima e ricercata gamma Nashbait Particles &amp; Liquids<\/b><\/p>\n<p>Tiger Nuts spagnole di prima qualit\u00e0, selezionate per dimensioni uniformi ed arricchite con nettare per migliorarne il gusto e l\u2019attrazione, le Sweet Tiger Nuts sono una delle migliori esche di sempre per il carpfishing, con un record di catture nelle condizioni pi\u00f9 difficili in tutto il mondo. Valida come esca nelle zone pi\u00f9 pressate, come lo sono nelle zone per evitare le specie ittiche fastidiose \u2013 non uscire di casa senza di loro!<\/p>\n<p>Il liquido di nettare ricco di zuccheri naturali delle Tiger Nut, sono rilasciati durante il processo di cottura ed \u00e8 un additivo micidiale per spod e mix di pasturazione, \u00e8 anche un superbo ammollo per ammorbidire o reidratare le boilies. La combinazione con l\u2019esclusiva Tiger Nut Slush, offre la migliore situazione di pasturazione a base di Tiger Nut<\/p>\n<p>Le granaglie Nashbait sono prodotti freschi, cotte in contenitori sigillati per una lunga durata ed una praticit\u00e0 di utilizzo ottimale. L\u2019introduzione di pratici barattoli da 500ml e 2,5 litri, offre un formato per qualsiasi durata della sessione e qualsiasi utilizzo.<\/p>\n<p>Mescolarle con gli innovativi Nashbait Particle Liquids per infinite possibilit\u00e0 di pasturazione<\/p>\n<p><strong>Disponibile nelle seguenti varianti:<\/strong><br \/>\n<strong>KNB0112<\/strong>\u00a0 2.5L<br \/>\n<strong>KNB0102<\/strong>\u00a0 500ML<\/p>\n","protected":false},"excerpt":{"rendered":"<p>Sweet Tiger Nuts Gli ingredienti migliori, le miscele pi\u00f9 attraenti e la produzione pi\u00f9 avanzata: \u00e8 la nuovissima e ricercata gamma Nashbait Particles &amp; Liquids Tiger Nuts spagnole di prima qualit\u00e0, selezionate per dimensioni uniformi ed arricchite con nettare per migliorarne il gusto e l\u2019attrazione, le Sweet Tiger Nuts sono una delle migliori esche di [&hellip;]<\/p>\n","protected":false},"featured_media":78296,"comment_status":"closed","ping_status":"closed","template":"","meta":[],"product_cat":[817],"product_tag":[1024],"yoast_head":"<!-- This site is optimized with the Yoast SEO plugin v15.3 - https:\/\/yoast.com\/wordpress\/plugins\/seo\/ -->\n<title>Sweet Tiger Nuts - Nash - Pesca Fish<\/title>\n<meta name=\"robots\" content=\"index, follow, max-snippet:-1, max-image-preview:large, max-video-preview:-1\" \/>\n<link rel=\"canonical\" href=\"https:\/\/www.pescafish.it\/new\/prodotto\/sweet-tiger-nuts-nash\/\" \/>\n<meta property=\"og:locale\" content=\"it_IT\" \/>\n<meta property=\"og:type\" content=\"article\" \/>\n<meta property=\"og:title\" content=\"Sweet Tiger Nuts - Nash - Pesca Fish\" \/>\n<meta property=\"og:description\" content=\"Sweet Tiger Nuts Gli ingredienti migliori, le miscele pi\u00f9 attraenti e la produzione pi\u00f9 avanzata: \u00e8 la nuovissima e ricercata gamma Nashbait Particles &amp; Liquids Tiger Nuts spagnole di prima qualit\u00e0, selezionate per dimensioni uniformi ed arricchite con nettare per migliorarne il gusto e l\u2019attrazione, le Sweet Tiger Nuts sono una delle migliori esche di [&hellip;]\" \/>\n<meta property=\"og:url\" content=\"https:\/\/www.pescafish.it\/new\/prodotto\/sweet-tiger-nuts-nash\/\" \/>\n<meta property=\"og:site_name\" content=\"Pesca Fish\" \/>\n<meta property=\"article:publisher\" content=\"https:\/\/www.facebook.com\/pescafishvr\/\" \/>\n<meta property=\"article:modified_time\" content=\"2024-07-15T21:54:55+00:00\" \/>\n<meta property=\"og:image\" content=\"https:\/\/www.pescafish.it\/new\/wp-content\/uploads\/2022\/05\/sweet_tiger_nuts_500ml_square.2e16d0ba.fill-600x600-1.jpg\" \/>\n\t<meta property=\"og:image:width\" content=\"600\" \/>\n\t<meta property=\"og:image:height\" content=\"600\" \/>\n<meta name=\"twitter:card\" content=\"summary_large_image\" \/>\n<meta name=\"twitter:label1\" content=\"Scritto da\">\n\t<meta name=\"twitter:data1\" content=\"francesca\">\n\t<meta name=\"twitter:label2\" content=\"Tempo di lettura stimato\">\n\t<meta name=\"twitter:data2\" content=\"1 minuto\">\n<script type=\"application\/ld+json\" class=\"yoast-schema-graph\">{\"@context\":\"https:\/\/schema.org\",\"@graph\":[{\"@type\":\"WebSite\",\"@id\":\"https:\/\/www.pescafish.it\/new\/#website\",\"url\":\"https:\/\/www.pescafish.it\/new\/\",\"name\":\"Pesca Fish\",\"description\":\"Benvenuti sul nostro sito!\",\"potentialAction\":[{\"@type\":\"SearchAction\",\"target\":\"https:\/\/www.pescafish.it\/new\/?s={search_term_string}\",\"query-input\":\"required name=search_term_string\"}],\"inLanguage\":\"it-IT\"},{\"@type\":\"ImageObject\",\"@id\":\"https:\/\/www.pescafish.it\/new\/prodotto\/sweet-tiger-nuts-nash\/#primaryimage\",\"inLanguage\":\"it-IT\",\"url\":\"https:\/\/www.pescafish.it\/new\/wp-content\/uploads\/2022\/05\/sweet_tiger_nuts_500ml_square.2e16d0ba.fill-600x600-1.jpg\",\"width\":600,\"height\":600,\"caption\":\"Nash\"},{\"@type\":\"WebPage\",\"@id\":\"https:\/\/www.pescafish.it\/new\/prodotto\/sweet-tiger-nuts-nash\/#webpage\",\"url\":\"https:\/\/www.pescafish.it\/new\/prodotto\/sweet-tiger-nuts-nash\/\",\"name\":\"Sweet Tiger Nuts - Nash - Pesca Fish\",\"isPartOf\":{\"@id\":\"https:\/\/www.pescafish.it\/new\/#website\"},\"primaryImageOfPage\":{\"@id\":\"https:\/\/www.pescafish.it\/new\/prodotto\/sweet-tiger-nuts-nash\/#primaryimage\"},\"datePublished\":\"2022-05-05T07:56:45+00:00\",\"dateModified\":\"2024-07-15T21:54:55+00:00\",\"inLanguage\":\"it-IT\",\"potentialAction\":[{\"@type\":\"ReadAction\",\"target\":[\"https:\/\/www.pescafish.it\/new\/prodotto\/sweet-tiger-nuts-nash\/\"]}]}]}<\/script>\n<!-- \/ Yoast SEO plugin. -->","_links":{"self":[{"href":"https:\/\/www.pescafish.it\/new\/wp-json\/wp\/v2\/product\/78295"}],"collection":[{"href":"https:\/\/www.pescafish.it\/new\/wp-json\/wp\/v2\/product"}],"about":[{"href":"https:\/\/www.pescafish.it\/new\/wp-json\/wp\/v2\/types\/product"}],"replies":[{"embeddable":true,"href":"https:\/\/www.pescafish.it\/new\/wp-json\/wp\/v2\/comments?post=78295"}],"wp:featuredmedia":[{"embeddable":true,"href":"https:\/\/www.pescafish.it\/new\/wp-json\/wp\/v2\/media\/78296"}],"wp:attachment":[{"href":"https:\/\/www.pescafish.it\/new\/wp-json\/wp\/v2\/media?parent=78295"}],"wp:term":[{"taxonomy":"product_cat","embeddable":true,"href":"https:\/\/www.pescafish.it\/new\/wp-json\/wp\/v2\/product_cat?post=78295"},{"taxonomy":"product_tag","embeddable":true,"href":"https:\/\/www.pescafish.it\/new\/wp-json\/wp\/v2\/product_tag?post=78295"}],"curies":[{"name":"wp","href":"https:\/\/api.w.org\/{rel}","templated":true}]}}