{"id":78291,"date":"2022-05-05T09:46:39","date_gmt":"2022-05-05T07:46:39","guid":{"rendered":"https:\/\/www.pescafish.it\/new\/?post_type=product&#038;p=78291"},"modified":"2025-03-10T17:27:34","modified_gmt":"2025-03-10T16:27:34","slug":"tiger-nut-slush-2-5l-nash","status":"publish","type":"product","link":"https:\/\/www.pescafish.it\/new\/prodotto\/tiger-nut-slush-2-5l-nash\/","title":{"rendered":"Tiger Nut Slush &#8211; Nash"},"content":{"rendered":"<h2>Tiger Nut Slush<\/h2>\n<p><b>Gli ingredienti migliori, le miscele pi\u00f9 attraenti e la produzione pi\u00f9 avanzata: \u00e8 la nuovissima e ricercata gamma Nashbait Particles &amp; Liquids<\/b><\/p>\n<p>Tiger Nuts spagnole della migliore qualit\u00e0, macinate per incoraggiare l\u2019alimentazione prolungandola. Grazie alla polvere e alle noccioline spezzettate, questo crea un effetto nuvola rilasciando tutti gli attrattori, offrendo multiple possibilit\u00e0 di innesco all\u2019interno della zona pasturata.<\/p>\n<p>La combinazione del nettare e degli zuccheri naturali delle Tiger Nuts creano un micidiale additivo lattiginoso opacizzante per mix da spod e pasture, solamente una manciata \u00e8 sufficiente per far s\u00ec che le carpe tornino a nutrirsi nella stessa area pi\u00f9 volte.<\/p>\n<p>Usalo con l\u2019Himalayan Rock Salt Fine per produrre una combinazione PVA friendly, in grado di mettere il Tiger Nut Slush dentro ai sacchettini o retine per una pasturazione mirata sull\u2019innesco.<\/p>\n<p><b>Disponibile nelle seguenti varianti:<br \/>\nKNB0103\u00a0 <\/b>0.5L<b><br \/>\nKNB0113\u00a0 <\/b>2.5L<b><br \/>\n<\/b><\/p>\n","protected":false},"excerpt":{"rendered":"<p>Tiger Nut Slush Gli ingredienti migliori, le miscele pi\u00f9 attraenti e la produzione pi\u00f9 avanzata: \u00e8 la nuovissima e ricercata gamma Nashbait Particles &amp; Liquids Tiger Nuts spagnole della migliore qualit\u00e0, macinate per incoraggiare l\u2019alimentazione prolungandola. Grazie alla polvere e alle noccioline spezzettate, questo crea un effetto nuvola rilasciando tutti gli attrattori, offrendo multiple possibilit\u00e0 [&hellip;]<\/p>\n","protected":false},"featured_media":78292,"comment_status":"closed","ping_status":"closed","template":"","meta":[],"product_cat":[817],"product_tag":[1024],"yoast_head":"<!-- This site is optimized with the Yoast SEO plugin v15.3 - https:\/\/yoast.com\/wordpress\/plugins\/seo\/ -->\n<title>Tiger Nut Slush - Nash - Pesca Fish<\/title>\n<meta name=\"robots\" content=\"index, follow, max-snippet:-1, max-image-preview:large, max-video-preview:-1\" \/>\n<link rel=\"canonical\" href=\"https:\/\/www.pescafish.it\/new\/prodotto\/tiger-nut-slush-2-5l-nash\/\" \/>\n<meta property=\"og:locale\" content=\"it_IT\" \/>\n<meta property=\"og:type\" content=\"article\" \/>\n<meta property=\"og:title\" content=\"Tiger Nut Slush - Nash - Pesca Fish\" \/>\n<meta property=\"og:description\" content=\"Tiger Nut Slush Gli ingredienti migliori, le miscele pi\u00f9 attraenti e la produzione pi\u00f9 avanzata: \u00e8 la nuovissima e ricercata gamma Nashbait Particles &amp; Liquids Tiger Nuts spagnole della migliore qualit\u00e0, macinate per incoraggiare l\u2019alimentazione prolungandola. Grazie alla polvere e alle noccioline spezzettate, questo crea un effetto nuvola rilasciando tutti gli attrattori, offrendo multiple possibilit\u00e0 [&hellip;]\" \/>\n<meta property=\"og:url\" content=\"https:\/\/www.pescafish.it\/new\/prodotto\/tiger-nut-slush-2-5l-nash\/\" \/>\n<meta property=\"og:site_name\" content=\"Pesca Fish\" \/>\n<meta property=\"article:publisher\" content=\"https:\/\/www.facebook.com\/pescafishvr\/\" \/>\n<meta property=\"article:modified_time\" content=\"2025-03-10T16:27:34+00:00\" \/>\n<meta property=\"og:image\" content=\"https:\/\/www.pescafish.it\/new\/wp-content\/uploads\/2022\/05\/tigernut_slush_square.2e16d0ba.fill-600x600-1.jpg\" \/>\n\t<meta property=\"og:image:width\" content=\"600\" \/>\n\t<meta property=\"og:image:height\" content=\"600\" \/>\n<meta name=\"twitter:card\" content=\"summary_large_image\" \/>\n<meta name=\"twitter:label1\" content=\"Scritto da\">\n\t<meta name=\"twitter:data1\" content=\"francesca\">\n\t<meta name=\"twitter:label2\" content=\"Tempo di lettura stimato\">\n\t<meta name=\"twitter:data2\" content=\"1 minuto\">\n<script type=\"application\/ld+json\" class=\"yoast-schema-graph\">{\"@context\":\"https:\/\/schema.org\",\"@graph\":[{\"@type\":\"WebSite\",\"@id\":\"https:\/\/www.pescafish.it\/new\/#website\",\"url\":\"https:\/\/www.pescafish.it\/new\/\",\"name\":\"Pesca Fish\",\"description\":\"Benvenuti sul nostro sito!\",\"potentialAction\":[{\"@type\":\"SearchAction\",\"target\":\"https:\/\/www.pescafish.it\/new\/?s={search_term_string}\",\"query-input\":\"required name=search_term_string\"}],\"inLanguage\":\"it-IT\"},{\"@type\":\"ImageObject\",\"@id\":\"https:\/\/www.pescafish.it\/new\/prodotto\/tiger-nut-slush-2-5l-nash\/#primaryimage\",\"inLanguage\":\"it-IT\",\"url\":\"https:\/\/www.pescafish.it\/new\/wp-content\/uploads\/2022\/05\/tigernut_slush_square.2e16d0ba.fill-600x600-1.jpg\",\"width\":600,\"height\":600,\"caption\":\"Nash\"},{\"@type\":\"WebPage\",\"@id\":\"https:\/\/www.pescafish.it\/new\/prodotto\/tiger-nut-slush-2-5l-nash\/#webpage\",\"url\":\"https:\/\/www.pescafish.it\/new\/prodotto\/tiger-nut-slush-2-5l-nash\/\",\"name\":\"Tiger Nut Slush - Nash - Pesca Fish\",\"isPartOf\":{\"@id\":\"https:\/\/www.pescafish.it\/new\/#website\"},\"primaryImageOfPage\":{\"@id\":\"https:\/\/www.pescafish.it\/new\/prodotto\/tiger-nut-slush-2-5l-nash\/#primaryimage\"},\"datePublished\":\"2022-05-05T07:46:39+00:00\",\"dateModified\":\"2025-03-10T16:27:34+00:00\",\"inLanguage\":\"it-IT\",\"potentialAction\":[{\"@type\":\"ReadAction\",\"target\":[\"https:\/\/www.pescafish.it\/new\/prodotto\/tiger-nut-slush-2-5l-nash\/\"]}]}]}<\/script>\n<!-- \/ Yoast SEO plugin. -->","_links":{"self":[{"href":"https:\/\/www.pescafish.it\/new\/wp-json\/wp\/v2\/product\/78291"}],"collection":[{"href":"https:\/\/www.pescafish.it\/new\/wp-json\/wp\/v2\/product"}],"about":[{"href":"https:\/\/www.pescafish.it\/new\/wp-json\/wp\/v2\/types\/product"}],"replies":[{"embeddable":true,"href":"https:\/\/www.pescafish.it\/new\/wp-json\/wp\/v2\/comments?post=78291"}],"wp:featuredmedia":[{"embeddable":true,"href":"https:\/\/www.pescafish.it\/new\/wp-json\/wp\/v2\/media\/78292"}],"wp:attachment":[{"href":"https:\/\/www.pescafish.it\/new\/wp-json\/wp\/v2\/media?parent=78291"}],"wp:term":[{"taxonomy":"product_cat","embeddable":true,"href":"https:\/\/www.pescafish.it\/new\/wp-json\/wp\/v2\/product_cat?post=78291"},{"taxonomy":"product_tag","embeddable":true,"href":"https:\/\/www.pescafish.it\/new\/wp-json\/wp\/v2\/product_tag?post=78291"}],"curies":[{"name":"wp","href":"https:\/\/api.w.org\/{rel}","templated":true}]}}