{"id":78281,"date":"2022-05-04T18:29:27","date_gmt":"2022-05-04T16:29:27","guid":{"rendered":"https:\/\/www.pescafish.it\/new\/?post_type=product&#038;p=78281"},"modified":"2025-08-23T18:07:20","modified_gmt":"2025-08-23T16:07:20","slug":"large-seed-mix-2-5l-nash","status":"publish","type":"product","link":"https:\/\/www.pescafish.it\/new\/prodotto\/large-seed-mix-2-5l-nash\/","title":{"rendered":"Large Seed Mix\u00a0&#8211; Nash"},"content":{"rendered":"<h2>Large Seed Mix<\/h2>\n<p><b>Gli ingredienti migliori, le miscele pi\u00f9 attraenti e la produzione pi\u00f9 avanzata: \u00e8 la nuovissima e ricercata gamma Nashbait Particles &amp; Liquids<\/b><\/p>\n<p>Un mix di bacche d\u2019acero, ceci mais rosso e giallo. L\u2019inclusione dell\u2019Himalayan Rock Salt esalta il gusto e migliora la nutrizione con preziosi minerali ed oligoelementi.<\/p>\n<p>Il Large Seed Mix \u00e8 una combinazione senza tempo che fornisce alle carpe un richiamo nutrizionale eccellente, con l\u2019ulteriore vantaggio che tutte le granaglie possono essere utilizzate come innesco per un abbinamento perfetto con pasturazione e presentazione dell\u2019esca.<\/p>\n<p>Ottime da utilizzare a tutte le temperature, ha dimostrato di ridurre le mangiate di pesci gatto, gamberi ed incoraggiando allo stesso tempo l\u2019alimentazione aggressiva delle carpe. Eccellente come pasturazione preventiva. Sono esche record in zone dove le carpe sono molto sospettose oppure dove tutte le altre esche non stanno funzionando.<\/p>\n<p><b>Disponibile nelle seguenti varianti:<br \/>\nKNB0114\u00a0 <\/b>2.5L<b><br \/>\nKNB0104\u00a0 <\/b>0.5L<\/p>\n","protected":false},"excerpt":{"rendered":"<p>Large Seed Mix Gli ingredienti migliori, le miscele pi\u00f9 attraenti e la produzione pi\u00f9 avanzata: \u00e8 la nuovissima e ricercata gamma Nashbait Particles &amp; Liquids Un mix di bacche d\u2019acero, ceci mais rosso e giallo. L\u2019inclusione dell\u2019Himalayan Rock Salt esalta il gusto e migliora la nutrizione con preziosi minerali ed oligoelementi. Il Large Seed Mix [&hellip;]<\/p>\n","protected":false},"featured_media":78282,"comment_status":"closed","ping_status":"closed","template":"","meta":[],"product_cat":[817],"product_tag":[1024],"yoast_head":"<!-- This site is optimized with the Yoast SEO plugin v15.3 - https:\/\/yoast.com\/wordpress\/plugins\/seo\/ -->\n<title>Large Seed Mix\u00a0- Nash - Pesca Fish<\/title>\n<meta name=\"robots\" content=\"index, follow, max-snippet:-1, max-image-preview:large, max-video-preview:-1\" \/>\n<link rel=\"canonical\" href=\"https:\/\/www.pescafish.it\/new\/prodotto\/large-seed-mix-2-5l-nash\/\" \/>\n<meta property=\"og:locale\" content=\"it_IT\" \/>\n<meta property=\"og:type\" content=\"article\" \/>\n<meta property=\"og:title\" content=\"Large Seed Mix\u00a0- Nash - Pesca Fish\" \/>\n<meta property=\"og:description\" content=\"Large Seed Mix Gli ingredienti migliori, le miscele pi\u00f9 attraenti e la produzione pi\u00f9 avanzata: \u00e8 la nuovissima e ricercata gamma Nashbait Particles &amp; Liquids Un mix di bacche d\u2019acero, ceci mais rosso e giallo. L\u2019inclusione dell\u2019Himalayan Rock Salt esalta il gusto e migliora la nutrizione con preziosi minerali ed oligoelementi. Il Large Seed Mix [&hellip;]\" \/>\n<meta property=\"og:url\" content=\"https:\/\/www.pescafish.it\/new\/prodotto\/large-seed-mix-2-5l-nash\/\" \/>\n<meta property=\"og:site_name\" content=\"Pesca Fish\" \/>\n<meta property=\"article:publisher\" content=\"https:\/\/www.facebook.com\/pescafishvr\/\" \/>\n<meta property=\"article:modified_time\" content=\"2025-08-23T16:07:20+00:00\" \/>\n<meta property=\"og:image\" content=\"https:\/\/www.pescafish.it\/new\/wp-content\/uploads\/2022\/05\/large_seed_mix_square_.2e16d0ba.fill-600x600-1.jpg\" \/>\n\t<meta property=\"og:image:width\" content=\"600\" \/>\n\t<meta property=\"og:image:height\" content=\"600\" \/>\n<meta name=\"twitter:card\" content=\"summary_large_image\" \/>\n<meta name=\"twitter:label1\" content=\"Scritto da\">\n\t<meta name=\"twitter:data1\" content=\"francesca\">\n\t<meta name=\"twitter:label2\" content=\"Tempo di lettura stimato\">\n\t<meta name=\"twitter:data2\" content=\"1 minuto\">\n<script type=\"application\/ld+json\" class=\"yoast-schema-graph\">{\"@context\":\"https:\/\/schema.org\",\"@graph\":[{\"@type\":\"WebSite\",\"@id\":\"https:\/\/www.pescafish.it\/new\/#website\",\"url\":\"https:\/\/www.pescafish.it\/new\/\",\"name\":\"Pesca Fish\",\"description\":\"Benvenuti sul nostro sito!\",\"potentialAction\":[{\"@type\":\"SearchAction\",\"target\":\"https:\/\/www.pescafish.it\/new\/?s={search_term_string}\",\"query-input\":\"required name=search_term_string\"}],\"inLanguage\":\"it-IT\"},{\"@type\":\"ImageObject\",\"@id\":\"https:\/\/www.pescafish.it\/new\/prodotto\/large-seed-mix-2-5l-nash\/#primaryimage\",\"inLanguage\":\"it-IT\",\"url\":\"https:\/\/www.pescafish.it\/new\/wp-content\/uploads\/2022\/05\/large_seed_mix_square_.2e16d0ba.fill-600x600-1.jpg\",\"width\":600,\"height\":600,\"caption\":\"Nash\"},{\"@type\":\"WebPage\",\"@id\":\"https:\/\/www.pescafish.it\/new\/prodotto\/large-seed-mix-2-5l-nash\/#webpage\",\"url\":\"https:\/\/www.pescafish.it\/new\/prodotto\/large-seed-mix-2-5l-nash\/\",\"name\":\"Large Seed Mix\\u00a0- Nash - Pesca Fish\",\"isPartOf\":{\"@id\":\"https:\/\/www.pescafish.it\/new\/#website\"},\"primaryImageOfPage\":{\"@id\":\"https:\/\/www.pescafish.it\/new\/prodotto\/large-seed-mix-2-5l-nash\/#primaryimage\"},\"datePublished\":\"2022-05-04T16:29:27+00:00\",\"dateModified\":\"2025-08-23T16:07:20+00:00\",\"inLanguage\":\"it-IT\",\"potentialAction\":[{\"@type\":\"ReadAction\",\"target\":[\"https:\/\/www.pescafish.it\/new\/prodotto\/large-seed-mix-2-5l-nash\/\"]}]}]}<\/script>\n<!-- \/ Yoast SEO plugin. -->","_links":{"self":[{"href":"https:\/\/www.pescafish.it\/new\/wp-json\/wp\/v2\/product\/78281"}],"collection":[{"href":"https:\/\/www.pescafish.it\/new\/wp-json\/wp\/v2\/product"}],"about":[{"href":"https:\/\/www.pescafish.it\/new\/wp-json\/wp\/v2\/types\/product"}],"replies":[{"embeddable":true,"href":"https:\/\/www.pescafish.it\/new\/wp-json\/wp\/v2\/comments?post=78281"}],"wp:featuredmedia":[{"embeddable":true,"href":"https:\/\/www.pescafish.it\/new\/wp-json\/wp\/v2\/media\/78282"}],"wp:attachment":[{"href":"https:\/\/www.pescafish.it\/new\/wp-json\/wp\/v2\/media?parent=78281"}],"wp:term":[{"taxonomy":"product_cat","embeddable":true,"href":"https:\/\/www.pescafish.it\/new\/wp-json\/wp\/v2\/product_cat?post=78281"},{"taxonomy":"product_tag","embeddable":true,"href":"https:\/\/www.pescafish.it\/new\/wp-json\/wp\/v2\/product_tag?post=78281"}],"curies":[{"name":"wp","href":"https:\/\/api.w.org\/{rel}","templated":true}]}}