{"id":78278,"date":"2022-05-04T18:23:15","date_gmt":"2022-05-04T16:23:15","guid":{"rendered":"https:\/\/www.pescafish.it\/new\/?post_type=product&#038;p=78278"},"modified":"2025-08-23T17:59:52","modified_gmt":"2025-08-23T15:59:52","slug":"himalayan-rock-salt-coarse-2-5l-nash","status":"publish","type":"product","link":"https:\/\/www.pescafish.it\/new\/prodotto\/himalayan-rock-salt-coarse-2-5l-nash\/","title":{"rendered":"Himalayan Rock Salt Coarse &#8211; Nash"},"content":{"rendered":"<h2>Himalayan Rock Salt Coarse<\/h2>\n<p><b>Gli ingredienti migliori, le miscele pi\u00f9 attraenti e la produzione pi\u00f9 avanzata: \u00e8 la nuovissima e ricercata gamma Nashbait Particles &amp; Liquids<\/b><\/p>\n<p>Un asso in mano nelle proprie carte per il carpista: nel giusto periodo dell\u2019anno, questo additivo pu\u00f2 svoltare la tua pescata. Accuratamente selezionato per il suo ricco contenuto di minerali ed oligoelementi, questo salgemma dell\u2019Himalaya \u00e8 disponibile in due versioni per diverse applicazioni.<\/p>\n<p>Usa il Fine Salt (sale fino) da 500 grammi nei mix da stick o per produrre quantit\u00e0 di granaglie PVA friendly, lo puoi aggiungere anche a mix per boilies, pasture o semplicemente aggiungerlo dentro ai sacchettini o retine PVA per un\u2019attrazione diretta sull\u2019innesco.<\/p>\n<p>La versione Coarse (grosso) \u00e8 per un uso sfuso, da aggiungere a granaglie o alla pasturazione in generale, ideale per preparare aree di richiamo, dove le carpe scaveranno letteralmente il fondo grazie al valore unico di questo prodotto.<\/p>\n<p><strong>Disponibile nelle seguenti varianti:<\/strong><br \/>\n<strong>KNB0117<\/strong>\u00a0 3kg<br \/>\n<strong>KNB0107<\/strong>\u00a0 0.5kg<\/p>\n","protected":false},"excerpt":{"rendered":"<p>Himalayan Rock Salt Coarse Gli ingredienti migliori, le miscele pi\u00f9 attraenti e la produzione pi\u00f9 avanzata: \u00e8 la nuovissima e ricercata gamma Nashbait Particles &amp; Liquids Un asso in mano nelle proprie carte per il carpista: nel giusto periodo dell\u2019anno, questo additivo pu\u00f2 svoltare la tua pescata. Accuratamente selezionato per il suo ricco contenuto di [&hellip;]<\/p>\n","protected":false},"featured_media":78279,"comment_status":"closed","ping_status":"closed","template":"","meta":[],"product_cat":[815,817],"product_tag":[1024],"yoast_head":"<!-- This site is optimized with the Yoast SEO plugin v15.3 - https:\/\/yoast.com\/wordpress\/plugins\/seo\/ -->\n<title>Himalayan Rock Salt Coarse - Nash - Pesca Fish<\/title>\n<meta name=\"robots\" content=\"index, follow, max-snippet:-1, max-image-preview:large, max-video-preview:-1\" \/>\n<link rel=\"canonical\" href=\"https:\/\/www.pescafish.it\/new\/prodotto\/himalayan-rock-salt-coarse-2-5l-nash\/\" \/>\n<meta property=\"og:locale\" content=\"it_IT\" \/>\n<meta property=\"og:type\" content=\"article\" \/>\n<meta property=\"og:title\" content=\"Himalayan Rock Salt Coarse - Nash - Pesca Fish\" \/>\n<meta property=\"og:description\" content=\"Himalayan Rock Salt Coarse Gli ingredienti migliori, le miscele pi\u00f9 attraenti e la produzione pi\u00f9 avanzata: \u00e8 la nuovissima e ricercata gamma Nashbait Particles &amp; Liquids Un asso in mano nelle proprie carte per il carpista: nel giusto periodo dell\u2019anno, questo additivo pu\u00f2 svoltare la tua pescata. Accuratamente selezionato per il suo ricco contenuto di [&hellip;]\" \/>\n<meta property=\"og:url\" content=\"https:\/\/www.pescafish.it\/new\/prodotto\/himalayan-rock-salt-coarse-2-5l-nash\/\" \/>\n<meta property=\"og:site_name\" content=\"Pesca Fish\" \/>\n<meta property=\"article:publisher\" content=\"https:\/\/www.facebook.com\/pescafishvr\/\" \/>\n<meta property=\"article:modified_time\" content=\"2025-08-23T15:59:52+00:00\" \/>\n<meta property=\"og:image\" content=\"https:\/\/www.pescafish.it\/new\/wp-content\/uploads\/2022\/05\/himalasyasn_rock_salt_square_.2e16d0ba.fill-600x600-1.jpg\" \/>\n\t<meta property=\"og:image:width\" content=\"600\" \/>\n\t<meta property=\"og:image:height\" content=\"600\" \/>\n<meta name=\"twitter:card\" content=\"summary_large_image\" \/>\n<meta name=\"twitter:label1\" content=\"Scritto da\">\n\t<meta name=\"twitter:data1\" content=\"francesca\">\n\t<meta name=\"twitter:label2\" content=\"Tempo di lettura stimato\">\n\t<meta name=\"twitter:data2\" content=\"1 minuto\">\n<script type=\"application\/ld+json\" class=\"yoast-schema-graph\">{\"@context\":\"https:\/\/schema.org\",\"@graph\":[{\"@type\":\"WebSite\",\"@id\":\"https:\/\/www.pescafish.it\/new\/#website\",\"url\":\"https:\/\/www.pescafish.it\/new\/\",\"name\":\"Pesca Fish\",\"description\":\"Benvenuti sul nostro sito!\",\"potentialAction\":[{\"@type\":\"SearchAction\",\"target\":\"https:\/\/www.pescafish.it\/new\/?s={search_term_string}\",\"query-input\":\"required name=search_term_string\"}],\"inLanguage\":\"it-IT\"},{\"@type\":\"ImageObject\",\"@id\":\"https:\/\/www.pescafish.it\/new\/prodotto\/himalayan-rock-salt-coarse-2-5l-nash\/#primaryimage\",\"inLanguage\":\"it-IT\",\"url\":\"https:\/\/www.pescafish.it\/new\/wp-content\/uploads\/2022\/05\/himalasyasn_rock_salt_square_.2e16d0ba.fill-600x600-1.jpg\",\"width\":600,\"height\":600,\"caption\":\"Nash\"},{\"@type\":\"WebPage\",\"@id\":\"https:\/\/www.pescafish.it\/new\/prodotto\/himalayan-rock-salt-coarse-2-5l-nash\/#webpage\",\"url\":\"https:\/\/www.pescafish.it\/new\/prodotto\/himalayan-rock-salt-coarse-2-5l-nash\/\",\"name\":\"Himalayan Rock Salt Coarse - Nash - Pesca Fish\",\"isPartOf\":{\"@id\":\"https:\/\/www.pescafish.it\/new\/#website\"},\"primaryImageOfPage\":{\"@id\":\"https:\/\/www.pescafish.it\/new\/prodotto\/himalayan-rock-salt-coarse-2-5l-nash\/#primaryimage\"},\"datePublished\":\"2022-05-04T16:23:15+00:00\",\"dateModified\":\"2025-08-23T15:59:52+00:00\",\"inLanguage\":\"it-IT\",\"potentialAction\":[{\"@type\":\"ReadAction\",\"target\":[\"https:\/\/www.pescafish.it\/new\/prodotto\/himalayan-rock-salt-coarse-2-5l-nash\/\"]}]}]}<\/script>\n<!-- \/ Yoast SEO plugin. -->","_links":{"self":[{"href":"https:\/\/www.pescafish.it\/new\/wp-json\/wp\/v2\/product\/78278"}],"collection":[{"href":"https:\/\/www.pescafish.it\/new\/wp-json\/wp\/v2\/product"}],"about":[{"href":"https:\/\/www.pescafish.it\/new\/wp-json\/wp\/v2\/types\/product"}],"replies":[{"embeddable":true,"href":"https:\/\/www.pescafish.it\/new\/wp-json\/wp\/v2\/comments?post=78278"}],"wp:featuredmedia":[{"embeddable":true,"href":"https:\/\/www.pescafish.it\/new\/wp-json\/wp\/v2\/media\/78279"}],"wp:attachment":[{"href":"https:\/\/www.pescafish.it\/new\/wp-json\/wp\/v2\/media?parent=78278"}],"wp:term":[{"taxonomy":"product_cat","embeddable":true,"href":"https:\/\/www.pescafish.it\/new\/wp-json\/wp\/v2\/product_cat?post=78278"},{"taxonomy":"product_tag","embeddable":true,"href":"https:\/\/www.pescafish.it\/new\/wp-json\/wp\/v2\/product_tag?post=78278"}],"curies":[{"name":"wp","href":"https:\/\/api.w.org\/{rel}","templated":true}]}}