{"id":78246,"date":"2022-05-04T10:24:40","date_gmt":"2022-05-04T08:24:40","guid":{"rendered":"https:\/\/www.pescafish.it\/new\/?post_type=product&#038;p=78246"},"modified":"2025-10-03T09:03:45","modified_gmt":"2025-10-03T07:03:45","slug":"canna-ascension-feeder-preston-innovations","status":"publish","type":"product","link":"https:\/\/www.pescafish.it\/new\/prodotto\/canna-ascension-feeder-preston-innovations\/","title":{"rendered":"Canna Ascension Feeder &#8211; Preston Innovations"},"content":{"rendered":"<p>Ascension continua la leggendaria reputazione di Preston Innovations nel settore della produzione di canne da feeder! Ascension \u00e8 una serie di canne progettate per eccellere nella pesca in acque naturali. Dotate di un&#8217;azione appositamente realizzata per ottenere la massima facilit\u00e0 di lancio, indifferentemente dalla lunghezza della canna, sono caratterizzate da una incredibile azione progressiva che si evidenzia, in particolare durante la cattura del pesce.<\/p>\n<p><strong>Disponibile nei seguenti modelli:<\/strong><\/p>\n<p><span style=\"text-decoration: underline;\"><strong>ASCENSION FEEDER 3.2M:<\/strong><\/span> La corta distanza \u00e8 vitale per ottenere buoni risultati durante una competizione; questa misura \u00e8 stata appositamente progettata e realizzata per pescare pesci bianchi utilizzando ami di piccola dimensione e monofili sottili.<\/p>\n<p><span style=\"text-decoration: underline;\"><strong>ASCENSION FEEDER 3.8M:<\/strong><\/span> Canna compatta, ideale per affrontare le lunghe distanze o le correnti medio veloci! Grazie alla sua progressione dinamica fornisce una strepitosa potenza di lancio unita ad un&#8217;ottima azione di recupero del pesce.<\/p>\n<p><span style=\"text-decoration: underline;\"><strong>ASCENSION FEEDER 4.0M:<\/strong><\/span> Se la lunga distanza \u00e8 quello che vuoi ottenere, la versione Ascension 4.0m 120g \u00e8 ci\u00f2 che ti occorre per far sembrare tutto facile! Questa canna ha una incredibile capacit\u00e0 di lancio ed \u00e8 perfetta per affrontare sia le lunghissime distanze che le acque veloci.<\/p>\n<table style=\"width: 100%; border-collapse: collapse; border-color: #000000;\" border=\"2\">\n<tbody>\n<tr>\n<td style=\"width: 11.232%; text-align: center;\"><strong>Codice<\/strong><\/td>\n<td style=\"width: 10.9902%; text-align: center;\"><strong>Modello<\/strong><\/td>\n<td style=\"width: 11.1111%; text-align: center;\"><strong>Lunghezza<\/strong><\/td>\n<td style=\"width: 11.1111%; text-align: center;\"><strong>Potenza<\/strong><\/td>\n<td style=\"width: 11.1111%; text-align: center;\"><strong>Ingombro<\/strong><\/td>\n<td style=\"width: 11.1111%; text-align: center;\"><strong>Peso<\/strong><\/td>\n<td style=\"width: 11.1111%; text-align: center;\"><strong>Lunghezza Calcio<\/strong><\/td>\n<td style=\"width: 11.1111%; text-align: center;\"><strong>N\u00b0 sezioni<\/strong><\/td>\n<td style=\"width: 11.1111%; text-align: center;\"><strong>Cimini Quiver<\/strong><\/td>\n<\/tr>\n<tr>\n<td style=\"width: 11.232%; text-align: center;\">P0070027<\/td>\n<td style=\"width: 10.9902%; text-align: center;\"><strong>Ascension Feeder 3.2m<\/strong><\/td>\n<td style=\"width: 11.1111%; text-align: center;\">10,8ft &#8211; 3,20m<\/td>\n<td style=\"width: 11.1111%; text-align: center;\">30g<\/td>\n<td style=\"width: 11.1111%; text-align: center;\">164cm<\/td>\n<td style=\"width: 11.1111%; text-align: center;\">180g<\/td>\n<td style=\"width: 11.1111%; text-align: center;\">42cm<\/td>\n<td style=\"width: 11.1111%; text-align: center;\">2<\/td>\n<td style=\"width: 11.1111%; text-align: center;\">0,5oz &#8211; 0,75oz &#8211; 1oz<\/td>\n<\/tr>\n<\/tbody>\n<\/table>\n","protected":false},"excerpt":{"rendered":"<p>Ascension continua la leggendaria reputazione di Preston Innovations nel settore della produzione di canne da feeder! Ascension \u00e8 una serie di canne progettate per eccellere nella pesca in acque naturali. Dotate di un&#8217;azione appositamente realizzata per ottenere la massima facilit\u00e0 di lancio, indifferentemente dalla lunghezza della canna, sono caratterizzate da una incredibile azione progressiva che [&hellip;]<\/p>\n","protected":false},"featured_media":78249,"comment_status":"closed","ping_status":"closed","template":"","meta":[],"product_cat":[880,317],"product_tag":[1020],"yoast_head":"<!-- This site is optimized with the Yoast SEO plugin v15.3 - https:\/\/yoast.com\/wordpress\/plugins\/seo\/ -->\n<title>Canna Ascension Feeder - Preston Innovations - Pesca Fish<\/title>\n<meta name=\"robots\" content=\"index, follow, max-snippet:-1, max-image-preview:large, max-video-preview:-1\" \/>\n<link rel=\"canonical\" href=\"https:\/\/www.pescafish.it\/new\/prodotto\/canna-ascension-feeder-preston-innovations\/\" \/>\n<meta property=\"og:locale\" content=\"it_IT\" \/>\n<meta property=\"og:type\" content=\"article\" \/>\n<meta property=\"og:title\" content=\"Canna Ascension Feeder - Preston Innovations - Pesca Fish\" \/>\n<meta property=\"og:description\" content=\"Ascension continua la leggendaria reputazione di Preston Innovations nel settore della produzione di canne da feeder! Ascension \u00e8 una serie di canne progettate per eccellere nella pesca in acque naturali. Dotate di un&#8217;azione appositamente realizzata per ottenere la massima facilit\u00e0 di lancio, indifferentemente dalla lunghezza della canna, sono caratterizzate da una incredibile azione progressiva che [&hellip;]\" \/>\n<meta property=\"og:url\" content=\"https:\/\/www.pescafish.it\/new\/prodotto\/canna-ascension-feeder-preston-innovations\/\" \/>\n<meta property=\"og:site_name\" content=\"Pesca Fish\" \/>\n<meta property=\"article:publisher\" content=\"https:\/\/www.facebook.com\/pescafishvr\/\" \/>\n<meta property=\"article:modified_time\" content=\"2025-10-03T07:03:45+00:00\" \/>\n<meta property=\"og:image\" content=\"https:\/\/www.pescafish.it\/new\/wp-content\/uploads\/2022\/05\/ascension-feeder.jpg\" \/>\n\t<meta property=\"og:image:width\" content=\"1000\" \/>\n\t<meta property=\"og:image:height\" content=\"1000\" \/>\n<meta name=\"twitter:card\" content=\"summary_large_image\" \/>\n<meta name=\"twitter:label1\" content=\"Scritto da\">\n\t<meta name=\"twitter:data1\" content=\"francesca\">\n\t<meta name=\"twitter:label2\" content=\"Tempo di lettura stimato\">\n\t<meta name=\"twitter:data2\" content=\"1 minuto\">\n<script type=\"application\/ld+json\" class=\"yoast-schema-graph\">{\"@context\":\"https:\/\/schema.org\",\"@graph\":[{\"@type\":\"WebSite\",\"@id\":\"https:\/\/www.pescafish.it\/new\/#website\",\"url\":\"https:\/\/www.pescafish.it\/new\/\",\"name\":\"Pesca Fish\",\"description\":\"Benvenuti sul nostro sito!\",\"potentialAction\":[{\"@type\":\"SearchAction\",\"target\":\"https:\/\/www.pescafish.it\/new\/?s={search_term_string}\",\"query-input\":\"required name=search_term_string\"}],\"inLanguage\":\"it-IT\"},{\"@type\":\"ImageObject\",\"@id\":\"https:\/\/www.pescafish.it\/new\/prodotto\/canna-ascension-feeder-preston-innovations\/#primaryimage\",\"inLanguage\":\"it-IT\",\"url\":\"https:\/\/www.pescafish.it\/new\/wp-content\/uploads\/2022\/05\/ascension-feeder.jpg\",\"width\":1000,\"height\":1000,\"caption\":\"Canna SEMINUOVA Ascension Feeder 13'2\\\" - Preston Innovations\"},{\"@type\":\"WebPage\",\"@id\":\"https:\/\/www.pescafish.it\/new\/prodotto\/canna-ascension-feeder-preston-innovations\/#webpage\",\"url\":\"https:\/\/www.pescafish.it\/new\/prodotto\/canna-ascension-feeder-preston-innovations\/\",\"name\":\"Canna Ascension Feeder - Preston Innovations - Pesca Fish\",\"isPartOf\":{\"@id\":\"https:\/\/www.pescafish.it\/new\/#website\"},\"primaryImageOfPage\":{\"@id\":\"https:\/\/www.pescafish.it\/new\/prodotto\/canna-ascension-feeder-preston-innovations\/#primaryimage\"},\"datePublished\":\"2022-05-04T08:24:40+00:00\",\"dateModified\":\"2025-10-03T07:03:45+00:00\",\"inLanguage\":\"it-IT\",\"potentialAction\":[{\"@type\":\"ReadAction\",\"target\":[\"https:\/\/www.pescafish.it\/new\/prodotto\/canna-ascension-feeder-preston-innovations\/\"]}]}]}<\/script>\n<!-- \/ Yoast SEO plugin. -->","_links":{"self":[{"href":"https:\/\/www.pescafish.it\/new\/wp-json\/wp\/v2\/product\/78246"}],"collection":[{"href":"https:\/\/www.pescafish.it\/new\/wp-json\/wp\/v2\/product"}],"about":[{"href":"https:\/\/www.pescafish.it\/new\/wp-json\/wp\/v2\/types\/product"}],"replies":[{"embeddable":true,"href":"https:\/\/www.pescafish.it\/new\/wp-json\/wp\/v2\/comments?post=78246"}],"wp:featuredmedia":[{"embeddable":true,"href":"https:\/\/www.pescafish.it\/new\/wp-json\/wp\/v2\/media\/78249"}],"wp:attachment":[{"href":"https:\/\/www.pescafish.it\/new\/wp-json\/wp\/v2\/media?parent=78246"}],"wp:term":[{"taxonomy":"product_cat","embeddable":true,"href":"https:\/\/www.pescafish.it\/new\/wp-json\/wp\/v2\/product_cat?post=78246"},{"taxonomy":"product_tag","embeddable":true,"href":"https:\/\/www.pescafish.it\/new\/wp-json\/wp\/v2\/product_tag?post=78246"}],"curies":[{"name":"wp","href":"https:\/\/api.w.org\/{rel}","templated":true}]}}