{"id":78157,"date":"2022-04-21T17:27:09","date_gmt":"2022-04-21T15:27:09","guid":{"rendered":"https:\/\/www.pescafish.it\/new\/?post_type=product&#038;p=78157"},"modified":"2022-04-21T17:27:10","modified_gmt":"2022-04-21T15:27:10","slug":"tempest-200-shelter-trakker","status":"publish","type":"product","link":"https:\/\/www.pescafish.it\/new\/prodotto\/tempest-200-shelter-trakker\/","title":{"rendered":"Tempest 200 Shelter &#8211; Trakker"},"content":{"rendered":"<h2>Tempest 200 Shelter<\/h2>\n<p>La Tenda Trakker Tempest 200 Shelter \u00e8 il pi\u00f9 grande Tempest di sempre!<\/p>\n<p>Il Tempest 200 offre una capacit\u00e0 per due lettini e un ottimale spazio di stoccaggio per le lunghe sessioni, dove dello spazio in pi\u00f9 per il comfort \u00e8 richiesto o, dovuto al brevettato sistema di apertura rapida presente sull\u2019intero range Tempest, \u00e8 ideale per sessioni di qualsiasi durata.<\/p>\n<p>Questo Tempest non \u00e8 solo abbastanza spazioso per per due lettini, ma \u00e8 anche alto ben 170cm per accomodare anche gli anglers pi\u00f9 alti, e pu\u00f2 essere corredato di camera interna per il massimo del comfort tutto \u2018anno.<\/p>\n<p><strong>Caratteristiche:<\/strong><\/p>\n<p>\u2022 Rivoluzionario design brevettato<br \/>\n\u2022 Robusto, facile da usare e velocissimo da assemblare<br \/>\n\u2022 Blocco centrale in alluminio tornito &#8211; Robusto e resistente agli sforzi<br \/>\n\u2022 Taglia 200 progettata per ospitare due lettini e due pescatori con il miglior spazio di stoccaggio<br \/>\n\u2022 Due finestre sulla parte posteriore<br \/>\n\u2022 Due fasce ferma canna<br \/>\n\u2022 Sistema di anti-torsione dei pali<br \/>\n\u2022 Fornito con cinghia di tensionamento, sacca di trasporto e picchetti T-pegs<br \/>\n\u2022 Compatibile con 201548 Skull Cap e 201549 Inner Capsule (disponibili separatamente)<br \/>\n\u2022 Materiale: 210D Fabric \u2013 impermeabile e duraturo<br \/>\n\u2022 Peso: Circa 13.5kg (pi\u00f9 picchetti e pavimento circa 4.5kg)<br \/>\n\u2022 Dimensioni: Circa 170H x 310D x 375W cm<br \/>\n\u2022 Dimensioni di trasporto: 165 x 35cm<br \/>\n\u2022 Materiale: Poliestere<br \/>\n\u2022 Peso: Circa 4.15kg<br \/>\n\u2022 Dimensioni: Circa 165H x 305D x 365W cm<br \/>\n\u2022 Dimensioni di trasporto: 55 x 45 x 25 cm<\/p>\n","protected":false},"excerpt":{"rendered":"<p>Tempest 200 Shelter La Tenda Trakker Tempest 200 Shelter \u00e8 il pi\u00f9 grande Tempest di sempre! Il Tempest 200 offre una capacit\u00e0 per due lettini e un ottimale spazio di stoccaggio per le lunghe sessioni, dove dello spazio in pi\u00f9 per il comfort \u00e8 richiesto o, dovuto al brevettato sistema di apertura rapida presente sull\u2019intero [&hellip;]<\/p>\n","protected":false},"featured_media":78158,"comment_status":"closed","ping_status":"closed","template":"","meta":[],"product_cat":[439],"product_tag":[1073],"yoast_head":"<!-- This site is optimized with the Yoast SEO plugin v15.3 - https:\/\/yoast.com\/wordpress\/plugins\/seo\/ -->\n<title>Tempest 200 Shelter - Trakker - Pesca Fish<\/title>\n<meta name=\"robots\" content=\"index, follow, max-snippet:-1, max-image-preview:large, max-video-preview:-1\" \/>\n<link rel=\"canonical\" href=\"https:\/\/www.pescafish.it\/new\/prodotto\/tempest-200-shelter-trakker\/\" \/>\n<meta property=\"og:locale\" content=\"it_IT\" \/>\n<meta property=\"og:type\" content=\"article\" \/>\n<meta property=\"og:title\" content=\"Tempest 200 Shelter - Trakker - Pesca Fish\" \/>\n<meta property=\"og:description\" content=\"Tempest 200 Shelter La Tenda Trakker Tempest 200 Shelter \u00e8 il pi\u00f9 grande Tempest di sempre! Il Tempest 200 offre una capacit\u00e0 per due lettini e un ottimale spazio di stoccaggio per le lunghe sessioni, dove dello spazio in pi\u00f9 per il comfort \u00e8 richiesto o, dovuto al brevettato sistema di apertura rapida presente sull\u2019intero [&hellip;]\" \/>\n<meta property=\"og:url\" content=\"https:\/\/www.pescafish.it\/new\/prodotto\/tempest-200-shelter-trakker\/\" \/>\n<meta property=\"og:site_name\" content=\"Pesca Fish\" \/>\n<meta property=\"article:publisher\" content=\"https:\/\/www.facebook.com\/pescafishvr\/\" \/>\n<meta property=\"article:modified_time\" content=\"2022-04-21T15:27:10+00:00\" \/>\n<meta property=\"og:image\" content=\"https:\/\/www.pescafish.it\/new\/wp-content\/uploads\/2022\/04\/xx.jpg\" \/>\n\t<meta property=\"og:image:width\" content=\"719\" \/>\n\t<meta property=\"og:image:height\" content=\"719\" \/>\n<meta name=\"twitter:card\" content=\"summary_large_image\" \/>\n<meta name=\"twitter:label1\" content=\"Scritto da\">\n\t<meta name=\"twitter:data1\" content=\"francesca\">\n\t<meta name=\"twitter:label2\" content=\"Tempo di lettura stimato\">\n\t<meta name=\"twitter:data2\" content=\"1 minuto\">\n<script type=\"application\/ld+json\" class=\"yoast-schema-graph\">{\"@context\":\"https:\/\/schema.org\",\"@graph\":[{\"@type\":\"WebSite\",\"@id\":\"https:\/\/www.pescafish.it\/new\/#website\",\"url\":\"https:\/\/www.pescafish.it\/new\/\",\"name\":\"Pesca Fish\",\"description\":\"Benvenuti sul nostro sito!\",\"potentialAction\":[{\"@type\":\"SearchAction\",\"target\":\"https:\/\/www.pescafish.it\/new\/?s={search_term_string}\",\"query-input\":\"required name=search_term_string\"}],\"inLanguage\":\"it-IT\"},{\"@type\":\"ImageObject\",\"@id\":\"https:\/\/www.pescafish.it\/new\/prodotto\/tempest-200-shelter-trakker\/#primaryimage\",\"inLanguage\":\"it-IT\",\"url\":\"https:\/\/www.pescafish.it\/new\/wp-content\/uploads\/2022\/04\/xx.jpg\",\"width\":719,\"height\":719,\"caption\":\"Trakker\"},{\"@type\":\"WebPage\",\"@id\":\"https:\/\/www.pescafish.it\/new\/prodotto\/tempest-200-shelter-trakker\/#webpage\",\"url\":\"https:\/\/www.pescafish.it\/new\/prodotto\/tempest-200-shelter-trakker\/\",\"name\":\"Tempest 200 Shelter - Trakker - Pesca Fish\",\"isPartOf\":{\"@id\":\"https:\/\/www.pescafish.it\/new\/#website\"},\"primaryImageOfPage\":{\"@id\":\"https:\/\/www.pescafish.it\/new\/prodotto\/tempest-200-shelter-trakker\/#primaryimage\"},\"datePublished\":\"2022-04-21T15:27:09+00:00\",\"dateModified\":\"2022-04-21T15:27:10+00:00\",\"inLanguage\":\"it-IT\",\"potentialAction\":[{\"@type\":\"ReadAction\",\"target\":[\"https:\/\/www.pescafish.it\/new\/prodotto\/tempest-200-shelter-trakker\/\"]}]}]}<\/script>\n<!-- \/ Yoast SEO plugin. -->","_links":{"self":[{"href":"https:\/\/www.pescafish.it\/new\/wp-json\/wp\/v2\/product\/78157"}],"collection":[{"href":"https:\/\/www.pescafish.it\/new\/wp-json\/wp\/v2\/product"}],"about":[{"href":"https:\/\/www.pescafish.it\/new\/wp-json\/wp\/v2\/types\/product"}],"replies":[{"embeddable":true,"href":"https:\/\/www.pescafish.it\/new\/wp-json\/wp\/v2\/comments?post=78157"}],"wp:featuredmedia":[{"embeddable":true,"href":"https:\/\/www.pescafish.it\/new\/wp-json\/wp\/v2\/media\/78158"}],"wp:attachment":[{"href":"https:\/\/www.pescafish.it\/new\/wp-json\/wp\/v2\/media?parent=78157"}],"wp:term":[{"taxonomy":"product_cat","embeddable":true,"href":"https:\/\/www.pescafish.it\/new\/wp-json\/wp\/v2\/product_cat?post=78157"},{"taxonomy":"product_tag","embeddable":true,"href":"https:\/\/www.pescafish.it\/new\/wp-json\/wp\/v2\/product_tag?post=78157"}],"curies":[{"name":"wp","href":"https:\/\/api.w.org\/{rel}","templated":true}]}}