{"id":77656,"date":"2022-03-29T18:08:56","date_gmt":"2022-03-29T16:08:56","guid":{"rendered":"https:\/\/www.pescafish.it\/new\/?post_type=product&#038;p=77656"},"modified":"2022-03-29T18:08:57","modified_gmt":"2022-03-29T16:08:57","slug":"green-close-combat-56-1-70m-50-125gr-mad-cat","status":"publish","type":"product","link":"https:\/\/www.pescafish.it\/new\/prodotto\/green-close-combat-56-1-70m-50-125gr-mad-cat\/","title":{"rendered":"Green Close Combat 5&#8217;6&#8243; \/ 1.70m 50-125gr &#8211; Mad Cat"},"content":{"rendered":"<h2>Green Close Combat 5&#8217;6&#8243; \/ 1.70m 50-125gr<\/h2>\n<p>MADCAT GREEN CLOSE COMBAT Canna MADCAT gi\u00e0 leggendaria, la Close Combat \u00e8 appena migliorata. Appositamente progettata per il vertical jigging con un baitfish, questa canna \u00e8 famosa per la sua forza suprema, e ora la racchiude in una lunghezza di soli 1,7 m, rendendola ideale per pescare da una barca o anche dalla pancia. Dal momento che la canna non \u00e8 progettata per il lancio, le guide sono cos\u00ec piccole come potremmo farle per mantenere basso il peso complessivo e rendere il grezzo super veloce. L&#8217;intero outfit \u00e8 straordinariamente leggero e sensibile, ma abbastanza potente da agganciare il pesce gatto mostruoso e giocarci con vera forza. Dotato di porta mulinello Fuji TVS-TJS a doppia chiusura.<\/p>\n<p>&nbsp;<\/p>\n","protected":false},"excerpt":{"rendered":"<p>Green Close Combat 5&#8217;6&#8243; \/ 1.70m 50-125gr MADCAT GREEN CLOSE COMBAT Canna MADCAT gi\u00e0 leggendaria, la Close Combat \u00e8 appena migliorata. Appositamente progettata per il vertical jigging con un baitfish, questa canna \u00e8 famosa per la sua forza suprema, e ora la racchiude in una lunghezza di soli 1,7 m, rendendola ideale per pescare da [&hellip;]<\/p>\n","protected":false},"featured_media":77657,"comment_status":"closed","ping_status":"closed","template":"","meta":[],"product_cat":[84],"product_tag":[1190],"yoast_head":"<!-- This site is optimized with the Yoast SEO plugin v15.3 - https:\/\/yoast.com\/wordpress\/plugins\/seo\/ -->\n<title>Green Close Combat 5&#039;6&quot; \/ 1.70m 50-125gr - Mad Cat - Pesca Fish<\/title>\n<meta name=\"robots\" content=\"index, follow, max-snippet:-1, max-image-preview:large, max-video-preview:-1\" \/>\n<link rel=\"canonical\" href=\"https:\/\/www.pescafish.it\/new\/prodotto\/green-close-combat-56-1-70m-50-125gr-mad-cat\/\" \/>\n<meta property=\"og:locale\" content=\"it_IT\" \/>\n<meta property=\"og:type\" content=\"article\" \/>\n<meta property=\"og:title\" content=\"Green Close Combat 5&#039;6&quot; \/ 1.70m 50-125gr - Mad Cat - Pesca Fish\" \/>\n<meta property=\"og:description\" content=\"Green Close Combat 5&#8217;6&#8243; \/ 1.70m 50-125gr MADCAT GREEN CLOSE COMBAT Canna MADCAT gi\u00e0 leggendaria, la Close Combat \u00e8 appena migliorata. Appositamente progettata per il vertical jigging con un baitfish, questa canna \u00e8 famosa per la sua forza suprema, e ora la racchiude in una lunghezza di soli 1,7 m, rendendola ideale per pescare da [&hellip;]\" \/>\n<meta property=\"og:url\" content=\"https:\/\/www.pescafish.it\/new\/prodotto\/green-close-combat-56-1-70m-50-125gr-mad-cat\/\" \/>\n<meta property=\"og:site_name\" content=\"Pesca Fish\" \/>\n<meta property=\"article:publisher\" content=\"https:\/\/www.facebook.com\/pescafishvr\/\" \/>\n<meta property=\"article:modified_time\" content=\"2022-03-29T16:08:57+00:00\" \/>\n<meta property=\"og:image\" content=\"https:\/\/www.pescafish.it\/new\/wp-content\/uploads\/2022\/03\/jy-scaled.jpg\" \/>\n\t<meta property=\"og:image:width\" content=\"2397\" \/>\n\t<meta property=\"og:image:height\" content=\"2560\" \/>\n<meta name=\"twitter:card\" content=\"summary_large_image\" \/>\n<meta name=\"twitter:label1\" content=\"Scritto da\">\n\t<meta name=\"twitter:data1\" content=\"francesca\">\n\t<meta name=\"twitter:label2\" content=\"Tempo di lettura stimato\">\n\t<meta name=\"twitter:data2\" content=\"0 minuti\">\n<script type=\"application\/ld+json\" class=\"yoast-schema-graph\">{\"@context\":\"https:\/\/schema.org\",\"@graph\":[{\"@type\":\"WebSite\",\"@id\":\"https:\/\/www.pescafish.it\/new\/#website\",\"url\":\"https:\/\/www.pescafish.it\/new\/\",\"name\":\"Pesca Fish\",\"description\":\"Benvenuti sul nostro sito!\",\"potentialAction\":[{\"@type\":\"SearchAction\",\"target\":\"https:\/\/www.pescafish.it\/new\/?s={search_term_string}\",\"query-input\":\"required name=search_term_string\"}],\"inLanguage\":\"it-IT\"},{\"@type\":\"ImageObject\",\"@id\":\"https:\/\/www.pescafish.it\/new\/prodotto\/green-close-combat-56-1-70m-50-125gr-mad-cat\/#primaryimage\",\"inLanguage\":\"it-IT\",\"url\":\"https:\/\/www.pescafish.it\/new\/wp-content\/uploads\/2022\/03\/jy-scaled.jpg\",\"width\":2397,\"height\":2560,\"caption\":\"Mad Cat\"},{\"@type\":\"WebPage\",\"@id\":\"https:\/\/www.pescafish.it\/new\/prodotto\/green-close-combat-56-1-70m-50-125gr-mad-cat\/#webpage\",\"url\":\"https:\/\/www.pescafish.it\/new\/prodotto\/green-close-combat-56-1-70m-50-125gr-mad-cat\/\",\"name\":\"Green Close Combat 5'6\\\" \/ 1.70m 50-125gr - Mad Cat - Pesca Fish\",\"isPartOf\":{\"@id\":\"https:\/\/www.pescafish.it\/new\/#website\"},\"primaryImageOfPage\":{\"@id\":\"https:\/\/www.pescafish.it\/new\/prodotto\/green-close-combat-56-1-70m-50-125gr-mad-cat\/#primaryimage\"},\"datePublished\":\"2022-03-29T16:08:56+00:00\",\"dateModified\":\"2022-03-29T16:08:57+00:00\",\"inLanguage\":\"it-IT\",\"potentialAction\":[{\"@type\":\"ReadAction\",\"target\":[\"https:\/\/www.pescafish.it\/new\/prodotto\/green-close-combat-56-1-70m-50-125gr-mad-cat\/\"]}]}]}<\/script>\n<!-- \/ Yoast SEO plugin. -->","_links":{"self":[{"href":"https:\/\/www.pescafish.it\/new\/wp-json\/wp\/v2\/product\/77656"}],"collection":[{"href":"https:\/\/www.pescafish.it\/new\/wp-json\/wp\/v2\/product"}],"about":[{"href":"https:\/\/www.pescafish.it\/new\/wp-json\/wp\/v2\/types\/product"}],"replies":[{"embeddable":true,"href":"https:\/\/www.pescafish.it\/new\/wp-json\/wp\/v2\/comments?post=77656"}],"wp:featuredmedia":[{"embeddable":true,"href":"https:\/\/www.pescafish.it\/new\/wp-json\/wp\/v2\/media\/77657"}],"wp:attachment":[{"href":"https:\/\/www.pescafish.it\/new\/wp-json\/wp\/v2\/media?parent=77656"}],"wp:term":[{"taxonomy":"product_cat","embeddable":true,"href":"https:\/\/www.pescafish.it\/new\/wp-json\/wp\/v2\/product_cat?post=77656"},{"taxonomy":"product_tag","embeddable":true,"href":"https:\/\/www.pescafish.it\/new\/wp-json\/wp\/v2\/product_tag?post=77656"}],"curies":[{"name":"wp","href":"https:\/\/api.w.org\/{rel}","templated":true}]}}