{"id":77648,"date":"2022-03-29T17:52:46","date_gmt":"2022-03-29T15:52:46","guid":{"rendered":"https:\/\/www.pescafish.it\/new\/?post_type=product&#038;p=77648"},"modified":"2022-03-29T17:52:47","modified_gmt":"2022-03-29T15:52:47","slug":"green-belly-cat-58-1-75m-50-125gr-mad-cat","status":"publish","type":"product","link":"https:\/\/www.pescafish.it\/new\/prodotto\/green-belly-cat-58-1-75m-50-125gr-mad-cat\/","title":{"rendered":"Green Belly Cat 5&#8217;8&#8243; \/ 1.75m 50-125gr\u00a0&#8211; Mad Cat"},"content":{"rendered":"<h2>Green Belly Cat 5&#8217;8&#8243; \/ 1.75m 50-125gr<\/h2>\n<p>MADCAT GREEN BELLY CAT Con solo 1,75 m di lunghezza e con un&#8217;impugnatura corta, questa canna molto capace \u00e8 stata progettata specificamente per darti una facile manovrabilit\u00e0 durante la pesca con il belly boat. Dispone inoltre di un anello di metallo in modo da poterlo attaccare a te stesso tramite un cordino, in modo da non perdere l&#8217;asta se cade accidentalmente fuori bordo. Il fusto \u00e8 sensibile, potente e perfettamente bilanciato e la canna \u00e8 dotata di componenti di alta qualit\u00e0 tra cui guide SeaGuide e un porta mulinello Fuji TVS-TJS ergonomico a doppia chiusura.<\/p>\n<p>&nbsp;<\/p>\n","protected":false},"excerpt":{"rendered":"<p>Green Belly Cat 5&#8217;8&#8243; \/ 1.75m 50-125gr MADCAT GREEN BELLY CAT Con solo 1,75 m di lunghezza e con un&#8217;impugnatura corta, questa canna molto capace \u00e8 stata progettata specificamente per darti una facile manovrabilit\u00e0 durante la pesca con il belly boat. Dispone inoltre di un anello di metallo in modo da poterlo attaccare a te [&hellip;]<\/p>\n","protected":false},"featured_media":77650,"comment_status":"closed","ping_status":"closed","template":"","meta":[],"product_cat":[84],"product_tag":[1190],"yoast_head":"<!-- This site is optimized with the Yoast SEO plugin v15.3 - https:\/\/yoast.com\/wordpress\/plugins\/seo\/ -->\n<title>Green Belly Cat 5&#039;8&quot; \/ 1.75m 50-125gr\u00a0- Mad Cat - Pesca Fish<\/title>\n<meta name=\"robots\" content=\"index, follow, max-snippet:-1, max-image-preview:large, max-video-preview:-1\" \/>\n<link rel=\"canonical\" href=\"https:\/\/www.pescafish.it\/new\/prodotto\/green-belly-cat-58-1-75m-50-125gr-mad-cat\/\" \/>\n<meta property=\"og:locale\" content=\"it_IT\" \/>\n<meta property=\"og:type\" content=\"article\" \/>\n<meta property=\"og:title\" content=\"Green Belly Cat 5&#039;8&quot; \/ 1.75m 50-125gr\u00a0- Mad Cat - Pesca Fish\" \/>\n<meta property=\"og:description\" content=\"Green Belly Cat 5&#8217;8&#8243; \/ 1.75m 50-125gr MADCAT GREEN BELLY CAT Con solo 1,75 m di lunghezza e con un&#8217;impugnatura corta, questa canna molto capace \u00e8 stata progettata specificamente per darti una facile manovrabilit\u00e0 durante la pesca con il belly boat. Dispone inoltre di un anello di metallo in modo da poterlo attaccare a te [&hellip;]\" \/>\n<meta property=\"og:url\" content=\"https:\/\/www.pescafish.it\/new\/prodotto\/green-belly-cat-58-1-75m-50-125gr-mad-cat\/\" \/>\n<meta property=\"og:site_name\" content=\"Pesca Fish\" \/>\n<meta property=\"article:publisher\" content=\"https:\/\/www.facebook.com\/pescafishvr\/\" \/>\n<meta property=\"article:modified_time\" content=\"2022-03-29T15:52:47+00:00\" \/>\n<meta property=\"og:image\" content=\"https:\/\/www.pescafish.it\/new\/wp-content\/uploads\/2022\/03\/71081-scaled.jpg\" \/>\n\t<meta property=\"og:image:width\" content=\"2397\" \/>\n\t<meta property=\"og:image:height\" content=\"2560\" \/>\n<meta name=\"twitter:card\" content=\"summary_large_image\" \/>\n<meta name=\"twitter:label1\" content=\"Scritto da\">\n\t<meta name=\"twitter:data1\" content=\"francesca\">\n\t<meta name=\"twitter:label2\" content=\"Tempo di lettura stimato\">\n\t<meta name=\"twitter:data2\" content=\"0 minuti\">\n<script type=\"application\/ld+json\" class=\"yoast-schema-graph\">{\"@context\":\"https:\/\/schema.org\",\"@graph\":[{\"@type\":\"WebSite\",\"@id\":\"https:\/\/www.pescafish.it\/new\/#website\",\"url\":\"https:\/\/www.pescafish.it\/new\/\",\"name\":\"Pesca Fish\",\"description\":\"Benvenuti sul nostro sito!\",\"potentialAction\":[{\"@type\":\"SearchAction\",\"target\":\"https:\/\/www.pescafish.it\/new\/?s={search_term_string}\",\"query-input\":\"required name=search_term_string\"}],\"inLanguage\":\"it-IT\"},{\"@type\":\"ImageObject\",\"@id\":\"https:\/\/www.pescafish.it\/new\/prodotto\/green-belly-cat-58-1-75m-50-125gr-mad-cat\/#primaryimage\",\"inLanguage\":\"it-IT\",\"url\":\"https:\/\/www.pescafish.it\/new\/wp-content\/uploads\/2022\/03\/71081-scaled.jpg\",\"width\":2397,\"height\":2560,\"caption\":\"Mad Cat\"},{\"@type\":\"WebPage\",\"@id\":\"https:\/\/www.pescafish.it\/new\/prodotto\/green-belly-cat-58-1-75m-50-125gr-mad-cat\/#webpage\",\"url\":\"https:\/\/www.pescafish.it\/new\/prodotto\/green-belly-cat-58-1-75m-50-125gr-mad-cat\/\",\"name\":\"Green Belly Cat 5'8\\\" \/ 1.75m 50-125gr\\u00a0- Mad Cat - Pesca Fish\",\"isPartOf\":{\"@id\":\"https:\/\/www.pescafish.it\/new\/#website\"},\"primaryImageOfPage\":{\"@id\":\"https:\/\/www.pescafish.it\/new\/prodotto\/green-belly-cat-58-1-75m-50-125gr-mad-cat\/#primaryimage\"},\"datePublished\":\"2022-03-29T15:52:46+00:00\",\"dateModified\":\"2022-03-29T15:52:47+00:00\",\"inLanguage\":\"it-IT\",\"potentialAction\":[{\"@type\":\"ReadAction\",\"target\":[\"https:\/\/www.pescafish.it\/new\/prodotto\/green-belly-cat-58-1-75m-50-125gr-mad-cat\/\"]}]}]}<\/script>\n<!-- \/ Yoast SEO plugin. -->","_links":{"self":[{"href":"https:\/\/www.pescafish.it\/new\/wp-json\/wp\/v2\/product\/77648"}],"collection":[{"href":"https:\/\/www.pescafish.it\/new\/wp-json\/wp\/v2\/product"}],"about":[{"href":"https:\/\/www.pescafish.it\/new\/wp-json\/wp\/v2\/types\/product"}],"replies":[{"embeddable":true,"href":"https:\/\/www.pescafish.it\/new\/wp-json\/wp\/v2\/comments?post=77648"}],"wp:featuredmedia":[{"embeddable":true,"href":"https:\/\/www.pescafish.it\/new\/wp-json\/wp\/v2\/media\/77650"}],"wp:attachment":[{"href":"https:\/\/www.pescafish.it\/new\/wp-json\/wp\/v2\/media?parent=77648"}],"wp:term":[{"taxonomy":"product_cat","embeddable":true,"href":"https:\/\/www.pescafish.it\/new\/wp-json\/wp\/v2\/product_cat?post=77648"},{"taxonomy":"product_tag","embeddable":true,"href":"https:\/\/www.pescafish.it\/new\/wp-json\/wp\/v2\/product_tag?post=77648"}],"curies":[{"name":"wp","href":"https:\/\/api.w.org\/{rel}","templated":true}]}}