{"id":77620,"date":"2022-03-29T12:22:35","date_gmt":"2022-03-29T10:22:35","guid":{"rendered":"https:\/\/www.pescafish.it\/new\/?post_type=product&#038;p=77620"},"modified":"2025-04-25T10:42:16","modified_gmt":"2025-04-25T08:42:16","slug":"green-light-spin-75-2-25m-50-120gr-mad-cat","status":"publish","type":"product","link":"https:\/\/www.pescafish.it\/new\/prodotto\/green-light-spin-75-2-25m-50-120gr-mad-cat\/","title":{"rendered":"Green Light Spin 7&#8217;5&#8243; \/ 2.25m 50-100gr\u00a0&#8211; Mad Cat"},"content":{"rendered":"<h2>Green Light Spin 7&#8217;5&#8243; \/ 2.25m 50-100gr<\/h2>\n<p>MADCAT GREEN LIGHT SPIN Non tutte le acque dei pesci gatto contengono mostri: molti piccoli canali o stagni ospitano pesci gatto pi\u00f9 piccoli, ma non per questo meno divertenti da catturare. C&#8217;\u00e8 ancora un grande sport da praticare in questo tipo di acque con esche artificiali e attrezzatura pi\u00f9 leggera, motivo per cui abbiamo sviluppato questa canna da spinning leggera. Riporta il divertimento nella pesca quando puoi raggiungere solo acque con predatori di taglia pi\u00f9 piccola. Dotato di anelli anti-groviglio e porta mulinello ergonomico Fuji TVS-TJS a doppia chiusura.<\/p>\n<p>&nbsp;<\/p>\n","protected":false},"excerpt":{"rendered":"<p>Green Light Spin 7&#8217;5&#8243; \/ 2.25m 50-100gr MADCAT GREEN LIGHT SPIN Non tutte le acque dei pesci gatto contengono mostri: molti piccoli canali o stagni ospitano pesci gatto pi\u00f9 piccoli, ma non per questo meno divertenti da catturare. C&#8217;\u00e8 ancora un grande sport da praticare in questo tipo di acque con esche artificiali e attrezzatura [&hellip;]<\/p>\n","protected":false},"featured_media":77621,"comment_status":"closed","ping_status":"closed","template":"","meta":[],"product_cat":[84],"product_tag":[1190],"yoast_head":"<!-- This site is optimized with the Yoast SEO plugin v15.3 - https:\/\/yoast.com\/wordpress\/plugins\/seo\/ -->\n<title>Green Light Spin 7&#039;5&quot; \/ 2.25m 50-100gr\u00a0- Mad Cat - Pesca Fish<\/title>\n<meta name=\"robots\" content=\"index, follow, max-snippet:-1, max-image-preview:large, max-video-preview:-1\" \/>\n<link rel=\"canonical\" href=\"https:\/\/www.pescafish.it\/new\/prodotto\/green-light-spin-75-2-25m-50-120gr-mad-cat\/\" \/>\n<meta property=\"og:locale\" content=\"it_IT\" \/>\n<meta property=\"og:type\" content=\"article\" \/>\n<meta property=\"og:title\" content=\"Green Light Spin 7&#039;5&quot; \/ 2.25m 50-100gr\u00a0- Mad Cat - Pesca Fish\" \/>\n<meta property=\"og:description\" content=\"Green Light Spin 7&#8217;5&#8243; \/ 2.25m 50-100gr MADCAT GREEN LIGHT SPIN Non tutte le acque dei pesci gatto contengono mostri: molti piccoli canali o stagni ospitano pesci gatto pi\u00f9 piccoli, ma non per questo meno divertenti da catturare. C&#8217;\u00e8 ancora un grande sport da praticare in questo tipo di acque con esche artificiali e attrezzatura [&hellip;]\" \/>\n<meta property=\"og:url\" content=\"https:\/\/www.pescafish.it\/new\/prodotto\/green-light-spin-75-2-25m-50-120gr-mad-cat\/\" \/>\n<meta property=\"og:site_name\" content=\"Pesca Fish\" \/>\n<meta property=\"article:publisher\" content=\"https:\/\/www.facebook.com\/pescafishvr\/\" \/>\n<meta property=\"article:modified_time\" content=\"2025-04-25T08:42:16+00:00\" \/>\n<meta property=\"og:image\" content=\"https:\/\/www.pescafish.it\/new\/wp-content\/uploads\/2022\/03\/fffff-scaled.jpg\" \/>\n\t<meta property=\"og:image:width\" content=\"2397\" \/>\n\t<meta property=\"og:image:height\" content=\"2560\" \/>\n<meta name=\"twitter:card\" content=\"summary_large_image\" \/>\n<meta name=\"twitter:label1\" content=\"Scritto da\">\n\t<meta name=\"twitter:data1\" content=\"francesca\">\n\t<meta name=\"twitter:label2\" content=\"Tempo di lettura stimato\">\n\t<meta name=\"twitter:data2\" content=\"0 minuti\">\n<script type=\"application\/ld+json\" class=\"yoast-schema-graph\">{\"@context\":\"https:\/\/schema.org\",\"@graph\":[{\"@type\":\"WebSite\",\"@id\":\"https:\/\/www.pescafish.it\/new\/#website\",\"url\":\"https:\/\/www.pescafish.it\/new\/\",\"name\":\"Pesca Fish\",\"description\":\"Benvenuti sul nostro sito!\",\"potentialAction\":[{\"@type\":\"SearchAction\",\"target\":\"https:\/\/www.pescafish.it\/new\/?s={search_term_string}\",\"query-input\":\"required name=search_term_string\"}],\"inLanguage\":\"it-IT\"},{\"@type\":\"ImageObject\",\"@id\":\"https:\/\/www.pescafish.it\/new\/prodotto\/green-light-spin-75-2-25m-50-120gr-mad-cat\/#primaryimage\",\"inLanguage\":\"it-IT\",\"url\":\"https:\/\/www.pescafish.it\/new\/wp-content\/uploads\/2022\/03\/fffff-scaled.jpg\",\"width\":2397,\"height\":2560,\"caption\":\"MAd Cat\"},{\"@type\":\"WebPage\",\"@id\":\"https:\/\/www.pescafish.it\/new\/prodotto\/green-light-spin-75-2-25m-50-120gr-mad-cat\/#webpage\",\"url\":\"https:\/\/www.pescafish.it\/new\/prodotto\/green-light-spin-75-2-25m-50-120gr-mad-cat\/\",\"name\":\"Green Light Spin 7'5\\\" \/ 2.25m 50-100gr\\u00a0- Mad Cat - Pesca Fish\",\"isPartOf\":{\"@id\":\"https:\/\/www.pescafish.it\/new\/#website\"},\"primaryImageOfPage\":{\"@id\":\"https:\/\/www.pescafish.it\/new\/prodotto\/green-light-spin-75-2-25m-50-120gr-mad-cat\/#primaryimage\"},\"datePublished\":\"2022-03-29T10:22:35+00:00\",\"dateModified\":\"2025-04-25T08:42:16+00:00\",\"inLanguage\":\"it-IT\",\"potentialAction\":[{\"@type\":\"ReadAction\",\"target\":[\"https:\/\/www.pescafish.it\/new\/prodotto\/green-light-spin-75-2-25m-50-120gr-mad-cat\/\"]}]}]}<\/script>\n<!-- \/ Yoast SEO plugin. -->","_links":{"self":[{"href":"https:\/\/www.pescafish.it\/new\/wp-json\/wp\/v2\/product\/77620"}],"collection":[{"href":"https:\/\/www.pescafish.it\/new\/wp-json\/wp\/v2\/product"}],"about":[{"href":"https:\/\/www.pescafish.it\/new\/wp-json\/wp\/v2\/types\/product"}],"replies":[{"embeddable":true,"href":"https:\/\/www.pescafish.it\/new\/wp-json\/wp\/v2\/comments?post=77620"}],"wp:featuredmedia":[{"embeddable":true,"href":"https:\/\/www.pescafish.it\/new\/wp-json\/wp\/v2\/media\/77621"}],"wp:attachment":[{"href":"https:\/\/www.pescafish.it\/new\/wp-json\/wp\/v2\/media?parent=77620"}],"wp:term":[{"taxonomy":"product_cat","embeddable":true,"href":"https:\/\/www.pescafish.it\/new\/wp-json\/wp\/v2\/product_cat?post=77620"},{"taxonomy":"product_tag","embeddable":true,"href":"https:\/\/www.pescafish.it\/new\/wp-json\/wp\/v2\/product_tag?post=77620"}],"curies":[{"name":"wp","href":"https:\/\/api.w.org\/{rel}","templated":true}]}}