{"id":77597,"date":"2022-03-29T09:56:50","date_gmt":"2022-03-29T07:56:50","guid":{"rendered":"https:\/\/www.pescafish.it\/new\/?post_type=product&#038;p=77597"},"modified":"2026-04-04T17:13:30","modified_gmt":"2026-04-04T15:13:30","slug":"element-storm-safe-carryall-25l-prologic","status":"publish","type":"product","link":"https:\/\/www.pescafish.it\/new\/prodotto\/element-storm-safe-carryall-25l-prologic\/","title":{"rendered":"Element Storm Safe Carryall 25L &#8211; Prologic"},"content":{"rendered":"<h2>Element Storm Safe Carryall 25L<\/h2>\n<p>ELEMENT STORM SAFE BORSA PER BAGAGLI Sia la borsa che le borse multiuso di questa gamma beneficiano del nostro concetto Storm Safe, che impedisce l&#8217;ingresso di acqua anche durante le condizioni atmosferiche pi\u00f9 difficili. Sono anche modulari con tutte le borse per accessori della gamma, offrendoti molte opzioni per organizzare il tuo kit esattamente come lo desideri, non dovrai pi\u00f9 frugare nel bagaglio per trovare le cose. Il borsone \u00e8 dotato di una tasca frontale con cerniera che si adatta alla maggior parte delle scatole di attrezzature e rig di medie dimensioni, nonch\u00e9 di una tasca aggiuntiva con cerniera sul coperchio, un posto ideale per riporre allarmi morso e cicalino. Sia la borsa che le borse multiuso sono dotate di spallacci imbottiti rimovibili e completamente regolabili, nonch\u00e9 di doppie maniglie per il trasporto e cerniere anticorrosive di alta qualit\u00e0 con tiretti ad alta visibilit\u00e0. Sei pronto a portare il tuo gioco di organizzazione al livello successivo?<\/p>\n<p><strong>Caratteristiche:<br \/>\n<\/strong><br \/>\n\u2022 Bagaglio a carriola facile da montare<br \/>\n\u2022 Costruzione in EVA resistente alle tempeste<br \/>\n\u2022 Resistente agli agenti atmosferici<br \/>\n\u2022 Superficie facile da pulire<br \/>\n\u2022 Cerniere sfalsate HD<br \/>\n\u2022 Robuste maniglie per il trasporto<br \/>\n\u2022 Opzione borsa termica<br \/>\n\u2022 Progettato per adattarsi a Element Compact Carp Barrow<\/p>\n<p><strong>Dimensioni:<\/strong> 38 x 27 x 29<\/p>\n","protected":false},"excerpt":{"rendered":"<p>Element Storm Safe Carryall 25L ELEMENT STORM SAFE BORSA PER BAGAGLI Sia la borsa che le borse multiuso di questa gamma beneficiano del nostro concetto Storm Safe, che impedisce l&#8217;ingresso di acqua anche durante le condizioni atmosferiche pi\u00f9 difficili. Sono anche modulari con tutte le borse per accessori della gamma, offrendoti molte opzioni per organizzare [&hellip;]<\/p>\n","protected":false},"featured_media":77598,"comment_status":"closed","ping_status":"closed","template":"","meta":[],"product_cat":[558],"product_tag":[1040],"yoast_head":"<!-- This site is optimized with the Yoast SEO plugin v15.3 - https:\/\/yoast.com\/wordpress\/plugins\/seo\/ -->\n<title>Element Storm Safe Carryall 25L - Prologic - Pesca Fish<\/title>\n<meta name=\"robots\" content=\"index, follow, max-snippet:-1, max-image-preview:large, max-video-preview:-1\" \/>\n<link rel=\"canonical\" href=\"https:\/\/www.pescafish.it\/new\/prodotto\/element-storm-safe-carryall-25l-prologic\/\" \/>\n<meta property=\"og:locale\" content=\"it_IT\" \/>\n<meta property=\"og:type\" content=\"article\" \/>\n<meta property=\"og:title\" content=\"Element Storm Safe Carryall 25L - Prologic - Pesca Fish\" \/>\n<meta property=\"og:description\" content=\"Element Storm Safe Carryall 25L ELEMENT STORM SAFE BORSA PER BAGAGLI Sia la borsa che le borse multiuso di questa gamma beneficiano del nostro concetto Storm Safe, che impedisce l&#8217;ingresso di acqua anche durante le condizioni atmosferiche pi\u00f9 difficili. Sono anche modulari con tutte le borse per accessori della gamma, offrendoti molte opzioni per organizzare [&hellip;]\" \/>\n<meta property=\"og:url\" content=\"https:\/\/www.pescafish.it\/new\/prodotto\/element-storm-safe-carryall-25l-prologic\/\" \/>\n<meta property=\"og:site_name\" content=\"Pesca Fish\" \/>\n<meta property=\"article:publisher\" content=\"https:\/\/www.facebook.com\/pescafishvr\/\" \/>\n<meta property=\"article:modified_time\" content=\"2026-04-04T15:13:30+00:00\" \/>\n<meta property=\"og:image\" content=\"https:\/\/www.pescafish.it\/new\/wp-content\/uploads\/2022\/03\/72706dd.jpg\" \/>\n\t<meta property=\"og:image:width\" content=\"1122\" \/>\n\t<meta property=\"og:image:height\" content=\"1152\" \/>\n<meta name=\"twitter:card\" content=\"summary_large_image\" \/>\n<meta name=\"twitter:label1\" content=\"Scritto da\">\n\t<meta name=\"twitter:data1\" content=\"francesca\">\n\t<meta name=\"twitter:label2\" content=\"Tempo di lettura stimato\">\n\t<meta name=\"twitter:data2\" content=\"1 minuto\">\n<script type=\"application\/ld+json\" class=\"yoast-schema-graph\">{\"@context\":\"https:\/\/schema.org\",\"@graph\":[{\"@type\":\"WebSite\",\"@id\":\"https:\/\/www.pescafish.it\/new\/#website\",\"url\":\"https:\/\/www.pescafish.it\/new\/\",\"name\":\"Pesca Fish\",\"description\":\"Benvenuti sul nostro sito!\",\"potentialAction\":[{\"@type\":\"SearchAction\",\"target\":\"https:\/\/www.pescafish.it\/new\/?s={search_term_string}\",\"query-input\":\"required name=search_term_string\"}],\"inLanguage\":\"it-IT\"},{\"@type\":\"ImageObject\",\"@id\":\"https:\/\/www.pescafish.it\/new\/prodotto\/element-storm-safe-carryall-25l-prologic\/#primaryimage\",\"inLanguage\":\"it-IT\",\"url\":\"https:\/\/www.pescafish.it\/new\/wp-content\/uploads\/2022\/03\/72706dd.jpg\",\"width\":1122,\"height\":1152,\"caption\":\"Prologic\"},{\"@type\":\"WebPage\",\"@id\":\"https:\/\/www.pescafish.it\/new\/prodotto\/element-storm-safe-carryall-25l-prologic\/#webpage\",\"url\":\"https:\/\/www.pescafish.it\/new\/prodotto\/element-storm-safe-carryall-25l-prologic\/\",\"name\":\"Element Storm Safe Carryall 25L - Prologic - Pesca Fish\",\"isPartOf\":{\"@id\":\"https:\/\/www.pescafish.it\/new\/#website\"},\"primaryImageOfPage\":{\"@id\":\"https:\/\/www.pescafish.it\/new\/prodotto\/element-storm-safe-carryall-25l-prologic\/#primaryimage\"},\"datePublished\":\"2022-03-29T07:56:50+00:00\",\"dateModified\":\"2026-04-04T15:13:30+00:00\",\"inLanguage\":\"it-IT\",\"potentialAction\":[{\"@type\":\"ReadAction\",\"target\":[\"https:\/\/www.pescafish.it\/new\/prodotto\/element-storm-safe-carryall-25l-prologic\/\"]}]}]}<\/script>\n<!-- \/ Yoast SEO plugin. -->","_links":{"self":[{"href":"https:\/\/www.pescafish.it\/new\/wp-json\/wp\/v2\/product\/77597"}],"collection":[{"href":"https:\/\/www.pescafish.it\/new\/wp-json\/wp\/v2\/product"}],"about":[{"href":"https:\/\/www.pescafish.it\/new\/wp-json\/wp\/v2\/types\/product"}],"replies":[{"embeddable":true,"href":"https:\/\/www.pescafish.it\/new\/wp-json\/wp\/v2\/comments?post=77597"}],"wp:featuredmedia":[{"embeddable":true,"href":"https:\/\/www.pescafish.it\/new\/wp-json\/wp\/v2\/media\/77598"}],"wp:attachment":[{"href":"https:\/\/www.pescafish.it\/new\/wp-json\/wp\/v2\/media?parent=77597"}],"wp:term":[{"taxonomy":"product_cat","embeddable":true,"href":"https:\/\/www.pescafish.it\/new\/wp-json\/wp\/v2\/product_cat?post=77597"},{"taxonomy":"product_tag","embeddable":true,"href":"https:\/\/www.pescafish.it\/new\/wp-json\/wp\/v2\/product_tag?post=77597"}],"curies":[{"name":"wp","href":"https:\/\/api.w.org\/{rel}","templated":true}]}}